{"id":4049,"date":"2022-11-23T18:35:15","date_gmt":"2022-11-23T18:35:15","guid":{"rendered":"https:\/\/sportnb.com\/?page_id=4049"},"modified":"2026-03-13T13:58:32","modified_gmt":"2026-03-13T16:58:32","slug":"sommet-sportif","status":"publish","type":"page","link":"https:\/\/www.sportnb.com\/fr\/sommet-sportif\/","title":{"rendered":"Sommet du sport"},"content":{"rendered":"\n<div class=\"wp-block-columns is-layout-flex wp-container-core-columns-is-layout-9d6595d7 wp-block-columns-is-layout-flex\">\n<div class=\"wp-block-column is-layout-flow wp-block-column-is-layout-flow\">\n<figure class=\"wp-block-image size-large\"><img fetchpriority=\"high\" decoding=\"async\" width=\"819\" height=\"1024\" src=\"https:\/\/sportnb.com\/wp-content\/uploads\/2025\/09\/12-819x1024.png\" alt=\"\" class=\"wp-image-12411\" srcset=\"https:\/\/www.sportnb.com\/wp-content\/uploads\/2025\/09\/12-819x1024.png 819w, https:\/\/www.sportnb.com\/wp-content\/uploads\/2025\/09\/12-240x300.png 240w, https:\/\/www.sportnb.com\/wp-content\/uploads\/2025\/09\/12-768x960.png 768w, https:\/\/www.sportnb.com\/wp-content\/uploads\/2025\/09\/12.png 1080w\" sizes=\"(max-width: 819px) 100vw, 819px\" \/><\/figure>\n<\/div>\n\n\n\n<div class=\"wp-block-column is-layout-flow wp-block-column-is-layout-flow\">\n<h2 class=\"wp-block-heading\">Sommet du sport 2025<\/h2>\n\n\n\n<p class=\"has-medium-font-size\">Le <strong>Sommet du sport 2025<\/strong> aura lieu le <strong>15 novembre au Delta Fredericton<\/strong>. Cet \u00e9v\u00e9nement d\u2019une journ\u00e9e r\u00e9unit des administrateurs sportifs, des entra\u00eeneurs et des b\u00e9n\u00e9voles de partout au Nouveau-Brunswick afin de se connecter, d\u2019apprendre et de progresser ensemble.<\/p>\n\n\n\n<p class=\"has-medium-font-size\">Le Sommet propose des ateliers dynamiques, des occasions de perfectionnement professionnel et des discussions sur les enjeux actuels qui fa\u00e7onnent le secteur sportif. C\u2019est une occasion essentielle pour s\u2019assurer que les leaders disposent des outils et des connaissances n\u00e9cessaires pour continuer d\u2019offrir des exp\u00e9riences sportives de qualit\u00e9 partout dans la province.<\/p>\n\n\n\n<p class=\"has-medium-font-size\">En parall\u00e8le, <strong>Sport NB dirigera \u00e9galement le Perfectionnement professionnel des d\u00e9veloppeurs d\u2019entra\u00eeneurs (PPDE)<\/strong> au m\u00eame endroit, offrant aux d\u00e9veloppeurs d\u2019entra\u00eeneurs l\u2019occasion d\u2019\u00e9largir leurs comp\u00e9tences et de renforcer leur impact.<\/p>\n\n\n\n<p class=\"has-medium-font-size\">Cette ann\u00e9e, le Sommet se terminera avec les <strong><a href=\"https:\/\/sportnb.com\/fr\/prix-sportifs-du-nouveau-brunswick\/\" target=\"_blank\" rel=\"noreferrer noopener\">Prix sportifs du Nouveau-Brunswick<\/a><\/strong> en soir\u00e9e\u2014faisant du 15 novembre une journ\u00e9e compl\u00e8te d\u2019apprentissage, de r\u00e9seautage et de c\u00e9l\u00e9bration du sport au Nouveau-Brunswick.<\/p>\n\n\n\n<div class=\"wp-block-buttons is-layout-flex wp-block-buttons-is-layout-flex\"><\/div>\n<\/div>\n<\/div>\n\n\n\n<div style=\"height:50px\" aria-hidden=\"true\" class=\"wp-block-spacer\"><\/div>\n\n\n\n<hr class=\"wp-block-separator has-alpha-channel-opacity\"\/>\n\n\n\n<div style=\"height:100px\" aria-hidden=\"true\" class=\"wp-block-spacer\"><\/div>\n\n\n\n<div class=\"wp-block-columns is-layout-flex wp-container-core-columns-is-layout-9d6595d7 wp-block-columns-is-layout-flex\">\n<div class=\"wp-block-column is-layout-flow wp-block-column-is-layout-flow\"><div class=\"acf-news-item\"><span class=\"image lazyload\" style=\"background-image:inherit;\" data-bg-image=\"url(https:\/\/www.sportnb.com\/wp-content\/uploads\/2022\/09\/image0-1024x576.jpeg)\"><\/span><span class=\"text\"><span class=\"h2 text-left\">LE SOMMET DU SPORT 2023<\/span><p>Le Sommet du sport est un \u00e9v\u00e9nement offert deux fois par ann\u00e9e (au printemps et \u00e0 l\u2019automne) qui r\u00e9unit les administrateurs\/administratrices, les entra\u00eeneurs\/entra\u00eeneures et les b\u00e9n\u00e9voles de tous les sports au Nouveau-Brunswick. C\u2019est l\u2019occasion de discuter des sujets d\u2019actualit\u00e9 dans le secteur, d\u2019apprendre les uns des autres et de s\u2019assurer que les leaders dans notre domaine ont les connaissances et les outils n\u00e9cessaires pour offrir des exp\u00e9riences sportives de qualit\u00e9 \u00e0 tous les N\u00e9o-Brunswickois.<\/p>\n<p>Cet \u00e9v\u00e9nement de deux jours comprendra des sessions de d\u00e9veloppement professionnel, des ateliers et des s\u00e9ances d\u2019engagement sur divers sujets qui seront confirm\u00e9s dans les semaines \u00e0 venir.<\/p>\n<\/span><a href=\"https:\/\/sportnb.com\/8259-2\" class=\"btn btn-blue\">En savoir plus <\/a><\/div><\/div>\n\n\n\n<div class=\"wp-block-column is-layout-flow wp-block-column-is-layout-flow\"><div class=\"acf-news-item\"><span class=\"image lazyload\" style=\"background-image:inherit;\" data-bg-image=\"url(https:\/\/www.sportnb.com\/wp-content\/uploads\/2022\/09\/image0-1024x576.jpeg)\"><\/span><span class=\"text\"><span class=\"h2 text-left\">LE SOMMET DU SPORT 2022<\/span><p>Le Sommet du sport est un \u00e9v\u00e9nement offert deux fois par ann\u00e9e (au printemps et \u00e0 l\u2019automne) qui r\u00e9unit les administrateurs\/administratrices, les entra\u00eeneurs\/entra\u00eeneures et les b\u00e9n\u00e9voles de tous les sports au Nouveau-Brunswick. C\u2019est l\u2019occasion de discuter des sujets d\u2019actualit\u00e9 dans le secteur, d\u2019apprendre les uns des autres et de s\u2019assurer que les leaders dans notre domaine ont les connaissances et les outils n\u00e9cessaires pour offrir des exp\u00e9riences sportives de qualit\u00e9 \u00e0 tous les N\u00e9o-Brunswickois.<\/p>\n<p>Cet \u00e9v\u00e9nement de deux jours comprendra des sessions de d\u00e9veloppement professionnel, des ateliers et des s\u00e9ances d\u2019engagement sur divers sujets qui seront confirm\u00e9s dans les semaines \u00e0 venir.<\/p>\n<\/span><a href=\"https:\/\/sportnb.com\/fr\/le-sommet-du-sport\/\" class=\"btn btn-blue\">En savoir plus <\/a><\/div><\/div>\n\n\n\n<div class=\"wp-block-column is-layout-flow wp-block-column-is-layout-flow\"><\/div>\n<\/div>\n\n\n\n<div style=\"height:100px\" aria-hidden=\"true\" class=\"wp-block-spacer\"><\/div>\n","protected":false},"excerpt":{"rendered":"<p>Sommet du sport 2025 Le Sommet du sport 2025 aura lieu le 15 novembre au Delta Fredericton. Cet \u00e9v\u00e9nement d\u2019une journ\u00e9e r\u00e9unit des administrateurs sportifs, des entra\u00eeneurs et des b\u00e9n\u00e9voles [&hellip;]<\/p>\n","protected":false},"author":3,"featured_media":12413,"parent":0,"menu_order":0,"comment_status":"closed","ping_status":"closed","template":"","meta":{"_acf_changed":false,"_uag_custom_page_level_css":"","_monsterinsights_skip_tracking":false,"_monsterinsights_sitenote_active":false,"_monsterinsights_sitenote_note":"","_monsterinsights_sitenote_category":0,"footnotes":""},"wf_page_folders":[],"class_list":["post-4049","page","type-page","status-publish","has-post-thumbnail","hentry"],"acf":[],"yoast_head":"<!-- This site is optimized with the Yoast SEO plugin v27.4 - https:\/\/yoast.com\/product\/yoast-seo-wordpress\/ -->\n<title>SportNB | Sommet du sport<\/title>\n<meta name=\"description\" content=\"Sport New Brunswick (Sport NB) is a non-profit, volunteer organization dedicated to the development and promotion of the amateur sport community in New Brunswick. It is a federation that consists of over 60 provincial sport organizations and other sport related organizations.\" \/>\n<meta name=\"robots\" content=\"index, follow, max-snippet:-1, max-image-preview:large, max-video-preview:-1\" \/>\n<link rel=\"canonical\" href=\"https:\/\/www.sportnb.com\/fr\/sommet-sportif\/\" \/>\n<meta property=\"og:locale\" content=\"fr_FR\" \/>\n<meta property=\"og:type\" content=\"article\" \/>\n<meta property=\"og:title\" content=\"SportNB | Sommet du sport\" \/>\n<meta property=\"og:description\" content=\"Sport New Brunswick (Sport NB) is a non-profit, volunteer organization dedicated to the development and promotion of the amateur sport community in New Brunswick. It is a federation that consists of over 60 provincial sport organizations and other sport related organizations.\" \/>\n<meta property=\"og:url\" content=\"https:\/\/www.sportnb.com\/fr\/sommet-sportif\/\" \/>\n<meta property=\"og:site_name\" content=\"SportNB\" \/>\n<meta property=\"article:publisher\" content=\"https:\/\/www.facebook.com\/sportnb\" \/>\n<meta property=\"article:modified_time\" content=\"2026-03-13T16:58:32+00:00\" \/>\n<meta property=\"og:image\" content=\"https:\/\/www.sportnb.com\/wp-content\/uploads\/2025\/09\/1x9a9979-scaled.jpg\" \/>\n\t<meta property=\"og:image:width\" content=\"2560\" \/>\n\t<meta property=\"og:image:height\" content=\"1707\" \/>\n\t<meta property=\"og:image:type\" content=\"image\/jpeg\" \/>\n<meta name=\"twitter:card\" content=\"summary_large_image\" \/>\n<meta name=\"twitter:site\" content=\"@SportNB\" \/>\n<meta name=\"twitter:label1\" content=\"Est. reading time\" \/>\n\t<meta name=\"twitter:data1\" content=\"2 minutes\" \/>\n<script type=\"application\/ld+json\" class=\"yoast-schema-graph\">{\"@context\":\"https:\\\/\\\/schema.org\",\"@graph\":[{\"@type\":\"WebPage\",\"@id\":\"https:\\\/\\\/www.sportnb.com\\\/fr\\\/sommet-sportif\\\/\",\"url\":\"https:\\\/\\\/www.sportnb.com\\\/fr\\\/sommet-sportif\\\/\",\"name\":\"SportNB | Sommet du sport\",\"isPartOf\":{\"@id\":\"https:\\\/\\\/www.sportnb.com\\\/fr\\\/#website\"},\"primaryImageOfPage\":{\"@id\":\"https:\\\/\\\/www.sportnb.com\\\/fr\\\/sommet-sportif\\\/#primaryimage\"},\"image\":{\"@id\":\"https:\\\/\\\/www.sportnb.com\\\/fr\\\/sommet-sportif\\\/#primaryimage\"},\"thumbnailUrl\":\"https:\\\/\\\/www.sportnb.com\\\/wp-content\\\/uploads\\\/2025\\\/09\\\/1x9a9979-scaled.jpg\",\"datePublished\":\"2022-11-23T18:35:15+00:00\",\"dateModified\":\"2026-03-13T16:58:32+00:00\",\"description\":\"Sport New Brunswick (Sport NB) is a non-profit, volunteer organization dedicated to the development and promotion of the amateur sport community in New Brunswick. It is a federation that consists of over 60 provincial sport organizations and other sport related organizations.\",\"breadcrumb\":{\"@id\":\"https:\\\/\\\/www.sportnb.com\\\/fr\\\/sommet-sportif\\\/#breadcrumb\"},\"inLanguage\":\"fr-FR\",\"potentialAction\":[{\"@type\":\"ReadAction\",\"target\":[\"https:\\\/\\\/www.sportnb.com\\\/fr\\\/sommet-sportif\\\/\"]}]},{\"@type\":\"ImageObject\",\"inLanguage\":\"fr-FR\",\"@id\":\"https:\\\/\\\/www.sportnb.com\\\/fr\\\/sommet-sportif\\\/#primaryimage\",\"url\":\"https:\\\/\\\/www.sportnb.com\\\/wp-content\\\/uploads\\\/2025\\\/09\\\/1x9a9979-scaled.jpg\",\"contentUrl\":\"https:\\\/\\\/www.sportnb.com\\\/wp-content\\\/uploads\\\/2025\\\/09\\\/1x9a9979-scaled.jpg\",\"width\":2560,\"height\":1707},{\"@type\":\"BreadcrumbList\",\"@id\":\"https:\\\/\\\/www.sportnb.com\\\/fr\\\/sommet-sportif\\\/#breadcrumb\",\"itemListElement\":[{\"@type\":\"ListItem\",\"position\":1,\"name\":\"Home\",\"item\":\"https:\\\/\\\/www.sportnb.com\\\/fr\\\/\"},{\"@type\":\"ListItem\",\"position\":2,\"name\":\"Sommet du sport\"}]},{\"@type\":\"WebSite\",\"@id\":\"https:\\\/\\\/www.sportnb.com\\\/fr\\\/#website\",\"url\":\"https:\\\/\\\/www.sportnb.com\\\/fr\\\/\",\"name\":\"SportNB\",\"description\":\"Together, we can make sport safe for everyone.\",\"publisher\":{\"@id\":\"https:\\\/\\\/www.sportnb.com\\\/fr\\\/#organization\"},\"potentialAction\":[{\"@type\":\"SearchAction\",\"target\":{\"@type\":\"EntryPoint\",\"urlTemplate\":\"https:\\\/\\\/www.sportnb.com\\\/fr\\\/?s={search_term_string}\"},\"query-input\":{\"@type\":\"PropertyValueSpecification\",\"valueRequired\":true,\"valueName\":\"search_term_string\"}}],\"inLanguage\":\"fr-FR\"},{\"@type\":\"Organization\",\"@id\":\"https:\\\/\\\/www.sportnb.com\\\/fr\\\/#organization\",\"name\":\"SportNB\",\"url\":\"https:\\\/\\\/www.sportnb.com\\\/fr\\\/\",\"logo\":{\"@type\":\"ImageObject\",\"inLanguage\":\"fr-FR\",\"@id\":\"https:\\\/\\\/www.sportnb.com\\\/fr\\\/#\\\/schema\\\/logo\\\/image\\\/\",\"url\":\"https:\\\/\\\/sportnb.com\\\/wp-content\\\/uploads\\\/2022\\\/03\\\/logo.svg\",\"contentUrl\":\"https:\\\/\\\/sportnb.com\\\/wp-content\\\/uploads\\\/2022\\\/03\\\/logo.svg\",\"width\":288,\"height\":75,\"caption\":\"SportNB\"},\"image\":{\"@id\":\"https:\\\/\\\/www.sportnb.com\\\/fr\\\/#\\\/schema\\\/logo\\\/image\\\/\"},\"sameAs\":[\"https:\\\/\\\/www.facebook.com\\\/sportnb\",\"https:\\\/\\\/x.com\\\/SportNB\",\"https:\\\/\\\/www.youtube.com\\\/channel\\\/UC5976PPks7naTvXfQ4cZk5g\",\"https:\\\/\\\/ca.linkedin.com\\\/company\\\/sportnb506\",\"https:\\\/\\\/www.instagram.com\\\/sportnewnouveaubrunswick\\\/\"]}]}<\/script>\n<!-- \/ Yoast SEO plugin. -->","yoast_head_json":{"title":"SportNB | Sommet du sport","description":"Sport New Brunswick (Sport NB) is a non-profit, volunteer organization dedicated to the development and promotion of the amateur sport community in New Brunswick. It is a federation that consists of over 60 provincial sport organizations and other sport related organizations.","robots":{"index":"index","follow":"follow","max-snippet":"max-snippet:-1","max-image-preview":"max-image-preview:large","max-video-preview":"max-video-preview:-1"},"canonical":"https:\/\/www.sportnb.com\/fr\/sommet-sportif\/","og_locale":"fr_FR","og_type":"article","og_title":"SportNB | Sommet du sport","og_description":"Sport New Brunswick (Sport NB) is a non-profit, volunteer organization dedicated to the development and promotion of the amateur sport community in New Brunswick. It is a federation that consists of over 60 provincial sport organizations and other sport related organizations.","og_url":"https:\/\/www.sportnb.com\/fr\/sommet-sportif\/","og_site_name":"SportNB","article_publisher":"https:\/\/www.facebook.com\/sportnb","article_modified_time":"2026-03-13T16:58:32+00:00","og_image":[{"width":2560,"height":1707,"url":"https:\/\/www.sportnb.com\/wp-content\/uploads\/2025\/09\/1x9a9979-scaled.jpg","type":"image\/jpeg"}],"twitter_card":"summary_large_image","twitter_site":"@SportNB","twitter_misc":{"Est. reading time":"2 minutes"},"schema":{"@context":"https:\/\/schema.org","@graph":[{"@type":"WebPage","@id":"https:\/\/www.sportnb.com\/fr\/sommet-sportif\/","url":"https:\/\/www.sportnb.com\/fr\/sommet-sportif\/","name":"SportNB | Sommet du sport","isPartOf":{"@id":"https:\/\/www.sportnb.com\/fr\/#website"},"primaryImageOfPage":{"@id":"https:\/\/www.sportnb.com\/fr\/sommet-sportif\/#primaryimage"},"image":{"@id":"https:\/\/www.sportnb.com\/fr\/sommet-sportif\/#primaryimage"},"thumbnailUrl":"https:\/\/www.sportnb.com\/wp-content\/uploads\/2025\/09\/1x9a9979-scaled.jpg","datePublished":"2022-11-23T18:35:15+00:00","dateModified":"2026-03-13T16:58:32+00:00","description":"Sport New Brunswick (Sport NB) is a non-profit, volunteer organization dedicated to the development and promotion of the amateur sport community in New Brunswick. It is a federation that consists of over 60 provincial sport organizations and other sport related organizations.","breadcrumb":{"@id":"https:\/\/www.sportnb.com\/fr\/sommet-sportif\/#breadcrumb"},"inLanguage":"fr-FR","potentialAction":[{"@type":"ReadAction","target":["https:\/\/www.sportnb.com\/fr\/sommet-sportif\/"]}]},{"@type":"ImageObject","inLanguage":"fr-FR","@id":"https:\/\/www.sportnb.com\/fr\/sommet-sportif\/#primaryimage","url":"https:\/\/www.sportnb.com\/wp-content\/uploads\/2025\/09\/1x9a9979-scaled.jpg","contentUrl":"https:\/\/www.sportnb.com\/wp-content\/uploads\/2025\/09\/1x9a9979-scaled.jpg","width":2560,"height":1707},{"@type":"BreadcrumbList","@id":"https:\/\/www.sportnb.com\/fr\/sommet-sportif\/#breadcrumb","itemListElement":[{"@type":"ListItem","position":1,"name":"Home","item":"https:\/\/www.sportnb.com\/fr\/"},{"@type":"ListItem","position":2,"name":"Sommet du sport"}]},{"@type":"WebSite","@id":"https:\/\/www.sportnb.com\/fr\/#website","url":"https:\/\/www.sportnb.com\/fr\/","name":"SportNB","description":"Together, we can make sport safe for everyone.","publisher":{"@id":"https:\/\/www.sportnb.com\/fr\/#organization"},"potentialAction":[{"@type":"SearchAction","target":{"@type":"EntryPoint","urlTemplate":"https:\/\/www.sportnb.com\/fr\/?s={search_term_string}"},"query-input":{"@type":"PropertyValueSpecification","valueRequired":true,"valueName":"search_term_string"}}],"inLanguage":"fr-FR"},{"@type":"Organization","@id":"https:\/\/www.sportnb.com\/fr\/#organization","name":"SportNB","url":"https:\/\/www.sportnb.com\/fr\/","logo":{"@type":"ImageObject","inLanguage":"fr-FR","@id":"https:\/\/www.sportnb.com\/fr\/#\/schema\/logo\/image\/","url":"https:\/\/sportnb.com\/wp-content\/uploads\/2022\/03\/logo.svg","contentUrl":"https:\/\/sportnb.com\/wp-content\/uploads\/2022\/03\/logo.svg","width":288,"height":75,"caption":"SportNB"},"image":{"@id":"https:\/\/www.sportnb.com\/fr\/#\/schema\/logo\/image\/"},"sameAs":["https:\/\/www.facebook.com\/sportnb","https:\/\/x.com\/SportNB","https:\/\/www.youtube.com\/channel\/UC5976PPks7naTvXfQ4cZk5g","https:\/\/ca.linkedin.com\/company\/sportnb506","https:\/\/www.instagram.com\/sportnewnouveaubrunswick\/"]}]}},"uagb_featured_image_src":{"full":["https:\/\/www.sportnb.com\/wp-content\/uploads\/2025\/09\/1x9a9979-scaled.jpg",2560,1707,false],"thumbnail":["https:\/\/www.sportnb.com\/wp-content\/uploads\/2025\/09\/1x9a9979-150x150.jpg",150,150,true],"medium":["https:\/\/www.sportnb.com\/wp-content\/uploads\/2025\/09\/1x9a9979-300x200.jpg",300,200,true],"medium_large":["https:\/\/www.sportnb.com\/wp-content\/uploads\/2025\/09\/1x9a9979-768x512.jpg",768,512,true],"large":["https:\/\/www.sportnb.com\/wp-content\/uploads\/2025\/09\/1x9a9979-1024x683.jpg",900,600,true],"1536x1536":["https:\/\/www.sportnb.com\/wp-content\/uploads\/2025\/09\/1x9a9979-1536x1024.jpg",1536,1024,true],"2048x2048":["https:\/\/www.sportnb.com\/wp-content\/uploads\/2025\/09\/1x9a9979-2048x1366.jpg",2048,1366,true],"thumbnail_1440x9999":["https:\/\/www.sportnb.com\/wp-content\/uploads\/2025\/09\/1x9a9979-1440x960.jpg",1440,960,true],"menu-thumb":["https:\/\/www.sportnb.com\/wp-content\/uploads\/2025\/09\/1x9a9979-330x230.jpg",330,230,true]},"uagb_author_info":{"display_name":"webadmin","author_link":"https:\/\/www.sportnb.com\/fr\/author\/webadmin\/"},"uagb_comment_info":0,"uagb_excerpt":"Sommet du sport 2025 Le Sommet du sport 2025 aura lieu le 15 novembre au Delta Fredericton. Cet \u00e9v\u00e9nement d\u2019une journ\u00e9e r\u00e9unit des administrateurs sportifs, des entra\u00eeneurs et des b\u00e9n\u00e9voles [&hellip;]","_links":{"self":[{"href":"https:\/\/www.sportnb.com\/fr\/wp-json\/wp\/v2\/pages\/4049","targetHints":{"allow":["GET"]}}],"collection":[{"href":"https:\/\/www.sportnb.com\/fr\/wp-json\/wp\/v2\/pages"}],"about":[{"href":"https:\/\/www.sportnb.com\/fr\/wp-json\/wp\/v2\/types\/page"}],"author":[{"embeddable":true,"href":"https:\/\/www.sportnb.com\/fr\/wp-json\/wp\/v2\/users\/3"}],"replies":[{"embeddable":true,"href":"https:\/\/www.sportnb.com\/fr\/wp-json\/wp\/v2\/comments?post=4049"}],"version-history":[{"count":10,"href":"https:\/\/www.sportnb.com\/fr\/wp-json\/wp\/v2\/pages\/4049\/revisions"}],"predecessor-version":[{"id":13542,"href":"https:\/\/www.sportnb.com\/fr\/wp-json\/wp\/v2\/pages\/4049\/revisions\/13542"}],"wp:featuredmedia":[{"embeddable":true,"href":"https:\/\/www.sportnb.com\/fr\/wp-json\/wp\/v2\/media\/12413"}],"wp:attachment":[{"href":"https:\/\/www.sportnb.com\/fr\/wp-json\/wp\/v2\/media?parent=4049"}],"wp:term":[{"taxonomy":"wf_page_folders","embeddable":true,"href":"https:\/\/www.sportnb.com\/fr\/wp-json\/wp\/v2\/wf_page_folders?post=4049"}],"curies":[{"name":"wp","href":"https:\/\/api.w.org\/{rel}","templated":true}]}}