{"id":4043,"date":"2022-11-23T17:55:11","date_gmt":"2022-11-23T21:55:11","guid":{"rendered":"https:\/\/sportnb.com\/?page_id=4043"},"modified":"2026-03-13T16:20:06","modified_gmt":"2026-03-13T19:20:06","slug":"prix-sportifs-du-nouveau-brunswick","status":"publish","type":"page","link":"https:\/\/www.sportnb.com\/fr\/prix-sportifs-du-nouveau-brunswick\/","title":{"rendered":"Prix sportifs du Nouveau-Brunswick"},"content":{"rendered":"\n<div class=\"wp-block-columns is-layout-flex wp-container-core-columns-is-layout-9d6595d7 wp-block-columns-is-layout-flex\">\n<div class=\"wp-block-column is-layout-flow wp-block-column-is-layout-flow\"><div class=\"wp-block-image\">\n<figure class=\"aligncenter size-large is-resized\"><img fetchpriority=\"high\" decoding=\"async\" width=\"1024\" height=\"1024\" src=\"https:\/\/www.sportnb.com\/wp-content\/uploads\/2025\/08\/6-1024x1024.png\" alt=\"\" class=\"wp-image-12138\" style=\"object-fit:cover;width:515px;height:515px\" srcset=\"https:\/\/www.sportnb.com\/wp-content\/uploads\/2025\/08\/6-1024x1024.png 1024w, https:\/\/www.sportnb.com\/wp-content\/uploads\/2025\/08\/6-300x300.png 300w, https:\/\/www.sportnb.com\/wp-content\/uploads\/2025\/08\/6-150x150.png 150w, https:\/\/www.sportnb.com\/wp-content\/uploads\/2025\/08\/6-768x768.png 768w, https:\/\/www.sportnb.com\/wp-content\/uploads\/2025\/08\/6.png 1080w\" sizes=\"(max-width: 1024px) 100vw, 1024px\" \/><\/figure>\n<\/div><\/div>\n\n\n\n<div class=\"wp-block-column is-layout-flow wp-block-column-is-layout-flow\">\n<h2 class=\"wp-block-heading\">Prix Sportifs du Nouveau-Brunswick<\/h2>\n\n\n\n<p style=\"font-size:18px\">Les Prix sportifs sont une soir\u00e9e de c\u00e9l\u00e9bration annuelle des r\u00e9alisations exceptionnelles de nos athl\u00e8tes, \u00e9quipes, entra\u00eeneurs\/entra\u00eeneures, officiels\/officielles et b\u00e9n\u00e9voles du sport amateur au Nouveau-Brunswick. C\u2019est l\u2019occasion de se rassembler et de souligner les r\u00e9alisations et de reconna\u00eetre les finalistes et les gagnants dans chacune des cat\u00e9gories.&nbsp;&nbsp;<\/p>\n\n\n\n<p style=\"font-size:18px\">C\u2019est aussi l\u2019occasion pour Sport Nouveau-Brunswick de c\u00e9l\u00e9brer l\u2019engagement et le d\u00e9vouement de tous nos membres, dans tous les sports, qui offrent des activit\u00e9s sportives au sein de nos communaut\u00e9s.&nbsp;<\/p>\n\n\n\n<p style=\"font-size:18px\">Les prix rassemblent environ 200 passionn\u00e9s du milieu sportif de toute la province, y compris des parents, des repr\u00e9sentants du secteur des affaires et du gouvernement, ainsi que des personnes impliqu\u00e9es \u00e0 tous les niveaux de la communaut\u00e9 sportive. Joignez nous le 15 novembre au Fredericton Delta pour c\u00e9l\u00e9brer les meilleurs du Nouveau-Brunswick et l&#8217;avenir du sport dans notre province.<\/p>\n\n\n\n<div class=\"wp-block-buttons is-layout-flex wp-block-buttons-is-layout-flex\">\n<div class=\"wp-block-button\"><a class=\"wp-block-button__link has-medium-font-size has-custom-font-size wp-element-button\" href=\"https:\/\/sportnb.com\/wp-content\/uploads\/2025\/10\/2025-Finalists-Press-Release-2.pdf\" target=\"_blank\" rel=\"noreferrer noopener\">finalistes 2025<\/a><\/div>\n<\/div>\n<\/div>\n<\/div>\n\n\n\n<div style=\"height:100px\" aria-hidden=\"true\" class=\"wp-block-spacer\"><\/div>\n\n\n\n<hr class=\"wp-block-separator has-text-color has-black-color has-alpha-channel-opacity has-black-background-color has-background\"\/>\n\n\n\n<div class=\"wp-block-columns is-layout-flex wp-container-core-columns-is-layout-9d6595d7 wp-block-columns-is-layout-flex\">\n<div class=\"wp-block-column is-layout-flow wp-block-column-is-layout-flow\">\n<div style=\"height:70px\" aria-hidden=\"true\" class=\"wp-block-spacer\"><\/div>\n\n\n\n<h2 class=\"wp-block-heading\">Annonce des finalistes 2025<\/h2>\n\n\n\n<p style=\"font-size:18px\">Fredericton (N.-B.) &#8211; Sport Nouveau-Brunswick se pr\u00e9pare \u00e0 c\u00e9l\u00e9brer les Prix sportifs 2025 le 15 novembre \u00e0 l&#8217;H\u00f4tel Delta Fredericton. Cet \u00e9v\u00e9nement souligne les r\u00e9alisations des athl\u00e8tes, des entra\u00eeneurs\/entra\u00eeneures, des officiels\/officielles et des b\u00e9n\u00e9voles du sport amateur, qui ont consacr\u00e9 leur temps et leurs efforts au cours de la derni\u00e8re ann\u00e9e pour repr\u00e9senter fi\u00e8rement la province du Nouveau-Brunswick.<\/p>\n\n\n\n<p style=\"font-size:18px\">Cliquez sur le bouton ci-dessous pour lire le communiqu\u00e9 complet.<\/p>\n\n\n\n<div class=\"wp-block-buttons is-layout-flex wp-block-buttons-is-layout-flex\">\n<div class=\"wp-block-button\"><a class=\"wp-block-button__link has-medium-font-size has-custom-font-size wp-element-button\" href=\"https:\/\/sportnb.com\/wp-content\/uploads\/2025\/10\/2025-Finalists-Press-Release-2.pdf\" target=\"_blank\" rel=\"noreferrer noopener\">finalistes 2025<\/a><\/div>\n<\/div>\n<\/div>\n\n\n\n<div class=\"wp-block-column is-layout-flow wp-block-column-is-layout-flow\">\n<figure class=\"wp-block-image size-large is-resized\"><img decoding=\"async\" width=\"819\" height=\"1024\" data-src=\"https:\/\/www.sportnb.com\/wp-content\/uploads\/2025\/10\/28-819x1024.png\" alt=\"\" class=\"wp-image-12597 lazyload\" style=\"--smush-placeholder-width: 819px; --smush-placeholder-aspect-ratio: 819\/1024;width:351px;height:auto\" data-srcset=\"https:\/\/www.sportnb.com\/wp-content\/uploads\/2025\/10\/28-819x1024.png 819w, https:\/\/www.sportnb.com\/wp-content\/uploads\/2025\/10\/28-240x300.png 240w, https:\/\/www.sportnb.com\/wp-content\/uploads\/2025\/10\/28-768x960.png 768w, https:\/\/www.sportnb.com\/wp-content\/uploads\/2025\/10\/28.png 1080w\" data-sizes=\"(max-width: 819px) 100vw, 819px\" src=\"data:image\/svg+xml;base64,PHN2ZyB3aWR0aD0iMSIgaGVpZ2h0PSIxIiB4bWxucz0iaHR0cDovL3d3dy53My5vcmcvMjAwMC9zdmciPjwvc3ZnPg==\" \/><\/figure>\n<\/div>\n<\/div>\n\n\n\n<div style=\"height:25px\" aria-hidden=\"true\" class=\"wp-block-spacer\"><\/div>\n\n\n\n<hr class=\"wp-block-separator has-alpha-channel-opacity\"\/>\n\n\n\n<div style=\"height:100px\" aria-hidden=\"true\" class=\"wp-block-spacer\"><\/div>\n\n\n\n<h2 class=\"wp-block-heading has-text-align-center\">R\u00e9cipiendaires des Prix Sportifs du Nouveau-Brunswick<\/h2>\n\n\n\n<div style=\"height:30px\" aria-hidden=\"true\" class=\"wp-block-spacer\"><\/div>\n\n\n\n<div class=\"wp-block-columns is-layout-flex wp-container-core-columns-is-layout-9d6595d7 wp-block-columns-is-layout-flex\">\n<div class=\"wp-block-column is-layout-flow wp-block-column-is-layout-flow\"><div class=\"acf-news-item\"><span class=\"image lazyload\" style=\"background-image:inherit;\" data-bg-image=\"url(https:\/\/www.sportnb.com\/wp-content\/uploads\/2022\/09\/movie-theater-gf1423976c_1920-1024x670.jpg)\"><\/span><span class=\"text\"><span class=\"h2 text-center\">R\u00e9cipiendaires des Prix Sportifs du Nouveau-Brunswick 2022<\/span><\/span><a href=\"https:\/\/sportnb.com\/fr\/prix-sportifs-du-nouveau-brunswick-2022\/\" class=\"btn btn-blue\">En savoir plus <\/a><\/div><\/div>\n\n\n\n<div class=\"wp-block-column is-layout-flow wp-block-column-is-layout-flow\"><div class=\"acf-news-item\"><span class=\"image lazyload\" style=\"background-image:inherit;\" data-bg-image=\"url(https:\/\/www.sportnb.com\/wp-content\/uploads\/2022\/09\/movie-theater-gf1423976c_1920-1024x670.jpg)\"><\/span><span class=\"text\"><span class=\"h2 text-center\">R\u00e9cipiendaires des Prix Sportifs du Nouveau-Brunswick 2023<\/span><\/span><a href=\"https:\/\/sportnb.com\/fr\/recipiendaires-des-prix-sportifs-du-nouveau-brunswick-2023\/\" class=\"btn btn-blue\">En savoir plus <\/a><\/div><\/div>\n\n\n\n<div class=\"wp-block-column is-layout-flow wp-block-column-is-layout-flow\"><div class=\"acf-news-item\"><span class=\"image lazyload\" style=\"background-image:inherit;\" data-bg-image=\"url(https:\/\/www.sportnb.com\/wp-content\/uploads\/2022\/09\/movie-theater-gf1423976c_1920-1024x670.jpg)\"><\/span><span class=\"text\"><span class=\"h2 text-center\">R\u00e9cipiendaires des Prix Sportifs du Nouveau-Brunswick 2024<\/span><\/span><a href=\"https:\/\/www.sportnb.com\/fr\/recipiendaires-des-prix-sportifs-du-nouveau-brunswick-2024\/\" class=\"btn btn-blue\">En savoir plus <\/a><\/div>\n\n\n<div style=\"height:100px\" aria-hidden=\"true\" class=\"wp-block-spacer\"><\/div>\n\n\n<div class=\"acf-news-item\"><span class=\"image lazyload\" style=\"background-image:inherit;\" data-bg-image=\"url(https:\/\/www.sportnb.com\/wp-content\/uploads\/2022\/09\/movie-theater-gf1423976c_1920-1024x670.jpg)\"><\/span><span class=\"text\"><span class=\"h2 text-center\">R\u00e9cipiendaires des Prix Sportifs du Nouveau-Brunswick 2025<\/span><\/span><a href=\"https:\/\/www.sportnb.com\/fr\/recipiendaires-des-prix-sportifs-du-nouveau-brunswick-2025\/\" class=\"btn btn-blue\">En savoir plus <\/a><\/div><\/div>\n<\/div>\n\n\n\n<div class=\"wp-block-columns is-layout-flex wp-container-core-columns-is-layout-9d6595d7 wp-block-columns-is-layout-flex\">\n<div class=\"wp-block-column is-layout-flow wp-block-column-is-layout-flow\"><\/div>\n\n\n\n<div class=\"wp-block-column is-layout-flow wp-block-column-is-layout-flow\"><\/div>\n\n\n\n<div class=\"wp-block-column is-layout-flow wp-block-column-is-layout-flow\"><\/div>\n<\/div>\n","protected":false},"excerpt":{"rendered":"<p>Prix Sportifs du Nouveau-Brunswick Les Prix sportifs sont une soir\u00e9e de c\u00e9l\u00e9bration annuelle des r\u00e9alisations exceptionnelles de nos athl\u00e8tes, \u00e9quipes, entra\u00eeneurs\/entra\u00eeneures, officiels\/officielles et b\u00e9n\u00e9voles du sport amateur au Nouveau-Brunswick. C\u2019est [&hellip;]<\/p>\n","protected":false},"author":3,"featured_media":3010,"parent":0,"menu_order":0,"comment_status":"closed","ping_status":"closed","template":"","meta":{"_acf_changed":false,"_uag_custom_page_level_css":"","_monsterinsights_skip_tracking":false,"_monsterinsights_sitenote_active":false,"_monsterinsights_sitenote_note":"","_monsterinsights_sitenote_category":0,"footnotes":""},"wf_page_folders":[],"class_list":["post-4043","page","type-page","status-publish","has-post-thumbnail","hentry"],"acf":[],"yoast_head":"<!-- This site is optimized with the Yoast SEO plugin v27.4 - https:\/\/yoast.com\/product\/yoast-seo-wordpress\/ -->\n<title>SportNB | Prix sportifs du Nouveau-Brunswick<\/title>\n<meta name=\"description\" content=\"Sport New Brunswick (Sport NB) is a non-profit, volunteer organization dedicated to the development and promotion of the amateur sport community in New Brunswick. It is a federation that consists of over 60 provincial sport organizations and other sport related organizations.\" \/>\n<meta name=\"robots\" content=\"index, follow, max-snippet:-1, max-image-preview:large, max-video-preview:-1\" \/>\n<link rel=\"canonical\" href=\"https:\/\/www.sportnb.com\/fr\/prix-sportifs-du-nouveau-brunswick\/\" \/>\n<meta property=\"og:locale\" content=\"fr_FR\" \/>\n<meta property=\"og:type\" content=\"article\" \/>\n<meta property=\"og:title\" content=\"SportNB | Prix sportifs du Nouveau-Brunswick\" \/>\n<meta property=\"og:description\" content=\"Sport New Brunswick (Sport NB) is a non-profit, volunteer organization dedicated to the development and promotion of the amateur sport community in New Brunswick. It is a federation that consists of over 60 provincial sport organizations and other sport related organizations.\" \/>\n<meta property=\"og:url\" content=\"https:\/\/www.sportnb.com\/fr\/prix-sportifs-du-nouveau-brunswick\/\" \/>\n<meta property=\"og:site_name\" content=\"SportNB\" \/>\n<meta property=\"article:publisher\" content=\"https:\/\/www.facebook.com\/sportnb\" \/>\n<meta property=\"article:modified_time\" content=\"2026-03-13T19:20:06+00:00\" \/>\n<meta property=\"og:image\" content=\"https:\/\/www.sportnb.com\/wp-content\/uploads\/2022\/09\/movie-theater-gf1423976c_1920.jpg\" \/>\n\t<meta property=\"og:image:width\" content=\"1920\" \/>\n\t<meta property=\"og:image:height\" content=\"1256\" \/>\n\t<meta property=\"og:image:type\" content=\"image\/jpeg\" \/>\n<meta name=\"twitter:card\" content=\"summary_large_image\" \/>\n<meta name=\"twitter:site\" content=\"@SportNB\" \/>\n<meta name=\"twitter:label1\" content=\"Est. reading time\" \/>\n\t<meta name=\"twitter:data1\" content=\"2 minutes\" \/>\n<script type=\"application\/ld+json\" class=\"yoast-schema-graph\">{\"@context\":\"https:\\\/\\\/schema.org\",\"@graph\":[{\"@type\":\"WebPage\",\"@id\":\"https:\\\/\\\/www.sportnb.com\\\/fr\\\/prix-sportifs-du-nouveau-brunswick\\\/\",\"url\":\"https:\\\/\\\/www.sportnb.com\\\/fr\\\/prix-sportifs-du-nouveau-brunswick\\\/\",\"name\":\"SportNB | Prix sportifs du Nouveau-Brunswick\",\"isPartOf\":{\"@id\":\"https:\\\/\\\/www.sportnb.com\\\/fr\\\/#website\"},\"primaryImageOfPage\":{\"@id\":\"https:\\\/\\\/www.sportnb.com\\\/fr\\\/prix-sportifs-du-nouveau-brunswick\\\/#primaryimage\"},\"image\":{\"@id\":\"https:\\\/\\\/www.sportnb.com\\\/fr\\\/prix-sportifs-du-nouveau-brunswick\\\/#primaryimage\"},\"thumbnailUrl\":\"https:\\\/\\\/www.sportnb.com\\\/wp-content\\\/uploads\\\/2022\\\/09\\\/movie-theater-gf1423976c_1920.jpg\",\"datePublished\":\"2022-11-23T21:55:11+00:00\",\"dateModified\":\"2026-03-13T19:20:06+00:00\",\"description\":\"Sport New Brunswick (Sport NB) is a non-profit, volunteer organization dedicated to the development and promotion of the amateur sport community in New Brunswick. It is a federation that consists of over 60 provincial sport organizations and other sport related organizations.\",\"breadcrumb\":{\"@id\":\"https:\\\/\\\/www.sportnb.com\\\/fr\\\/prix-sportifs-du-nouveau-brunswick\\\/#breadcrumb\"},\"inLanguage\":\"fr-FR\",\"potentialAction\":[{\"@type\":\"ReadAction\",\"target\":[\"https:\\\/\\\/www.sportnb.com\\\/fr\\\/prix-sportifs-du-nouveau-brunswick\\\/\"]}]},{\"@type\":\"ImageObject\",\"inLanguage\":\"fr-FR\",\"@id\":\"https:\\\/\\\/www.sportnb.com\\\/fr\\\/prix-sportifs-du-nouveau-brunswick\\\/#primaryimage\",\"url\":\"https:\\\/\\\/www.sportnb.com\\\/wp-content\\\/uploads\\\/2022\\\/09\\\/movie-theater-gf1423976c_1920.jpg\",\"contentUrl\":\"https:\\\/\\\/www.sportnb.com\\\/wp-content\\\/uploads\\\/2022\\\/09\\\/movie-theater-gf1423976c_1920.jpg\",\"width\":1920,\"height\":1256},{\"@type\":\"BreadcrumbList\",\"@id\":\"https:\\\/\\\/www.sportnb.com\\\/fr\\\/prix-sportifs-du-nouveau-brunswick\\\/#breadcrumb\",\"itemListElement\":[{\"@type\":\"ListItem\",\"position\":1,\"name\":\"Home\",\"item\":\"https:\\\/\\\/www.sportnb.com\\\/fr\\\/\"},{\"@type\":\"ListItem\",\"position\":2,\"name\":\"Prix sportifs du Nouveau-Brunswick\"}]},{\"@type\":\"WebSite\",\"@id\":\"https:\\\/\\\/www.sportnb.com\\\/fr\\\/#website\",\"url\":\"https:\\\/\\\/www.sportnb.com\\\/fr\\\/\",\"name\":\"SportNB\",\"description\":\"Together, we can make sport safe for everyone.\",\"publisher\":{\"@id\":\"https:\\\/\\\/www.sportnb.com\\\/fr\\\/#organization\"},\"potentialAction\":[{\"@type\":\"SearchAction\",\"target\":{\"@type\":\"EntryPoint\",\"urlTemplate\":\"https:\\\/\\\/www.sportnb.com\\\/fr\\\/?s={search_term_string}\"},\"query-input\":{\"@type\":\"PropertyValueSpecification\",\"valueRequired\":true,\"valueName\":\"search_term_string\"}}],\"inLanguage\":\"fr-FR\"},{\"@type\":\"Organization\",\"@id\":\"https:\\\/\\\/www.sportnb.com\\\/fr\\\/#organization\",\"name\":\"SportNB\",\"url\":\"https:\\\/\\\/www.sportnb.com\\\/fr\\\/\",\"logo\":{\"@type\":\"ImageObject\",\"inLanguage\":\"fr-FR\",\"@id\":\"https:\\\/\\\/www.sportnb.com\\\/fr\\\/#\\\/schema\\\/logo\\\/image\\\/\",\"url\":\"https:\\\/\\\/sportnb.com\\\/wp-content\\\/uploads\\\/2022\\\/03\\\/logo.svg\",\"contentUrl\":\"https:\\\/\\\/sportnb.com\\\/wp-content\\\/uploads\\\/2022\\\/03\\\/logo.svg\",\"width\":288,\"height\":75,\"caption\":\"SportNB\"},\"image\":{\"@id\":\"https:\\\/\\\/www.sportnb.com\\\/fr\\\/#\\\/schema\\\/logo\\\/image\\\/\"},\"sameAs\":[\"https:\\\/\\\/www.facebook.com\\\/sportnb\",\"https:\\\/\\\/x.com\\\/SportNB\",\"https:\\\/\\\/www.youtube.com\\\/channel\\\/UC5976PPks7naTvXfQ4cZk5g\",\"https:\\\/\\\/ca.linkedin.com\\\/company\\\/sportnb506\",\"https:\\\/\\\/www.instagram.com\\\/sportnewnouveaubrunswick\\\/\"]}]}<\/script>\n<!-- \/ Yoast SEO plugin. -->","yoast_head_json":{"title":"SportNB | Prix sportifs du Nouveau-Brunswick","description":"Sport New Brunswick (Sport NB) is a non-profit, volunteer organization dedicated to the development and promotion of the amateur sport community in New Brunswick. It is a federation that consists of over 60 provincial sport organizations and other sport related organizations.","robots":{"index":"index","follow":"follow","max-snippet":"max-snippet:-1","max-image-preview":"max-image-preview:large","max-video-preview":"max-video-preview:-1"},"canonical":"https:\/\/www.sportnb.com\/fr\/prix-sportifs-du-nouveau-brunswick\/","og_locale":"fr_FR","og_type":"article","og_title":"SportNB | Prix sportifs du Nouveau-Brunswick","og_description":"Sport New Brunswick (Sport NB) is a non-profit, volunteer organization dedicated to the development and promotion of the amateur sport community in New Brunswick. It is a federation that consists of over 60 provincial sport organizations and other sport related organizations.","og_url":"https:\/\/www.sportnb.com\/fr\/prix-sportifs-du-nouveau-brunswick\/","og_site_name":"SportNB","article_publisher":"https:\/\/www.facebook.com\/sportnb","article_modified_time":"2026-03-13T19:20:06+00:00","og_image":[{"width":1920,"height":1256,"url":"https:\/\/www.sportnb.com\/wp-content\/uploads\/2022\/09\/movie-theater-gf1423976c_1920.jpg","type":"image\/jpeg"}],"twitter_card":"summary_large_image","twitter_site":"@SportNB","twitter_misc":{"Est. reading time":"2 minutes"},"schema":{"@context":"https:\/\/schema.org","@graph":[{"@type":"WebPage","@id":"https:\/\/www.sportnb.com\/fr\/prix-sportifs-du-nouveau-brunswick\/","url":"https:\/\/www.sportnb.com\/fr\/prix-sportifs-du-nouveau-brunswick\/","name":"SportNB | Prix sportifs du Nouveau-Brunswick","isPartOf":{"@id":"https:\/\/www.sportnb.com\/fr\/#website"},"primaryImageOfPage":{"@id":"https:\/\/www.sportnb.com\/fr\/prix-sportifs-du-nouveau-brunswick\/#primaryimage"},"image":{"@id":"https:\/\/www.sportnb.com\/fr\/prix-sportifs-du-nouveau-brunswick\/#primaryimage"},"thumbnailUrl":"https:\/\/www.sportnb.com\/wp-content\/uploads\/2022\/09\/movie-theater-gf1423976c_1920.jpg","datePublished":"2022-11-23T21:55:11+00:00","dateModified":"2026-03-13T19:20:06+00:00","description":"Sport New Brunswick (Sport NB) is a non-profit, volunteer organization dedicated to the development and promotion of the amateur sport community in New Brunswick. It is a federation that consists of over 60 provincial sport organizations and other sport related organizations.","breadcrumb":{"@id":"https:\/\/www.sportnb.com\/fr\/prix-sportifs-du-nouveau-brunswick\/#breadcrumb"},"inLanguage":"fr-FR","potentialAction":[{"@type":"ReadAction","target":["https:\/\/www.sportnb.com\/fr\/prix-sportifs-du-nouveau-brunswick\/"]}]},{"@type":"ImageObject","inLanguage":"fr-FR","@id":"https:\/\/www.sportnb.com\/fr\/prix-sportifs-du-nouveau-brunswick\/#primaryimage","url":"https:\/\/www.sportnb.com\/wp-content\/uploads\/2022\/09\/movie-theater-gf1423976c_1920.jpg","contentUrl":"https:\/\/www.sportnb.com\/wp-content\/uploads\/2022\/09\/movie-theater-gf1423976c_1920.jpg","width":1920,"height":1256},{"@type":"BreadcrumbList","@id":"https:\/\/www.sportnb.com\/fr\/prix-sportifs-du-nouveau-brunswick\/#breadcrumb","itemListElement":[{"@type":"ListItem","position":1,"name":"Home","item":"https:\/\/www.sportnb.com\/fr\/"},{"@type":"ListItem","position":2,"name":"Prix sportifs du Nouveau-Brunswick"}]},{"@type":"WebSite","@id":"https:\/\/www.sportnb.com\/fr\/#website","url":"https:\/\/www.sportnb.com\/fr\/","name":"SportNB","description":"Together, we can make sport safe for everyone.","publisher":{"@id":"https:\/\/www.sportnb.com\/fr\/#organization"},"potentialAction":[{"@type":"SearchAction","target":{"@type":"EntryPoint","urlTemplate":"https:\/\/www.sportnb.com\/fr\/?s={search_term_string}"},"query-input":{"@type":"PropertyValueSpecification","valueRequired":true,"valueName":"search_term_string"}}],"inLanguage":"fr-FR"},{"@type":"Organization","@id":"https:\/\/www.sportnb.com\/fr\/#organization","name":"SportNB","url":"https:\/\/www.sportnb.com\/fr\/","logo":{"@type":"ImageObject","inLanguage":"fr-FR","@id":"https:\/\/www.sportnb.com\/fr\/#\/schema\/logo\/image\/","url":"https:\/\/sportnb.com\/wp-content\/uploads\/2022\/03\/logo.svg","contentUrl":"https:\/\/sportnb.com\/wp-content\/uploads\/2022\/03\/logo.svg","width":288,"height":75,"caption":"SportNB"},"image":{"@id":"https:\/\/www.sportnb.com\/fr\/#\/schema\/logo\/image\/"},"sameAs":["https:\/\/www.facebook.com\/sportnb","https:\/\/x.com\/SportNB","https:\/\/www.youtube.com\/channel\/UC5976PPks7naTvXfQ4cZk5g","https:\/\/ca.linkedin.com\/company\/sportnb506","https:\/\/www.instagram.com\/sportnewnouveaubrunswick\/"]}]}},"uagb_featured_image_src":{"full":["https:\/\/www.sportnb.com\/wp-content\/uploads\/2022\/09\/movie-theater-gf1423976c_1920.jpg",1920,1256,false],"thumbnail":["https:\/\/www.sportnb.com\/wp-content\/uploads\/2022\/09\/movie-theater-gf1423976c_1920-150x150.jpg",150,150,true],"medium":["https:\/\/www.sportnb.com\/wp-content\/uploads\/2022\/09\/movie-theater-gf1423976c_1920-300x196.jpg",300,196,true],"medium_large":["https:\/\/www.sportnb.com\/wp-content\/uploads\/2022\/09\/movie-theater-gf1423976c_1920-768x502.jpg",768,502,true],"large":["https:\/\/www.sportnb.com\/wp-content\/uploads\/2022\/09\/movie-theater-gf1423976c_1920-1024x670.jpg",900,589,true],"1536x1536":["https:\/\/www.sportnb.com\/wp-content\/uploads\/2022\/09\/movie-theater-gf1423976c_1920-1536x1005.jpg",1536,1005,true],"2048x2048":["https:\/\/www.sportnb.com\/wp-content\/uploads\/2022\/09\/movie-theater-gf1423976c_1920.jpg",1920,1256,false],"thumbnail_1440x9999":["https:\/\/www.sportnb.com\/wp-content\/uploads\/2022\/09\/movie-theater-gf1423976c_1920-1440x942.jpg",1440,942,true],"menu-thumb":["https:\/\/www.sportnb.com\/wp-content\/uploads\/2022\/09\/movie-theater-gf1423976c_1920.jpg",330,216,false]},"uagb_author_info":{"display_name":"webadmin","author_link":"https:\/\/www.sportnb.com\/fr\/author\/webadmin\/"},"uagb_comment_info":0,"uagb_excerpt":"Prix Sportifs du Nouveau-Brunswick Les Prix sportifs sont une soir\u00e9e de c\u00e9l\u00e9bration annuelle des r\u00e9alisations exceptionnelles de nos athl\u00e8tes, \u00e9quipes, entra\u00eeneurs\/entra\u00eeneures, officiels\/officielles et b\u00e9n\u00e9voles du sport amateur au Nouveau-Brunswick. C\u2019est [&hellip;]","_links":{"self":[{"href":"https:\/\/www.sportnb.com\/fr\/wp-json\/wp\/v2\/pages\/4043","targetHints":{"allow":["GET"]}}],"collection":[{"href":"https:\/\/www.sportnb.com\/fr\/wp-json\/wp\/v2\/pages"}],"about":[{"href":"https:\/\/www.sportnb.com\/fr\/wp-json\/wp\/v2\/types\/page"}],"author":[{"embeddable":true,"href":"https:\/\/www.sportnb.com\/fr\/wp-json\/wp\/v2\/users\/3"}],"replies":[{"embeddable":true,"href":"https:\/\/www.sportnb.com\/fr\/wp-json\/wp\/v2\/comments?post=4043"}],"version-history":[{"count":12,"href":"https:\/\/www.sportnb.com\/fr\/wp-json\/wp\/v2\/pages\/4043\/revisions"}],"predecessor-version":[{"id":13562,"href":"https:\/\/www.sportnb.com\/fr\/wp-json\/wp\/v2\/pages\/4043\/revisions\/13562"}],"wp:featuredmedia":[{"embeddable":true,"href":"https:\/\/www.sportnb.com\/fr\/wp-json\/wp\/v2\/media\/3010"}],"wp:attachment":[{"href":"https:\/\/www.sportnb.com\/fr\/wp-json\/wp\/v2\/media?parent=4043"}],"wp:term":[{"taxonomy":"wf_page_folders","embeddable":true,"href":"https:\/\/www.sportnb.com\/fr\/wp-json\/wp\/v2\/wf_page_folders?post=4043"}],"curies":[{"name":"wp","href":"https:\/\/api.w.org\/{rel}","templated":true}]}}