{"id":3789,"date":"2022-09-22T19:07:27","date_gmt":"2022-09-22T22:07:27","guid":{"rendered":"https:\/\/sportnb.com\/?page_id=3789"},"modified":"2025-05-26T10:39:27","modified_gmt":"2025-05-26T13:39:27","slug":"le-reseau","status":"publish","type":"page","link":"https:\/\/www.sportnb.com\/fr\/le-reseau\/","title":{"rendered":"LE R\u00c9SEAU"},"content":{"rendered":"\n<p class=\"has-text-color has-medium-font-size\" style=\"color:#8c1737\"><strong>LA COLLABORATION EST ESSENTIELS POUR SOUTENIR LES MILIEUX DU SPORT ET DES LOISIR S\u00c9CURITAIRES<\/strong><\/p>\n\n\n\n<p>Le R\u00e9seau pour la s\u00e9curit\u00e9 dans le sport et les loisirs au Nouveau-Brunswick est un collectif de partenaires et d\u2019intervenants du syst\u00e8me. Le r\u00e9seau offre des occasions d\u2019\u00e9changer des id\u00e9es, de l\u2019information et des ressources qui contribuent \u00e0 une culture du sport et des loisirs qui favorise la s\u00e9curit\u00e9 et le bien-\u00eatre de tous<strong>.<\/strong>&nbsp;<\/p>\n\n\n\n<p>Ceci dit, il y a eu une pouss\u00e9e \u00e0 l\u2019\u00e9chelle nationale pour rendre notre syst\u00e8me sportif dans ce pays aussi s\u00e9curitaire et positif que possible. Il est largement reconnu que lorsque des diff\u00e9rends surviennent, ils p\u00e8sent sur le syst\u00e8me sportif, absorbant du temps, des ressources b\u00e9n\u00e9voles\/du personnel, de l\u2019argent et de l\u2019\u00e9nergie qui pourraient autrement \u00eatre investis pour accro\u00eetre le d\u00e9veloppement, les opportunit\u00e9s et la participation au sport dans la province.&nbsp;<\/p>\n\n\n\n<figure class=\"wp-block-gallery has-nested-images columns-3 is-cropped wp-block-gallery-1 is-layout-flex wp-block-gallery-is-layout-flex\">\n<figure class=\"wp-block-image size-large\"><img fetchpriority=\"high\" decoding=\"async\" width=\"1024\" height=\"384\" data-id=\"3294\" src=\"https:\/\/sportnb.com\/wp-content\/uploads\/2022\/10\/TrainingPage-Logos-9-1-1024x384.jpg\" alt=\"ASINBIAA\" class=\"wp-image-3294\" srcset=\"https:\/\/www.sportnb.com\/wp-content\/uploads\/2022\/10\/TrainingPage-Logos-9-1-1024x384.jpg 1024w, https:\/\/www.sportnb.com\/wp-content\/uploads\/2022\/10\/TrainingPage-Logos-9-1-300x113.jpg 300w, https:\/\/www.sportnb.com\/wp-content\/uploads\/2022\/10\/TrainingPage-Logos-9-1-768x288.jpg 768w, https:\/\/www.sportnb.com\/wp-content\/uploads\/2022\/10\/TrainingPage-Logos-9-1.jpg 1200w\" sizes=\"(max-width: 1024px) 100vw, 1024px\" \/><\/figure>\n\n\n\n<figure class=\"wp-block-image size-large\"><img decoding=\"async\" width=\"1024\" height=\"384\" data-id=\"3278\" data-src=\"https:\/\/sportnb.com\/wp-content\/uploads\/2022\/10\/TrainingPage-Logos-1-1-1024x384.jpg\" alt=\"New Brunswick\" class=\"wp-image-3278 lazyload\" data-srcset=\"https:\/\/www.sportnb.com\/wp-content\/uploads\/2022\/10\/TrainingPage-Logos-1-1-1024x384.jpg 1024w, https:\/\/www.sportnb.com\/wp-content\/uploads\/2022\/10\/TrainingPage-Logos-1-1-300x113.jpg 300w, https:\/\/www.sportnb.com\/wp-content\/uploads\/2022\/10\/TrainingPage-Logos-1-1-768x288.jpg 768w, https:\/\/www.sportnb.com\/wp-content\/uploads\/2022\/10\/TrainingPage-Logos-1-1.jpg 1200w\" data-sizes=\"(max-width: 1024px) 100vw, 1024px\" src=\"data:image\/svg+xml;base64,PHN2ZyB3aWR0aD0iMSIgaGVpZ2h0PSIxIiB4bWxucz0iaHR0cDovL3d3dy53My5vcmcvMjAwMC9zdmciPjwvc3ZnPg==\" style=\"--smush-placeholder-width: 1024px; --smush-placeholder-aspect-ratio: 1024\/384;\" \/><\/figure>\n\n\n\n<figure class=\"wp-block-image size-large is-style-default\"><img decoding=\"async\" width=\"1024\" height=\"384\" data-id=\"3668\" data-src=\"https:\/\/sportnb.com\/wp-content\/uploads\/2022\/10\/ACCAAAASC-1024x384.jpg\" alt=\"ACAA AASC\" class=\"wp-image-3668 lazyload\" data-srcset=\"https:\/\/www.sportnb.com\/wp-content\/uploads\/2022\/10\/ACCAAAASC-1024x384.jpg 1024w, https:\/\/www.sportnb.com\/wp-content\/uploads\/2022\/10\/ACCAAAASC-300x113.jpg 300w, https:\/\/www.sportnb.com\/wp-content\/uploads\/2022\/10\/ACCAAAASC-768x288.jpg 768w, https:\/\/www.sportnb.com\/wp-content\/uploads\/2022\/10\/ACCAAAASC.jpg 1200w\" data-sizes=\"(max-width: 1024px) 100vw, 1024px\" src=\"data:image\/svg+xml;base64,PHN2ZyB3aWR0aD0iMSIgaGVpZ2h0PSIxIiB4bWxucz0iaHR0cDovL3d3dy53My5vcmcvMjAwMC9zdmciPjwvc3ZnPg==\" style=\"--smush-placeholder-width: 1024px; --smush-placeholder-aspect-ratio: 1024\/384;\" \/><\/figure>\n\n\n\n<figure class=\"wp-block-image size-large\"><img decoding=\"async\" width=\"1024\" height=\"384\" data-id=\"3683\" data-src=\"https:\/\/sportnb.com\/wp-content\/uploads\/2022\/10\/AUS-Logo-1024x384.jpg\" alt=\"\" class=\"wp-image-3683 lazyload\" data-srcset=\"https:\/\/www.sportnb.com\/wp-content\/uploads\/2022\/10\/AUS-Logo-1024x384.jpg 1024w, https:\/\/www.sportnb.com\/wp-content\/uploads\/2022\/10\/AUS-Logo-300x113.jpg 300w, https:\/\/www.sportnb.com\/wp-content\/uploads\/2022\/10\/AUS-Logo-768x288.jpg 768w, https:\/\/www.sportnb.com\/wp-content\/uploads\/2022\/10\/AUS-Logo.jpg 1200w\" data-sizes=\"(max-width: 1024px) 100vw, 1024px\" src=\"data:image\/svg+xml;base64,PHN2ZyB3aWR0aD0iMSIgaGVpZ2h0PSIxIiB4bWxucz0iaHR0cDovL3d3dy53My5vcmcvMjAwMC9zdmciPjwvc3ZnPg==\" style=\"--smush-placeholder-width: 1024px; --smush-placeholder-aspect-ratio: 1024\/384;\" \/><\/figure>\n\n\n\n<figure class=\"wp-block-image size-large\"><img decoding=\"async\" width=\"1024\" height=\"384\" data-id=\"3670\" data-src=\"https:\/\/sportnb.com\/wp-content\/uploads\/2022\/10\/NBPES-1024x384.jpg\" alt=\"NBPES\" class=\"wp-image-3670 lazyload\" data-srcset=\"https:\/\/www.sportnb.com\/wp-content\/uploads\/2022\/10\/NBPES-1024x384.jpg 1024w, https:\/\/www.sportnb.com\/wp-content\/uploads\/2022\/10\/NBPES-300x113.jpg 300w, https:\/\/www.sportnb.com\/wp-content\/uploads\/2022\/10\/NBPES-768x288.jpg 768w, https:\/\/www.sportnb.com\/wp-content\/uploads\/2022\/10\/NBPES.jpg 1200w\" data-sizes=\"(max-width: 1024px) 100vw, 1024px\" src=\"data:image\/svg+xml;base64,PHN2ZyB3aWR0aD0iMSIgaGVpZ2h0PSIxIiB4bWxucz0iaHR0cDovL3d3dy53My5vcmcvMjAwMC9zdmciPjwvc3ZnPg==\" style=\"--smush-placeholder-width: 1024px; --smush-placeholder-aspect-ratio: 1024\/384;\" \/><\/figure>\n\n\n\n<figure class=\"wp-block-image size-large\"><img decoding=\"async\" width=\"1024\" height=\"384\" data-id=\"3296\" data-src=\"https:\/\/sportnb.com\/wp-content\/uploads\/2022\/10\/TrainingPage-Logos-10-1-1024x384.jpg\" alt=\"Recreation NB\" class=\"wp-image-3296 lazyload\" data-srcset=\"https:\/\/www.sportnb.com\/wp-content\/uploads\/2022\/10\/TrainingPage-Logos-10-1-1024x384.jpg 1024w, https:\/\/www.sportnb.com\/wp-content\/uploads\/2022\/10\/TrainingPage-Logos-10-1-300x113.jpg 300w, https:\/\/www.sportnb.com\/wp-content\/uploads\/2022\/10\/TrainingPage-Logos-10-1-768x288.jpg 768w, https:\/\/www.sportnb.com\/wp-content\/uploads\/2022\/10\/TrainingPage-Logos-10-1.jpg 1200w\" data-sizes=\"(max-width: 1024px) 100vw, 1024px\" src=\"data:image\/svg+xml;base64,PHN2ZyB3aWR0aD0iMSIgaGVpZ2h0PSIxIiB4bWxucz0iaHR0cDovL3d3dy53My5vcmcvMjAwMC9zdmciPjwvc3ZnPg==\" style=\"--smush-placeholder-width: 1024px; --smush-placeholder-aspect-ratio: 1024\/384;\" \/><\/figure>\n\n\n\n<figure class=\"wp-block-image size-large\"><img decoding=\"async\" width=\"1024\" height=\"384\" data-id=\"3674\" data-src=\"https:\/\/sportnb.com\/wp-content\/uploads\/2022\/10\/NBChildYouth-Advocate-1024x384.jpg\" alt=\"New Brunswick Child and Youth Advocate\" class=\"wp-image-3674 lazyload\" data-srcset=\"https:\/\/www.sportnb.com\/wp-content\/uploads\/2022\/10\/NBChildYouth-Advocate-1024x384.jpg 1024w, https:\/\/www.sportnb.com\/wp-content\/uploads\/2022\/10\/NBChildYouth-Advocate-300x113.jpg 300w, https:\/\/www.sportnb.com\/wp-content\/uploads\/2022\/10\/NBChildYouth-Advocate-768x288.jpg 768w, https:\/\/www.sportnb.com\/wp-content\/uploads\/2022\/10\/NBChildYouth-Advocate.jpg 1200w\" data-sizes=\"(max-width: 1024px) 100vw, 1024px\" src=\"data:image\/svg+xml;base64,PHN2ZyB3aWR0aD0iMSIgaGVpZ2h0PSIxIiB4bWxucz0iaHR0cDovL3d3dy53My5vcmcvMjAwMC9zdmciPjwvc3ZnPg==\" style=\"--smush-placeholder-width: 1024px; --smush-placeholder-aspect-ratio: 1024\/384;\" \/><\/figure>\n\n\n\n<figure class=\"wp-block-image size-large\"><img decoding=\"async\" width=\"1024\" height=\"384\" data-id=\"3676\" data-src=\"https:\/\/sportnb.com\/wp-content\/uploads\/2022\/10\/TraumaNB-1024x384.jpg\" alt=\"Trauma NB\" class=\"wp-image-3676 lazyload\" data-srcset=\"https:\/\/www.sportnb.com\/wp-content\/uploads\/2022\/10\/TraumaNB-1024x384.jpg 1024w, https:\/\/www.sportnb.com\/wp-content\/uploads\/2022\/10\/TraumaNB-300x113.jpg 300w, https:\/\/www.sportnb.com\/wp-content\/uploads\/2022\/10\/TraumaNB-768x288.jpg 768w, https:\/\/www.sportnb.com\/wp-content\/uploads\/2022\/10\/TraumaNB.jpg 1200w\" data-sizes=\"(max-width: 1024px) 100vw, 1024px\" src=\"data:image\/svg+xml;base64,PHN2ZyB3aWR0aD0iMSIgaGVpZ2h0PSIxIiB4bWxucz0iaHR0cDovL3d3dy53My5vcmcvMjAwMC9zdmciPjwvc3ZnPg==\" style=\"--smush-placeholder-width: 1024px; --smush-placeholder-aspect-ratio: 1024\/384;\" \/><\/figure>\n\n\n\n<figure class=\"wp-block-image size-large\"><img decoding=\"async\" width=\"1024\" height=\"384\" data-id=\"3298\" data-src=\"https:\/\/sportnb.com\/wp-content\/uploads\/2022\/10\/TrainingPage-Logos-11-1024x384.jpg\" alt=\"Canadian Sport Centre\" class=\"wp-image-3298 lazyload\" data-srcset=\"https:\/\/www.sportnb.com\/wp-content\/uploads\/2022\/10\/TrainingPage-Logos-11-1024x384.jpg 1024w, https:\/\/www.sportnb.com\/wp-content\/uploads\/2022\/10\/TrainingPage-Logos-11-300x113.jpg 300w, https:\/\/www.sportnb.com\/wp-content\/uploads\/2022\/10\/TrainingPage-Logos-11-768x288.jpg 768w, https:\/\/www.sportnb.com\/wp-content\/uploads\/2022\/10\/TrainingPage-Logos-11.jpg 1200w\" data-sizes=\"(max-width: 1024px) 100vw, 1024px\" src=\"data:image\/svg+xml;base64,PHN2ZyB3aWR0aD0iMSIgaGVpZ2h0PSIxIiB4bWxucz0iaHR0cDovL3d3dy53My5vcmcvMjAwMC9zdmciPjwvc3ZnPg==\" style=\"--smush-placeholder-width: 1024px; --smush-placeholder-aspect-ratio: 1024\/384;\" \/><\/figure>\n\n\n\n<figure class=\"wp-block-image size-large\"><img decoding=\"async\" width=\"1024\" height=\"384\" data-id=\"3678\" data-src=\"https:\/\/sportnb.com\/wp-content\/uploads\/2022\/10\/VitaliteHealthNetwork-1024x384.jpg\" alt=\"Vitalit\u00e9\" class=\"wp-image-3678 lazyload\" data-srcset=\"https:\/\/www.sportnb.com\/wp-content\/uploads\/2022\/10\/VitaliteHealthNetwork-1024x384.jpg 1024w, https:\/\/www.sportnb.com\/wp-content\/uploads\/2022\/10\/VitaliteHealthNetwork-300x113.jpg 300w, https:\/\/www.sportnb.com\/wp-content\/uploads\/2022\/10\/VitaliteHealthNetwork-768x288.jpg 768w, https:\/\/www.sportnb.com\/wp-content\/uploads\/2022\/10\/VitaliteHealthNetwork.jpg 1200w\" data-sizes=\"(max-width: 1024px) 100vw, 1024px\" src=\"data:image\/svg+xml;base64,PHN2ZyB3aWR0aD0iMSIgaGVpZ2h0PSIxIiB4bWxucz0iaHR0cDovL3d3dy53My5vcmcvMjAwMC9zdmciPjwvc3ZnPg==\" style=\"--smush-placeholder-width: 1024px; --smush-placeholder-aspect-ratio: 1024\/384;\" \/><\/figure>\n\n\n\n<figure class=\"wp-block-image size-large\"><img decoding=\"async\" width=\"1024\" height=\"384\" data-id=\"3681\" data-src=\"https:\/\/sportnb.com\/wp-content\/uploads\/2022\/10\/UNB-Kinesiology-1024x384.jpg\" alt=\"UNB Kinesiology\" class=\"wp-image-3681 lazyload\" data-srcset=\"https:\/\/www.sportnb.com\/wp-content\/uploads\/2022\/10\/UNB-Kinesiology-1024x384.jpg 1024w, https:\/\/www.sportnb.com\/wp-content\/uploads\/2022\/10\/UNB-Kinesiology-300x113.jpg 300w, https:\/\/www.sportnb.com\/wp-content\/uploads\/2022\/10\/UNB-Kinesiology-768x288.jpg 768w, https:\/\/www.sportnb.com\/wp-content\/uploads\/2022\/10\/UNB-Kinesiology.jpg 1200w\" data-sizes=\"(max-width: 1024px) 100vw, 1024px\" src=\"data:image\/svg+xml;base64,PHN2ZyB3aWR0aD0iMSIgaGVpZ2h0PSIxIiB4bWxucz0iaHR0cDovL3d3dy53My5vcmcvMjAwMC9zdmciPjwvc3ZnPg==\" style=\"--smush-placeholder-width: 1024px; --smush-placeholder-aspect-ratio: 1024\/384;\" \/><\/figure>\n\n\n\n<figure class=\"wp-block-image size-large\"><img decoding=\"async\" width=\"1024\" height=\"384\" data-id=\"3280\" data-src=\"https:\/\/sportnb.com\/wp-content\/uploads\/2022\/10\/TrainingPage-Logos-2-1-1024x384.jpg\" alt=\"\" class=\"wp-image-3280 lazyload\" data-srcset=\"https:\/\/www.sportnb.com\/wp-content\/uploads\/2022\/10\/TrainingPage-Logos-2-1-1024x384.jpg 1024w, https:\/\/www.sportnb.com\/wp-content\/uploads\/2022\/10\/TrainingPage-Logos-2-1-300x113.jpg 300w, https:\/\/www.sportnb.com\/wp-content\/uploads\/2022\/10\/TrainingPage-Logos-2-1-768x288.jpg 768w, https:\/\/www.sportnb.com\/wp-content\/uploads\/2022\/10\/TrainingPage-Logos-2-1.jpg 1200w\" data-sizes=\"(max-width: 1024px) 100vw, 1024px\" src=\"data:image\/svg+xml;base64,PHN2ZyB3aWR0aD0iMSIgaGVpZ2h0PSIxIiB4bWxucz0iaHR0cDovL3d3dy53My5vcmcvMjAwMC9zdmciPjwvc3ZnPg==\" style=\"--smush-placeholder-width: 1024px; --smush-placeholder-aspect-ratio: 1024\/384;\" \/><\/figure>\n<\/figure>\n\n\n\n<p class=\"has-text-color has-medium-font-size\" style=\"color:#8c1737\"><strong>NOUS AVONS TOUS UN R\u00d4LE \u00c0 JOUER. CR\u00c9ER ENSEMBLE UN ENVIRONNEMENT SPORTIF S\u00c9CURITAIRE ET UNE CULTURE O\u00d9 CHACUN PEUT S&#8217;\u00c9PANOUIR EST UNE RESPONSABILIT\u00c9 PARTAG\u00c9E<\/strong><\/p>\n","protected":false},"excerpt":{"rendered":"<p>LA COLLABORATION EST ESSENTIELS POUR SOUTENIR LES MILIEUX DU SPORT ET DES LOISIR S\u00c9CURITAIRES Le R\u00e9seau pour la s\u00e9curit\u00e9 dans le sport et les loisirs au Nouveau-Brunswick est un collectif [&hellip;]<\/p>\n","protected":false},"author":3,"featured_media":1787,"parent":0,"menu_order":0,"comment_status":"closed","ping_status":"closed","template":"","meta":{"_acf_changed":false,"_uag_custom_page_level_css":"","_monsterinsights_skip_tracking":false,"_monsterinsights_sitenote_active":false,"_monsterinsights_sitenote_note":"","_monsterinsights_sitenote_category":0,"footnotes":""},"wf_page_folders":[],"class_list":["post-3789","page","type-page","status-publish","has-post-thumbnail","hentry"],"acf":[],"yoast_head":"<!-- This site is optimized with the Yoast SEO plugin v27.4 - https:\/\/yoast.com\/product\/yoast-seo-wordpress\/ -->\n<title>SportNB | LE R\u00c9SEAU<\/title>\n<meta name=\"description\" content=\"Sport New Brunswick (Sport NB) is a non-profit, volunteer organization dedicated to the development and promotion of the amateur sport community in New Brunswick. It is a federation that consists of over 60 provincial sport organizations and other sport related organizations.\" \/>\n<meta name=\"robots\" content=\"index, follow, max-snippet:-1, max-image-preview:large, max-video-preview:-1\" \/>\n<link rel=\"canonical\" href=\"https:\/\/www.sportnb.com\/fr\/le-reseau\/\" \/>\n<meta property=\"og:locale\" content=\"fr_FR\" \/>\n<meta property=\"og:type\" content=\"article\" \/>\n<meta property=\"og:title\" content=\"SportNB | LE R\u00c9SEAU\" \/>\n<meta property=\"og:description\" content=\"Sport New Brunswick (Sport NB) is a non-profit, volunteer organization dedicated to the development and promotion of the amateur sport community in New Brunswick. It is a federation that consists of over 60 provincial sport organizations and other sport related organizations.\" \/>\n<meta property=\"og:url\" content=\"https:\/\/www.sportnb.com\/fr\/le-reseau\/\" \/>\n<meta property=\"og:site_name\" content=\"SportNB\" \/>\n<meta property=\"article:publisher\" content=\"https:\/\/www.facebook.com\/sportnb\" \/>\n<meta property=\"article:modified_time\" content=\"2025-05-26T13:39:27+00:00\" \/>\n<meta property=\"og:image\" content=\"https:\/\/www.sportnb.com\/wp-content\/uploads\/2022\/06\/Swimming-26.jpg\" \/>\n\t<meta property=\"og:image:width\" content=\"689\" \/>\n\t<meta property=\"og:image:height\" content=\"460\" \/>\n\t<meta property=\"og:image:type\" content=\"image\/jpeg\" \/>\n<meta name=\"twitter:card\" content=\"summary_large_image\" \/>\n<meta name=\"twitter:site\" content=\"@SportNB\" \/>\n<meta name=\"twitter:label1\" content=\"Est. reading time\" \/>\n\t<meta name=\"twitter:data1\" content=\"4 minutes\" \/>\n<script type=\"application\/ld+json\" class=\"yoast-schema-graph\">{\"@context\":\"https:\\\/\\\/schema.org\",\"@graph\":[{\"@type\":\"WebPage\",\"@id\":\"https:\\\/\\\/www.sportnb.com\\\/fr\\\/le-reseau\\\/\",\"url\":\"https:\\\/\\\/www.sportnb.com\\\/fr\\\/le-reseau\\\/\",\"name\":\"SportNB | LE R\u00c9SEAU\",\"isPartOf\":{\"@id\":\"https:\\\/\\\/www.sportnb.com\\\/fr\\\/#website\"},\"primaryImageOfPage\":{\"@id\":\"https:\\\/\\\/www.sportnb.com\\\/fr\\\/le-reseau\\\/#primaryimage\"},\"image\":{\"@id\":\"https:\\\/\\\/www.sportnb.com\\\/fr\\\/le-reseau\\\/#primaryimage\"},\"thumbnailUrl\":\"https:\\\/\\\/www.sportnb.com\\\/wp-content\\\/uploads\\\/2022\\\/06\\\/Swimming-26.jpg\",\"datePublished\":\"2022-09-22T22:07:27+00:00\",\"dateModified\":\"2025-05-26T13:39:27+00:00\",\"description\":\"Sport New Brunswick (Sport NB) is a non-profit, volunteer organization dedicated to the development and promotion of the amateur sport community in New Brunswick. It is a federation that consists of over 60 provincial sport organizations and other sport related organizations.\",\"breadcrumb\":{\"@id\":\"https:\\\/\\\/www.sportnb.com\\\/fr\\\/le-reseau\\\/#breadcrumb\"},\"inLanguage\":\"fr-FR\",\"potentialAction\":[{\"@type\":\"ReadAction\",\"target\":[\"https:\\\/\\\/www.sportnb.com\\\/fr\\\/le-reseau\\\/\"]}]},{\"@type\":\"ImageObject\",\"inLanguage\":\"fr-FR\",\"@id\":\"https:\\\/\\\/www.sportnb.com\\\/fr\\\/le-reseau\\\/#primaryimage\",\"url\":\"https:\\\/\\\/www.sportnb.com\\\/wp-content\\\/uploads\\\/2022\\\/06\\\/Swimming-26.jpg\",\"contentUrl\":\"https:\\\/\\\/www.sportnb.com\\\/wp-content\\\/uploads\\\/2022\\\/06\\\/Swimming-26.jpg\",\"width\":689,\"height\":460},{\"@type\":\"BreadcrumbList\",\"@id\":\"https:\\\/\\\/www.sportnb.com\\\/fr\\\/le-reseau\\\/#breadcrumb\",\"itemListElement\":[{\"@type\":\"ListItem\",\"position\":1,\"name\":\"Home\",\"item\":\"https:\\\/\\\/www.sportnb.com\\\/fr\\\/\"},{\"@type\":\"ListItem\",\"position\":2,\"name\":\"LE R\u00c9SEAU\"}]},{\"@type\":\"WebSite\",\"@id\":\"https:\\\/\\\/www.sportnb.com\\\/fr\\\/#website\",\"url\":\"https:\\\/\\\/www.sportnb.com\\\/fr\\\/\",\"name\":\"SportNB\",\"description\":\"Together, we can make sport safe for everyone.\",\"publisher\":{\"@id\":\"https:\\\/\\\/www.sportnb.com\\\/fr\\\/#organization\"},\"potentialAction\":[{\"@type\":\"SearchAction\",\"target\":{\"@type\":\"EntryPoint\",\"urlTemplate\":\"https:\\\/\\\/www.sportnb.com\\\/fr\\\/?s={search_term_string}\"},\"query-input\":{\"@type\":\"PropertyValueSpecification\",\"valueRequired\":true,\"valueName\":\"search_term_string\"}}],\"inLanguage\":\"fr-FR\"},{\"@type\":\"Organization\",\"@id\":\"https:\\\/\\\/www.sportnb.com\\\/fr\\\/#organization\",\"name\":\"SportNB\",\"url\":\"https:\\\/\\\/www.sportnb.com\\\/fr\\\/\",\"logo\":{\"@type\":\"ImageObject\",\"inLanguage\":\"fr-FR\",\"@id\":\"https:\\\/\\\/www.sportnb.com\\\/fr\\\/#\\\/schema\\\/logo\\\/image\\\/\",\"url\":\"https:\\\/\\\/sportnb.com\\\/wp-content\\\/uploads\\\/2022\\\/03\\\/logo.svg\",\"contentUrl\":\"https:\\\/\\\/sportnb.com\\\/wp-content\\\/uploads\\\/2022\\\/03\\\/logo.svg\",\"width\":288,\"height\":75,\"caption\":\"SportNB\"},\"image\":{\"@id\":\"https:\\\/\\\/www.sportnb.com\\\/fr\\\/#\\\/schema\\\/logo\\\/image\\\/\"},\"sameAs\":[\"https:\\\/\\\/www.facebook.com\\\/sportnb\",\"https:\\\/\\\/x.com\\\/SportNB\",\"https:\\\/\\\/www.youtube.com\\\/channel\\\/UC5976PPks7naTvXfQ4cZk5g\",\"https:\\\/\\\/ca.linkedin.com\\\/company\\\/sportnb506\",\"https:\\\/\\\/www.instagram.com\\\/sportnewnouveaubrunswick\\\/\"]}]}<\/script>\n<!-- \/ Yoast SEO plugin. -->","yoast_head_json":{"title":"SportNB | LE R\u00c9SEAU","description":"Sport New Brunswick (Sport NB) is a non-profit, volunteer organization dedicated to the development and promotion of the amateur sport community in New Brunswick. It is a federation that consists of over 60 provincial sport organizations and other sport related organizations.","robots":{"index":"index","follow":"follow","max-snippet":"max-snippet:-1","max-image-preview":"max-image-preview:large","max-video-preview":"max-video-preview:-1"},"canonical":"https:\/\/www.sportnb.com\/fr\/le-reseau\/","og_locale":"fr_FR","og_type":"article","og_title":"SportNB | LE R\u00c9SEAU","og_description":"Sport New Brunswick (Sport NB) is a non-profit, volunteer organization dedicated to the development and promotion of the amateur sport community in New Brunswick. It is a federation that consists of over 60 provincial sport organizations and other sport related organizations.","og_url":"https:\/\/www.sportnb.com\/fr\/le-reseau\/","og_site_name":"SportNB","article_publisher":"https:\/\/www.facebook.com\/sportnb","article_modified_time":"2025-05-26T13:39:27+00:00","og_image":[{"width":689,"height":460,"url":"https:\/\/www.sportnb.com\/wp-content\/uploads\/2022\/06\/Swimming-26.jpg","type":"image\/jpeg"}],"twitter_card":"summary_large_image","twitter_site":"@SportNB","twitter_misc":{"Est. reading time":"4 minutes"},"schema":{"@context":"https:\/\/schema.org","@graph":[{"@type":"WebPage","@id":"https:\/\/www.sportnb.com\/fr\/le-reseau\/","url":"https:\/\/www.sportnb.com\/fr\/le-reseau\/","name":"SportNB | LE R\u00c9SEAU","isPartOf":{"@id":"https:\/\/www.sportnb.com\/fr\/#website"},"primaryImageOfPage":{"@id":"https:\/\/www.sportnb.com\/fr\/le-reseau\/#primaryimage"},"image":{"@id":"https:\/\/www.sportnb.com\/fr\/le-reseau\/#primaryimage"},"thumbnailUrl":"https:\/\/www.sportnb.com\/wp-content\/uploads\/2022\/06\/Swimming-26.jpg","datePublished":"2022-09-22T22:07:27+00:00","dateModified":"2025-05-26T13:39:27+00:00","description":"Sport New Brunswick (Sport NB) is a non-profit, volunteer organization dedicated to the development and promotion of the amateur sport community in New Brunswick. It is a federation that consists of over 60 provincial sport organizations and other sport related organizations.","breadcrumb":{"@id":"https:\/\/www.sportnb.com\/fr\/le-reseau\/#breadcrumb"},"inLanguage":"fr-FR","potentialAction":[{"@type":"ReadAction","target":["https:\/\/www.sportnb.com\/fr\/le-reseau\/"]}]},{"@type":"ImageObject","inLanguage":"fr-FR","@id":"https:\/\/www.sportnb.com\/fr\/le-reseau\/#primaryimage","url":"https:\/\/www.sportnb.com\/wp-content\/uploads\/2022\/06\/Swimming-26.jpg","contentUrl":"https:\/\/www.sportnb.com\/wp-content\/uploads\/2022\/06\/Swimming-26.jpg","width":689,"height":460},{"@type":"BreadcrumbList","@id":"https:\/\/www.sportnb.com\/fr\/le-reseau\/#breadcrumb","itemListElement":[{"@type":"ListItem","position":1,"name":"Home","item":"https:\/\/www.sportnb.com\/fr\/"},{"@type":"ListItem","position":2,"name":"LE R\u00c9SEAU"}]},{"@type":"WebSite","@id":"https:\/\/www.sportnb.com\/fr\/#website","url":"https:\/\/www.sportnb.com\/fr\/","name":"SportNB","description":"Together, we can make sport safe for everyone.","publisher":{"@id":"https:\/\/www.sportnb.com\/fr\/#organization"},"potentialAction":[{"@type":"SearchAction","target":{"@type":"EntryPoint","urlTemplate":"https:\/\/www.sportnb.com\/fr\/?s={search_term_string}"},"query-input":{"@type":"PropertyValueSpecification","valueRequired":true,"valueName":"search_term_string"}}],"inLanguage":"fr-FR"},{"@type":"Organization","@id":"https:\/\/www.sportnb.com\/fr\/#organization","name":"SportNB","url":"https:\/\/www.sportnb.com\/fr\/","logo":{"@type":"ImageObject","inLanguage":"fr-FR","@id":"https:\/\/www.sportnb.com\/fr\/#\/schema\/logo\/image\/","url":"https:\/\/sportnb.com\/wp-content\/uploads\/2022\/03\/logo.svg","contentUrl":"https:\/\/sportnb.com\/wp-content\/uploads\/2022\/03\/logo.svg","width":288,"height":75,"caption":"SportNB"},"image":{"@id":"https:\/\/www.sportnb.com\/fr\/#\/schema\/logo\/image\/"},"sameAs":["https:\/\/www.facebook.com\/sportnb","https:\/\/x.com\/SportNB","https:\/\/www.youtube.com\/channel\/UC5976PPks7naTvXfQ4cZk5g","https:\/\/ca.linkedin.com\/company\/sportnb506","https:\/\/www.instagram.com\/sportnewnouveaubrunswick\/"]}]}},"uagb_featured_image_src":{"full":["https:\/\/www.sportnb.com\/wp-content\/uploads\/2022\/06\/Swimming-26.jpg",689,460,false],"thumbnail":["https:\/\/www.sportnb.com\/wp-content\/uploads\/2022\/06\/Swimming-26-150x150.jpg",150,150,true],"medium":["https:\/\/www.sportnb.com\/wp-content\/uploads\/2022\/06\/Swimming-26-300x200.jpg",300,200,true],"medium_large":["https:\/\/www.sportnb.com\/wp-content\/uploads\/2022\/06\/Swimming-26.jpg",689,460,false],"large":["https:\/\/www.sportnb.com\/wp-content\/uploads\/2022\/06\/Swimming-26.jpg",689,460,false],"1536x1536":["https:\/\/www.sportnb.com\/wp-content\/uploads\/2022\/06\/Swimming-26.jpg",689,460,false],"2048x2048":["https:\/\/www.sportnb.com\/wp-content\/uploads\/2022\/06\/Swimming-26.jpg",689,460,false],"thumbnail_1440x9999":["https:\/\/www.sportnb.com\/wp-content\/uploads\/2022\/06\/Swimming-26.jpg",689,460,false],"menu-thumb":["https:\/\/www.sportnb.com\/wp-content\/uploads\/2022\/06\/Swimming-26.jpg",330,220,false]},"uagb_author_info":{"display_name":"webadmin","author_link":"https:\/\/www.sportnb.com\/fr\/author\/webadmin\/"},"uagb_comment_info":0,"uagb_excerpt":"LA COLLABORATION EST ESSENTIELS POUR SOUTENIR LES MILIEUX DU SPORT ET DES LOISIR S\u00c9CURITAIRES Le R\u00e9seau pour la s\u00e9curit\u00e9 dans le sport et les loisirs au Nouveau-Brunswick est un collectif [&hellip;]","_links":{"self":[{"href":"https:\/\/www.sportnb.com\/fr\/wp-json\/wp\/v2\/pages\/3789","targetHints":{"allow":["GET"]}}],"collection":[{"href":"https:\/\/www.sportnb.com\/fr\/wp-json\/wp\/v2\/pages"}],"about":[{"href":"https:\/\/www.sportnb.com\/fr\/wp-json\/wp\/v2\/types\/page"}],"author":[{"embeddable":true,"href":"https:\/\/www.sportnb.com\/fr\/wp-json\/wp\/v2\/users\/3"}],"replies":[{"embeddable":true,"href":"https:\/\/www.sportnb.com\/fr\/wp-json\/wp\/v2\/comments?post=3789"}],"version-history":[{"count":3,"href":"https:\/\/www.sportnb.com\/fr\/wp-json\/wp\/v2\/pages\/3789\/revisions"}],"predecessor-version":[{"id":11697,"href":"https:\/\/www.sportnb.com\/fr\/wp-json\/wp\/v2\/pages\/3789\/revisions\/11697"}],"wp:featuredmedia":[{"embeddable":true,"href":"https:\/\/www.sportnb.com\/fr\/wp-json\/wp\/v2\/media\/1787"}],"wp:attachment":[{"href":"https:\/\/www.sportnb.com\/fr\/wp-json\/wp\/v2\/media?parent=3789"}],"wp:term":[{"taxonomy":"wf_page_folders","embeddable":true,"href":"https:\/\/www.sportnb.com\/fr\/wp-json\/wp\/v2\/wf_page_folders?post=3789"}],"curies":[{"name":"wp","href":"https:\/\/api.w.org\/{rel}","templated":true}]}}