{"id":2053,"date":"2022-05-31T12:34:15","date_gmt":"2022-05-31T12:34:15","guid":{"rendered":"https:\/\/SITEURL\/?page_id=2053"},"modified":"2025-03-11T16:39:04","modified_gmt":"2025-03-11T16:39:04","slug":"true-sport","status":"publish","type":"page","link":"https:\/\/www.sportnb.com\/fr\/true-sport\/","title":{"rendered":"Sport pur\u00a0"},"content":{"rendered":"\n<div class=\"wp-block-columns is-layout-flex wp-container-core-columns-is-layout-9d6595d7 wp-block-columns-is-layout-flex\">\n<div class=\"wp-block-column is-layout-flow wp-block-column-is-layout-flow\" style=\"flex-basis:33.33%\">\n<div style=\"height:49px\" aria-hidden=\"true\" class=\"wp-block-spacer\"><\/div>\n\n\n<div class=\"wp-block-image\">\n<figure class=\"aligncenter size-full\"><img fetchpriority=\"high\" decoding=\"async\" width=\"782\" height=\"796\" src=\"https:\/\/sportnb.com\/wp-content\/uploads\/2022\/12\/TSLHNB-FINAL-72-1.png\" alt=\"\" class=\"wp-image-4147\" srcset=\"https:\/\/www.sportnb.com\/wp-content\/uploads\/2022\/12\/TSLHNB-FINAL-72-1.png 782w, https:\/\/www.sportnb.com\/wp-content\/uploads\/2022\/12\/TSLHNB-FINAL-72-1-295x300.png 295w, https:\/\/www.sportnb.com\/wp-content\/uploads\/2022\/12\/TSLHNB-FINAL-72-1-768x782.png 768w\" sizes=\"(max-width: 782px) 100vw, 782px\" \/><\/figure>\n<\/div><\/div>\n\n\n\n<div class=\"wp-block-column is-layout-flow wp-block-column-is-layout-flow\" style=\"flex-basis:66.66%\">\n<h2 class=\"wp-block-heading\"><strong><strong>Sport pur<\/strong><\/strong>&nbsp;<\/h2>\n\n\n\n<p>Sport pur comprend une vaste gamme de programmes et d\u2019initiatives qui permet aux gens, aux collectivit\u00e9s et aux organismes de miser sur les nombreux avantages du sport sain ax\u00e9 sur des valeurs et des principes. En consultant les Canadiens, nous avons d\u00e9couvert qu\u2019ils d\u00e9sirent que leurs exp\u00e9riences sportives soient ax\u00e9es sur les valeurs suivantes : <strong>\u00e9quit\u00e9, excellence, inclusion <\/strong>et<strong> plaisir<\/strong>.&nbsp;&nbsp;<\/p>\n\n\n\n<p>Sport pur est ax\u00e9 sur l\u2019id\u00e9e que le sport sain peut faire une grande diff\u00e9rence. Notre mission consiste \u00e0 offrir des programmes et des initiatives visant \u00e0 :&nbsp;&nbsp;&nbsp;<\/p>\n\n\n\n<p>\u2022 permettre aux participants, aux parents, aux entra\u00eeneurs et aux arbitres d\u2019agir selon leurs croyances les plus profondes aux vertus du sport sain;<br>\u2022 permettre aux participants, aux parents, aux entra\u00eeneurs et aux arbitres d\u2019\u00e9tablir des liens avec d\u2019autres personnes qui ont des valeurs similaires;&nbsp;&nbsp;<br>\u2022 cr\u00e9er un environnement juste, s\u00e9curitaire et ouvert o\u00f9 le sport sain peut prendre de l\u2019ampleur gr\u00e2ce \u00e0 des comp\u00e9titions inclusives \u00e0 tous les niveaux&nbsp;<\/p>\n\n\n\n<p>Pour atteindre ces objectifs, nous encourageons les <a href=\"https:\/\/truesportpur.ca\/fr\/principes-sport-pur\">Principes Sport pur<\/a>. Afin que le sport soit r\u00e9ellement sain et qu\u2019il puisse faire la plus grande diff\u00e9rence possible, les sept principes doivent \u00eatre adopt\u00e9s en tout temps afin d\u2019arriver \u00e0 un \u00e9quilibre parfait les uns avec les autres. Les \u00e9quipes, les clubs, les athl\u00e8tes, les entra\u00eeneurs et les enseignants s\u2019engagent \u00e0 adopter ces principes Sport pur<\/p>\n\n\n\n<div class=\"wp-block-buttons is-layout-flex wp-block-buttons-is-layout-flex\">\n<div class=\"wp-block-button\"><a class=\"wp-block-button__link has-text-color has-background wp-element-button\" href=\"https:\/\/truesportpur.ca\/fr\" style=\"color:#003954;background-color:#f7b427\" target=\"_blank\" rel=\"noreferrer noopener\">Pour en savoir plus<\/a><\/div>\n<\/div>\n<\/div>\n<\/div>\n\n\n\n<hr class=\"wp-block-separator has-alpha-channel-opacity\"\/>\n\n\n\n<div style=\"height:50px\" aria-hidden=\"true\" class=\"wp-block-spacer\"><\/div>\n\n\n\n<div class=\"wp-block-columns is-layout-flex wp-container-core-columns-is-layout-9d6595d7 wp-block-columns-is-layout-flex\">\n<div class=\"wp-block-column is-layout-flow wp-block-column-is-layout-flow\" style=\"flex-basis:33.33%\">\n<figure class=\"wp-block-image size-large\"><img decoding=\"async\" width=\"1024\" height=\"1024\" data-src=\"https:\/\/sportnb.com\/wp-content\/uploads\/2024\/06\/22-1024x1024.png\" alt=\"\" class=\"wp-image-8082 lazyload\" data-srcset=\"https:\/\/www.sportnb.com\/wp-content\/uploads\/2024\/06\/22-1024x1024.png 1024w, https:\/\/www.sportnb.com\/wp-content\/uploads\/2024\/06\/22-300x300.png 300w, https:\/\/www.sportnb.com\/wp-content\/uploads\/2024\/06\/22-150x150.png 150w, https:\/\/www.sportnb.com\/wp-content\/uploads\/2024\/06\/22-768x768.png 768w, https:\/\/www.sportnb.com\/wp-content\/uploads\/2024\/06\/22.png 1080w\" data-sizes=\"(max-width: 1024px) 100vw, 1024px\" src=\"data:image\/svg+xml;base64,PHN2ZyB3aWR0aD0iMSIgaGVpZ2h0PSIxIiB4bWxucz0iaHR0cDovL3d3dy53My5vcmcvMjAwMC9zdmciPjwvc3ZnPg==\" style=\"--smush-placeholder-width: 1024px; --smush-placeholder-aspect-ratio: 1024\/1024;\" \/><\/figure>\n<\/div>\n\n\n\n<div class=\"wp-block-column is-layout-flow wp-block-column-is-layout-flow\" style=\"flex-basis:66.66%\">\n<h2 class=\"wp-block-heading\"><strong>Trousse \u00e0 outils pour les m\u00e9dias sociaux Sport pur<\/strong><\/h2>\n\n\n\n<p style=\"font-size:18px\">Sport NB est heureux de pr\u00e9senter sa nouvelle trousse d&#8217;outils pour les m\u00e9dias sociaux Sport pur ! Cette ressource a pour but de vous aider \u00e0 vivre Sport pur avec votre \u00e9quipe, votre club, votre association ou \u00e0 la maison! Vous y trouverez plus de 250 graphiques et gabarits pr\u00eats \u00e0 l\u2019emploi, con\u00e7us pour les athl\u00e8tes, les entra\u00eeneurs, les officiels, les parents et les b\u00e9n\u00e9voles. Affichez ces graphiques sur vos plateformes de m\u00e9dias sociaux pour faire conna\u00eetre Sport pur au sein de votre communaut\u00e9, et de promouvoir une approche \u00e0 l\u2019\u00e9gard du sport fond\u00e9e sur les valeurs !<\/p>\n\n\n\n<div class=\"wp-block-buttons is-layout-flex wp-block-buttons-is-layout-flex\">\n<div class=\"wp-block-button\"><a class=\"wp-block-button__link wp-element-button\" href=\"https:\/\/sportnb.com\/wp-content\/uploads\/2024\/06\/SNB-True-Sport-Social-Media-Toolkit-FINAL-FR.pdf\"><strong>Trousse \u00e0 outils<\/strong><\/a><\/div>\n<\/div>\n<\/div>\n<\/div>\n","protected":false},"excerpt":{"rendered":"<p>Sport pur&nbsp; Sport pur comprend une vaste gamme de programmes et d\u2019initiatives qui permet aux gens, aux collectivit\u00e9s et aux organismes de miser sur les nombreux avantages du sport sain [&hellip;]<\/p>\n","protected":false},"author":3,"featured_media":1811,"parent":0,"menu_order":0,"comment_status":"closed","ping_status":"closed","template":"","meta":{"_acf_changed":false,"_uag_custom_page_level_css":"","_monsterinsights_skip_tracking":false,"_monsterinsights_sitenote_active":false,"_monsterinsights_sitenote_note":"","_monsterinsights_sitenote_category":0,"footnotes":""},"wf_page_folders":[],"class_list":["post-2053","page","type-page","status-publish","has-post-thumbnail","hentry"],"acf":[],"yoast_head":"<!-- This site is optimized with the Yoast SEO plugin v27.4 - https:\/\/yoast.com\/product\/yoast-seo-wordpress\/ -->\n<title>SportNB | Sport pur\u00a0<\/title>\n<meta name=\"description\" content=\"Sport New Brunswick (Sport NB) is a non-profit, volunteer organization dedicated to the development and promotion of the amateur sport community in New Brunswick. It is a federation that consists of over 60 provincial sport organizations and other sport related organizations.\" \/>\n<meta name=\"robots\" content=\"index, follow, max-snippet:-1, max-image-preview:large, max-video-preview:-1\" \/>\n<link rel=\"canonical\" href=\"https:\/\/www.sportnb.com\/fr\/true-sport\/\" \/>\n<meta property=\"og:locale\" content=\"fr_FR\" \/>\n<meta property=\"og:type\" content=\"article\" \/>\n<meta property=\"og:title\" content=\"SportNB | Sport pur\u00a0\" \/>\n<meta property=\"og:description\" content=\"Sport New Brunswick (Sport NB) is a non-profit, volunteer organization dedicated to the development and promotion of the amateur sport community in New Brunswick. It is a federation that consists of over 60 provincial sport organizations and other sport related organizations.\" \/>\n<meta property=\"og:url\" content=\"https:\/\/www.sportnb.com\/fr\/true-sport\/\" \/>\n<meta property=\"og:site_name\" content=\"SportNB\" \/>\n<meta property=\"article:publisher\" content=\"https:\/\/www.facebook.com\/sportnb\" \/>\n<meta property=\"article:modified_time\" content=\"2025-03-11T16:39:04+00:00\" \/>\n<meta property=\"og:image\" content=\"https:\/\/www.sportnb.com\/wp-content\/uploads\/2022\/06\/Archery-A-8.jpg\" \/>\n\t<meta property=\"og:image:width\" content=\"626\" \/>\n\t<meta property=\"og:image:height\" content=\"418\" \/>\n\t<meta property=\"og:image:type\" content=\"image\/jpeg\" \/>\n<meta name=\"twitter:card\" content=\"summary_large_image\" \/>\n<meta name=\"twitter:site\" content=\"@SportNB\" \/>\n<meta name=\"twitter:label1\" content=\"Est. reading time\" \/>\n\t<meta name=\"twitter:data1\" content=\"3 minutes\" \/>\n<script type=\"application\/ld+json\" class=\"yoast-schema-graph\">{\"@context\":\"https:\\\/\\\/schema.org\",\"@graph\":[{\"@type\":\"WebPage\",\"@id\":\"https:\\\/\\\/www.sportnb.com\\\/fr\\\/true-sport\\\/\",\"url\":\"https:\\\/\\\/www.sportnb.com\\\/fr\\\/true-sport\\\/\",\"name\":\"SportNB | Sport pur\u00a0\",\"isPartOf\":{\"@id\":\"https:\\\/\\\/www.sportnb.com\\\/fr\\\/#website\"},\"primaryImageOfPage\":{\"@id\":\"https:\\\/\\\/www.sportnb.com\\\/fr\\\/true-sport\\\/#primaryimage\"},\"image\":{\"@id\":\"https:\\\/\\\/www.sportnb.com\\\/fr\\\/true-sport\\\/#primaryimage\"},\"thumbnailUrl\":\"https:\\\/\\\/www.sportnb.com\\\/wp-content\\\/uploads\\\/2022\\\/06\\\/Archery-A-8.jpg\",\"datePublished\":\"2022-05-31T12:34:15+00:00\",\"dateModified\":\"2025-03-11T16:39:04+00:00\",\"description\":\"Sport New Brunswick (Sport NB) is a non-profit, volunteer organization dedicated to the development and promotion of the amateur sport community in New Brunswick. It is a federation that consists of over 60 provincial sport organizations and other sport related organizations.\",\"breadcrumb\":{\"@id\":\"https:\\\/\\\/www.sportnb.com\\\/fr\\\/true-sport\\\/#breadcrumb\"},\"inLanguage\":\"fr-FR\",\"potentialAction\":[{\"@type\":\"ReadAction\",\"target\":[\"https:\\\/\\\/www.sportnb.com\\\/fr\\\/true-sport\\\/\"]}]},{\"@type\":\"ImageObject\",\"inLanguage\":\"fr-FR\",\"@id\":\"https:\\\/\\\/www.sportnb.com\\\/fr\\\/true-sport\\\/#primaryimage\",\"url\":\"https:\\\/\\\/www.sportnb.com\\\/wp-content\\\/uploads\\\/2022\\\/06\\\/Archery-A-8.jpg\",\"contentUrl\":\"https:\\\/\\\/www.sportnb.com\\\/wp-content\\\/uploads\\\/2022\\\/06\\\/Archery-A-8.jpg\",\"width\":626,\"height\":418},{\"@type\":\"BreadcrumbList\",\"@id\":\"https:\\\/\\\/www.sportnb.com\\\/fr\\\/true-sport\\\/#breadcrumb\",\"itemListElement\":[{\"@type\":\"ListItem\",\"position\":1,\"name\":\"Home\",\"item\":\"https:\\\/\\\/www.sportnb.com\\\/fr\\\/\"},{\"@type\":\"ListItem\",\"position\":2,\"name\":\"Sport pur\u00a0\"}]},{\"@type\":\"WebSite\",\"@id\":\"https:\\\/\\\/www.sportnb.com\\\/fr\\\/#website\",\"url\":\"https:\\\/\\\/www.sportnb.com\\\/fr\\\/\",\"name\":\"SportNB\",\"description\":\"Together, we can make sport safe for everyone.\",\"publisher\":{\"@id\":\"https:\\\/\\\/www.sportnb.com\\\/fr\\\/#organization\"},\"potentialAction\":[{\"@type\":\"SearchAction\",\"target\":{\"@type\":\"EntryPoint\",\"urlTemplate\":\"https:\\\/\\\/www.sportnb.com\\\/fr\\\/?s={search_term_string}\"},\"query-input\":{\"@type\":\"PropertyValueSpecification\",\"valueRequired\":true,\"valueName\":\"search_term_string\"}}],\"inLanguage\":\"fr-FR\"},{\"@type\":\"Organization\",\"@id\":\"https:\\\/\\\/www.sportnb.com\\\/fr\\\/#organization\",\"name\":\"SportNB\",\"url\":\"https:\\\/\\\/www.sportnb.com\\\/fr\\\/\",\"logo\":{\"@type\":\"ImageObject\",\"inLanguage\":\"fr-FR\",\"@id\":\"https:\\\/\\\/www.sportnb.com\\\/fr\\\/#\\\/schema\\\/logo\\\/image\\\/\",\"url\":\"https:\\\/\\\/sportnb.com\\\/wp-content\\\/uploads\\\/2022\\\/03\\\/logo.svg\",\"contentUrl\":\"https:\\\/\\\/sportnb.com\\\/wp-content\\\/uploads\\\/2022\\\/03\\\/logo.svg\",\"width\":288,\"height\":75,\"caption\":\"SportNB\"},\"image\":{\"@id\":\"https:\\\/\\\/www.sportnb.com\\\/fr\\\/#\\\/schema\\\/logo\\\/image\\\/\"},\"sameAs\":[\"https:\\\/\\\/www.facebook.com\\\/sportnb\",\"https:\\\/\\\/x.com\\\/SportNB\",\"https:\\\/\\\/www.youtube.com\\\/channel\\\/UC5976PPks7naTvXfQ4cZk5g\",\"https:\\\/\\\/ca.linkedin.com\\\/company\\\/sportnb506\",\"https:\\\/\\\/www.instagram.com\\\/sportnewnouveaubrunswick\\\/\"]}]}<\/script>\n<!-- \/ Yoast SEO plugin. -->","yoast_head_json":{"title":"SportNB | Sport pur\u00a0","description":"Sport New Brunswick (Sport NB) is a non-profit, volunteer organization dedicated to the development and promotion of the amateur sport community in New Brunswick. It is a federation that consists of over 60 provincial sport organizations and other sport related organizations.","robots":{"index":"index","follow":"follow","max-snippet":"max-snippet:-1","max-image-preview":"max-image-preview:large","max-video-preview":"max-video-preview:-1"},"canonical":"https:\/\/www.sportnb.com\/fr\/true-sport\/","og_locale":"fr_FR","og_type":"article","og_title":"SportNB | Sport pur\u00a0","og_description":"Sport New Brunswick (Sport NB) is a non-profit, volunteer organization dedicated to the development and promotion of the amateur sport community in New Brunswick. It is a federation that consists of over 60 provincial sport organizations and other sport related organizations.","og_url":"https:\/\/www.sportnb.com\/fr\/true-sport\/","og_site_name":"SportNB","article_publisher":"https:\/\/www.facebook.com\/sportnb","article_modified_time":"2025-03-11T16:39:04+00:00","og_image":[{"width":626,"height":418,"url":"https:\/\/www.sportnb.com\/wp-content\/uploads\/2022\/06\/Archery-A-8.jpg","type":"image\/jpeg"}],"twitter_card":"summary_large_image","twitter_site":"@SportNB","twitter_misc":{"Est. reading time":"3 minutes"},"schema":{"@context":"https:\/\/schema.org","@graph":[{"@type":"WebPage","@id":"https:\/\/www.sportnb.com\/fr\/true-sport\/","url":"https:\/\/www.sportnb.com\/fr\/true-sport\/","name":"SportNB | Sport pur\u00a0","isPartOf":{"@id":"https:\/\/www.sportnb.com\/fr\/#website"},"primaryImageOfPage":{"@id":"https:\/\/www.sportnb.com\/fr\/true-sport\/#primaryimage"},"image":{"@id":"https:\/\/www.sportnb.com\/fr\/true-sport\/#primaryimage"},"thumbnailUrl":"https:\/\/www.sportnb.com\/wp-content\/uploads\/2022\/06\/Archery-A-8.jpg","datePublished":"2022-05-31T12:34:15+00:00","dateModified":"2025-03-11T16:39:04+00:00","description":"Sport New Brunswick (Sport NB) is a non-profit, volunteer organization dedicated to the development and promotion of the amateur sport community in New Brunswick. It is a federation that consists of over 60 provincial sport organizations and other sport related organizations.","breadcrumb":{"@id":"https:\/\/www.sportnb.com\/fr\/true-sport\/#breadcrumb"},"inLanguage":"fr-FR","potentialAction":[{"@type":"ReadAction","target":["https:\/\/www.sportnb.com\/fr\/true-sport\/"]}]},{"@type":"ImageObject","inLanguage":"fr-FR","@id":"https:\/\/www.sportnb.com\/fr\/true-sport\/#primaryimage","url":"https:\/\/www.sportnb.com\/wp-content\/uploads\/2022\/06\/Archery-A-8.jpg","contentUrl":"https:\/\/www.sportnb.com\/wp-content\/uploads\/2022\/06\/Archery-A-8.jpg","width":626,"height":418},{"@type":"BreadcrumbList","@id":"https:\/\/www.sportnb.com\/fr\/true-sport\/#breadcrumb","itemListElement":[{"@type":"ListItem","position":1,"name":"Home","item":"https:\/\/www.sportnb.com\/fr\/"},{"@type":"ListItem","position":2,"name":"Sport pur\u00a0"}]},{"@type":"WebSite","@id":"https:\/\/www.sportnb.com\/fr\/#website","url":"https:\/\/www.sportnb.com\/fr\/","name":"SportNB","description":"Together, we can make sport safe for everyone.","publisher":{"@id":"https:\/\/www.sportnb.com\/fr\/#organization"},"potentialAction":[{"@type":"SearchAction","target":{"@type":"EntryPoint","urlTemplate":"https:\/\/www.sportnb.com\/fr\/?s={search_term_string}"},"query-input":{"@type":"PropertyValueSpecification","valueRequired":true,"valueName":"search_term_string"}}],"inLanguage":"fr-FR"},{"@type":"Organization","@id":"https:\/\/www.sportnb.com\/fr\/#organization","name":"SportNB","url":"https:\/\/www.sportnb.com\/fr\/","logo":{"@type":"ImageObject","inLanguage":"fr-FR","@id":"https:\/\/www.sportnb.com\/fr\/#\/schema\/logo\/image\/","url":"https:\/\/sportnb.com\/wp-content\/uploads\/2022\/03\/logo.svg","contentUrl":"https:\/\/sportnb.com\/wp-content\/uploads\/2022\/03\/logo.svg","width":288,"height":75,"caption":"SportNB"},"image":{"@id":"https:\/\/www.sportnb.com\/fr\/#\/schema\/logo\/image\/"},"sameAs":["https:\/\/www.facebook.com\/sportnb","https:\/\/x.com\/SportNB","https:\/\/www.youtube.com\/channel\/UC5976PPks7naTvXfQ4cZk5g","https:\/\/ca.linkedin.com\/company\/sportnb506","https:\/\/www.instagram.com\/sportnewnouveaubrunswick\/"]}]}},"uagb_featured_image_src":{"full":["https:\/\/www.sportnb.com\/wp-content\/uploads\/2022\/06\/Archery-A-8.jpg",626,418,false],"thumbnail":["https:\/\/www.sportnb.com\/wp-content\/uploads\/2022\/06\/Archery-A-8-150x150.jpg",150,150,true],"medium":["https:\/\/www.sportnb.com\/wp-content\/uploads\/2022\/06\/Archery-A-8-300x200.jpg",300,200,true],"medium_large":["https:\/\/www.sportnb.com\/wp-content\/uploads\/2022\/06\/Archery-A-8.jpg",626,418,false],"large":["https:\/\/www.sportnb.com\/wp-content\/uploads\/2022\/06\/Archery-A-8.jpg",626,418,false],"1536x1536":["https:\/\/www.sportnb.com\/wp-content\/uploads\/2022\/06\/Archery-A-8.jpg",626,418,false],"2048x2048":["https:\/\/www.sportnb.com\/wp-content\/uploads\/2022\/06\/Archery-A-8.jpg",626,418,false],"thumbnail_1440x9999":["https:\/\/www.sportnb.com\/wp-content\/uploads\/2022\/06\/Archery-A-8.jpg",626,418,false],"menu-thumb":["https:\/\/www.sportnb.com\/wp-content\/uploads\/2022\/06\/Archery-A-8.jpg",330,220,false]},"uagb_author_info":{"display_name":"webadmin","author_link":"https:\/\/www.sportnb.com\/fr\/author\/webadmin\/"},"uagb_comment_info":0,"uagb_excerpt":"Sport pur&nbsp; Sport pur comprend une vaste gamme de programmes et d\u2019initiatives qui permet aux gens, aux collectivit\u00e9s et aux organismes de miser sur les nombreux avantages du sport sain [&hellip;]","_links":{"self":[{"href":"https:\/\/www.sportnb.com\/fr\/wp-json\/wp\/v2\/pages\/2053","targetHints":{"allow":["GET"]}}],"collection":[{"href":"https:\/\/www.sportnb.com\/fr\/wp-json\/wp\/v2\/pages"}],"about":[{"href":"https:\/\/www.sportnb.com\/fr\/wp-json\/wp\/v2\/types\/page"}],"author":[{"embeddable":true,"href":"https:\/\/www.sportnb.com\/fr\/wp-json\/wp\/v2\/users\/3"}],"replies":[{"embeddable":true,"href":"https:\/\/www.sportnb.com\/fr\/wp-json\/wp\/v2\/comments?post=2053"}],"version-history":[{"count":5,"href":"https:\/\/www.sportnb.com\/fr\/wp-json\/wp\/v2\/pages\/2053\/revisions"}],"predecessor-version":[{"id":9670,"href":"https:\/\/www.sportnb.com\/fr\/wp-json\/wp\/v2\/pages\/2053\/revisions\/9670"}],"wp:featuredmedia":[{"embeddable":true,"href":"https:\/\/www.sportnb.com\/fr\/wp-json\/wp\/v2\/media\/1811"}],"wp:attachment":[{"href":"https:\/\/www.sportnb.com\/fr\/wp-json\/wp\/v2\/media?parent=2053"}],"wp:term":[{"taxonomy":"wf_page_folders","embeddable":true,"href":"https:\/\/www.sportnb.com\/fr\/wp-json\/wp\/v2\/wf_page_folders?post=2053"}],"curies":[{"name":"wp","href":"https:\/\/api.w.org\/{rel}","templated":true}]}}