{"id":2051,"date":"2022-05-31T12:00:03","date_gmt":"2022-05-31T12:00:03","guid":{"rendered":"https:\/\/SITEURL\/?page_id=2051"},"modified":"2025-02-21T15:46:06","modified_gmt":"2025-02-21T15:46:06","slug":"sheisactive","status":"publish","type":"page","link":"https:\/\/www.sportnb.com\/fr\/sheisactive\/","title":{"rendered":"Elle est Active NB"},"content":{"rendered":"\n<div class=\"wp-block-columns is-layout-flex wp-container-core-columns-is-layout-9d6595d7 wp-block-columns-is-layout-flex\">\n<div class=\"wp-block-column is-vertically-aligned-center is-layout-flow wp-block-column-is-layout-flow\" style=\"flex-basis:33.33%\"><div class=\"wp-block-image is-resized\">\n<figure class=\"aligncenter size-full\"><img fetchpriority=\"high\" decoding=\"async\" width=\"505\" height=\"361\" src=\"https:\/\/sportnb.com\/wp-content\/uploads\/2022\/05\/ActiveNB_Logo_Coul_LRes.png\" alt=\"\" class=\"wp-image-1671\" srcset=\"https:\/\/www.sportnb.com\/wp-content\/uploads\/2022\/05\/ActiveNB_Logo_Coul_LRes.png 505w, https:\/\/www.sportnb.com\/wp-content\/uploads\/2022\/05\/ActiveNB_Logo_Coul_LRes-300x214.png 300w\" sizes=\"(max-width: 505px) 100vw, 505px\" \/><\/figure>\n<\/div><\/div>\n\n\n\n<div class=\"wp-block-column is-layout-flow wp-block-column-is-layout-flow\" style=\"flex-basis:66.66%\">\n<h2 class=\"wp-block-heading\"><strong>Femmes et filles<\/strong><\/h2>\n\n\n\n<p>Elle est Active NB est une initiative qui collabore avec les parties int\u00e9ress\u00e9es et pertinentes dans l\u2019ensemble du Nouveau-Brunswick afin d\u2019accro\u00eetre la participation des femmes et des filles au sport, aux loisirs et \u00e0 l\u2019activit\u00e9 physique. Nous nous effor\u00e7ons de faire tomber les barri\u00e8res, tant internes qu\u2019externes, et de renforcer les capacit\u00e9s des leaders sportifs, des entra\u00eeneures, des organismes et des collectivit\u00e9s.&nbsp;<\/p>\n\n\n\n<div style=\"height:15px\" aria-hidden=\"true\" class=\"wp-block-spacer\"><\/div>\n\n\n\n<div class=\"wp-block-buttons is-layout-flex wp-block-buttons-is-layout-flex\">\n<div class=\"wp-block-button\"><a class=\"wp-block-button__link has-text-color has-background wp-element-button\" href=\"https:\/\/elleestactivenb.ca\/\" style=\"color:#003954;background-color:#f7b427\" target=\"_blank\" rel=\"noreferrer noopener\">Pour en savoir plus<\/a><\/div>\n<\/div>\n<\/div>\n<\/div>\n","protected":false},"excerpt":{"rendered":"<p>Femmes et filles Elle est Active NB est une initiative qui collabore avec les parties int\u00e9ress\u00e9es et pertinentes dans l\u2019ensemble du Nouveau-Brunswick afin d\u2019accro\u00eetre la participation des femmes et des [&hellip;]<\/p>\n","protected":false},"author":3,"featured_media":6795,"parent":0,"menu_order":0,"comment_status":"closed","ping_status":"closed","template":"","meta":{"_acf_changed":false,"_uag_custom_page_level_css":"","_monsterinsights_skip_tracking":false,"_monsterinsights_sitenote_active":false,"_monsterinsights_sitenote_note":"","_monsterinsights_sitenote_category":0,"footnotes":""},"wf_page_folders":[],"class_list":["post-2051","page","type-page","status-publish","has-post-thumbnail","hentry"],"acf":[],"yoast_head":"<!-- This site is optimized with the Yoast SEO plugin v27.4 - https:\/\/yoast.com\/product\/yoast-seo-wordpress\/ -->\n<title>SportNB | Elle est Active NB<\/title>\n<meta name=\"description\" content=\"Sport New Brunswick (Sport NB) is a non-profit, volunteer organization dedicated to the development and promotion of the amateur sport community in New Brunswick. It is a federation that consists of over 60 provincial sport organizations and other sport related organizations.\" \/>\n<meta name=\"robots\" content=\"index, follow, max-snippet:-1, max-image-preview:large, max-video-preview:-1\" \/>\n<link rel=\"canonical\" href=\"https:\/\/www.sportnb.com\/fr\/sheisactive\/\" \/>\n<meta property=\"og:locale\" content=\"fr_FR\" \/>\n<meta property=\"og:type\" content=\"article\" \/>\n<meta property=\"og:title\" content=\"SportNB | Elle est Active NB\" \/>\n<meta property=\"og:description\" content=\"Sport New Brunswick (Sport NB) is a non-profit, volunteer organization dedicated to the development and promotion of the amateur sport community in New Brunswick. It is a federation that consists of over 60 provincial sport organizations and other sport related organizations.\" \/>\n<meta property=\"og:url\" content=\"https:\/\/www.sportnb.com\/fr\/sheisactive\/\" \/>\n<meta property=\"og:site_name\" content=\"SportNB\" \/>\n<meta property=\"article:publisher\" content=\"https:\/\/www.facebook.com\/sportnb\" \/>\n<meta property=\"article:modified_time\" content=\"2025-02-21T15:46:06+00:00\" \/>\n<meta property=\"og:image\" content=\"https:\/\/www.sportnb.com\/wp-content\/uploads\/2023\/12\/women-running-race-655353-e1701874108573.jpg\" \/>\n\t<meta property=\"og:image:width\" content=\"1280\" \/>\n\t<meta property=\"og:image:height\" content=\"853\" \/>\n\t<meta property=\"og:image:type\" content=\"image\/jpeg\" \/>\n<meta name=\"twitter:card\" content=\"summary_large_image\" \/>\n<meta name=\"twitter:site\" content=\"@SportNB\" \/>\n<meta name=\"twitter:label1\" content=\"Est. reading time\" \/>\n\t<meta name=\"twitter:data1\" content=\"1 minute\" \/>\n<script type=\"application\/ld+json\" class=\"yoast-schema-graph\">{\"@context\":\"https:\\\/\\\/schema.org\",\"@graph\":[{\"@type\":\"WebPage\",\"@id\":\"https:\\\/\\\/www.sportnb.com\\\/fr\\\/sheisactive\\\/\",\"url\":\"https:\\\/\\\/www.sportnb.com\\\/fr\\\/sheisactive\\\/\",\"name\":\"SportNB | Elle est Active NB\",\"isPartOf\":{\"@id\":\"https:\\\/\\\/www.sportnb.com\\\/fr\\\/#website\"},\"primaryImageOfPage\":{\"@id\":\"https:\\\/\\\/www.sportnb.com\\\/fr\\\/sheisactive\\\/#primaryimage\"},\"image\":{\"@id\":\"https:\\\/\\\/www.sportnb.com\\\/fr\\\/sheisactive\\\/#primaryimage\"},\"thumbnailUrl\":\"https:\\\/\\\/www.sportnb.com\\\/wp-content\\\/uploads\\\/2023\\\/12\\\/women-running-race-655353-e1701874108573.jpg\",\"datePublished\":\"2022-05-31T12:00:03+00:00\",\"dateModified\":\"2025-02-21T15:46:06+00:00\",\"description\":\"Sport New Brunswick (Sport NB) is a non-profit, volunteer organization dedicated to the development and promotion of the amateur sport community in New Brunswick. It is a federation that consists of over 60 provincial sport organizations and other sport related organizations.\",\"breadcrumb\":{\"@id\":\"https:\\\/\\\/www.sportnb.com\\\/fr\\\/sheisactive\\\/#breadcrumb\"},\"inLanguage\":\"fr-FR\",\"potentialAction\":[{\"@type\":\"ReadAction\",\"target\":[\"https:\\\/\\\/www.sportnb.com\\\/fr\\\/sheisactive\\\/\"]}]},{\"@type\":\"ImageObject\",\"inLanguage\":\"fr-FR\",\"@id\":\"https:\\\/\\\/www.sportnb.com\\\/fr\\\/sheisactive\\\/#primaryimage\",\"url\":\"https:\\\/\\\/www.sportnb.com\\\/wp-content\\\/uploads\\\/2023\\\/12\\\/women-running-race-655353-e1701874108573.jpg\",\"contentUrl\":\"https:\\\/\\\/www.sportnb.com\\\/wp-content\\\/uploads\\\/2023\\\/12\\\/women-running-race-655353-e1701874108573.jpg\",\"width\":1280,\"height\":853},{\"@type\":\"BreadcrumbList\",\"@id\":\"https:\\\/\\\/www.sportnb.com\\\/fr\\\/sheisactive\\\/#breadcrumb\",\"itemListElement\":[{\"@type\":\"ListItem\",\"position\":1,\"name\":\"Home\",\"item\":\"https:\\\/\\\/www.sportnb.com\\\/fr\\\/\"},{\"@type\":\"ListItem\",\"position\":2,\"name\":\"Elle est Active NB\"}]},{\"@type\":\"WebSite\",\"@id\":\"https:\\\/\\\/www.sportnb.com\\\/fr\\\/#website\",\"url\":\"https:\\\/\\\/www.sportnb.com\\\/fr\\\/\",\"name\":\"SportNB\",\"description\":\"Together, we can make sport safe for everyone.\",\"publisher\":{\"@id\":\"https:\\\/\\\/www.sportnb.com\\\/fr\\\/#organization\"},\"potentialAction\":[{\"@type\":\"SearchAction\",\"target\":{\"@type\":\"EntryPoint\",\"urlTemplate\":\"https:\\\/\\\/www.sportnb.com\\\/fr\\\/?s={search_term_string}\"},\"query-input\":{\"@type\":\"PropertyValueSpecification\",\"valueRequired\":true,\"valueName\":\"search_term_string\"}}],\"inLanguage\":\"fr-FR\"},{\"@type\":\"Organization\",\"@id\":\"https:\\\/\\\/www.sportnb.com\\\/fr\\\/#organization\",\"name\":\"SportNB\",\"url\":\"https:\\\/\\\/www.sportnb.com\\\/fr\\\/\",\"logo\":{\"@type\":\"ImageObject\",\"inLanguage\":\"fr-FR\",\"@id\":\"https:\\\/\\\/www.sportnb.com\\\/fr\\\/#\\\/schema\\\/logo\\\/image\\\/\",\"url\":\"https:\\\/\\\/sportnb.com\\\/wp-content\\\/uploads\\\/2022\\\/03\\\/logo.svg\",\"contentUrl\":\"https:\\\/\\\/sportnb.com\\\/wp-content\\\/uploads\\\/2022\\\/03\\\/logo.svg\",\"width\":288,\"height\":75,\"caption\":\"SportNB\"},\"image\":{\"@id\":\"https:\\\/\\\/www.sportnb.com\\\/fr\\\/#\\\/schema\\\/logo\\\/image\\\/\"},\"sameAs\":[\"https:\\\/\\\/www.facebook.com\\\/sportnb\",\"https:\\\/\\\/x.com\\\/SportNB\",\"https:\\\/\\\/www.youtube.com\\\/channel\\\/UC5976PPks7naTvXfQ4cZk5g\",\"https:\\\/\\\/ca.linkedin.com\\\/company\\\/sportnb506\",\"https:\\\/\\\/www.instagram.com\\\/sportnewnouveaubrunswick\\\/\"]}]}<\/script>\n<!-- \/ Yoast SEO plugin. -->","yoast_head_json":{"title":"SportNB | Elle est Active NB","description":"Sport New Brunswick (Sport NB) is a non-profit, volunteer organization dedicated to the development and promotion of the amateur sport community in New Brunswick. It is a federation that consists of over 60 provincial sport organizations and other sport related organizations.","robots":{"index":"index","follow":"follow","max-snippet":"max-snippet:-1","max-image-preview":"max-image-preview:large","max-video-preview":"max-video-preview:-1"},"canonical":"https:\/\/www.sportnb.com\/fr\/sheisactive\/","og_locale":"fr_FR","og_type":"article","og_title":"SportNB | Elle est Active NB","og_description":"Sport New Brunswick (Sport NB) is a non-profit, volunteer organization dedicated to the development and promotion of the amateur sport community in New Brunswick. It is a federation that consists of over 60 provincial sport organizations and other sport related organizations.","og_url":"https:\/\/www.sportnb.com\/fr\/sheisactive\/","og_site_name":"SportNB","article_publisher":"https:\/\/www.facebook.com\/sportnb","article_modified_time":"2025-02-21T15:46:06+00:00","og_image":[{"width":1280,"height":853,"url":"https:\/\/www.sportnb.com\/wp-content\/uploads\/2023\/12\/women-running-race-655353-e1701874108573.jpg","type":"image\/jpeg"}],"twitter_card":"summary_large_image","twitter_site":"@SportNB","twitter_misc":{"Est. reading time":"1 minute"},"schema":{"@context":"https:\/\/schema.org","@graph":[{"@type":"WebPage","@id":"https:\/\/www.sportnb.com\/fr\/sheisactive\/","url":"https:\/\/www.sportnb.com\/fr\/sheisactive\/","name":"SportNB | Elle est Active NB","isPartOf":{"@id":"https:\/\/www.sportnb.com\/fr\/#website"},"primaryImageOfPage":{"@id":"https:\/\/www.sportnb.com\/fr\/sheisactive\/#primaryimage"},"image":{"@id":"https:\/\/www.sportnb.com\/fr\/sheisactive\/#primaryimage"},"thumbnailUrl":"https:\/\/www.sportnb.com\/wp-content\/uploads\/2023\/12\/women-running-race-655353-e1701874108573.jpg","datePublished":"2022-05-31T12:00:03+00:00","dateModified":"2025-02-21T15:46:06+00:00","description":"Sport New Brunswick (Sport NB) is a non-profit, volunteer organization dedicated to the development and promotion of the amateur sport community in New Brunswick. It is a federation that consists of over 60 provincial sport organizations and other sport related organizations.","breadcrumb":{"@id":"https:\/\/www.sportnb.com\/fr\/sheisactive\/#breadcrumb"},"inLanguage":"fr-FR","potentialAction":[{"@type":"ReadAction","target":["https:\/\/www.sportnb.com\/fr\/sheisactive\/"]}]},{"@type":"ImageObject","inLanguage":"fr-FR","@id":"https:\/\/www.sportnb.com\/fr\/sheisactive\/#primaryimage","url":"https:\/\/www.sportnb.com\/wp-content\/uploads\/2023\/12\/women-running-race-655353-e1701874108573.jpg","contentUrl":"https:\/\/www.sportnb.com\/wp-content\/uploads\/2023\/12\/women-running-race-655353-e1701874108573.jpg","width":1280,"height":853},{"@type":"BreadcrumbList","@id":"https:\/\/www.sportnb.com\/fr\/sheisactive\/#breadcrumb","itemListElement":[{"@type":"ListItem","position":1,"name":"Home","item":"https:\/\/www.sportnb.com\/fr\/"},{"@type":"ListItem","position":2,"name":"Elle est Active NB"}]},{"@type":"WebSite","@id":"https:\/\/www.sportnb.com\/fr\/#website","url":"https:\/\/www.sportnb.com\/fr\/","name":"SportNB","description":"Together, we can make sport safe for everyone.","publisher":{"@id":"https:\/\/www.sportnb.com\/fr\/#organization"},"potentialAction":[{"@type":"SearchAction","target":{"@type":"EntryPoint","urlTemplate":"https:\/\/www.sportnb.com\/fr\/?s={search_term_string}"},"query-input":{"@type":"PropertyValueSpecification","valueRequired":true,"valueName":"search_term_string"}}],"inLanguage":"fr-FR"},{"@type":"Organization","@id":"https:\/\/www.sportnb.com\/fr\/#organization","name":"SportNB","url":"https:\/\/www.sportnb.com\/fr\/","logo":{"@type":"ImageObject","inLanguage":"fr-FR","@id":"https:\/\/www.sportnb.com\/fr\/#\/schema\/logo\/image\/","url":"https:\/\/sportnb.com\/wp-content\/uploads\/2022\/03\/logo.svg","contentUrl":"https:\/\/sportnb.com\/wp-content\/uploads\/2022\/03\/logo.svg","width":288,"height":75,"caption":"SportNB"},"image":{"@id":"https:\/\/www.sportnb.com\/fr\/#\/schema\/logo\/image\/"},"sameAs":["https:\/\/www.facebook.com\/sportnb","https:\/\/x.com\/SportNB","https:\/\/www.youtube.com\/channel\/UC5976PPks7naTvXfQ4cZk5g","https:\/\/ca.linkedin.com\/company\/sportnb506","https:\/\/www.instagram.com\/sportnewnouveaubrunswick\/"]}]}},"uagb_featured_image_src":{"full":["https:\/\/www.sportnb.com\/wp-content\/uploads\/2023\/12\/women-running-race-655353-e1701874108573.jpg",1280,853,false],"thumbnail":["https:\/\/www.sportnb.com\/wp-content\/uploads\/2023\/12\/women-running-race-655353-150x150.jpg",150,150,true],"medium":["https:\/\/www.sportnb.com\/wp-content\/uploads\/2023\/12\/women-running-race-655353-300x200.jpg",300,200,true],"medium_large":["https:\/\/www.sportnb.com\/wp-content\/uploads\/2023\/12\/women-running-race-655353-768x512.jpg",768,512,true],"large":["https:\/\/www.sportnb.com\/wp-content\/uploads\/2023\/12\/women-running-race-655353-1024x682.jpg",900,599,true],"1536x1536":["https:\/\/www.sportnb.com\/wp-content\/uploads\/2023\/12\/women-running-race-655353-e1701874108573.jpg",1280,853,false],"2048x2048":["https:\/\/www.sportnb.com\/wp-content\/uploads\/2023\/12\/women-running-race-655353-e1701874108573.jpg",1280,853,false],"thumbnail_1440x9999":["https:\/\/www.sportnb.com\/wp-content\/uploads\/2023\/12\/women-running-race-655353-e1701874108573.jpg",1280,853,false],"menu-thumb":["https:\/\/www.sportnb.com\/wp-content\/uploads\/2023\/12\/women-running-race-655353-e1701874108573.jpg",330,220,false]},"uagb_author_info":{"display_name":"webadmin","author_link":"https:\/\/www.sportnb.com\/fr\/author\/webadmin\/"},"uagb_comment_info":0,"uagb_excerpt":"Femmes et filles Elle est Active NB est une initiative qui collabore avec les parties int\u00e9ress\u00e9es et pertinentes dans l\u2019ensemble du Nouveau-Brunswick afin d\u2019accro\u00eetre la participation des femmes et des [&hellip;]","_links":{"self":[{"href":"https:\/\/www.sportnb.com\/fr\/wp-json\/wp\/v2\/pages\/2051","targetHints":{"allow":["GET"]}}],"collection":[{"href":"https:\/\/www.sportnb.com\/fr\/wp-json\/wp\/v2\/pages"}],"about":[{"href":"https:\/\/www.sportnb.com\/fr\/wp-json\/wp\/v2\/types\/page"}],"author":[{"embeddable":true,"href":"https:\/\/www.sportnb.com\/fr\/wp-json\/wp\/v2\/users\/3"}],"replies":[{"embeddable":true,"href":"https:\/\/www.sportnb.com\/fr\/wp-json\/wp\/v2\/comments?post=2051"}],"version-history":[{"count":4,"href":"https:\/\/www.sportnb.com\/fr\/wp-json\/wp\/v2\/pages\/2051\/revisions"}],"predecessor-version":[{"id":9500,"href":"https:\/\/www.sportnb.com\/fr\/wp-json\/wp\/v2\/pages\/2051\/revisions\/9500"}],"wp:featuredmedia":[{"embeddable":true,"href":"https:\/\/www.sportnb.com\/fr\/wp-json\/wp\/v2\/media\/6795"}],"wp:attachment":[{"href":"https:\/\/www.sportnb.com\/fr\/wp-json\/wp\/v2\/media?parent=2051"}],"wp:term":[{"taxonomy":"wf_page_folders","embeddable":true,"href":"https:\/\/www.sportnb.com\/fr\/wp-json\/wp\/v2\/wf_page_folders?post=2051"}],"curies":[{"name":"wp","href":"https:\/\/api.w.org\/{rel}","templated":true}]}}