{"id":2049,"date":"2022-05-30T19:05:50","date_gmt":"2022-05-30T22:05:50","guid":{"rendered":"https:\/\/SITEURL\/?page_id=2049"},"modified":"2026-03-13T14:54:20","modified_gmt":"2026-03-13T17:54:20","slug":"kidsport","status":"publish","type":"page","link":"https:\/\/www.sportnb.com\/fr\/kidsport\/","title":{"rendered":"SportJeunesse\u00a0"},"content":{"rendered":"\n<div class=\"wp-block-columns is-layout-flex wp-container-core-columns-is-layout-9d6595d7 wp-block-columns-is-layout-flex\">\n<div class=\"wp-block-column is-vertically-aligned-center is-layout-flow wp-block-column-is-layout-flow\" style=\"flex-basis:33.33%\"><\/div>\n\n\n\n<div class=\"wp-block-column is-layout-flow wp-block-column-is-layout-flow\" style=\"flex-basis:66.66%\">\n<h2 class=\"wp-block-heading\"><strong>SportJeunesse<\/strong>&nbsp;<\/h2>\n<\/div>\n<\/div>\n\n\n\n<div class=\"wp-block-columns is-layout-flex wp-container-core-columns-is-layout-9d6595d7 wp-block-columns-is-layout-flex\">\n<div class=\"wp-block-column is-layout-flow wp-block-column-is-layout-flow\" style=\"flex-basis:33.33%\"><div class=\"wp-block-image\">\n<figure class=\"aligncenter size-large is-resized\"><img fetchpriority=\"high\" decoding=\"async\" width=\"617\" height=\"617\" src=\"https:\/\/www.sportnb.com\/wp-content\/uploads\/2023\/03\/2-edited.png\" alt=\"\" class=\"wp-image-4619\" style=\"width:279px\" srcset=\"https:\/\/www.sportnb.com\/wp-content\/uploads\/2023\/03\/2-edited.png 617w, https:\/\/www.sportnb.com\/wp-content\/uploads\/2023\/03\/2-edited-300x300.png 300w, https:\/\/www.sportnb.com\/wp-content\/uploads\/2023\/03\/2-edited-150x150.png 150w\" sizes=\"(max-width: 617px) 100vw, 617px\" \/><\/figure>\n<\/div><\/div>\n\n\n\n<div class=\"wp-block-column is-layout-flow wp-block-column-is-layout-flow\" style=\"flex-basis:66.66%\">\n<p class=\"has-medium-font-size\">SportJeunesse est un programme national pour les enfants qui les aide \u00e0 surmonter les obstacles financiers qui emp\u00eachent ou limitent leur participation \u00e0 un sport organis\u00e9.&nbsp;&nbsp;<\/p>\n\n\n\n<p class=\"has-medium-font-size\">Sport NB et SportJeunesse croient qu&#8217;aucun enfant ne devrait \u00eatre laiss\u00e9 sur la touche et que tous devraient avoir la possibilit\u00e9 de faire l&#8217;exp\u00e9rience des avantages positifs que le sport organis\u00e9 a \u00e0 offrir. SportJeunesse Nouveau-Brunswick offre un financement allant jusqu&#8217;\u00e0 400 $ par an et par enfant pour l&#8217;inscription \u00e0 un sport et\/ou l&#8217;achat d&#8217;\u00e9quipement.&nbsp;<\/p>\n\n\n\n<p class=\"has-medium-font-size\"><strong>Membres \u00e9ligibles:<\/strong> Si vous ne savez pas quel sport pratiquer ou si vous souhaitez en savoir plus sur les clubs avec lesquels nous travaillons, voici une <strong><a href=\"https:\/\/sportnb.com\/fr\/member_category\/member-directory-fr\/\">liste<\/a><\/strong> des membres \u00e9ligibles avec lesquels nous travaillons.<\/p>\n\n\n\n<p class=\"has-medium-font-size\">Pour consulter la liste compl\u00e8te des sports \u00e9ligibles, veuillez <a href=\"https:\/\/www.sportnb.com\/wp-content\/uploads\/2024\/02\/4.png\" target=\"_blank\" rel=\"noreferrer noopener\">cliquer ici.<\/a><\/p>\n\n\n\n<p class=\"has-medium-font-size\"><strong>activit\u00e9s in\u00e9ligibles:<\/strong> cours de danse, camps de jour\/camps d\u2019\u00e9t\u00e9.<\/p>\n\n\n\n<div class=\"wp-block-buttons is-layout-flex wp-block-buttons-is-layout-flex\">\n<div class=\"wp-block-button\"><a class=\"wp-block-button__link has-medium-font-size has-custom-font-size wp-element-button\" href=\"https:\/\/kidsportcanada.ca\/new-brunswick\/fr\/\" target=\"_blank\" rel=\"noreferrer noopener\">Appliquez ici<\/a><\/div>\n\n\n\n<div class=\"wp-block-button\"><a class=\"wp-block-button__link has-medium-font-size has-custom-font-size wp-element-button\" href=\"https:\/\/sportnb.com\/wp-content\/uploads\/2024\/02\/KidSport-2024-FR-Fillable.pdf\" target=\"_blank\" rel=\"noreferrer noopener\">formulaire de demande<\/a><\/div>\n<\/div>\n\n\n\n<div style=\"height:25px\" aria-hidden=\"true\" class=\"wp-block-spacer\"><\/div>\n\n\n\n<p class=\"has-medium-font-size\"><strong>Lignes directrices sur les seuils de faible revenu:<\/strong><\/p>\n\n\n\n<figure class=\"wp-block-image size-large is-resized\"><img decoding=\"async\" width=\"1024\" height=\"1024\" data-src=\"https:\/\/www.sportnb.com\/wp-content\/uploads\/2024\/02\/2-1024x1024.png\" alt=\"\" class=\"wp-image-7360 lazyload\" style=\"--smush-placeholder-width: 1024px; --smush-placeholder-aspect-ratio: 1024\/1024;width:378px;height:378px\" data-srcset=\"https:\/\/www.sportnb.com\/wp-content\/uploads\/2024\/02\/2-1024x1024.png 1024w, https:\/\/www.sportnb.com\/wp-content\/uploads\/2024\/02\/2-300x300.png 300w, https:\/\/www.sportnb.com\/wp-content\/uploads\/2024\/02\/2-150x150.png 150w, https:\/\/www.sportnb.com\/wp-content\/uploads\/2024\/02\/2-768x768.png 768w, https:\/\/www.sportnb.com\/wp-content\/uploads\/2024\/02\/2.png 1080w\" data-sizes=\"(max-width: 1024px) 100vw, 1024px\" src=\"data:image\/svg+xml;base64,PHN2ZyB3aWR0aD0iMSIgaGVpZ2h0PSIxIiB4bWxucz0iaHR0cDovL3d3dy53My5vcmcvMjAwMC9zdmciPjwvc3ZnPg==\" \/><\/figure>\n<\/div>\n<\/div>\n\n\n\n<div style=\"height:50px\" aria-hidden=\"true\" class=\"wp-block-spacer\"><\/div>\n\n\n\n<hr class=\"wp-block-separator has-alpha-channel-opacity\"\/>\n\n\n\n<div style=\"height:100px\" aria-hidden=\"true\" class=\"wp-block-spacer\"><\/div>\n\n\n\n<div class=\"wp-block-columns is-layout-flex wp-container-core-columns-is-layout-9d6595d7 wp-block-columns-is-layout-flex\">\n<div class=\"wp-block-column is-layout-flow wp-block-column-is-layout-flow\" style=\"flex-basis:33.33%\">\n<figure class=\"wp-block-image size-large\"><img decoding=\"async\" width=\"1024\" height=\"1024\" data-src=\"https:\/\/www.sportnb.com\/wp-content\/uploads\/2023\/03\/Clubs-recherches-3-1024x1024.png\" alt=\"\" class=\"wp-image-4692 lazyload\" data-srcset=\"https:\/\/www.sportnb.com\/wp-content\/uploads\/2023\/03\/Clubs-recherches-3-1024x1024.png 1024w, https:\/\/www.sportnb.com\/wp-content\/uploads\/2023\/03\/Clubs-recherches-3-300x300.png 300w, https:\/\/www.sportnb.com\/wp-content\/uploads\/2023\/03\/Clubs-recherches-3-150x150.png 150w, https:\/\/www.sportnb.com\/wp-content\/uploads\/2023\/03\/Clubs-recherches-3-768x768.png 768w, https:\/\/www.sportnb.com\/wp-content\/uploads\/2023\/03\/Clubs-recherches-3.png 1080w\" data-sizes=\"(max-width: 1024px) 100vw, 1024px\" src=\"data:image\/svg+xml;base64,PHN2ZyB3aWR0aD0iMSIgaGVpZ2h0PSIxIiB4bWxucz0iaHR0cDovL3d3dy53My5vcmcvMjAwMC9zdmciPjwvc3ZnPg==\" style=\"--smush-placeholder-width: 1024px; --smush-placeholder-aspect-ratio: 1024\/1024;\" \/><\/figure>\n<\/div>\n\n\n\n<div class=\"wp-block-column is-layout-flow wp-block-column-is-layout-flow\" style=\"flex-basis:66.66%\">\n<h2 class=\"wp-block-heading\">Journ\u00e9e SportJeunesse<\/h2>\n\n\n\n<p class=\"has-medium-font-size\">Les journ\u00e9es SportJeunesse sont amusantes et inclusives et permettent aux jeunes \u00e2g\u00e9s de 18 ans et moins de venir essayer diff\u00e9rents sports, tout \u00e0 fait gratuitement. SportJeunesse et ses partenaires offriront un environnement s\u00e9curitaire o\u00f9 les participants pourront essayer diff\u00e9rents sports, pratiquer des mouvements fondamentaux et rencontrer d\u2019autre jeunes.<\/p>\n\n\n\n<p class=\"has-medium-font-size\">La journ\u00e9e sera divis\u00e9e en plusieurs s\u00e9ances d\u00e9di\u00e9es \u00e0des sports diff\u00e9rents. SportJeneusse offrira une collation et de la pizza en fin de journ\u00e9e aux participants.<\/p>\n\n\n\n<p class=\"has-medium-font-size\">Des s\u00e9ances d\u2019information seront organis\u00e9es pour les parents qui pourront en apprendre davantage sur le programme SportJeunesse et la litt\u00e9racie physique.<\/p>\n\n\n\n<div class=\"wp-block-buttons is-layout-flex wp-block-buttons-is-layout-flex\"><\/div>\n<\/div>\n<\/div>\n\n\n\n<p><\/p>\n","protected":false},"excerpt":{"rendered":"<p>SportJeunesse&nbsp; SportJeunesse est un programme national pour les enfants qui les aide \u00e0 surmonter les obstacles financiers qui emp\u00eachent ou limitent leur participation \u00e0 un sport organis\u00e9.&nbsp;&nbsp; Sport NB et [&hellip;]<\/p>\n","protected":false},"author":3,"featured_media":1808,"parent":0,"menu_order":0,"comment_status":"closed","ping_status":"closed","template":"","meta":{"_acf_changed":false,"_uag_custom_page_level_css":"","_monsterinsights_skip_tracking":false,"_monsterinsights_sitenote_active":false,"_monsterinsights_sitenote_note":"","_monsterinsights_sitenote_category":0,"footnotes":""},"wf_page_folders":[],"class_list":["post-2049","page","type-page","status-publish","has-post-thumbnail","hentry"],"acf":[],"yoast_head":"<!-- This site is optimized with the Yoast SEO plugin v27.3 - https:\/\/yoast.com\/product\/yoast-seo-wordpress\/ -->\n<title>SportNB | SportJeunesse\u00a0<\/title>\n<meta name=\"description\" content=\"Sport New Brunswick (Sport NB) is a non-profit, volunteer organization dedicated to the development and promotion of the amateur sport community in New Brunswick. It is a federation that consists of over 60 provincial sport organizations and other sport related organizations.\" \/>\n<meta name=\"robots\" content=\"index, follow, max-snippet:-1, max-image-preview:large, max-video-preview:-1\" \/>\n<link rel=\"canonical\" href=\"https:\/\/www.sportnb.com\/fr\/kidsport\/\" \/>\n<meta property=\"og:locale\" content=\"fr_FR\" \/>\n<meta property=\"og:type\" content=\"article\" \/>\n<meta property=\"og:title\" content=\"SportNB | SportJeunesse\u00a0\" \/>\n<meta property=\"og:description\" content=\"Sport New Brunswick (Sport NB) is a non-profit, volunteer organization dedicated to the development and promotion of the amateur sport community in New Brunswick. It is a federation that consists of over 60 provincial sport organizations and other sport related organizations.\" \/>\n<meta property=\"og:url\" content=\"https:\/\/www.sportnb.com\/fr\/kidsport\/\" \/>\n<meta property=\"og:site_name\" content=\"SportNB\" \/>\n<meta property=\"article:publisher\" content=\"https:\/\/www.facebook.com\/sportnb\" \/>\n<meta property=\"article:modified_time\" content=\"2026-03-13T17:54:20+00:00\" \/>\n<meta property=\"og:image\" content=\"https:\/\/www.sportnb.com\/wp-content\/uploads\/2022\/06\/11377132_885521034875301_6929796036146956473_n.jpg\" \/>\n\t<meta property=\"og:image:width\" content=\"960\" \/>\n\t<meta property=\"og:image:height\" content=\"640\" \/>\n\t<meta property=\"og:image:type\" content=\"image\/jpeg\" \/>\n<meta name=\"twitter:card\" content=\"summary_large_image\" \/>\n<meta name=\"twitter:site\" content=\"@SportNB\" \/>\n<meta name=\"twitter:label1\" content=\"Est. reading time\" \/>\n\t<meta name=\"twitter:data1\" content=\"2 minutes\" \/>\n<script type=\"application\/ld+json\" class=\"yoast-schema-graph\">{\"@context\":\"https:\\\/\\\/schema.org\",\"@graph\":[{\"@type\":\"WebPage\",\"@id\":\"https:\\\/\\\/www.sportnb.com\\\/fr\\\/kidsport\\\/\",\"url\":\"https:\\\/\\\/www.sportnb.com\\\/fr\\\/kidsport\\\/\",\"name\":\"SportNB | SportJeunesse\u00a0\",\"isPartOf\":{\"@id\":\"https:\\\/\\\/www.sportnb.com\\\/fr\\\/#website\"},\"primaryImageOfPage\":{\"@id\":\"https:\\\/\\\/www.sportnb.com\\\/fr\\\/kidsport\\\/#primaryimage\"},\"image\":{\"@id\":\"https:\\\/\\\/www.sportnb.com\\\/fr\\\/kidsport\\\/#primaryimage\"},\"thumbnailUrl\":\"https:\\\/\\\/www.sportnb.com\\\/wp-content\\\/uploads\\\/2022\\\/06\\\/11377132_885521034875301_6929796036146956473_n.jpg\",\"datePublished\":\"2022-05-30T22:05:50+00:00\",\"dateModified\":\"2026-03-13T17:54:20+00:00\",\"description\":\"Sport New Brunswick (Sport NB) is a non-profit, volunteer organization dedicated to the development and promotion of the amateur sport community in New Brunswick. It is a federation that consists of over 60 provincial sport organizations and other sport related organizations.\",\"breadcrumb\":{\"@id\":\"https:\\\/\\\/www.sportnb.com\\\/fr\\\/kidsport\\\/#breadcrumb\"},\"inLanguage\":\"fr-FR\",\"potentialAction\":[{\"@type\":\"ReadAction\",\"target\":[\"https:\\\/\\\/www.sportnb.com\\\/fr\\\/kidsport\\\/\"]}]},{\"@type\":\"ImageObject\",\"inLanguage\":\"fr-FR\",\"@id\":\"https:\\\/\\\/www.sportnb.com\\\/fr\\\/kidsport\\\/#primaryimage\",\"url\":\"https:\\\/\\\/www.sportnb.com\\\/wp-content\\\/uploads\\\/2022\\\/06\\\/11377132_885521034875301_6929796036146956473_n.jpg\",\"contentUrl\":\"https:\\\/\\\/www.sportnb.com\\\/wp-content\\\/uploads\\\/2022\\\/06\\\/11377132_885521034875301_6929796036146956473_n.jpg\",\"width\":960,\"height\":640},{\"@type\":\"BreadcrumbList\",\"@id\":\"https:\\\/\\\/www.sportnb.com\\\/fr\\\/kidsport\\\/#breadcrumb\",\"itemListElement\":[{\"@type\":\"ListItem\",\"position\":1,\"name\":\"Home\",\"item\":\"https:\\\/\\\/www.sportnb.com\\\/fr\\\/\"},{\"@type\":\"ListItem\",\"position\":2,\"name\":\"SportJeunesse\u00a0\"}]},{\"@type\":\"WebSite\",\"@id\":\"https:\\\/\\\/www.sportnb.com\\\/fr\\\/#website\",\"url\":\"https:\\\/\\\/www.sportnb.com\\\/fr\\\/\",\"name\":\"SportNB\",\"description\":\"Together, we can make sport safe for everyone.\",\"publisher\":{\"@id\":\"https:\\\/\\\/www.sportnb.com\\\/fr\\\/#organization\"},\"potentialAction\":[{\"@type\":\"SearchAction\",\"target\":{\"@type\":\"EntryPoint\",\"urlTemplate\":\"https:\\\/\\\/www.sportnb.com\\\/fr\\\/?s={search_term_string}\"},\"query-input\":{\"@type\":\"PropertyValueSpecification\",\"valueRequired\":true,\"valueName\":\"search_term_string\"}}],\"inLanguage\":\"fr-FR\"},{\"@type\":\"Organization\",\"@id\":\"https:\\\/\\\/www.sportnb.com\\\/fr\\\/#organization\",\"name\":\"SportNB\",\"url\":\"https:\\\/\\\/www.sportnb.com\\\/fr\\\/\",\"logo\":{\"@type\":\"ImageObject\",\"inLanguage\":\"fr-FR\",\"@id\":\"https:\\\/\\\/www.sportnb.com\\\/fr\\\/#\\\/schema\\\/logo\\\/image\\\/\",\"url\":\"https:\\\/\\\/sportnb.com\\\/wp-content\\\/uploads\\\/2022\\\/03\\\/logo.svg\",\"contentUrl\":\"https:\\\/\\\/sportnb.com\\\/wp-content\\\/uploads\\\/2022\\\/03\\\/logo.svg\",\"width\":288,\"height\":75,\"caption\":\"SportNB\"},\"image\":{\"@id\":\"https:\\\/\\\/www.sportnb.com\\\/fr\\\/#\\\/schema\\\/logo\\\/image\\\/\"},\"sameAs\":[\"https:\\\/\\\/www.facebook.com\\\/sportnb\",\"https:\\\/\\\/x.com\\\/SportNB\",\"https:\\\/\\\/www.youtube.com\\\/channel\\\/UC5976PPks7naTvXfQ4cZk5g\",\"https:\\\/\\\/ca.linkedin.com\\\/company\\\/sportnb506\",\"https:\\\/\\\/www.instagram.com\\\/sportnewnouveaubrunswick\\\/\"]}]}<\/script>\n<!-- \/ Yoast SEO plugin. -->","yoast_head_json":{"title":"SportNB | SportJeunesse\u00a0","description":"Sport New Brunswick (Sport NB) is a non-profit, volunteer organization dedicated to the development and promotion of the amateur sport community in New Brunswick. It is a federation that consists of over 60 provincial sport organizations and other sport related organizations.","robots":{"index":"index","follow":"follow","max-snippet":"max-snippet:-1","max-image-preview":"max-image-preview:large","max-video-preview":"max-video-preview:-1"},"canonical":"https:\/\/www.sportnb.com\/fr\/kidsport\/","og_locale":"fr_FR","og_type":"article","og_title":"SportNB | SportJeunesse\u00a0","og_description":"Sport New Brunswick (Sport NB) is a non-profit, volunteer organization dedicated to the development and promotion of the amateur sport community in New Brunswick. It is a federation that consists of over 60 provincial sport organizations and other sport related organizations.","og_url":"https:\/\/www.sportnb.com\/fr\/kidsport\/","og_site_name":"SportNB","article_publisher":"https:\/\/www.facebook.com\/sportnb","article_modified_time":"2026-03-13T17:54:20+00:00","og_image":[{"width":960,"height":640,"url":"https:\/\/www.sportnb.com\/wp-content\/uploads\/2022\/06\/11377132_885521034875301_6929796036146956473_n.jpg","type":"image\/jpeg"}],"twitter_card":"summary_large_image","twitter_site":"@SportNB","twitter_misc":{"Est. reading time":"2 minutes"},"schema":{"@context":"https:\/\/schema.org","@graph":[{"@type":"WebPage","@id":"https:\/\/www.sportnb.com\/fr\/kidsport\/","url":"https:\/\/www.sportnb.com\/fr\/kidsport\/","name":"SportNB | SportJeunesse\u00a0","isPartOf":{"@id":"https:\/\/www.sportnb.com\/fr\/#website"},"primaryImageOfPage":{"@id":"https:\/\/www.sportnb.com\/fr\/kidsport\/#primaryimage"},"image":{"@id":"https:\/\/www.sportnb.com\/fr\/kidsport\/#primaryimage"},"thumbnailUrl":"https:\/\/www.sportnb.com\/wp-content\/uploads\/2022\/06\/11377132_885521034875301_6929796036146956473_n.jpg","datePublished":"2022-05-30T22:05:50+00:00","dateModified":"2026-03-13T17:54:20+00:00","description":"Sport New Brunswick (Sport NB) is a non-profit, volunteer organization dedicated to the development and promotion of the amateur sport community in New Brunswick. It is a federation that consists of over 60 provincial sport organizations and other sport related organizations.","breadcrumb":{"@id":"https:\/\/www.sportnb.com\/fr\/kidsport\/#breadcrumb"},"inLanguage":"fr-FR","potentialAction":[{"@type":"ReadAction","target":["https:\/\/www.sportnb.com\/fr\/kidsport\/"]}]},{"@type":"ImageObject","inLanguage":"fr-FR","@id":"https:\/\/www.sportnb.com\/fr\/kidsport\/#primaryimage","url":"https:\/\/www.sportnb.com\/wp-content\/uploads\/2022\/06\/11377132_885521034875301_6929796036146956473_n.jpg","contentUrl":"https:\/\/www.sportnb.com\/wp-content\/uploads\/2022\/06\/11377132_885521034875301_6929796036146956473_n.jpg","width":960,"height":640},{"@type":"BreadcrumbList","@id":"https:\/\/www.sportnb.com\/fr\/kidsport\/#breadcrumb","itemListElement":[{"@type":"ListItem","position":1,"name":"Home","item":"https:\/\/www.sportnb.com\/fr\/"},{"@type":"ListItem","position":2,"name":"SportJeunesse\u00a0"}]},{"@type":"WebSite","@id":"https:\/\/www.sportnb.com\/fr\/#website","url":"https:\/\/www.sportnb.com\/fr\/","name":"SportNB","description":"Together, we can make sport safe for everyone.","publisher":{"@id":"https:\/\/www.sportnb.com\/fr\/#organization"},"potentialAction":[{"@type":"SearchAction","target":{"@type":"EntryPoint","urlTemplate":"https:\/\/www.sportnb.com\/fr\/?s={search_term_string}"},"query-input":{"@type":"PropertyValueSpecification","valueRequired":true,"valueName":"search_term_string"}}],"inLanguage":"fr-FR"},{"@type":"Organization","@id":"https:\/\/www.sportnb.com\/fr\/#organization","name":"SportNB","url":"https:\/\/www.sportnb.com\/fr\/","logo":{"@type":"ImageObject","inLanguage":"fr-FR","@id":"https:\/\/www.sportnb.com\/fr\/#\/schema\/logo\/image\/","url":"https:\/\/sportnb.com\/wp-content\/uploads\/2022\/03\/logo.svg","contentUrl":"https:\/\/sportnb.com\/wp-content\/uploads\/2022\/03\/logo.svg","width":288,"height":75,"caption":"SportNB"},"image":{"@id":"https:\/\/www.sportnb.com\/fr\/#\/schema\/logo\/image\/"},"sameAs":["https:\/\/www.facebook.com\/sportnb","https:\/\/x.com\/SportNB","https:\/\/www.youtube.com\/channel\/UC5976PPks7naTvXfQ4cZk5g","https:\/\/ca.linkedin.com\/company\/sportnb506","https:\/\/www.instagram.com\/sportnewnouveaubrunswick\/"]}]}},"uagb_featured_image_src":{"full":["https:\/\/www.sportnb.com\/wp-content\/uploads\/2022\/06\/11377132_885521034875301_6929796036146956473_n.jpg",960,640,false],"thumbnail":["https:\/\/www.sportnb.com\/wp-content\/uploads\/2022\/06\/11377132_885521034875301_6929796036146956473_n-150x150.jpg",150,150,true],"medium":["https:\/\/www.sportnb.com\/wp-content\/uploads\/2022\/06\/11377132_885521034875301_6929796036146956473_n-300x200.jpg",300,200,true],"medium_large":["https:\/\/www.sportnb.com\/wp-content\/uploads\/2022\/06\/11377132_885521034875301_6929796036146956473_n-768x512.jpg",768,512,true],"large":["https:\/\/www.sportnb.com\/wp-content\/uploads\/2022\/06\/11377132_885521034875301_6929796036146956473_n.jpg",900,600,false],"1536x1536":["https:\/\/www.sportnb.com\/wp-content\/uploads\/2022\/06\/11377132_885521034875301_6929796036146956473_n.jpg",960,640,false],"2048x2048":["https:\/\/www.sportnb.com\/wp-content\/uploads\/2022\/06\/11377132_885521034875301_6929796036146956473_n.jpg",960,640,false],"thumbnail_1440x9999":["https:\/\/www.sportnb.com\/wp-content\/uploads\/2022\/06\/11377132_885521034875301_6929796036146956473_n.jpg",960,640,false],"menu-thumb":["https:\/\/www.sportnb.com\/wp-content\/uploads\/2022\/06\/11377132_885521034875301_6929796036146956473_n.jpg",330,220,false]},"uagb_author_info":{"display_name":"webadmin","author_link":"https:\/\/www.sportnb.com\/fr\/author\/webadmin\/"},"uagb_comment_info":0,"uagb_excerpt":"SportJeunesse&nbsp; SportJeunesse est un programme national pour les enfants qui les aide \u00e0 surmonter les obstacles financiers qui emp\u00eachent ou limitent leur participation \u00e0 un sport organis\u00e9.&nbsp;&nbsp; Sport NB et [&hellip;]","_links":{"self":[{"href":"https:\/\/www.sportnb.com\/fr\/wp-json\/wp\/v2\/pages\/2049","targetHints":{"allow":["GET"]}}],"collection":[{"href":"https:\/\/www.sportnb.com\/fr\/wp-json\/wp\/v2\/pages"}],"about":[{"href":"https:\/\/www.sportnb.com\/fr\/wp-json\/wp\/v2\/types\/page"}],"author":[{"embeddable":true,"href":"https:\/\/www.sportnb.com\/fr\/wp-json\/wp\/v2\/users\/3"}],"replies":[{"embeddable":true,"href":"https:\/\/www.sportnb.com\/fr\/wp-json\/wp\/v2\/comments?post=2049"}],"version-history":[{"count":7,"href":"https:\/\/www.sportnb.com\/fr\/wp-json\/wp\/v2\/pages\/2049\/revisions"}],"predecessor-version":[{"id":13543,"href":"https:\/\/www.sportnb.com\/fr\/wp-json\/wp\/v2\/pages\/2049\/revisions\/13543"}],"wp:featuredmedia":[{"embeddable":true,"href":"https:\/\/www.sportnb.com\/fr\/wp-json\/wp\/v2\/media\/1808"}],"wp:attachment":[{"href":"https:\/\/www.sportnb.com\/fr\/wp-json\/wp\/v2\/media?parent=2049"}],"wp:term":[{"taxonomy":"wf_page_folders","embeddable":true,"href":"https:\/\/www.sportnb.com\/fr\/wp-json\/wp\/v2\/wf_page_folders?post=2049"}],"curies":[{"name":"wp","href":"https:\/\/api.w.org\/{rel}","templated":true}]}}