{"id":2043,"date":"2022-05-30T15:00:22","date_gmt":"2022-05-30T18:00:22","guid":{"rendered":"https:\/\/SITEURL\/?page_id=2043"},"modified":"2026-04-17T15:08:18","modified_gmt":"2026-04-17T18:08:18","slug":"community-sport-development","status":"publish","type":"page","link":"https:\/\/www.sportnb.com\/fr\/community-sport-development\/","title":{"rendered":"D\u00e9veloppement du sport communautaire\u00a0"},"content":{"rendered":"\n<div class=\"wp-block-columns is-layout-flex wp-container-core-columns-is-layout-9d6595d7 wp-block-columns-is-layout-flex\">\n<div class=\"wp-block-column is-layout-flow wp-block-column-is-layout-flow\">\n<h2 class=\"wp-block-heading\"><strong><strong>D\u00e9veloppement du sport communautaire<\/strong><\/strong>&nbsp;<\/h2>\n\n\n\n<p>La Direction des sports et des loisirs (SRB) du minist\u00e8re du Tourisme, du Patrimoine et de la Culture dispose d&#8217;un r\u00e9seau de conseillers r\u00e9gionaux pour soutenir la livraison de programmes et de services communautaires de sport, de loisirs et d&#8217;activit\u00e9 physique. Les conseillers r\u00e9gionaux aident les organismes de sport communautaires en leur fournissant des outils et des ressources pour mettre sur pied des structures organisationnelles solides. Ils fournissent des conseils, des informations, des pratiques exemplaires, des ressources et du financement dans les domaines du d\u00e9veloppement organisationnel et du leadership. Les conseillers r\u00e9gionaux peuvent supporter les domaines suivants :<\/p>\n\n\n\n<div class=\"wp-block-buttons is-layout-flex wp-block-buttons-is-layout-flex\"><\/div>\n<\/div>\n\n\n\n<div class=\"wp-block-column is-layout-flow wp-block-column-is-layout-flow\">\n<ul class=\"wp-block-list\">\n<li>D\u00e9veloppement organisationnel (gouvernance, politiques, etc.)<\/li>\n\n\n\n<li>Formation des entra\u00eeneurs (es) \/leadership (formation PNCE et non PNCE)&nbsp;<\/li>\n\n\n\n<li>Financement<\/li>\n\n\n\n<li>S\u00e9curit\u00e9 dans le sport&nbsp;<\/li>\n\n\n\n<li>Litt\u00e9ratie physique et d\u00e9veloppement \u00e0 long terme du sport et de l&#8217;activit\u00e9 physique&nbsp;&nbsp;<\/li>\n\n\n\n<li>Et plus encore<\/li>\n<\/ul>\n\n\n\n<div class=\"wp-block-buttons is-layout-flex wp-block-buttons-is-layout-flex\">\n<div class=\"wp-block-button\"><a class=\"wp-block-button__link has-text-color has-background wp-element-button\" href=\"https:\/\/www2.gnb.ca\/content\/gnb\/fr\/ministeres\/tpc\/Sportetloisirs.html\" style=\"color:#003954;background-color:#f7b427\" target=\"_blank\" rel=\"noreferrer noopener\">Pour en savoir plus<\/a><\/div>\n<\/div>\n<\/div>\n<\/div>\n\n\n\n<hr class=\"wp-block-separator has-text-color has-cyan-bluish-gray-color has-css-opacity has-cyan-bluish-gray-background-color has-background\"\/>\n\n\n\n<div style=\"height:20px\" aria-hidden=\"true\" class=\"wp-block-spacer\"><\/div>\n\n\n\n<h2 class=\"wp-block-heading\"><strong><strong>Conseiller en Sport et loisirs<\/strong><\/strong>&nbsp;<\/h2>\n\n\n\n<div style=\"height:20px\" aria-hidden=\"true\" class=\"wp-block-spacer\"><\/div>\n\n\n\n<div class=\"wp-block-columns is-layout-flex wp-container-core-columns-is-layout-9d6595d7 wp-block-columns-is-layout-flex\">\n<div class=\"wp-block-column is-layout-flow wp-block-column-is-layout-flow\">\n<p class=\"has-text-color has-medium-font-size\" style=\"color:#003954\"><strong><strong><strong>R\u00e9gion<\/strong><\/strong><\/strong> 1, <strong>2 <\/strong><\/p>\n\n\n\n<p>Anick Hache<br>T: 506-478-3838<br><a href=\"mailto:jason.arseneault@gnb.ca\">Anick.hache@gnb.ca<\/a><\/p>\n\n\n\n<div style=\"height:20px\" aria-hidden=\"true\" class=\"wp-block-spacer\"><\/div>\n\n\n\n<p class=\"has-text-color has-medium-font-size\" style=\"color:#003954\"><strong><strong><strong>R\u00e9gion<\/strong><\/strong><\/strong> <strong>3, 4 <\/strong><\/p>\n\n\n\n<p>Marc Arseneau&nbsp;<br>T: <a href=\"tel:506-252-7277\">506-252-7277<\/a>&nbsp;<br><a href=\"mailto:marc.arseneau@gnb.ca\">marc.arseneau@gnb.ca<\/a><\/p>\n\n\n\n<div style=\"height:20px\" aria-hidden=\"true\" class=\"wp-block-spacer\"><\/div>\n\n\n\n<p class=\"has-text-color has-medium-font-size\" style=\"color:#003954\"><strong><strong><strong>R\u00e9gion<\/strong><\/strong><\/strong> <strong>5, 6 <\/strong>&nbsp;<\/p>\n\n\n\n<p>Philippe Savoie-Vienneau&nbsp;<br>T: 506-625-1316&nbsp;&nbsp;<br><a href=\"mailto:Philippe.savoie-vienneau@gnb.ca\">philippe.savoie-vienneau@gnb.ca<\/a>&nbsp;&nbsp;<\/p>\n\n\n\n<div style=\"height:20px\" aria-hidden=\"true\" class=\"wp-block-spacer\"><\/div>\n\n\n\n<p class=\"has-text-color has-medium-font-size\" style=\"color:#003954\"><\/p>\n<\/div>\n\n\n\n<div class=\"wp-block-column is-layout-flow wp-block-column-is-layout-flow\">\n<p class=\"has-text-color has-medium-font-size\" style=\"color:#003954\"><strong><strong><strong>R\u00e9gion<\/strong><\/strong><\/strong> <strong>7, 8 &nbsp;<\/strong>&nbsp;<\/p>\n\n\n\n<p>M\u00e9lanie Arsenault<br>T: 506-866-0653<br><a href=\"mailto:melanie.arsenault@gnb.ca\">melanie.arsenault@gnb.ca<\/a><\/p>\n\n\n\n<div style=\"height:20px\" aria-hidden=\"true\" class=\"wp-block-spacer\"><\/div>\n\n\n\n<p class=\"has-text-color has-medium-font-size\" style=\"color:#003954\"><strong><strong><strong>R\u00e9gion<\/strong><\/strong><\/strong> <strong>9, 10 <\/strong><\/p>\n\n\n\n<p>Patrick O&#8217;Connell<br>T: 506-230-2625<br><a href=\"mailto:melanie.arsenault@gnb.ca\">patrick.oconnell@gnb.ca<\/a><\/p>\n\n\n\n<div style=\"height:20px\" aria-hidden=\"true\" class=\"wp-block-spacer\"><\/div>\n\n\n\n<p class=\"has-text-color has-medium-font-size\" style=\"color:#003954\"><strong><strong><strong>R\u00e9gion<\/strong><\/strong><\/strong> <strong>11, 12 <\/strong><\/p>\n\n\n\n<p>Justine Waldeck<br>T: 506-323-1597\u00a0\u00a0<br><a href=\"mailto:Kelcy.kuhn@gnb.ca\">justine.waldeck@gnb.com<\/a><\/p>\n\n\n\n<div style=\"height:20px\" aria-hidden=\"true\" class=\"wp-block-spacer\"><\/div>\n\n\n\n<p class=\"has-text-color has-medium-font-size\" style=\"color:#003954\"><\/p>\n\n\n\n<p class=\"has-text-color has-medium-font-size\" style=\"color:#003954\"><\/p>\n\n\n\n<div style=\"height:22px\" aria-hidden=\"true\" class=\"wp-block-spacer\"><\/div>\n\n\n\n<div class=\"wp-block-buttons is-layout-flex wp-block-buttons-is-layout-flex\">\n<div class=\"wp-block-button\"><a class=\"wp-block-button__link has-text-color has-background wp-element-button\" href=\"https:\/\/www.gnb.ca\/en\/topic\/tourism-recreation\/sport-recreation\/contacts.html?_ga=2.24089593.299011813.1748964930-153620698.1700689408&amp;_gl=1*5frzai*_ga*MTUzNjIwNjk4LjE3MDA2ODk0MDg.*_ga_F531P4D0XX*czE3NDkwNDEzNTMkbzMyNCRnMSR0MTc0OTA0MTQ5NiRqNTckbDAkaDA.\" style=\"color:#003954;background-color:#f7b427\" target=\"_blank\" rel=\"noreferrer noopener\">Visitez la carte r\u00e9gionale<\/a><\/div>\n<\/div>\n<\/div>\n<\/div>\n\n\n\n<p><\/p>\n","protected":false},"excerpt":{"rendered":"<p>D\u00e9veloppement du sport communautaire&nbsp; La Direction des sports et des loisirs (SRB) du minist\u00e8re du Tourisme, du Patrimoine et de la Culture dispose d&#8217;un r\u00e9seau de conseillers r\u00e9gionaux pour soutenir [&hellip;]<\/p>\n","protected":false},"author":3,"featured_media":1802,"parent":0,"menu_order":0,"comment_status":"closed","ping_status":"closed","template":"","meta":{"_acf_changed":false,"_uag_custom_page_level_css":"","_monsterinsights_skip_tracking":false,"_monsterinsights_sitenote_active":false,"_monsterinsights_sitenote_note":"","_monsterinsights_sitenote_category":0,"footnotes":""},"wf_page_folders":[],"class_list":["post-2043","page","type-page","status-publish","has-post-thumbnail","hentry"],"acf":[],"yoast_head":"<!-- This site is optimized with the Yoast SEO plugin v27.4 - https:\/\/yoast.com\/product\/yoast-seo-wordpress\/ -->\n<title>SportNB | D\u00e9veloppement du sport communautaire\u00a0<\/title>\n<meta name=\"description\" content=\"Sport New Brunswick (Sport NB) is a non-profit, volunteer organization dedicated to the development and promotion of the amateur sport community in New Brunswick. It is a federation that consists of over 60 provincial sport organizations and other sport related organizations.\" \/>\n<meta name=\"robots\" content=\"index, follow, max-snippet:-1, max-image-preview:large, max-video-preview:-1\" \/>\n<link rel=\"canonical\" href=\"https:\/\/www.sportnb.com\/fr\/community-sport-development\/\" \/>\n<meta property=\"og:locale\" content=\"fr_FR\" \/>\n<meta property=\"og:type\" content=\"article\" \/>\n<meta property=\"og:title\" content=\"SportNB | D\u00e9veloppement du sport communautaire\u00a0\" \/>\n<meta property=\"og:description\" content=\"Sport New Brunswick (Sport NB) is a non-profit, volunteer organization dedicated to the development and promotion of the amateur sport community in New Brunswick. It is a federation that consists of over 60 provincial sport organizations and other sport related organizations.\" \/>\n<meta property=\"og:url\" content=\"https:\/\/www.sportnb.com\/fr\/community-sport-development\/\" \/>\n<meta property=\"og:site_name\" content=\"SportNB\" \/>\n<meta property=\"article:publisher\" content=\"https:\/\/www.facebook.com\/sportnb\" \/>\n<meta property=\"article:modified_time\" content=\"2026-04-17T18:08:18+00:00\" \/>\n<meta property=\"og:image\" content=\"https:\/\/www.sportnb.com\/wp-content\/uploads\/2022\/06\/FS-6.jpg\" \/>\n\t<meta property=\"og:image:width\" content=\"1255\" \/>\n\t<meta property=\"og:image:height\" content=\"837\" \/>\n\t<meta property=\"og:image:type\" content=\"image\/jpeg\" \/>\n<meta name=\"twitter:card\" content=\"summary_large_image\" \/>\n<meta name=\"twitter:site\" content=\"@SportNB\" \/>\n<meta name=\"twitter:label1\" content=\"Est. reading time\" \/>\n\t<meta name=\"twitter:data1\" content=\"2 minutes\" \/>\n<script type=\"application\/ld+json\" class=\"yoast-schema-graph\">{\"@context\":\"https:\\\/\\\/schema.org\",\"@graph\":[{\"@type\":\"WebPage\",\"@id\":\"https:\\\/\\\/www.sportnb.com\\\/fr\\\/community-sport-development\\\/\",\"url\":\"https:\\\/\\\/www.sportnb.com\\\/fr\\\/community-sport-development\\\/\",\"name\":\"SportNB | D\u00e9veloppement du sport communautaire\u00a0\",\"isPartOf\":{\"@id\":\"https:\\\/\\\/www.sportnb.com\\\/fr\\\/#website\"},\"primaryImageOfPage\":{\"@id\":\"https:\\\/\\\/www.sportnb.com\\\/fr\\\/community-sport-development\\\/#primaryimage\"},\"image\":{\"@id\":\"https:\\\/\\\/www.sportnb.com\\\/fr\\\/community-sport-development\\\/#primaryimage\"},\"thumbnailUrl\":\"https:\\\/\\\/www.sportnb.com\\\/wp-content\\\/uploads\\\/2022\\\/06\\\/FS-6.jpg\",\"datePublished\":\"2022-05-30T18:00:22+00:00\",\"dateModified\":\"2026-04-17T18:08:18+00:00\",\"description\":\"Sport New Brunswick (Sport NB) is a non-profit, volunteer organization dedicated to the development and promotion of the amateur sport community in New Brunswick. It is a federation that consists of over 60 provincial sport organizations and other sport related organizations.\",\"breadcrumb\":{\"@id\":\"https:\\\/\\\/www.sportnb.com\\\/fr\\\/community-sport-development\\\/#breadcrumb\"},\"inLanguage\":\"fr-FR\",\"potentialAction\":[{\"@type\":\"ReadAction\",\"target\":[\"https:\\\/\\\/www.sportnb.com\\\/fr\\\/community-sport-development\\\/\"]}]},{\"@type\":\"ImageObject\",\"inLanguage\":\"fr-FR\",\"@id\":\"https:\\\/\\\/www.sportnb.com\\\/fr\\\/community-sport-development\\\/#primaryimage\",\"url\":\"https:\\\/\\\/www.sportnb.com\\\/wp-content\\\/uploads\\\/2022\\\/06\\\/FS-6.jpg\",\"contentUrl\":\"https:\\\/\\\/www.sportnb.com\\\/wp-content\\\/uploads\\\/2022\\\/06\\\/FS-6.jpg\",\"width\":1255,\"height\":837},{\"@type\":\"BreadcrumbList\",\"@id\":\"https:\\\/\\\/www.sportnb.com\\\/fr\\\/community-sport-development\\\/#breadcrumb\",\"itemListElement\":[{\"@type\":\"ListItem\",\"position\":1,\"name\":\"Home\",\"item\":\"https:\\\/\\\/www.sportnb.com\\\/fr\\\/\"},{\"@type\":\"ListItem\",\"position\":2,\"name\":\"D\u00e9veloppement du sport communautaire\u00a0\"}]},{\"@type\":\"WebSite\",\"@id\":\"https:\\\/\\\/www.sportnb.com\\\/fr\\\/#website\",\"url\":\"https:\\\/\\\/www.sportnb.com\\\/fr\\\/\",\"name\":\"SportNB\",\"description\":\"Together, we can make sport safe for everyone.\",\"publisher\":{\"@id\":\"https:\\\/\\\/www.sportnb.com\\\/fr\\\/#organization\"},\"potentialAction\":[{\"@type\":\"SearchAction\",\"target\":{\"@type\":\"EntryPoint\",\"urlTemplate\":\"https:\\\/\\\/www.sportnb.com\\\/fr\\\/?s={search_term_string}\"},\"query-input\":{\"@type\":\"PropertyValueSpecification\",\"valueRequired\":true,\"valueName\":\"search_term_string\"}}],\"inLanguage\":\"fr-FR\"},{\"@type\":\"Organization\",\"@id\":\"https:\\\/\\\/www.sportnb.com\\\/fr\\\/#organization\",\"name\":\"SportNB\",\"url\":\"https:\\\/\\\/www.sportnb.com\\\/fr\\\/\",\"logo\":{\"@type\":\"ImageObject\",\"inLanguage\":\"fr-FR\",\"@id\":\"https:\\\/\\\/www.sportnb.com\\\/fr\\\/#\\\/schema\\\/logo\\\/image\\\/\",\"url\":\"https:\\\/\\\/sportnb.com\\\/wp-content\\\/uploads\\\/2022\\\/03\\\/logo.svg\",\"contentUrl\":\"https:\\\/\\\/sportnb.com\\\/wp-content\\\/uploads\\\/2022\\\/03\\\/logo.svg\",\"width\":288,\"height\":75,\"caption\":\"SportNB\"},\"image\":{\"@id\":\"https:\\\/\\\/www.sportnb.com\\\/fr\\\/#\\\/schema\\\/logo\\\/image\\\/\"},\"sameAs\":[\"https:\\\/\\\/www.facebook.com\\\/sportnb\",\"https:\\\/\\\/x.com\\\/SportNB\",\"https:\\\/\\\/www.youtube.com\\\/channel\\\/UC5976PPks7naTvXfQ4cZk5g\",\"https:\\\/\\\/ca.linkedin.com\\\/company\\\/sportnb506\",\"https:\\\/\\\/www.instagram.com\\\/sportnewnouveaubrunswick\\\/\"]}]}<\/script>\n<!-- \/ Yoast SEO plugin. -->","yoast_head_json":{"title":"SportNB | D\u00e9veloppement du sport communautaire\u00a0","description":"Sport New Brunswick (Sport NB) is a non-profit, volunteer organization dedicated to the development and promotion of the amateur sport community in New Brunswick. It is a federation that consists of over 60 provincial sport organizations and other sport related organizations.","robots":{"index":"index","follow":"follow","max-snippet":"max-snippet:-1","max-image-preview":"max-image-preview:large","max-video-preview":"max-video-preview:-1"},"canonical":"https:\/\/www.sportnb.com\/fr\/community-sport-development\/","og_locale":"fr_FR","og_type":"article","og_title":"SportNB | D\u00e9veloppement du sport communautaire\u00a0","og_description":"Sport New Brunswick (Sport NB) is a non-profit, volunteer organization dedicated to the development and promotion of the amateur sport community in New Brunswick. It is a federation that consists of over 60 provincial sport organizations and other sport related organizations.","og_url":"https:\/\/www.sportnb.com\/fr\/community-sport-development\/","og_site_name":"SportNB","article_publisher":"https:\/\/www.facebook.com\/sportnb","article_modified_time":"2026-04-17T18:08:18+00:00","og_image":[{"width":1255,"height":837,"url":"https:\/\/www.sportnb.com\/wp-content\/uploads\/2022\/06\/FS-6.jpg","type":"image\/jpeg"}],"twitter_card":"summary_large_image","twitter_site":"@SportNB","twitter_misc":{"Est. reading time":"2 minutes"},"schema":{"@context":"https:\/\/schema.org","@graph":[{"@type":"WebPage","@id":"https:\/\/www.sportnb.com\/fr\/community-sport-development\/","url":"https:\/\/www.sportnb.com\/fr\/community-sport-development\/","name":"SportNB | D\u00e9veloppement du sport communautaire\u00a0","isPartOf":{"@id":"https:\/\/www.sportnb.com\/fr\/#website"},"primaryImageOfPage":{"@id":"https:\/\/www.sportnb.com\/fr\/community-sport-development\/#primaryimage"},"image":{"@id":"https:\/\/www.sportnb.com\/fr\/community-sport-development\/#primaryimage"},"thumbnailUrl":"https:\/\/www.sportnb.com\/wp-content\/uploads\/2022\/06\/FS-6.jpg","datePublished":"2022-05-30T18:00:22+00:00","dateModified":"2026-04-17T18:08:18+00:00","description":"Sport New Brunswick (Sport NB) is a non-profit, volunteer organization dedicated to the development and promotion of the amateur sport community in New Brunswick. It is a federation that consists of over 60 provincial sport organizations and other sport related organizations.","breadcrumb":{"@id":"https:\/\/www.sportnb.com\/fr\/community-sport-development\/#breadcrumb"},"inLanguage":"fr-FR","potentialAction":[{"@type":"ReadAction","target":["https:\/\/www.sportnb.com\/fr\/community-sport-development\/"]}]},{"@type":"ImageObject","inLanguage":"fr-FR","@id":"https:\/\/www.sportnb.com\/fr\/community-sport-development\/#primaryimage","url":"https:\/\/www.sportnb.com\/wp-content\/uploads\/2022\/06\/FS-6.jpg","contentUrl":"https:\/\/www.sportnb.com\/wp-content\/uploads\/2022\/06\/FS-6.jpg","width":1255,"height":837},{"@type":"BreadcrumbList","@id":"https:\/\/www.sportnb.com\/fr\/community-sport-development\/#breadcrumb","itemListElement":[{"@type":"ListItem","position":1,"name":"Home","item":"https:\/\/www.sportnb.com\/fr\/"},{"@type":"ListItem","position":2,"name":"D\u00e9veloppement du sport communautaire\u00a0"}]},{"@type":"WebSite","@id":"https:\/\/www.sportnb.com\/fr\/#website","url":"https:\/\/www.sportnb.com\/fr\/","name":"SportNB","description":"Together, we can make sport safe for everyone.","publisher":{"@id":"https:\/\/www.sportnb.com\/fr\/#organization"},"potentialAction":[{"@type":"SearchAction","target":{"@type":"EntryPoint","urlTemplate":"https:\/\/www.sportnb.com\/fr\/?s={search_term_string}"},"query-input":{"@type":"PropertyValueSpecification","valueRequired":true,"valueName":"search_term_string"}}],"inLanguage":"fr-FR"},{"@type":"Organization","@id":"https:\/\/www.sportnb.com\/fr\/#organization","name":"SportNB","url":"https:\/\/www.sportnb.com\/fr\/","logo":{"@type":"ImageObject","inLanguage":"fr-FR","@id":"https:\/\/www.sportnb.com\/fr\/#\/schema\/logo\/image\/","url":"https:\/\/sportnb.com\/wp-content\/uploads\/2022\/03\/logo.svg","contentUrl":"https:\/\/sportnb.com\/wp-content\/uploads\/2022\/03\/logo.svg","width":288,"height":75,"caption":"SportNB"},"image":{"@id":"https:\/\/www.sportnb.com\/fr\/#\/schema\/logo\/image\/"},"sameAs":["https:\/\/www.facebook.com\/sportnb","https:\/\/x.com\/SportNB","https:\/\/www.youtube.com\/channel\/UC5976PPks7naTvXfQ4cZk5g","https:\/\/ca.linkedin.com\/company\/sportnb506","https:\/\/www.instagram.com\/sportnewnouveaubrunswick\/"]}]}},"uagb_featured_image_src":{"full":["https:\/\/www.sportnb.com\/wp-content\/uploads\/2022\/06\/FS-6.jpg",1255,837,false],"thumbnail":["https:\/\/www.sportnb.com\/wp-content\/uploads\/2022\/06\/FS-6-150x150.jpg",150,150,true],"medium":["https:\/\/www.sportnb.com\/wp-content\/uploads\/2022\/06\/FS-6-300x200.jpg",300,200,true],"medium_large":["https:\/\/www.sportnb.com\/wp-content\/uploads\/2022\/06\/FS-6-768x512.jpg",768,512,true],"large":["https:\/\/www.sportnb.com\/wp-content\/uploads\/2022\/06\/FS-6-1024x683.jpg",900,600,true],"1536x1536":["https:\/\/www.sportnb.com\/wp-content\/uploads\/2022\/06\/FS-6.jpg",1255,837,false],"2048x2048":["https:\/\/www.sportnb.com\/wp-content\/uploads\/2022\/06\/FS-6.jpg",1255,837,false],"thumbnail_1440x9999":["https:\/\/www.sportnb.com\/wp-content\/uploads\/2022\/06\/FS-6.jpg",1255,837,false],"menu-thumb":["https:\/\/www.sportnb.com\/wp-content\/uploads\/2022\/06\/FS-6.jpg",330,220,false]},"uagb_author_info":{"display_name":"webadmin","author_link":"https:\/\/www.sportnb.com\/fr\/author\/webadmin\/"},"uagb_comment_info":0,"uagb_excerpt":"D\u00e9veloppement du sport communautaire&nbsp; La Direction des sports et des loisirs (SRB) du minist\u00e8re du Tourisme, du Patrimoine et de la Culture dispose d&#8217;un r\u00e9seau de conseillers r\u00e9gionaux pour soutenir [&hellip;]","_links":{"self":[{"href":"https:\/\/www.sportnb.com\/fr\/wp-json\/wp\/v2\/pages\/2043","targetHints":{"allow":["GET"]}}],"collection":[{"href":"https:\/\/www.sportnb.com\/fr\/wp-json\/wp\/v2\/pages"}],"about":[{"href":"https:\/\/www.sportnb.com\/fr\/wp-json\/wp\/v2\/types\/page"}],"author":[{"embeddable":true,"href":"https:\/\/www.sportnb.com\/fr\/wp-json\/wp\/v2\/users\/3"}],"replies":[{"embeddable":true,"href":"https:\/\/www.sportnb.com\/fr\/wp-json\/wp\/v2\/comments?post=2043"}],"version-history":[{"count":6,"href":"https:\/\/www.sportnb.com\/fr\/wp-json\/wp\/v2\/pages\/2043\/revisions"}],"predecessor-version":[{"id":13760,"href":"https:\/\/www.sportnb.com\/fr\/wp-json\/wp\/v2\/pages\/2043\/revisions\/13760"}],"wp:featuredmedia":[{"embeddable":true,"href":"https:\/\/www.sportnb.com\/fr\/wp-json\/wp\/v2\/media\/1802"}],"wp:attachment":[{"href":"https:\/\/www.sportnb.com\/fr\/wp-json\/wp\/v2\/media?parent=2043"}],"wp:term":[{"taxonomy":"wf_page_folders","embeddable":true,"href":"https:\/\/www.sportnb.com\/fr\/wp-json\/wp\/v2\/wf_page_folders?post=2043"}],"curies":[{"name":"wp","href":"https:\/\/api.w.org\/{rel}","templated":true}]}}