{"id":2041,"date":"2022-05-30T14:02:24","date_gmt":"2022-05-30T17:02:24","guid":{"rendered":"https:\/\/SITEURL\/?page_id=2041"},"modified":"2025-05-26T10:28:12","modified_gmt":"2025-05-26T13:28:12","slug":"sport-development","status":"publish","type":"page","link":"https:\/\/www.sportnb.com\/fr\/sport-development\/","title":{"rendered":"Projet Envisager le sport"},"content":{"rendered":"\n<h1 class=\"wp-block-heading has-text-align-center\">PROJET ENVISAGER LE SPORT<\/h1>\n\n\n\n<div style=\"height:30px\" aria-hidden=\"true\" class=\"wp-block-spacer\"><\/div>\n\n\n\n<p class=\"has-text-align-center has-medium-font-size\">En septembre 2021, Sport Nouveau-Brunswick (Sport NB), en collaboration avec la Direction du<br>sport et des loisirs (Direction SL) a lanc\u00e9 un projet de syst\u00e8me sportif afin de trouver des fa\u00e7ons de renforcer davantage le secteur et de permettre \u00e0 plus de N\u00e9o-Brunswickois et de collectivit\u00e9s de profiter des bienfaits du sport. Plus de 700 personnes et plus de 25 organisations ont particip\u00e9 \u00e0 une vaste consultation. Des enqu\u00eates, des entrevues et une communication directe ont permis d\u2019\u00e9laborer le rapport Envisager le sport.<\/p>\n\n\n\n<figure class=\"wp-block-image size-full\"><img fetchpriority=\"high\" decoding=\"async\" width=\"1080\" height=\"200\" src=\"https:\/\/sportnb.com\/wp-content\/uploads\/2023\/08\/PURPOSE-1080-\u00d7-135-px-1080-\u00d7-200-px-1-1.png\" alt=\"\" class=\"wp-image-5891\" srcset=\"https:\/\/www.sportnb.com\/wp-content\/uploads\/2023\/08\/PURPOSE-1080-\u00d7-135-px-1080-\u00d7-200-px-1-1.png 1080w, https:\/\/www.sportnb.com\/wp-content\/uploads\/2023\/08\/PURPOSE-1080-\u00d7-135-px-1080-\u00d7-200-px-1-1-300x56.png 300w, https:\/\/www.sportnb.com\/wp-content\/uploads\/2023\/08\/PURPOSE-1080-\u00d7-135-px-1080-\u00d7-200-px-1-1-1024x190.png 1024w, https:\/\/www.sportnb.com\/wp-content\/uploads\/2023\/08\/PURPOSE-1080-\u00d7-135-px-1080-\u00d7-200-px-1-1-768x142.png 768w\" sizes=\"(max-width: 1080px) 100vw, 1080px\" \/><\/figure>\n\n\n\n<div style=\"height:25px\" aria-hidden=\"true\" class=\"wp-block-spacer\"><\/div>\n\n\n\n<hr class=\"wp-block-separator has-text-color has-alpha-channel-opacity has-background\" style=\"background-color:#00000012;color:#00000012\"\/>\n\n\n\n<div style=\"height:50px\" aria-hidden=\"true\" class=\"wp-block-spacer\"><\/div>\n\n\n\n<div class=\"wp-block-columns is-layout-flex wp-container-core-columns-is-layout-9d6595d7 wp-block-columns-is-layout-flex\">\n<div class=\"wp-block-column is-layout-flow wp-block-column-is-layout-flow\"><div class=\"wp-block-image\">\n<figure class=\"aligncenter size-large is-resized\"><img decoding=\"async\" width=\"791\" height=\"1024\" data-src=\"https:\/\/sportnb.com\/wp-content\/uploads\/2023\/08\/Final-Report-French_Page_02-791x1024.png\" alt=\"\" class=\"wp-image-5893 lazyload\" style=\"--smush-placeholder-width: 791px; --smush-placeholder-aspect-ratio: 791\/1024;width:332px;height:431px\" data-srcset=\"https:\/\/www.sportnb.com\/wp-content\/uploads\/2023\/08\/Final-Report-French_Page_02-791x1024.png 791w, https:\/\/www.sportnb.com\/wp-content\/uploads\/2023\/08\/Final-Report-French_Page_02-232x300.png 232w, https:\/\/www.sportnb.com\/wp-content\/uploads\/2023\/08\/Final-Report-French_Page_02-768x994.png 768w, https:\/\/www.sportnb.com\/wp-content\/uploads\/2023\/08\/Final-Report-French_Page_02-1187x1536.png 1187w, https:\/\/www.sportnb.com\/wp-content\/uploads\/2023\/08\/Final-Report-French_Page_02-1583x2048.png 1583w, https:\/\/www.sportnb.com\/wp-content\/uploads\/2023\/08\/Final-Report-French_Page_02-1440x1864.png 1440w, https:\/\/www.sportnb.com\/wp-content\/uploads\/2023\/08\/Final-Report-French_Page_02.png 1700w\" data-sizes=\"(max-width: 791px) 100vw, 791px\" src=\"data:image\/svg+xml;base64,PHN2ZyB3aWR0aD0iMSIgaGVpZ2h0PSIxIiB4bWxucz0iaHR0cDovL3d3dy53My5vcmcvMjAwMC9zdmciPjwvc3ZnPg==\" \/><\/figure>\n<\/div><\/div>\n\n\n\n<div class=\"wp-block-column is-layout-flow wp-block-column-is-layout-flow\">\n<p style=\"font-size:18px\">Ce rapport porte sur l\u2019avenir du sport au Nouveau-Brunswick en 2035. Le message en est clair. Pour que les N\u00e9o-Brunswickois b\u00e9n\u00e9ficient pleinement du sport, le syst\u00e8me doit changer. <\/p>\n\n\n\n<p style=\"font-size:18px\">Une \u00e9quipe de transition a \u00e9t\u00e9 form\u00e9e et le travail s\u2019est poursuivi \u00e0 l\u2019automne 2022 et au d\u00e9but de 2023 afin de tracer la voie \u00e0 suivre. Il \u00e9tait \u00e9vident qu\u2019un engagement accru \u00e9tait n\u00e9cessaire pour transformer les 60 recommandations du rapport en un plan d\u2019action g\u00e9rable. En mai 2023, 35 intervenants de toute la province se sont r\u00e9unis pour circonscrire le champ d\u2019action. Le rapport final a \u00e9t\u00e9 rendu public en novembre 2022 et peut \u00eatre consult\u00e9 ci-dessous.<\/p>\n\n\n\n<div class=\"wp-block-buttons is-layout-flex wp-block-buttons-is-layout-flex\">\n<div class=\"wp-block-button\"><a class=\"wp-block-button__link wp-element-button\" href=\"https:\/\/sportnb.com\/wp-content\/uploads\/2023\/08\/Final-Report-French.pdf\">rapport<\/a><\/div>\n<\/div>\n<\/div>\n\n\n\n<div class=\"wp-block-column is-layout-flow wp-block-column-is-layout-flow\"><\/div>\n<\/div>\n\n\n\n<hr class=\"wp-block-separator has-text-color has-alpha-channel-opacity has-background\" style=\"background-color:#00000012;color:#00000012\"\/>\n\n\n\n<div style=\"height:50px\" aria-hidden=\"true\" class=\"wp-block-spacer\"><\/div>\n\n\n\n<div class=\"wp-block-columns is-layout-flex wp-container-core-columns-is-layout-9d6595d7 wp-block-columns-is-layout-flex\">\n<div class=\"wp-block-column is-layout-flow wp-block-column-is-layout-flow\"><div class=\"wp-block-image\">\n<figure class=\"aligncenter size-large is-resized\"><img decoding=\"async\" width=\"1024\" height=\"576\" data-src=\"https:\/\/sportnb.com\/wp-content\/uploads\/2023\/08\/Envision-Sport-Report-Back-FR-July-6_Page_01-1024x576.png\" alt=\"\" class=\"wp-image-5897 lazyload\" style=\"--smush-placeholder-width: 1024px; --smush-placeholder-aspect-ratio: 1024\/576;width:331px;height:187px\" data-srcset=\"https:\/\/www.sportnb.com\/wp-content\/uploads\/2023\/08\/Envision-Sport-Report-Back-FR-July-6_Page_01-1024x576.png 1024w, https:\/\/www.sportnb.com\/wp-content\/uploads\/2023\/08\/Envision-Sport-Report-Back-FR-July-6_Page_01-300x169.png 300w, https:\/\/www.sportnb.com\/wp-content\/uploads\/2023\/08\/Envision-Sport-Report-Back-FR-July-6_Page_01-768x432.png 768w, https:\/\/www.sportnb.com\/wp-content\/uploads\/2023\/08\/Envision-Sport-Report-Back-FR-July-6_Page_01-1536x864.png 1536w, https:\/\/www.sportnb.com\/wp-content\/uploads\/2023\/08\/Envision-Sport-Report-Back-FR-July-6_Page_01-2048x1152.png 2048w, https:\/\/www.sportnb.com\/wp-content\/uploads\/2023\/08\/Envision-Sport-Report-Back-FR-July-6_Page_01-1440x810.png 1440w\" data-sizes=\"(max-width: 1024px) 100vw, 1024px\" src=\"data:image\/svg+xml;base64,PHN2ZyB3aWR0aD0iMSIgaGVpZ2h0PSIxIiB4bWxucz0iaHR0cDovL3d3dy53My5vcmcvMjAwMC9zdmciPjwvc3ZnPg==\" \/><\/figure>\n<\/div><\/div>\n\n\n\n<div class=\"wp-block-column is-layout-flow wp-block-column-is-layout-flow\" style=\"font-size:18px\">\n<p>En mai 2023,<br>35 intervenants de toute la province se sont r\u00e9unis pour circonscrire le champ d\u2019action. Les r\u00e9sultats ont \u00e9t\u00e9 publi\u00e9s en juillet 2023. Pour consulter les r\u00e9sultats, veuillez cliquer sur le bouton ci-dessous.<\/p>\n\n\n\n<div class=\"wp-block-buttons is-layout-flex wp-block-buttons-is-layout-flex\">\n<div class=\"wp-block-button\"><a class=\"wp-block-button__link wp-element-button\" href=\"https:\/\/sportnb.com\/wp-content\/uploads\/2023\/08\/Envision-Sport-Report-Back-FR-July-6.pdf\">r\u00e9sultats<\/a><\/div>\n<\/div>\n<\/div>\n\n\n\n<div class=\"wp-block-column is-layout-flow wp-block-column-is-layout-flow\"><\/div>\n<\/div>\n\n\n\n<div style=\"height:31px\" aria-hidden=\"true\" class=\"wp-block-spacer\"><\/div>\n\n\n\n<hr class=\"wp-block-separator has-text-color has-alpha-channel-opacity has-background\" style=\"background-color:#00000012;color:#00000012\"\/>\n\n\n\n<div style=\"height:51px\" aria-hidden=\"true\" class=\"wp-block-spacer\"><\/div>\n\n\n\n<figure class=\"wp-block-image size-full\"><img decoding=\"async\" width=\"2667\" height=\"1500\" data-src=\"https:\/\/sportnb.com\/wp-content\/uploads\/2023\/08\/Envision-Sport-Report-Back-FR-July-6_Page_10.png\" alt=\"\" class=\"wp-image-5901 lazyload\" data-srcset=\"https:\/\/www.sportnb.com\/wp-content\/uploads\/2023\/08\/Envision-Sport-Report-Back-FR-July-6_Page_10.png 2667w, https:\/\/www.sportnb.com\/wp-content\/uploads\/2023\/08\/Envision-Sport-Report-Back-FR-July-6_Page_10-300x169.png 300w, https:\/\/www.sportnb.com\/wp-content\/uploads\/2023\/08\/Envision-Sport-Report-Back-FR-July-6_Page_10-1024x576.png 1024w, https:\/\/www.sportnb.com\/wp-content\/uploads\/2023\/08\/Envision-Sport-Report-Back-FR-July-6_Page_10-768x432.png 768w, https:\/\/www.sportnb.com\/wp-content\/uploads\/2023\/08\/Envision-Sport-Report-Back-FR-July-6_Page_10-1536x864.png 1536w, https:\/\/www.sportnb.com\/wp-content\/uploads\/2023\/08\/Envision-Sport-Report-Back-FR-July-6_Page_10-2048x1152.png 2048w, https:\/\/www.sportnb.com\/wp-content\/uploads\/2023\/08\/Envision-Sport-Report-Back-FR-July-6_Page_10-1440x810.png 1440w\" data-sizes=\"(max-width: 2667px) 100vw, 2667px\" src=\"data:image\/svg+xml;base64,PHN2ZyB3aWR0aD0iMSIgaGVpZ2h0PSIxIiB4bWxucz0iaHR0cDovL3d3dy53My5vcmcvMjAwMC9zdmciPjwvc3ZnPg==\" style=\"--smush-placeholder-width: 2667px; --smush-placeholder-aspect-ratio: 2667\/1500;\" \/><\/figure>\n","protected":false},"excerpt":{"rendered":"<p>PROJET ENVISAGER LE SPORT En septembre 2021, Sport Nouveau-Brunswick (Sport NB), en collaboration avec la Direction dusport et des loisirs (Direction SL) a lanc\u00e9 un projet de syst\u00e8me sportif afin [&hellip;]<\/p>\n","protected":false},"author":3,"featured_media":1316,"parent":0,"menu_order":0,"comment_status":"closed","ping_status":"closed","template":"","meta":{"_acf_changed":false,"_uag_custom_page_level_css":"","_monsterinsights_skip_tracking":false,"_monsterinsights_sitenote_active":false,"_monsterinsights_sitenote_note":"","_monsterinsights_sitenote_category":0,"footnotes":""},"wf_page_folders":[],"class_list":["post-2041","page","type-page","status-publish","has-post-thumbnail","hentry"],"acf":[],"yoast_head":"<!-- This site is optimized with the Yoast SEO plugin v27.4 - https:\/\/yoast.com\/product\/yoast-seo-wordpress\/ -->\n<title>SportNB | Projet Envisager le sport<\/title>\n<meta name=\"description\" content=\"Sport New Brunswick (Sport NB) is a non-profit, volunteer organization dedicated to the development and promotion of the amateur sport community in New Brunswick. It is a federation that consists of over 60 provincial sport organizations and other sport related organizations.\" \/>\n<meta name=\"robots\" content=\"index, follow, max-snippet:-1, max-image-preview:large, max-video-preview:-1\" \/>\n<link rel=\"canonical\" href=\"https:\/\/www.sportnb.com\/fr\/sport-development\/\" \/>\n<meta property=\"og:locale\" content=\"fr_FR\" \/>\n<meta property=\"og:type\" content=\"article\" \/>\n<meta property=\"og:title\" content=\"SportNB | Projet Envisager le sport\" \/>\n<meta property=\"og:description\" content=\"Sport New Brunswick (Sport NB) is a non-profit, volunteer organization dedicated to the development and promotion of the amateur sport community in New Brunswick. It is a federation that consists of over 60 provincial sport organizations and other sport related organizations.\" \/>\n<meta property=\"og:url\" content=\"https:\/\/www.sportnb.com\/fr\/sport-development\/\" \/>\n<meta property=\"og:site_name\" content=\"SportNB\" \/>\n<meta property=\"article:publisher\" content=\"https:\/\/www.facebook.com\/sportnb\" \/>\n<meta property=\"article:modified_time\" content=\"2025-05-26T13:28:12+00:00\" \/>\n<meta property=\"og:image\" content=\"https:\/\/www.sportnb.com\/wp-content\/uploads\/2022\/05\/14U-girls-2.jpg\" \/>\n\t<meta property=\"og:image:width\" content=\"1175\" \/>\n\t<meta property=\"og:image:height\" content=\"539\" \/>\n\t<meta property=\"og:image:type\" content=\"image\/jpeg\" \/>\n<meta name=\"twitter:card\" content=\"summary_large_image\" \/>\n<meta name=\"twitter:site\" content=\"@SportNB\" \/>\n<meta name=\"twitter:label1\" content=\"Est. reading time\" \/>\n\t<meta name=\"twitter:data1\" content=\"3 minutes\" \/>\n<script type=\"application\/ld+json\" class=\"yoast-schema-graph\">{\"@context\":\"https:\\\/\\\/schema.org\",\"@graph\":[{\"@type\":\"WebPage\",\"@id\":\"https:\\\/\\\/www.sportnb.com\\\/fr\\\/sport-development\\\/\",\"url\":\"https:\\\/\\\/www.sportnb.com\\\/fr\\\/sport-development\\\/\",\"name\":\"SportNB | Projet Envisager le sport\",\"isPartOf\":{\"@id\":\"https:\\\/\\\/www.sportnb.com\\\/fr\\\/#website\"},\"primaryImageOfPage\":{\"@id\":\"https:\\\/\\\/www.sportnb.com\\\/fr\\\/sport-development\\\/#primaryimage\"},\"image\":{\"@id\":\"https:\\\/\\\/www.sportnb.com\\\/fr\\\/sport-development\\\/#primaryimage\"},\"thumbnailUrl\":\"https:\\\/\\\/www.sportnb.com\\\/wp-content\\\/uploads\\\/2022\\\/05\\\/14U-girls-2.jpg\",\"datePublished\":\"2022-05-30T17:02:24+00:00\",\"dateModified\":\"2025-05-26T13:28:12+00:00\",\"description\":\"Sport New Brunswick (Sport NB) is a non-profit, volunteer organization dedicated to the development and promotion of the amateur sport community in New Brunswick. It is a federation that consists of over 60 provincial sport organizations and other sport related organizations.\",\"breadcrumb\":{\"@id\":\"https:\\\/\\\/www.sportnb.com\\\/fr\\\/sport-development\\\/#breadcrumb\"},\"inLanguage\":\"fr-FR\",\"potentialAction\":[{\"@type\":\"ReadAction\",\"target\":[\"https:\\\/\\\/www.sportnb.com\\\/fr\\\/sport-development\\\/\"]}]},{\"@type\":\"ImageObject\",\"inLanguage\":\"fr-FR\",\"@id\":\"https:\\\/\\\/www.sportnb.com\\\/fr\\\/sport-development\\\/#primaryimage\",\"url\":\"https:\\\/\\\/www.sportnb.com\\\/wp-content\\\/uploads\\\/2022\\\/05\\\/14U-girls-2.jpg\",\"contentUrl\":\"https:\\\/\\\/www.sportnb.com\\\/wp-content\\\/uploads\\\/2022\\\/05\\\/14U-girls-2.jpg\",\"width\":1175,\"height\":539},{\"@type\":\"BreadcrumbList\",\"@id\":\"https:\\\/\\\/www.sportnb.com\\\/fr\\\/sport-development\\\/#breadcrumb\",\"itemListElement\":[{\"@type\":\"ListItem\",\"position\":1,\"name\":\"Home\",\"item\":\"https:\\\/\\\/www.sportnb.com\\\/fr\\\/\"},{\"@type\":\"ListItem\",\"position\":2,\"name\":\"Projet Envisager le sport\"}]},{\"@type\":\"WebSite\",\"@id\":\"https:\\\/\\\/www.sportnb.com\\\/fr\\\/#website\",\"url\":\"https:\\\/\\\/www.sportnb.com\\\/fr\\\/\",\"name\":\"SportNB\",\"description\":\"Together, we can make sport safe for everyone.\",\"publisher\":{\"@id\":\"https:\\\/\\\/www.sportnb.com\\\/fr\\\/#organization\"},\"potentialAction\":[{\"@type\":\"SearchAction\",\"target\":{\"@type\":\"EntryPoint\",\"urlTemplate\":\"https:\\\/\\\/www.sportnb.com\\\/fr\\\/?s={search_term_string}\"},\"query-input\":{\"@type\":\"PropertyValueSpecification\",\"valueRequired\":true,\"valueName\":\"search_term_string\"}}],\"inLanguage\":\"fr-FR\"},{\"@type\":\"Organization\",\"@id\":\"https:\\\/\\\/www.sportnb.com\\\/fr\\\/#organization\",\"name\":\"SportNB\",\"url\":\"https:\\\/\\\/www.sportnb.com\\\/fr\\\/\",\"logo\":{\"@type\":\"ImageObject\",\"inLanguage\":\"fr-FR\",\"@id\":\"https:\\\/\\\/www.sportnb.com\\\/fr\\\/#\\\/schema\\\/logo\\\/image\\\/\",\"url\":\"https:\\\/\\\/sportnb.com\\\/wp-content\\\/uploads\\\/2022\\\/03\\\/logo.svg\",\"contentUrl\":\"https:\\\/\\\/sportnb.com\\\/wp-content\\\/uploads\\\/2022\\\/03\\\/logo.svg\",\"width\":288,\"height\":75,\"caption\":\"SportNB\"},\"image\":{\"@id\":\"https:\\\/\\\/www.sportnb.com\\\/fr\\\/#\\\/schema\\\/logo\\\/image\\\/\"},\"sameAs\":[\"https:\\\/\\\/www.facebook.com\\\/sportnb\",\"https:\\\/\\\/x.com\\\/SportNB\",\"https:\\\/\\\/www.youtube.com\\\/channel\\\/UC5976PPks7naTvXfQ4cZk5g\",\"https:\\\/\\\/ca.linkedin.com\\\/company\\\/sportnb506\",\"https:\\\/\\\/www.instagram.com\\\/sportnewnouveaubrunswick\\\/\"]}]}<\/script>\n<!-- \/ Yoast SEO plugin. -->","yoast_head_json":{"title":"SportNB | Projet Envisager le sport","description":"Sport New Brunswick (Sport NB) is a non-profit, volunteer organization dedicated to the development and promotion of the amateur sport community in New Brunswick. It is a federation that consists of over 60 provincial sport organizations and other sport related organizations.","robots":{"index":"index","follow":"follow","max-snippet":"max-snippet:-1","max-image-preview":"max-image-preview:large","max-video-preview":"max-video-preview:-1"},"canonical":"https:\/\/www.sportnb.com\/fr\/sport-development\/","og_locale":"fr_FR","og_type":"article","og_title":"SportNB | Projet Envisager le sport","og_description":"Sport New Brunswick (Sport NB) is a non-profit, volunteer organization dedicated to the development and promotion of the amateur sport community in New Brunswick. It is a federation that consists of over 60 provincial sport organizations and other sport related organizations.","og_url":"https:\/\/www.sportnb.com\/fr\/sport-development\/","og_site_name":"SportNB","article_publisher":"https:\/\/www.facebook.com\/sportnb","article_modified_time":"2025-05-26T13:28:12+00:00","og_image":[{"width":1175,"height":539,"url":"https:\/\/www.sportnb.com\/wp-content\/uploads\/2022\/05\/14U-girls-2.jpg","type":"image\/jpeg"}],"twitter_card":"summary_large_image","twitter_site":"@SportNB","twitter_misc":{"Est. reading time":"3 minutes"},"schema":{"@context":"https:\/\/schema.org","@graph":[{"@type":"WebPage","@id":"https:\/\/www.sportnb.com\/fr\/sport-development\/","url":"https:\/\/www.sportnb.com\/fr\/sport-development\/","name":"SportNB | Projet Envisager le sport","isPartOf":{"@id":"https:\/\/www.sportnb.com\/fr\/#website"},"primaryImageOfPage":{"@id":"https:\/\/www.sportnb.com\/fr\/sport-development\/#primaryimage"},"image":{"@id":"https:\/\/www.sportnb.com\/fr\/sport-development\/#primaryimage"},"thumbnailUrl":"https:\/\/www.sportnb.com\/wp-content\/uploads\/2022\/05\/14U-girls-2.jpg","datePublished":"2022-05-30T17:02:24+00:00","dateModified":"2025-05-26T13:28:12+00:00","description":"Sport New Brunswick (Sport NB) is a non-profit, volunteer organization dedicated to the development and promotion of the amateur sport community in New Brunswick. It is a federation that consists of over 60 provincial sport organizations and other sport related organizations.","breadcrumb":{"@id":"https:\/\/www.sportnb.com\/fr\/sport-development\/#breadcrumb"},"inLanguage":"fr-FR","potentialAction":[{"@type":"ReadAction","target":["https:\/\/www.sportnb.com\/fr\/sport-development\/"]}]},{"@type":"ImageObject","inLanguage":"fr-FR","@id":"https:\/\/www.sportnb.com\/fr\/sport-development\/#primaryimage","url":"https:\/\/www.sportnb.com\/wp-content\/uploads\/2022\/05\/14U-girls-2.jpg","contentUrl":"https:\/\/www.sportnb.com\/wp-content\/uploads\/2022\/05\/14U-girls-2.jpg","width":1175,"height":539},{"@type":"BreadcrumbList","@id":"https:\/\/www.sportnb.com\/fr\/sport-development\/#breadcrumb","itemListElement":[{"@type":"ListItem","position":1,"name":"Home","item":"https:\/\/www.sportnb.com\/fr\/"},{"@type":"ListItem","position":2,"name":"Projet Envisager le sport"}]},{"@type":"WebSite","@id":"https:\/\/www.sportnb.com\/fr\/#website","url":"https:\/\/www.sportnb.com\/fr\/","name":"SportNB","description":"Together, we can make sport safe for everyone.","publisher":{"@id":"https:\/\/www.sportnb.com\/fr\/#organization"},"potentialAction":[{"@type":"SearchAction","target":{"@type":"EntryPoint","urlTemplate":"https:\/\/www.sportnb.com\/fr\/?s={search_term_string}"},"query-input":{"@type":"PropertyValueSpecification","valueRequired":true,"valueName":"search_term_string"}}],"inLanguage":"fr-FR"},{"@type":"Organization","@id":"https:\/\/www.sportnb.com\/fr\/#organization","name":"SportNB","url":"https:\/\/www.sportnb.com\/fr\/","logo":{"@type":"ImageObject","inLanguage":"fr-FR","@id":"https:\/\/www.sportnb.com\/fr\/#\/schema\/logo\/image\/","url":"https:\/\/sportnb.com\/wp-content\/uploads\/2022\/03\/logo.svg","contentUrl":"https:\/\/sportnb.com\/wp-content\/uploads\/2022\/03\/logo.svg","width":288,"height":75,"caption":"SportNB"},"image":{"@id":"https:\/\/www.sportnb.com\/fr\/#\/schema\/logo\/image\/"},"sameAs":["https:\/\/www.facebook.com\/sportnb","https:\/\/x.com\/SportNB","https:\/\/www.youtube.com\/channel\/UC5976PPks7naTvXfQ4cZk5g","https:\/\/ca.linkedin.com\/company\/sportnb506","https:\/\/www.instagram.com\/sportnewnouveaubrunswick\/"]}]}},"uagb_featured_image_src":{"full":["https:\/\/www.sportnb.com\/wp-content\/uploads\/2022\/05\/14U-girls-2.jpg",1175,539,false],"thumbnail":["https:\/\/www.sportnb.com\/wp-content\/uploads\/2022\/05\/14U-girls-2-150x150.jpg",150,150,true],"medium":["https:\/\/www.sportnb.com\/wp-content\/uploads\/2022\/05\/14U-girls-2-300x138.jpg",300,138,true],"medium_large":["https:\/\/www.sportnb.com\/wp-content\/uploads\/2022\/05\/14U-girls-2-768x352.jpg",768,352,true],"large":["https:\/\/www.sportnb.com\/wp-content\/uploads\/2022\/05\/14U-girls-2-1024x470.jpg",900,413,true],"1536x1536":["https:\/\/www.sportnb.com\/wp-content\/uploads\/2022\/05\/14U-girls-2.jpg",1175,539,false],"2048x2048":["https:\/\/www.sportnb.com\/wp-content\/uploads\/2022\/05\/14U-girls-2.jpg",1175,539,false],"thumbnail_1440x9999":["https:\/\/www.sportnb.com\/wp-content\/uploads\/2022\/05\/14U-girls-2.jpg",1175,539,false],"menu-thumb":["https:\/\/www.sportnb.com\/wp-content\/uploads\/2022\/05\/14U-girls-2.jpg",330,151,false]},"uagb_author_info":{"display_name":"webadmin","author_link":"https:\/\/www.sportnb.com\/fr\/author\/webadmin\/"},"uagb_comment_info":0,"uagb_excerpt":"PROJET ENVISAGER LE SPORT En septembre 2021, Sport Nouveau-Brunswick (Sport NB), en collaboration avec la Direction dusport et des loisirs (Direction SL) a lanc\u00e9 un projet de syst\u00e8me sportif afin [&hellip;]","_links":{"self":[{"href":"https:\/\/www.sportnb.com\/fr\/wp-json\/wp\/v2\/pages\/2041","targetHints":{"allow":["GET"]}}],"collection":[{"href":"https:\/\/www.sportnb.com\/fr\/wp-json\/wp\/v2\/pages"}],"about":[{"href":"https:\/\/www.sportnb.com\/fr\/wp-json\/wp\/v2\/types\/page"}],"author":[{"embeddable":true,"href":"https:\/\/www.sportnb.com\/fr\/wp-json\/wp\/v2\/users\/3"}],"replies":[{"embeddable":true,"href":"https:\/\/www.sportnb.com\/fr\/wp-json\/wp\/v2\/comments?post=2041"}],"version-history":[{"count":6,"href":"https:\/\/www.sportnb.com\/fr\/wp-json\/wp\/v2\/pages\/2041\/revisions"}],"predecessor-version":[{"id":11692,"href":"https:\/\/www.sportnb.com\/fr\/wp-json\/wp\/v2\/pages\/2041\/revisions\/11692"}],"wp:featuredmedia":[{"embeddable":true,"href":"https:\/\/www.sportnb.com\/fr\/wp-json\/wp\/v2\/media\/1316"}],"wp:attachment":[{"href":"https:\/\/www.sportnb.com\/fr\/wp-json\/wp\/v2\/media?parent=2041"}],"wp:term":[{"taxonomy":"wf_page_folders","embeddable":true,"href":"https:\/\/www.sportnb.com\/fr\/wp-json\/wp\/v2\/wf_page_folders?post=2041"}],"curies":[{"name":"wp","href":"https:\/\/api.w.org\/{rel}","templated":true}]}}