{"id":2007,"date":"2022-05-25T18:47:56","date_gmt":"2022-05-25T21:47:56","guid":{"rendered":"https:\/\/SITEURL\/?page_id=2007"},"modified":"2025-11-24T15:16:06","modified_gmt":"2025-11-24T19:16:06","slug":"funding-opportunities","status":"publish","type":"page","link":"https:\/\/www.sportnb.com\/fr\/funding-opportunities\/","title":{"rendered":"Financement disponible"},"content":{"rendered":"\n<div class=\"wp-block-columns is-layout-flex wp-container-core-columns-is-layout-9d6595d7 wp-block-columns-is-layout-flex\">\n<div class=\"wp-block-column is-layout-flow wp-block-column-is-layout-flow\">\n<h2 class=\"wp-block-heading\">Subventions des bureaux r\u00e9gionaux de sports et loisirs<\/h2>\n\n\n\n<p>Des fonds sont disponibles pour aider les organismes provinciaux de sport (OPS), leurs clubs et les organismes multisports (OMS) dans les domaines suivants :&nbsp;&nbsp;<\/p>\n\n\n\n<ul class=\"wp-block-list\">\n<li>D\u00e9veloppement de programmes&nbsp;<\/li>\n\n\n\n<li>D\u00e9veloppement organisationnel<\/li>\n\n\n\n<li>Formation des entra\u00eeneurs\/leadership&nbsp;<\/li>\n\n\n\n<li>Et plus encore<\/li>\n<\/ul>\n\n\n\n<p>Here are a few programs that can assist you with tVoici quelques programmes qui peuvent vous assister dans le d\u00e9veloppement de votre sport.&nbsp;<\/p>\n\n\n\n<h2 class=\"wp-block-heading\"><strong>Allez-y NB \u2013 Programme de subvention<\/strong><\/h2>\n\n\n\n<p>La subvention Allez-y NB s&#8217;adresse aux OPS, aux OSM et aux organismes communautaires locaux et r\u00e9gionaux. Le programme est con\u00e7u pour accro\u00eetre la litt\u00e9ratie physique et r\u00e9duire les obstacles \u00e0 la participation sportive des enfants et des jeunes, en mettant l&#8217;accent sur des populations cibl\u00e9es comme les femmes et les filles, les personnes ayant un handicap, les personnes Autochtones et les nouveaux arrivants.&nbsp;<\/p>\n\n\n\n<p class=\"has-text-align-left\">Pour en savoir plus, veuillez consulter le site :<br><a href=\"https:\/\/www.gnb.ca\/fr\/sujet\/tourisme-loisirs\/sports-loisirs\/allez-y-nb.html\" target=\"_blank\" rel=\"noreferrer noopener\">Allez-y NB<\/a>\u00a0<\/p>\n\n\n\n<div class=\"wp-block-buttons is-content-justification-left is-layout-flex wp-container-core-buttons-is-layout-fdcfc74e wp-block-buttons-is-layout-flex\">\n<div class=\"wp-block-button\"><a class=\"wp-block-button__link has-text-color has-background wp-element-button\" href=\"https:\/\/cloud.garago.net\/\" style=\"color:#003954;background-color:#f7b427\" target=\"_blank\" rel=\"noreferrer noopener\">Appliquez maintenant<\/a><\/div>\n<\/div>\n\n\n\n<div style=\"height:50px\" aria-hidden=\"true\" class=\"wp-block-spacer\"><\/div>\n\n\n\n<h2 class=\"wp-block-heading\"><strong>Financement communautaire&nbsp;<\/strong>&nbsp;<\/h2>\n\n\n\n<ul class=\"wp-block-list\">\n<li><a rel=\"noreferrer noopener\" href=\"https:\/\/www2.gnb.ca\/content\/gnb\/en\/departments\/thc\/services\/services_renderer.201395.Regional_Grant_Program_-_Leadership_Development.html\" target=\"_blank\"><\/a><a href=\"https:\/\/www2.gnb.ca\/content\/gnb\/fr\/ministeres\/tpc\/services\/services_renderer.201395.Programme_de_subventions_r%C3%A9gionales_-_D%C3%A9veloppement_du_leadership.html\" target=\"_blank\" rel=\"noreferrer noopener\">Programme de subvention r\u00e9gionale &#8211; D\u00e9veloppement du Leadership<\/a>&nbsp;<\/li>\n\n\n\n<li><a rel=\"noreferrer noopener\" href=\"https:\/\/www2.gnb.ca\/content\/gnb\/en\/departments\/thc\/services\/services_renderer.201394.Regional_Grant_Program_-_Organizational_Development.html\" target=\"_blank\"><\/a><a href=\"https:\/\/www2.gnb.ca\/content\/gnb\/fr\/ministeres\/tpc\/services\/services_renderer.201394.Programme_de_subventions_r%C3%A9gionales_-_D%C3%A9veloppement_organisationnel.html\" target=\"_blank\" rel=\"noreferrer noopener\">Programme de subvention r\u00e9gionale \u2013 D\u00e9veloppement organisationnel<\/a><\/li>\n\n\n\n<li><a href=\"https:\/\/www2.gnb.ca\/content\/gnb\/en\/departments\/thc\/services\/services_renderer.201039.Sport_and_Recreation_Organizations_(Regional__Local_Grant).html\" target=\"_blank\" rel=\"noreferrer noopener\"><\/a><a href=\"https:\/\/www.gnb.ca\/fr\/sujet\/tourisme-loisirs\/sports-loisirs\/programmes-subventions-regionales.html\" target=\"_blank\" rel=\"noreferrer noopener\">Profil r\u00e9gional<\/a>\u00a0<\/li>\n<\/ul>\n\n\n\n<p class=\"has-text-align-left\">Communiquez avec le conseiller de votre r\u00e9gion <a href=\"https:\/\/www2.gnb.ca\/content\/dam\/gnb\/Departments\/thc-tpc\/pdf\/Sport\/CarteDesRegionsDirectionCA.pdf\" target=\"_blank\" rel=\"noreferrer noopener\">pour en savoir plus.<\/a>&nbsp;<\/p>\n\n\n\n<div style=\"height:50px\" aria-hidden=\"true\" class=\"wp-block-spacer\"><\/div>\n<\/div>\n\n\n\n<div class=\"wp-block-column is-layout-flow wp-block-column-is-layout-flow\">\n<h2 class=\"wp-block-heading\">Programmes de financement pour les personnes \u00e0 faible revenu&nbsp;<\/h2>\n\n\n\n<ul class=\"wp-block-list\">\n<li><a rel=\"noreferrer noopener\" href=\"https:\/\/kidsportcanada.ca\/new-brunswick\/\" target=\"_blank\"><\/a><a rel=\"noreferrer noopener\" href=\"https:\/\/kidsportcanada.ca\/new-brunswick\/fr\/\" target=\"_blank\">Sport Jeunesse<\/a>&nbsp;<\/li>\n\n\n\n<li><a rel=\"noreferrer noopener\" href=\"https:\/\/jumpstart.canadiantire.ca\/pages\/individual-child-grants\" target=\"_blank\"><\/a><a rel=\"noreferrer noopener\" href=\"https:\/\/jumpstart.canadiantire.ca\/fr\/pages\/individual-child-grants\" target=\"_blank\">Bon D\u00e9part<\/a>&nbsp;&nbsp;<\/li>\n\n\n\n<li><a rel=\"noreferrer noopener\" href=\"https:\/\/saintjohn.ca\/en\/parks-and-recreation\/pro-kids\" target=\"_blank\"><\/a><a rel=\"noreferrer noopener\" href=\"https:\/\/saintjohn.ca\/fr\/parcs-et-loisirs\/pro-jeunesse\" target=\"_blank\">Prokids \u2013 Saint John&nbsp;<\/a><\/li>\n\n\n\n<li><a rel=\"noreferrer noopener\" href=\"https:\/\/www.townofriverview.ca\/riverview-pro-kids\" target=\"_blank\"><\/a><a rel=\"noreferrer noopener\" href=\"https:\/\/www.townofriverview.ca\/riverview-pro-kids\" target=\"_blank\">Prokids \u2013 Riverview<\/a>&nbsp;<\/li>\n\n\n\n<li><a rel=\"noreferrer noopener\" href=\"https:\/\/www.wvra.ca\/p-r-o-kids\/\" target=\"_blank\"><\/a><a rel=\"noreferrer noopener\" href=\"https:\/\/www.wvra.ca\/p-r-o-kids\/\" target=\"_blank\">Prokids \u2013 Western Valley<\/a><\/li>\n\n\n\n<li><a rel=\"noreferrer noopener\" href=\"https:\/\/www.townofhampton.ca\/directory\/hampton-p-r-o-kids\/\" target=\"_blank\"><\/a><a rel=\"noreferrer noopener\" href=\"https:\/\/www.townofhampton.ca\/directory\/hampton-p-r-o-kids\/\" target=\"_blank\">Prokids \u2013 Hampton<\/a><\/li>\n\n\n\n<li><a rel=\"noreferrer noopener\" href=\"https:\/\/onlineforms.dieppe.ca\/PRO-Kids\" target=\"_blank\"><\/a><a rel=\"noreferrer noopener\" href=\"https:\/\/formulairesweb.dieppe.ca\/PRO-Jeunesse\" target=\"_blank\">ProJeunesse \u2013 Dieppe<\/a>&nbsp;<\/li>\n\n\n\n<li><a rel=\"noreferrer noopener\" href=\"https:\/\/moncton.ymca.ca\/join-the-y\/myrap\/\" target=\"_blank\"><\/a><a rel=\"noreferrer noopener\" href=\"https:\/\/moncton.ymca.ca\/devenir-membre\/monpal\/?lang=fr\" target=\"_blank\">Moncton Youth Recreation Assistance Program<\/a>&nbsp;<\/li>\n<\/ul>\n\n\n\n<div style=\"height:50px\" aria-hidden=\"true\" class=\"wp-block-spacer\"><\/div>\n\n\n\n<h2 class=\"wp-block-heading\"><strong>Les athl\u00e8tes de haut niveau&nbsp;<\/strong>&nbsp;<\/h2>\n\n\n\n<ul class=\"wp-block-list\">\n<li><a rel=\"noreferrer noopener\" href=\"https:\/\/www2.gnb.ca\/content\/gnb\/en\/departments\/thc\/services\/services_renderer.201010.Sport-_Athlete_Assistance_Grant.html\" target=\"_blank\"><\/a><a href=\"https:\/\/www2.gnb.ca\/content\/gnb\/fr\/ministeres\/tpc\/services\/services_renderer.201010.Sport_-_Programme_d_aide_aux_athl%C3%A8tes_.html\" target=\"_blank\" rel=\"noreferrer noopener\">Programme d&#8217;aide aux athl\u00e8tes<\/a>&nbsp;&nbsp;<\/li>\n\n\n\n<li><a rel=\"noreferrer noopener\" href=\"https:\/\/www.sjcanadagamesfoundation.ca\/apply.php\" target=\"_blank\"><\/a><a href=\"https:\/\/www.sjcanadagamesfoundation.ca\/apply.php?lang=fr\" target=\"_blank\" rel=\"noreferrer noopener\">La Fondation Jeux du Canada Saint John<\/a><\/li>\n<\/ul>\n\n\n\n<div style=\"height:50px\" aria-hidden=\"true\" class=\"wp-block-spacer\"><\/div>\n\n\n\n<h2 class=\"wp-block-heading\"><strong>Entra\u00eeneurs (es)<\/strong><\/h2>\n\n\n\n<p><\/p>\n\n\n\n<ul class=\"wp-block-list\">\n<li><a rel=\"noreferrer noopener\" href=\"https:\/\/www2.gnb.ca\/content\/gnb\/en\/departments\/thc\/services\/services_renderer.201395.Regional_Grant_Program_-_Leadership_Development.html\" target=\"_blank\"><\/a><a href=\"https:\/\/www2.gnb.ca\/content\/gnb\/fr\/ministeres\/tpc\/services\/services_renderer.201395.Programme_de_subventions_r%C3%A9gionales_-_D%C3%A9veloppement_du_leadership.html\" target=\"_blank\" rel=\"noreferrer noopener\">Programme de subvention r\u00e9gionale &#8211; D\u00e9veloppement du Leadership<\/a>&nbsp;<\/li>\n\n\n\n<li><a href=\"https:\/\/sportnb.com\/wp-content\/uploads\/2025\/09\/FR-Saint-john-canada-games-Coach-project-Guidelines.pdf\">Projet des entra\u00eeneur.e.s des Jeux du Canada de Saint John<\/a><\/li>\n\n\n\n<li><a href=\"https:\/\/sportnb.com\/fr\/femmes-a-surveiller\/\">Programme de subvention Femmes \u00e0 surveiller<\/a><\/li>\n<\/ul>\n\n\n\n<div style=\"height:50px\" aria-hidden=\"true\" class=\"wp-block-spacer\"><\/div>\n\n\n\n<h2 class=\"wp-block-heading\"><strong>Autres opportunit\u00e9s<\/strong><\/h2>\n\n\n\n<ul class=\"wp-block-list\">\n<li><a href=\"https:\/\/www2.gnb.ca\/content\/dam\/gnb\/Departments\/thc-tpc\/pdf\/Sport\/TIF-GCG.pdf\" target=\"_blank\" rel=\"noreferrer noopener\"><\/a><a href=\"https:\/\/www.gnb.ca\/fr\/sujet\/conduite-transports\/vehicules-hor-route-embarcations\/fonds-infrastructure-sentiers.html\" target=\"_blank\" rel=\"noreferrer noopener\">Fonds d\u2019infrastructure des sentiers<\/a>&nbsp;<\/li>\n\n\n\n<li><a rel=\"noreferrer noopener\" href=\"https:\/\/www2.gnb.ca\/content\/gnb\/en\/services\/services_renderer.201525.Regional_Grant_Program_-_Inclusive_Community_Recreation_Infrastructure_Fund.html\" target=\"_blank\"><\/a><a href=\"https:\/\/www2.gnb.ca\/content\/gnb\/fr\/services\/services_renderer.201525.Fonds_pour_l_inclusivit%C3%A9_dans_les_installations_de_loisirs.html\" target=\"_blank\" rel=\"noreferrer noopener\">Programme de subventions r\u00e9gionales &#8211; Fonds pour l&#8217;inclusivit\u00e9 dans les installations<\/a><\/li>\n<\/ul>\n<\/div>\n<\/div>\n\n\n\n<p><\/p>\n","protected":false},"excerpt":{"rendered":"<p>Subventions des bureaux r\u00e9gionaux de sports et loisirs Des fonds sont disponibles pour aider les organismes provinciaux de sport (OPS), leurs clubs et les organismes multisports (OMS) dans les domaines [&hellip;]<\/p>\n","protected":false},"author":3,"featured_media":1787,"parent":0,"menu_order":0,"comment_status":"closed","ping_status":"closed","template":"","meta":{"_acf_changed":false,"_uag_custom_page_level_css":"","_monsterinsights_skip_tracking":false,"_monsterinsights_sitenote_active":false,"_monsterinsights_sitenote_note":"","_monsterinsights_sitenote_category":0,"footnotes":""},"wf_page_folders":[],"class_list":["post-2007","page","type-page","status-publish","has-post-thumbnail","hentry"],"acf":[],"yoast_head":"<!-- This site is optimized with the Yoast SEO plugin v27.4 - https:\/\/yoast.com\/product\/yoast-seo-wordpress\/ -->\n<title>SportNB | Financement disponible<\/title>\n<meta name=\"description\" content=\"Sport New Brunswick (Sport NB) is a non-profit, volunteer organization dedicated to the development and promotion of the amateur sport community in New Brunswick. It is a federation that consists of over 60 provincial sport organizations and other sport related organizations.\" \/>\n<meta name=\"robots\" content=\"index, follow, max-snippet:-1, max-image-preview:large, max-video-preview:-1\" \/>\n<link rel=\"canonical\" href=\"https:\/\/www.sportnb.com\/fr\/funding-opportunities\/\" \/>\n<meta property=\"og:locale\" content=\"fr_FR\" \/>\n<meta property=\"og:type\" content=\"article\" \/>\n<meta property=\"og:title\" content=\"SportNB | Financement disponible\" \/>\n<meta property=\"og:description\" content=\"Sport New Brunswick (Sport NB) is a non-profit, volunteer organization dedicated to the development and promotion of the amateur sport community in New Brunswick. It is a federation that consists of over 60 provincial sport organizations and other sport related organizations.\" \/>\n<meta property=\"og:url\" content=\"https:\/\/www.sportnb.com\/fr\/funding-opportunities\/\" \/>\n<meta property=\"og:site_name\" content=\"SportNB\" \/>\n<meta property=\"article:publisher\" content=\"https:\/\/www.facebook.com\/sportnb\" \/>\n<meta property=\"article:modified_time\" content=\"2025-11-24T19:16:06+00:00\" \/>\n<meta property=\"og:image\" content=\"https:\/\/www.sportnb.com\/wp-content\/uploads\/2022\/06\/Swimming-26.jpg\" \/>\n\t<meta property=\"og:image:width\" content=\"689\" \/>\n\t<meta property=\"og:image:height\" content=\"460\" \/>\n\t<meta property=\"og:image:type\" content=\"image\/jpeg\" \/>\n<meta name=\"twitter:card\" content=\"summary_large_image\" \/>\n<meta name=\"twitter:site\" content=\"@SportNB\" \/>\n<meta name=\"twitter:label1\" content=\"Est. reading time\" \/>\n\t<meta name=\"twitter:data1\" content=\"2 minutes\" \/>\n<script type=\"application\/ld+json\" class=\"yoast-schema-graph\">{\"@context\":\"https:\\\/\\\/schema.org\",\"@graph\":[{\"@type\":\"WebPage\",\"@id\":\"https:\\\/\\\/www.sportnb.com\\\/fr\\\/funding-opportunities\\\/\",\"url\":\"https:\\\/\\\/www.sportnb.com\\\/fr\\\/funding-opportunities\\\/\",\"name\":\"SportNB | Financement disponible\",\"isPartOf\":{\"@id\":\"https:\\\/\\\/www.sportnb.com\\\/fr\\\/#website\"},\"primaryImageOfPage\":{\"@id\":\"https:\\\/\\\/www.sportnb.com\\\/fr\\\/funding-opportunities\\\/#primaryimage\"},\"image\":{\"@id\":\"https:\\\/\\\/www.sportnb.com\\\/fr\\\/funding-opportunities\\\/#primaryimage\"},\"thumbnailUrl\":\"https:\\\/\\\/www.sportnb.com\\\/wp-content\\\/uploads\\\/2022\\\/06\\\/Swimming-26.jpg\",\"datePublished\":\"2022-05-25T21:47:56+00:00\",\"dateModified\":\"2025-11-24T19:16:06+00:00\",\"description\":\"Sport New Brunswick (Sport NB) is a non-profit, volunteer organization dedicated to the development and promotion of the amateur sport community in New Brunswick. It is a federation that consists of over 60 provincial sport organizations and other sport related organizations.\",\"breadcrumb\":{\"@id\":\"https:\\\/\\\/www.sportnb.com\\\/fr\\\/funding-opportunities\\\/#breadcrumb\"},\"inLanguage\":\"fr-FR\",\"potentialAction\":[{\"@type\":\"ReadAction\",\"target\":[\"https:\\\/\\\/www.sportnb.com\\\/fr\\\/funding-opportunities\\\/\"]}]},{\"@type\":\"ImageObject\",\"inLanguage\":\"fr-FR\",\"@id\":\"https:\\\/\\\/www.sportnb.com\\\/fr\\\/funding-opportunities\\\/#primaryimage\",\"url\":\"https:\\\/\\\/www.sportnb.com\\\/wp-content\\\/uploads\\\/2022\\\/06\\\/Swimming-26.jpg\",\"contentUrl\":\"https:\\\/\\\/www.sportnb.com\\\/wp-content\\\/uploads\\\/2022\\\/06\\\/Swimming-26.jpg\",\"width\":689,\"height\":460},{\"@type\":\"BreadcrumbList\",\"@id\":\"https:\\\/\\\/www.sportnb.com\\\/fr\\\/funding-opportunities\\\/#breadcrumb\",\"itemListElement\":[{\"@type\":\"ListItem\",\"position\":1,\"name\":\"Home\",\"item\":\"https:\\\/\\\/www.sportnb.com\\\/fr\\\/\"},{\"@type\":\"ListItem\",\"position\":2,\"name\":\"Financement disponible\"}]},{\"@type\":\"WebSite\",\"@id\":\"https:\\\/\\\/www.sportnb.com\\\/fr\\\/#website\",\"url\":\"https:\\\/\\\/www.sportnb.com\\\/fr\\\/\",\"name\":\"SportNB\",\"description\":\"Together, we can make sport safe for everyone.\",\"publisher\":{\"@id\":\"https:\\\/\\\/www.sportnb.com\\\/fr\\\/#organization\"},\"potentialAction\":[{\"@type\":\"SearchAction\",\"target\":{\"@type\":\"EntryPoint\",\"urlTemplate\":\"https:\\\/\\\/www.sportnb.com\\\/fr\\\/?s={search_term_string}\"},\"query-input\":{\"@type\":\"PropertyValueSpecification\",\"valueRequired\":true,\"valueName\":\"search_term_string\"}}],\"inLanguage\":\"fr-FR\"},{\"@type\":\"Organization\",\"@id\":\"https:\\\/\\\/www.sportnb.com\\\/fr\\\/#organization\",\"name\":\"SportNB\",\"url\":\"https:\\\/\\\/www.sportnb.com\\\/fr\\\/\",\"logo\":{\"@type\":\"ImageObject\",\"inLanguage\":\"fr-FR\",\"@id\":\"https:\\\/\\\/www.sportnb.com\\\/fr\\\/#\\\/schema\\\/logo\\\/image\\\/\",\"url\":\"https:\\\/\\\/sportnb.com\\\/wp-content\\\/uploads\\\/2022\\\/03\\\/logo.svg\",\"contentUrl\":\"https:\\\/\\\/sportnb.com\\\/wp-content\\\/uploads\\\/2022\\\/03\\\/logo.svg\",\"width\":288,\"height\":75,\"caption\":\"SportNB\"},\"image\":{\"@id\":\"https:\\\/\\\/www.sportnb.com\\\/fr\\\/#\\\/schema\\\/logo\\\/image\\\/\"},\"sameAs\":[\"https:\\\/\\\/www.facebook.com\\\/sportnb\",\"https:\\\/\\\/x.com\\\/SportNB\",\"https:\\\/\\\/www.youtube.com\\\/channel\\\/UC5976PPks7naTvXfQ4cZk5g\",\"https:\\\/\\\/ca.linkedin.com\\\/company\\\/sportnb506\",\"https:\\\/\\\/www.instagram.com\\\/sportnewnouveaubrunswick\\\/\"]}]}<\/script>\n<!-- \/ Yoast SEO plugin. -->","yoast_head_json":{"title":"SportNB | Financement disponible","description":"Sport New Brunswick (Sport NB) is a non-profit, volunteer organization dedicated to the development and promotion of the amateur sport community in New Brunswick. It is a federation that consists of over 60 provincial sport organizations and other sport related organizations.","robots":{"index":"index","follow":"follow","max-snippet":"max-snippet:-1","max-image-preview":"max-image-preview:large","max-video-preview":"max-video-preview:-1"},"canonical":"https:\/\/www.sportnb.com\/fr\/funding-opportunities\/","og_locale":"fr_FR","og_type":"article","og_title":"SportNB | Financement disponible","og_description":"Sport New Brunswick (Sport NB) is a non-profit, volunteer organization dedicated to the development and promotion of the amateur sport community in New Brunswick. It is a federation that consists of over 60 provincial sport organizations and other sport related organizations.","og_url":"https:\/\/www.sportnb.com\/fr\/funding-opportunities\/","og_site_name":"SportNB","article_publisher":"https:\/\/www.facebook.com\/sportnb","article_modified_time":"2025-11-24T19:16:06+00:00","og_image":[{"width":689,"height":460,"url":"https:\/\/www.sportnb.com\/wp-content\/uploads\/2022\/06\/Swimming-26.jpg","type":"image\/jpeg"}],"twitter_card":"summary_large_image","twitter_site":"@SportNB","twitter_misc":{"Est. reading time":"2 minutes"},"schema":{"@context":"https:\/\/schema.org","@graph":[{"@type":"WebPage","@id":"https:\/\/www.sportnb.com\/fr\/funding-opportunities\/","url":"https:\/\/www.sportnb.com\/fr\/funding-opportunities\/","name":"SportNB | Financement disponible","isPartOf":{"@id":"https:\/\/www.sportnb.com\/fr\/#website"},"primaryImageOfPage":{"@id":"https:\/\/www.sportnb.com\/fr\/funding-opportunities\/#primaryimage"},"image":{"@id":"https:\/\/www.sportnb.com\/fr\/funding-opportunities\/#primaryimage"},"thumbnailUrl":"https:\/\/www.sportnb.com\/wp-content\/uploads\/2022\/06\/Swimming-26.jpg","datePublished":"2022-05-25T21:47:56+00:00","dateModified":"2025-11-24T19:16:06+00:00","description":"Sport New Brunswick (Sport NB) is a non-profit, volunteer organization dedicated to the development and promotion of the amateur sport community in New Brunswick. It is a federation that consists of over 60 provincial sport organizations and other sport related organizations.","breadcrumb":{"@id":"https:\/\/www.sportnb.com\/fr\/funding-opportunities\/#breadcrumb"},"inLanguage":"fr-FR","potentialAction":[{"@type":"ReadAction","target":["https:\/\/www.sportnb.com\/fr\/funding-opportunities\/"]}]},{"@type":"ImageObject","inLanguage":"fr-FR","@id":"https:\/\/www.sportnb.com\/fr\/funding-opportunities\/#primaryimage","url":"https:\/\/www.sportnb.com\/wp-content\/uploads\/2022\/06\/Swimming-26.jpg","contentUrl":"https:\/\/www.sportnb.com\/wp-content\/uploads\/2022\/06\/Swimming-26.jpg","width":689,"height":460},{"@type":"BreadcrumbList","@id":"https:\/\/www.sportnb.com\/fr\/funding-opportunities\/#breadcrumb","itemListElement":[{"@type":"ListItem","position":1,"name":"Home","item":"https:\/\/www.sportnb.com\/fr\/"},{"@type":"ListItem","position":2,"name":"Financement disponible"}]},{"@type":"WebSite","@id":"https:\/\/www.sportnb.com\/fr\/#website","url":"https:\/\/www.sportnb.com\/fr\/","name":"SportNB","description":"Together, we can make sport safe for everyone.","publisher":{"@id":"https:\/\/www.sportnb.com\/fr\/#organization"},"potentialAction":[{"@type":"SearchAction","target":{"@type":"EntryPoint","urlTemplate":"https:\/\/www.sportnb.com\/fr\/?s={search_term_string}"},"query-input":{"@type":"PropertyValueSpecification","valueRequired":true,"valueName":"search_term_string"}}],"inLanguage":"fr-FR"},{"@type":"Organization","@id":"https:\/\/www.sportnb.com\/fr\/#organization","name":"SportNB","url":"https:\/\/www.sportnb.com\/fr\/","logo":{"@type":"ImageObject","inLanguage":"fr-FR","@id":"https:\/\/www.sportnb.com\/fr\/#\/schema\/logo\/image\/","url":"https:\/\/sportnb.com\/wp-content\/uploads\/2022\/03\/logo.svg","contentUrl":"https:\/\/sportnb.com\/wp-content\/uploads\/2022\/03\/logo.svg","width":288,"height":75,"caption":"SportNB"},"image":{"@id":"https:\/\/www.sportnb.com\/fr\/#\/schema\/logo\/image\/"},"sameAs":["https:\/\/www.facebook.com\/sportnb","https:\/\/x.com\/SportNB","https:\/\/www.youtube.com\/channel\/UC5976PPks7naTvXfQ4cZk5g","https:\/\/ca.linkedin.com\/company\/sportnb506","https:\/\/www.instagram.com\/sportnewnouveaubrunswick\/"]}]}},"uagb_featured_image_src":{"full":["https:\/\/www.sportnb.com\/wp-content\/uploads\/2022\/06\/Swimming-26.jpg",689,460,false],"thumbnail":["https:\/\/www.sportnb.com\/wp-content\/uploads\/2022\/06\/Swimming-26-150x150.jpg",150,150,true],"medium":["https:\/\/www.sportnb.com\/wp-content\/uploads\/2022\/06\/Swimming-26-300x200.jpg",300,200,true],"medium_large":["https:\/\/www.sportnb.com\/wp-content\/uploads\/2022\/06\/Swimming-26.jpg",689,460,false],"large":["https:\/\/www.sportnb.com\/wp-content\/uploads\/2022\/06\/Swimming-26.jpg",689,460,false],"1536x1536":["https:\/\/www.sportnb.com\/wp-content\/uploads\/2022\/06\/Swimming-26.jpg",689,460,false],"2048x2048":["https:\/\/www.sportnb.com\/wp-content\/uploads\/2022\/06\/Swimming-26.jpg",689,460,false],"thumbnail_1440x9999":["https:\/\/www.sportnb.com\/wp-content\/uploads\/2022\/06\/Swimming-26.jpg",689,460,false],"menu-thumb":["https:\/\/www.sportnb.com\/wp-content\/uploads\/2022\/06\/Swimming-26.jpg",330,220,false]},"uagb_author_info":{"display_name":"webadmin","author_link":"https:\/\/www.sportnb.com\/fr\/author\/webadmin\/"},"uagb_comment_info":0,"uagb_excerpt":"Subventions des bureaux r\u00e9gionaux de sports et loisirs Des fonds sont disponibles pour aider les organismes provinciaux de sport (OPS), leurs clubs et les organismes multisports (OMS) dans les domaines [&hellip;]","_links":{"self":[{"href":"https:\/\/www.sportnb.com\/fr\/wp-json\/wp\/v2\/pages\/2007","targetHints":{"allow":["GET"]}}],"collection":[{"href":"https:\/\/www.sportnb.com\/fr\/wp-json\/wp\/v2\/pages"}],"about":[{"href":"https:\/\/www.sportnb.com\/fr\/wp-json\/wp\/v2\/types\/page"}],"author":[{"embeddable":true,"href":"https:\/\/www.sportnb.com\/fr\/wp-json\/wp\/v2\/users\/3"}],"replies":[{"embeddable":true,"href":"https:\/\/www.sportnb.com\/fr\/wp-json\/wp\/v2\/comments?post=2007"}],"version-history":[{"count":9,"href":"https:\/\/www.sportnb.com\/fr\/wp-json\/wp\/v2\/pages\/2007\/revisions"}],"predecessor-version":[{"id":12791,"href":"https:\/\/www.sportnb.com\/fr\/wp-json\/wp\/v2\/pages\/2007\/revisions\/12791"}],"wp:featuredmedia":[{"embeddable":true,"href":"https:\/\/www.sportnb.com\/fr\/wp-json\/wp\/v2\/media\/1787"}],"wp:attachment":[{"href":"https:\/\/www.sportnb.com\/fr\/wp-json\/wp\/v2\/media?parent=2007"}],"wp:term":[{"taxonomy":"wf_page_folders","embeddable":true,"href":"https:\/\/www.sportnb.com\/fr\/wp-json\/wp\/v2\/wf_page_folders?post=2007"}],"curies":[{"name":"wp","href":"https:\/\/api.w.org\/{rel}","templated":true}]}}