{"id":2004,"date":"2022-05-25T18:35:04","date_gmt":"2022-05-25T18:35:04","guid":{"rendered":"https:\/\/SITEURL\/?page_id=2004"},"modified":"2023-03-16T14:03:26","modified_gmt":"2023-03-16T14:03:26","slug":"sport-dispute-resolution","status":"publish","type":"page","link":"https:\/\/www.sportnb.com\/fr\/sport-dispute-resolution\/","title":{"rendered":"Programme de r\u00e8glement des diff\u00e9rends"},"content":{"rendered":"\n<div class=\"wp-block-columns is-layout-flex wp-container-core-columns-is-layout-9d6595d7 wp-block-columns-is-layout-flex\">\n<div class=\"wp-block-column is-layout-flow wp-block-column-is-layout-flow\">\n<h2 class=\"wp-block-heading\"><strong>Programme de r\u00c8glement des diff\u00e9rends<\/strong><\/h2>\n\n\n\n<p>En octobre 2021, Sport Nouveau-Brunswick, en collaboration avec la Direction des sports et des loisirs (DSL) du minist\u00e8re du Tourisme, du Patrimoine et de la Culture, a lanc\u00e9 le Programme de r\u00e8glement des diff\u00e9rends en mati\u00e8re de sport s\u00e9curitaires du Nouveau-Brunswick (PRDSSNB).&nbsp;&nbsp;<\/p>\n\n\n\n<p>Le programme vise \u00e0 fournir un soutien \u00e0 un plaignant au sein du syst\u00e8me de sport amateur du Nouveau-Brunswick pour certains diff\u00e9rends en acc\u00e9dant \u00e0 un m\u00e9canisme ind\u00e9pendant et impartial de tierce partie.<\/p>\n<\/div>\n\n\n\n<div class=\"wp-block-column is-layout-flow wp-block-column-is-layout-flow\">\n<h5 class=\"has-text-color wp-block-heading\" style=\"color:#8c1737\">Deux types de plaintes peuvent \u00eatre admissibles au programme :<\/h5>\n\n\n\n<ul class=\"wp-block-list\">\n<li>Plaintes de maltraitance tels que d\u00e9finis dans le Code de conduite universel pour pr\u00e9venir et contrer la maltraitance dans le sport (CCUMS).<\/li>\n\n\n\n<li>Plainte all\u00e9guant un manquement de la part d\u2019un organisme provincial de sport (OPS) \u00e0 respecter ses statuts et r\u00e8glements administratifs.<\/li>\n<\/ul>\n\n\n\n<p>C\u2019est avec un grand plaisir que Sport NB, en partenariat avec ITP Sport, souhaite annoncer le lancement de son syst\u00e8me s\u00e9curis\u00e9 et ind\u00e9pendant de r\u00e9ception des rapports et de gestion des cas : WhistleBlower Security Inc.&nbsp; Ce service multilingue (150 langues) offre une ligne t\u00e9l\u00e9phonique 24\/7\/365 et une plateforme de gestion de cas en ligne s\u00e9curis\u00e9e pour recevoir les probl\u00e8mes li\u00e9s au sport en toute s\u00e9curit\u00e9.&nbsp;<\/p>\n\n\n\n<p>\u00c0 partir du 8 d\u00e9cembre, pour d\u00e9poser une plainte dans le Programme de r\u00e8glement des diff\u00e9rends en mati\u00e8re de sport s\u00e9curitaire du Nouveau-Brunswick (PRDSSNB), veuillez composer le 1-800-758-9412 ou visiter le site Web \u00e0 l\u2019adresse :<\/p>\n\n\n\n<div class=\"wp-block-buttons is-layout-flex wp-block-buttons-is-layout-flex\">\n<div class=\"wp-block-button alignright has-custom-width wp-block-button__width-75\"><a class=\"wp-block-button__link has-text-color has-background wp-element-button\" href=\"https:\/\/app.integritycounts.ca\/org\/itpsport\" style=\"color:#003954;background-color:#f6b238\">D\u00c9POSER UNE PLAINTE<\/a><\/div>\n<\/div>\n<\/div>\n<\/div>\n\n\n<div class=\"wp-block-image\">\n<figure class=\"aligncenter size-full is-resized\"><img decoding=\"async\" data-src=\"https:\/\/sportnb.com\/wp-content\/uploads\/2022\/12\/MicrosoftTeams-image-1.png\" alt=\"\" class=\"wp-image-4248 lazyload\" width=\"185\" height=\"129\" data-srcset=\"https:\/\/www.sportnb.com\/wp-content\/uploads\/2022\/12\/MicrosoftTeams-image-1.png 772w, https:\/\/www.sportnb.com\/wp-content\/uploads\/2022\/12\/MicrosoftTeams-image-1-300x208.png 300w, https:\/\/www.sportnb.com\/wp-content\/uploads\/2022\/12\/MicrosoftTeams-image-1-768x533.png 768w\" data-sizes=\"(max-width: 185px) 100vw, 185px\" src=\"data:image\/svg+xml;base64,PHN2ZyB3aWR0aD0iMSIgaGVpZ2h0PSIxIiB4bWxucz0iaHR0cDovL3d3dy53My5vcmcvMjAwMC9zdmciPjwvc3ZnPg==\" style=\"--smush-placeholder-width: 185px; --smush-placeholder-aspect-ratio: 185\/129;\" \/><\/figure>\n<\/div>\n\n\n<div style=\"height:39px\" aria-hidden=\"true\" class=\"wp-block-spacer\"><\/div>\n\n\n\n<div class=\"wp-block-uagb-image uagb-block-b8308e64 wp-block-uagb-image--layout-default wp-block-uagb-image--effect-static wp-block-uagb-image--align-center\"><figure class=\"wp-block-uagb-image__figure\"><img fetchpriority=\"high\" decoding=\"async\" srcset=\"https:\/\/sportnb.com\/wp-content\/uploads\/2022\/12\/V3-French-2-1024x791.png 1024w\" src=\"https:\/\/sportnb.com\/wp-content\/uploads\/2022\/12\/V3-French-2-1024x791.png\" alt=\"\" class=\"uag-image-4250\" width=\"635\" height=\"390\" title=\"\"\/><\/figure><\/div>\n\n\n\n<div style=\"height:45px\" aria-hidden=\"true\" class=\"wp-block-spacer\"><\/div>\n\n\n\n<div class=\"wp-block-columns is-layout-flex wp-container-core-columns-is-layout-9d6595d7 wp-block-columns-is-layout-flex\">\n<div class=\"wp-block-column is-layout-flow wp-block-column-is-layout-flow\">\n<hr class=\"wp-block-separator has-alpha-channel-opacity\"\/>\n\n\n\n<div style=\"height:45px\" aria-hidden=\"true\" class=\"wp-block-spacer\"><\/div>\n\n\n<div class=\"wp-block-image\">\n<figure class=\"aligncenter size-full is-resized\"><a href=\"https:\/\/www.sportsecuritairenb.ca\/reglement-des-differends\/\" target=\"_blank\" rel=\"noopener\"><img decoding=\"async\" data-src=\"https:\/\/sportnb.com\/wp-content\/uploads\/2022\/05\/Screen-Shot-2022-05-25-at-3.38.48-PM.png\" alt=\"\" class=\"wp-image-1034 lazyload\" width=\"257\" height=\"104\" data-srcset=\"https:\/\/www.sportnb.com\/wp-content\/uploads\/2022\/05\/Screen-Shot-2022-05-25-at-3.38.48-PM.png 343w, https:\/\/www.sportnb.com\/wp-content\/uploads\/2022\/05\/Screen-Shot-2022-05-25-at-3.38.48-PM-300x122.png 300w\" data-sizes=\"(max-width: 257px) 100vw, 257px\" src=\"data:image\/svg+xml;base64,PHN2ZyB3aWR0aD0iMSIgaGVpZ2h0PSIxIiB4bWxucz0iaHR0cDovL3d3dy53My5vcmcvMjAwMC9zdmciPjwvc3ZnPg==\" style=\"--smush-placeholder-width: 257px; --smush-placeholder-aspect-ratio: 257\/104;\" \/><\/a><\/figure>\n<\/div><\/div>\n<\/div>\n\n\n\n<p><\/p>\n","protected":false},"excerpt":{"rendered":"<p>Programme de r\u00c8glement des diff\u00e9rends En octobre 2021, Sport Nouveau-Brunswick, en collaboration avec la Direction des sports et des loisirs (DSL) du minist\u00e8re du Tourisme, du Patrimoine et de la [&hellip;]<\/p>\n","protected":false},"author":3,"featured_media":1795,"parent":0,"menu_order":0,"comment_status":"closed","ping_status":"closed","template":"","meta":{"_acf_changed":false,"_uag_custom_page_level_css":"","_monsterinsights_skip_tracking":false,"_monsterinsights_sitenote_active":false,"_monsterinsights_sitenote_note":"","_monsterinsights_sitenote_category":0,"footnotes":""},"wf_page_folders":[],"class_list":["post-2004","page","type-page","status-publish","has-post-thumbnail","hentry"],"acf":[],"yoast_head":"<!-- This site is optimized with the Yoast SEO plugin v27.5 - https:\/\/yoast.com\/product\/yoast-seo-wordpress\/ -->\n<title>SportNB | Programme de r\u00e8glement des diff\u00e9rends<\/title>\n<meta name=\"description\" content=\"Sport New Brunswick (Sport NB) is a non-profit, volunteer organization dedicated to the development and promotion of the amateur sport community in New Brunswick. It is a federation that consists of over 60 provincial sport organizations and other sport related organizations.\" \/>\n<meta name=\"robots\" content=\"index, follow, max-snippet:-1, max-image-preview:large, max-video-preview:-1\" \/>\n<link rel=\"canonical\" href=\"https:\/\/www.sportnb.com\/fr\/sport-dispute-resolution\/\" \/>\n<meta property=\"og:locale\" content=\"fr_FR\" \/>\n<meta property=\"og:type\" content=\"article\" \/>\n<meta property=\"og:title\" content=\"SportNB | Programme de r\u00e8glement des diff\u00e9rends\" \/>\n<meta property=\"og:description\" content=\"Sport New Brunswick (Sport NB) is a non-profit, volunteer organization dedicated to the development and promotion of the amateur sport community in New Brunswick. It is a federation that consists of over 60 provincial sport organizations and other sport related organizations.\" \/>\n<meta property=\"og:url\" content=\"https:\/\/www.sportnb.com\/fr\/sport-dispute-resolution\/\" \/>\n<meta property=\"og:site_name\" content=\"SportNB\" \/>\n<meta property=\"article:publisher\" content=\"https:\/\/www.facebook.com\/sportnb\" \/>\n<meta property=\"article:modified_time\" content=\"2023-03-16T14:03:26+00:00\" \/>\n<meta property=\"og:image\" content=\"https:\/\/www.sportnb.com\/wp-content\/uploads\/2022\/06\/Judo-17.jpg\" \/>\n\t<meta property=\"og:image:width\" content=\"1027\" \/>\n\t<meta property=\"og:image:height\" content=\"685\" \/>\n\t<meta property=\"og:image:type\" content=\"image\/jpeg\" \/>\n<meta name=\"twitter:card\" content=\"summary_large_image\" \/>\n<meta name=\"twitter:site\" content=\"@SportNB\" \/>\n<meta name=\"twitter:label1\" content=\"Est. reading time\" \/>\n\t<meta name=\"twitter:data1\" content=\"2 minutes\" \/>\n<script type=\"application\/ld+json\" class=\"yoast-schema-graph\">{\"@context\":\"https:\\\/\\\/schema.org\",\"@graph\":[{\"@type\":\"WebPage\",\"@id\":\"https:\\\/\\\/www.sportnb.com\\\/fr\\\/sport-dispute-resolution\\\/\",\"url\":\"https:\\\/\\\/www.sportnb.com\\\/fr\\\/sport-dispute-resolution\\\/\",\"name\":\"SportNB | Programme de r\u00e8glement des diff\u00e9rends\",\"isPartOf\":{\"@id\":\"https:\\\/\\\/www.sportnb.com\\\/fr\\\/#website\"},\"primaryImageOfPage\":{\"@id\":\"https:\\\/\\\/www.sportnb.com\\\/fr\\\/sport-dispute-resolution\\\/#primaryimage\"},\"image\":{\"@id\":\"https:\\\/\\\/www.sportnb.com\\\/fr\\\/sport-dispute-resolution\\\/#primaryimage\"},\"thumbnailUrl\":\"https:\\\/\\\/www.sportnb.com\\\/wp-content\\\/uploads\\\/2022\\\/06\\\/Judo-17.jpg\",\"datePublished\":\"2022-05-25T18:35:04+00:00\",\"dateModified\":\"2023-03-16T14:03:26+00:00\",\"description\":\"Sport New Brunswick (Sport NB) is a non-profit, volunteer organization dedicated to the development and promotion of the amateur sport community in New Brunswick. It is a federation that consists of over 60 provincial sport organizations and other sport related organizations.\",\"breadcrumb\":{\"@id\":\"https:\\\/\\\/www.sportnb.com\\\/fr\\\/sport-dispute-resolution\\\/#breadcrumb\"},\"inLanguage\":\"fr-FR\",\"potentialAction\":[{\"@type\":\"ReadAction\",\"target\":[\"https:\\\/\\\/www.sportnb.com\\\/fr\\\/sport-dispute-resolution\\\/\"]}]},{\"@type\":\"ImageObject\",\"inLanguage\":\"fr-FR\",\"@id\":\"https:\\\/\\\/www.sportnb.com\\\/fr\\\/sport-dispute-resolution\\\/#primaryimage\",\"url\":\"https:\\\/\\\/www.sportnb.com\\\/wp-content\\\/uploads\\\/2022\\\/06\\\/Judo-17.jpg\",\"contentUrl\":\"https:\\\/\\\/www.sportnb.com\\\/wp-content\\\/uploads\\\/2022\\\/06\\\/Judo-17.jpg\",\"width\":1027,\"height\":685},{\"@type\":\"BreadcrumbList\",\"@id\":\"https:\\\/\\\/www.sportnb.com\\\/fr\\\/sport-dispute-resolution\\\/#breadcrumb\",\"itemListElement\":[{\"@type\":\"ListItem\",\"position\":1,\"name\":\"Home\",\"item\":\"https:\\\/\\\/www.sportnb.com\\\/fr\\\/\"},{\"@type\":\"ListItem\",\"position\":2,\"name\":\"Programme de r\u00e8glement des diff\u00e9rends\"}]},{\"@type\":\"WebSite\",\"@id\":\"https:\\\/\\\/www.sportnb.com\\\/fr\\\/#website\",\"url\":\"https:\\\/\\\/www.sportnb.com\\\/fr\\\/\",\"name\":\"SportNB\",\"description\":\"Together, we can make sport safe for everyone.\",\"publisher\":{\"@id\":\"https:\\\/\\\/www.sportnb.com\\\/fr\\\/#organization\"},\"potentialAction\":[{\"@type\":\"SearchAction\",\"target\":{\"@type\":\"EntryPoint\",\"urlTemplate\":\"https:\\\/\\\/www.sportnb.com\\\/fr\\\/?s={search_term_string}\"},\"query-input\":{\"@type\":\"PropertyValueSpecification\",\"valueRequired\":true,\"valueName\":\"search_term_string\"}}],\"inLanguage\":\"fr-FR\"},{\"@type\":\"Organization\",\"@id\":\"https:\\\/\\\/www.sportnb.com\\\/fr\\\/#organization\",\"name\":\"SportNB\",\"url\":\"https:\\\/\\\/www.sportnb.com\\\/fr\\\/\",\"logo\":{\"@type\":\"ImageObject\",\"inLanguage\":\"fr-FR\",\"@id\":\"https:\\\/\\\/www.sportnb.com\\\/fr\\\/#\\\/schema\\\/logo\\\/image\\\/\",\"url\":\"https:\\\/\\\/sportnb.com\\\/wp-content\\\/uploads\\\/2022\\\/03\\\/logo.svg\",\"contentUrl\":\"https:\\\/\\\/sportnb.com\\\/wp-content\\\/uploads\\\/2022\\\/03\\\/logo.svg\",\"width\":288,\"height\":75,\"caption\":\"SportNB\"},\"image\":{\"@id\":\"https:\\\/\\\/www.sportnb.com\\\/fr\\\/#\\\/schema\\\/logo\\\/image\\\/\"},\"sameAs\":[\"https:\\\/\\\/www.facebook.com\\\/sportnb\",\"https:\\\/\\\/x.com\\\/SportNB\",\"https:\\\/\\\/www.youtube.com\\\/channel\\\/UC5976PPks7naTvXfQ4cZk5g\",\"https:\\\/\\\/ca.linkedin.com\\\/company\\\/sportnb506\",\"https:\\\/\\\/www.instagram.com\\\/sportnewnouveaubrunswick\\\/\"]}]}<\/script>\n<!-- \/ Yoast SEO plugin. -->","yoast_head_json":{"title":"SportNB | Programme de r\u00e8glement des diff\u00e9rends","description":"Sport New Brunswick (Sport NB) is a non-profit, volunteer organization dedicated to the development and promotion of the amateur sport community in New Brunswick. It is a federation that consists of over 60 provincial sport organizations and other sport related organizations.","robots":{"index":"index","follow":"follow","max-snippet":"max-snippet:-1","max-image-preview":"max-image-preview:large","max-video-preview":"max-video-preview:-1"},"canonical":"https:\/\/www.sportnb.com\/fr\/sport-dispute-resolution\/","og_locale":"fr_FR","og_type":"article","og_title":"SportNB | Programme de r\u00e8glement des diff\u00e9rends","og_description":"Sport New Brunswick (Sport NB) is a non-profit, volunteer organization dedicated to the development and promotion of the amateur sport community in New Brunswick. It is a federation that consists of over 60 provincial sport organizations and other sport related organizations.","og_url":"https:\/\/www.sportnb.com\/fr\/sport-dispute-resolution\/","og_site_name":"SportNB","article_publisher":"https:\/\/www.facebook.com\/sportnb","article_modified_time":"2023-03-16T14:03:26+00:00","og_image":[{"width":1027,"height":685,"url":"https:\/\/www.sportnb.com\/wp-content\/uploads\/2022\/06\/Judo-17.jpg","type":"image\/jpeg"}],"twitter_card":"summary_large_image","twitter_site":"@SportNB","twitter_misc":{"Est. reading time":"2 minutes"},"schema":{"@context":"https:\/\/schema.org","@graph":[{"@type":"WebPage","@id":"https:\/\/www.sportnb.com\/fr\/sport-dispute-resolution\/","url":"https:\/\/www.sportnb.com\/fr\/sport-dispute-resolution\/","name":"SportNB | Programme de r\u00e8glement des diff\u00e9rends","isPartOf":{"@id":"https:\/\/www.sportnb.com\/fr\/#website"},"primaryImageOfPage":{"@id":"https:\/\/www.sportnb.com\/fr\/sport-dispute-resolution\/#primaryimage"},"image":{"@id":"https:\/\/www.sportnb.com\/fr\/sport-dispute-resolution\/#primaryimage"},"thumbnailUrl":"https:\/\/www.sportnb.com\/wp-content\/uploads\/2022\/06\/Judo-17.jpg","datePublished":"2022-05-25T18:35:04+00:00","dateModified":"2023-03-16T14:03:26+00:00","description":"Sport New Brunswick (Sport NB) is a non-profit, volunteer organization dedicated to the development and promotion of the amateur sport community in New Brunswick. It is a federation that consists of over 60 provincial sport organizations and other sport related organizations.","breadcrumb":{"@id":"https:\/\/www.sportnb.com\/fr\/sport-dispute-resolution\/#breadcrumb"},"inLanguage":"fr-FR","potentialAction":[{"@type":"ReadAction","target":["https:\/\/www.sportnb.com\/fr\/sport-dispute-resolution\/"]}]},{"@type":"ImageObject","inLanguage":"fr-FR","@id":"https:\/\/www.sportnb.com\/fr\/sport-dispute-resolution\/#primaryimage","url":"https:\/\/www.sportnb.com\/wp-content\/uploads\/2022\/06\/Judo-17.jpg","contentUrl":"https:\/\/www.sportnb.com\/wp-content\/uploads\/2022\/06\/Judo-17.jpg","width":1027,"height":685},{"@type":"BreadcrumbList","@id":"https:\/\/www.sportnb.com\/fr\/sport-dispute-resolution\/#breadcrumb","itemListElement":[{"@type":"ListItem","position":1,"name":"Home","item":"https:\/\/www.sportnb.com\/fr\/"},{"@type":"ListItem","position":2,"name":"Programme de r\u00e8glement des diff\u00e9rends"}]},{"@type":"WebSite","@id":"https:\/\/www.sportnb.com\/fr\/#website","url":"https:\/\/www.sportnb.com\/fr\/","name":"SportNB","description":"Together, we can make sport safe for everyone.","publisher":{"@id":"https:\/\/www.sportnb.com\/fr\/#organization"},"potentialAction":[{"@type":"SearchAction","target":{"@type":"EntryPoint","urlTemplate":"https:\/\/www.sportnb.com\/fr\/?s={search_term_string}"},"query-input":{"@type":"PropertyValueSpecification","valueRequired":true,"valueName":"search_term_string"}}],"inLanguage":"fr-FR"},{"@type":"Organization","@id":"https:\/\/www.sportnb.com\/fr\/#organization","name":"SportNB","url":"https:\/\/www.sportnb.com\/fr\/","logo":{"@type":"ImageObject","inLanguage":"fr-FR","@id":"https:\/\/www.sportnb.com\/fr\/#\/schema\/logo\/image\/","url":"https:\/\/sportnb.com\/wp-content\/uploads\/2022\/03\/logo.svg","contentUrl":"https:\/\/sportnb.com\/wp-content\/uploads\/2022\/03\/logo.svg","width":288,"height":75,"caption":"SportNB"},"image":{"@id":"https:\/\/www.sportnb.com\/fr\/#\/schema\/logo\/image\/"},"sameAs":["https:\/\/www.facebook.com\/sportnb","https:\/\/x.com\/SportNB","https:\/\/www.youtube.com\/channel\/UC5976PPks7naTvXfQ4cZk5g","https:\/\/ca.linkedin.com\/company\/sportnb506","https:\/\/www.instagram.com\/sportnewnouveaubrunswick\/"]}]}},"uagb_featured_image_src":{"full":["https:\/\/www.sportnb.com\/wp-content\/uploads\/2022\/06\/Judo-17.jpg",1027,685,false],"thumbnail":["https:\/\/www.sportnb.com\/wp-content\/uploads\/2022\/06\/Judo-17-150x150.jpg",150,150,true],"medium":["https:\/\/www.sportnb.com\/wp-content\/uploads\/2022\/06\/Judo-17-300x200.jpg",300,200,true],"medium_large":["https:\/\/www.sportnb.com\/wp-content\/uploads\/2022\/06\/Judo-17-768x512.jpg",768,512,true],"large":["https:\/\/www.sportnb.com\/wp-content\/uploads\/2022\/06\/Judo-17-1024x683.jpg",900,600,true],"1536x1536":["https:\/\/www.sportnb.com\/wp-content\/uploads\/2022\/06\/Judo-17.jpg",1027,685,false],"2048x2048":["https:\/\/www.sportnb.com\/wp-content\/uploads\/2022\/06\/Judo-17.jpg",1027,685,false],"thumbnail_1440x9999":["https:\/\/www.sportnb.com\/wp-content\/uploads\/2022\/06\/Judo-17.jpg",1027,685,false],"menu-thumb":["https:\/\/www.sportnb.com\/wp-content\/uploads\/2022\/06\/Judo-17.jpg",330,220,false]},"uagb_author_info":{"display_name":"webadmin","author_link":"https:\/\/www.sportnb.com\/fr\/author\/webadmin\/"},"uagb_comment_info":0,"uagb_excerpt":"Programme de r\u00c8glement des diff\u00e9rends En octobre 2021, Sport Nouveau-Brunswick, en collaboration avec la Direction des sports et des loisirs (DSL) du minist\u00e8re du Tourisme, du Patrimoine et de la [&hellip;]","_links":{"self":[{"href":"https:\/\/www.sportnb.com\/fr\/wp-json\/wp\/v2\/pages\/2004","targetHints":{"allow":["GET"]}}],"collection":[{"href":"https:\/\/www.sportnb.com\/fr\/wp-json\/wp\/v2\/pages"}],"about":[{"href":"https:\/\/www.sportnb.com\/fr\/wp-json\/wp\/v2\/types\/page"}],"author":[{"embeddable":true,"href":"https:\/\/www.sportnb.com\/fr\/wp-json\/wp\/v2\/users\/3"}],"replies":[{"embeddable":true,"href":"https:\/\/www.sportnb.com\/fr\/wp-json\/wp\/v2\/comments?post=2004"}],"version-history":[{"count":6,"href":"https:\/\/www.sportnb.com\/fr\/wp-json\/wp\/v2\/pages\/2004\/revisions"}],"predecessor-version":[{"id":5631,"href":"https:\/\/www.sportnb.com\/fr\/wp-json\/wp\/v2\/pages\/2004\/revisions\/5631"}],"wp:featuredmedia":[{"embeddable":true,"href":"https:\/\/www.sportnb.com\/fr\/wp-json\/wp\/v2\/media\/1795"}],"wp:attachment":[{"href":"https:\/\/www.sportnb.com\/fr\/wp-json\/wp\/v2\/media?parent=2004"}],"wp:term":[{"taxonomy":"wf_page_folders","embeddable":true,"href":"https:\/\/www.sportnb.com\/fr\/wp-json\/wp\/v2\/wf_page_folders?post=2004"}],"curies":[{"name":"wp","href":"https:\/\/api.w.org\/{rel}","templated":true}]}}