{"id":1995,"date":"2022-05-25T17:19:09","date_gmt":"2022-05-25T17:19:09","guid":{"rendered":"https:\/\/SITEURL\/?page_id=1995"},"modified":"2023-06-13T15:32:48","modified_gmt":"2023-06-13T15:32:48","slug":"sport-insurance-program","status":"publish","type":"page","link":"https:\/\/www.sportnb.com\/fr\/sport-insurance-program\/","title":{"rendered":"Programme d\u2019assurance"},"content":{"rendered":"\n<div class=\"wp-block-columns is-layout-flex wp-container-core-columns-is-layout-9d6595d7 wp-block-columns-is-layout-flex\">\n<div class=\"wp-block-column is-layout-flow wp-block-column-is-layout-flow\">\n<div class=\"wp-block-columns is-layout-flex wp-container-core-columns-is-layout-9d6595d7 wp-block-columns-is-layout-flex\">\n<div class=\"wp-block-column is-layout-flow wp-block-column-is-layout-flow\">\n<h2 class=\"wp-block-heading\"><strong>Programme d\u2019assurance<\/strong><\/h2>\n\n\n\n<p>Sport NB s&#8217;est associ\u00e9 \u00e0 BFL Canada pour offrir une assurance de qualit\u00e9 \u00e0 ses membres. BFL est un chef de file de l&#8217;industrie qui comprend parfaitement le domaine du sport amateur \u00e0 but non lucratif. Elle offre une assurance responsabilit\u00e9 civile g\u00e9n\u00e9rale, une assurance accident, une assurance pour administrateurs et dirigeants, ainsi qu&#8217;une assurance contre les abus et le harc\u00e8lement.<\/p>\n\n\n\n<h2 class=\"wp-block-heading\"><strong><strong>Pourquoi une assurance pour le sport ?<\/strong>&nbsp;&nbsp;<\/strong><\/h2>\n\n\n\n<p>Une assurance sportive est essentielle pour tous les organismes. Les membres en r\u00e8gle de Sport NB peuvent participer au programme d&#8217;assurance de BFL. Il est important de comprendre que ce programme n&#8217;est pas destin\u00e9 aux organismes provinciaux de sport (OPS) qui obtiennent une couverture par l&#8217;entremise de leur organisme national de sport (ONS). Il incombe \u00e0 l&#8217;organisme de comprendre sa couverture et de s&#8217;assurer que ses administrateurs et dirigeants, ses membres et clubs, ainsi que ses programmes et \u00e9v\u00e9nements, sont prot\u00e9g\u00e9s contre tout risque qui pourrait survenir. Par ailleurs, il est de plus en plus courant que les installations sportives exigent une preuve d&#8217;assurance lorsqu&#8217;elles font des r\u00e9servations pour des activit\u00e9s.&nbsp;<\/p>\n<\/div>\n\n\n\n<div class=\"wp-block-column is-layout-flow wp-block-column-is-layout-flow\">\n<h2 class=\"wp-block-heading\"><strong><strong>Qui est admissible \u00e0 l&#8217;obtention d&#8217;une police de BFL<\/strong><\/strong><\/h2>\n\n\n\n<p>Les organismes provinciaux de sport et les organismes multisports qui sont membres en r\u00e8gle de Sport NB sont admissibles \u00e0 ce programme. La couverture de cette police s&#8217;\u00e9tend \u00e0 leurs clubs membres, aux participants, aux entra\u00eeneurs et aux b\u00e9n\u00e9voles.&nbsp;<\/p>\n\n\n\n<p>Veuillez communiquer avec Sport NB \u00e0 info@sportnb.com pour obtenir de plus amples renseignements.<\/p>\n\n\n\n<div style=\"height:0px\" aria-hidden=\"true\" class=\"wp-block-spacer\"><\/div>\n\n\n\n<hr class=\"wp-block-separator has-text-color has-cyan-bluish-gray-color has-css-opacity has-cyan-bluish-gray-background-color has-background\"\/>\n\n\n\n<div style=\"height:11px\" aria-hidden=\"true\" class=\"wp-block-spacer\"><\/div>\n\n\n\n<ul class=\"wp-block-list\">\n<li><a href=\"https:\/\/sportnb.com\/wp-content\/uploads\/2022\/06\/Important-Information-FR.pdf\" target=\"_blank\" rel=\"noreferrer noopener\">Renseignements importants et comment soumettre une r\u00e9clamation<\/a><\/li>\n\n\n\n<li><a href=\"https:\/\/sportnb.com\/wp-content\/uploads\/2022\/06\/Athletic-Accident-Claim-Form-French.pdf\" target=\"_blank\" rel=\"noreferrer noopener\">Formulaire de demande d\u2019indemnit\u00e9 \u2013 accident de sport et rapport du m\u00e9decin traitant<\/a><\/li>\n\n\n\n<li><a href=\"https:\/\/sportnb.com\/wp-content\/uploads\/2023\/06\/Certificate-of-Liability-Venue-Request-Form-2.0-FR.pdf\" target=\"_blank\" rel=\"noreferrer noopener\">Formulaire de demande &#8211; certificat de responsabilit\u00e9<\/a><\/li>\n<\/ul>\n<\/div>\n<\/div>\n<\/div>\n<\/div>\n","protected":false},"excerpt":{"rendered":"<p>Programme d\u2019assurance Sport NB s&#8217;est associ\u00e9 \u00e0 BFL Canada pour offrir une assurance de qualit\u00e9 \u00e0 ses membres. BFL est un chef de file de l&#8217;industrie qui comprend parfaitement le [&hellip;]<\/p>\n","protected":false},"author":3,"featured_media":1780,"parent":0,"menu_order":0,"comment_status":"closed","ping_status":"closed","template":"","meta":{"_acf_changed":false,"_uag_custom_page_level_css":"","_monsterinsights_skip_tracking":false,"_monsterinsights_sitenote_active":false,"_monsterinsights_sitenote_note":"","_monsterinsights_sitenote_category":0,"footnotes":""},"wf_page_folders":[],"class_list":["post-1995","page","type-page","status-publish","has-post-thumbnail","hentry"],"acf":[],"yoast_head":"<!-- This site is optimized with the Yoast SEO plugin v27.4 - https:\/\/yoast.com\/product\/yoast-seo-wordpress\/ -->\n<title>SportNB | Programme d\u2019assurance<\/title>\n<meta name=\"description\" content=\"Sport New Brunswick (Sport NB) is a non-profit, volunteer organization dedicated to the development and promotion of the amateur sport community in New Brunswick. It is a federation that consists of over 60 provincial sport organizations and other sport related organizations.\" \/>\n<meta name=\"robots\" content=\"index, follow, max-snippet:-1, max-image-preview:large, max-video-preview:-1\" \/>\n<link rel=\"canonical\" href=\"https:\/\/www.sportnb.com\/fr\/sport-insurance-program\/\" \/>\n<meta property=\"og:locale\" content=\"fr_FR\" \/>\n<meta property=\"og:type\" content=\"article\" \/>\n<meta property=\"og:title\" content=\"SportNB | Programme d\u2019assurance\" \/>\n<meta property=\"og:description\" content=\"Sport New Brunswick (Sport NB) is a non-profit, volunteer organization dedicated to the development and promotion of the amateur sport community in New Brunswick. It is a federation that consists of over 60 provincial sport organizations and other sport related organizations.\" \/>\n<meta property=\"og:url\" content=\"https:\/\/www.sportnb.com\/fr\/sport-insurance-program\/\" \/>\n<meta property=\"og:site_name\" content=\"SportNB\" \/>\n<meta property=\"article:publisher\" content=\"https:\/\/www.facebook.com\/sportnb\" \/>\n<meta property=\"article:modified_time\" content=\"2023-06-13T15:32:48+00:00\" \/>\n<meta property=\"og:image\" content=\"https:\/\/www.sportnb.com\/wp-content\/uploads\/2022\/06\/IMG_6755-scaled.jpg\" \/>\n\t<meta property=\"og:image:width\" content=\"2560\" \/>\n\t<meta property=\"og:image:height\" content=\"1153\" \/>\n\t<meta property=\"og:image:type\" content=\"image\/jpeg\" \/>\n<meta name=\"twitter:card\" content=\"summary_large_image\" \/>\n<meta name=\"twitter:site\" content=\"@SportNB\" \/>\n<meta name=\"twitter:label1\" content=\"Est. reading time\" \/>\n\t<meta name=\"twitter:data1\" content=\"2 minutes\" \/>\n<script type=\"application\/ld+json\" class=\"yoast-schema-graph\">{\"@context\":\"https:\\\/\\\/schema.org\",\"@graph\":[{\"@type\":\"WebPage\",\"@id\":\"https:\\\/\\\/www.sportnb.com\\\/fr\\\/sport-insurance-program\\\/\",\"url\":\"https:\\\/\\\/www.sportnb.com\\\/fr\\\/sport-insurance-program\\\/\",\"name\":\"SportNB | Programme d\u2019assurance\",\"isPartOf\":{\"@id\":\"https:\\\/\\\/www.sportnb.com\\\/fr\\\/#website\"},\"primaryImageOfPage\":{\"@id\":\"https:\\\/\\\/www.sportnb.com\\\/fr\\\/sport-insurance-program\\\/#primaryimage\"},\"image\":{\"@id\":\"https:\\\/\\\/www.sportnb.com\\\/fr\\\/sport-insurance-program\\\/#primaryimage\"},\"thumbnailUrl\":\"https:\\\/\\\/www.sportnb.com\\\/wp-content\\\/uploads\\\/2022\\\/06\\\/IMG_6755-scaled.jpg\",\"datePublished\":\"2022-05-25T17:19:09+00:00\",\"dateModified\":\"2023-06-13T15:32:48+00:00\",\"description\":\"Sport New Brunswick (Sport NB) is a non-profit, volunteer organization dedicated to the development and promotion of the amateur sport community in New Brunswick. It is a federation that consists of over 60 provincial sport organizations and other sport related organizations.\",\"breadcrumb\":{\"@id\":\"https:\\\/\\\/www.sportnb.com\\\/fr\\\/sport-insurance-program\\\/#breadcrumb\"},\"inLanguage\":\"fr-FR\",\"potentialAction\":[{\"@type\":\"ReadAction\",\"target\":[\"https:\\\/\\\/www.sportnb.com\\\/fr\\\/sport-insurance-program\\\/\"]}]},{\"@type\":\"ImageObject\",\"inLanguage\":\"fr-FR\",\"@id\":\"https:\\\/\\\/www.sportnb.com\\\/fr\\\/sport-insurance-program\\\/#primaryimage\",\"url\":\"https:\\\/\\\/www.sportnb.com\\\/wp-content\\\/uploads\\\/2022\\\/06\\\/IMG_6755-scaled.jpg\",\"contentUrl\":\"https:\\\/\\\/www.sportnb.com\\\/wp-content\\\/uploads\\\/2022\\\/06\\\/IMG_6755-scaled.jpg\",\"width\":2560,\"height\":1153},{\"@type\":\"BreadcrumbList\",\"@id\":\"https:\\\/\\\/www.sportnb.com\\\/fr\\\/sport-insurance-program\\\/#breadcrumb\",\"itemListElement\":[{\"@type\":\"ListItem\",\"position\":1,\"name\":\"Home\",\"item\":\"https:\\\/\\\/www.sportnb.com\\\/fr\\\/\"},{\"@type\":\"ListItem\",\"position\":2,\"name\":\"Programme d\u2019assurance\"}]},{\"@type\":\"WebSite\",\"@id\":\"https:\\\/\\\/www.sportnb.com\\\/fr\\\/#website\",\"url\":\"https:\\\/\\\/www.sportnb.com\\\/fr\\\/\",\"name\":\"SportNB\",\"description\":\"Together, we can make sport safe for everyone.\",\"publisher\":{\"@id\":\"https:\\\/\\\/www.sportnb.com\\\/fr\\\/#organization\"},\"potentialAction\":[{\"@type\":\"SearchAction\",\"target\":{\"@type\":\"EntryPoint\",\"urlTemplate\":\"https:\\\/\\\/www.sportnb.com\\\/fr\\\/?s={search_term_string}\"},\"query-input\":{\"@type\":\"PropertyValueSpecification\",\"valueRequired\":true,\"valueName\":\"search_term_string\"}}],\"inLanguage\":\"fr-FR\"},{\"@type\":\"Organization\",\"@id\":\"https:\\\/\\\/www.sportnb.com\\\/fr\\\/#organization\",\"name\":\"SportNB\",\"url\":\"https:\\\/\\\/www.sportnb.com\\\/fr\\\/\",\"logo\":{\"@type\":\"ImageObject\",\"inLanguage\":\"fr-FR\",\"@id\":\"https:\\\/\\\/www.sportnb.com\\\/fr\\\/#\\\/schema\\\/logo\\\/image\\\/\",\"url\":\"https:\\\/\\\/sportnb.com\\\/wp-content\\\/uploads\\\/2022\\\/03\\\/logo.svg\",\"contentUrl\":\"https:\\\/\\\/sportnb.com\\\/wp-content\\\/uploads\\\/2022\\\/03\\\/logo.svg\",\"width\":288,\"height\":75,\"caption\":\"SportNB\"},\"image\":{\"@id\":\"https:\\\/\\\/www.sportnb.com\\\/fr\\\/#\\\/schema\\\/logo\\\/image\\\/\"},\"sameAs\":[\"https:\\\/\\\/www.facebook.com\\\/sportnb\",\"https:\\\/\\\/x.com\\\/SportNB\",\"https:\\\/\\\/www.youtube.com\\\/channel\\\/UC5976PPks7naTvXfQ4cZk5g\",\"https:\\\/\\\/ca.linkedin.com\\\/company\\\/sportnb506\",\"https:\\\/\\\/www.instagram.com\\\/sportnewnouveaubrunswick\\\/\"]}]}<\/script>\n<!-- \/ Yoast SEO plugin. -->","yoast_head_json":{"title":"SportNB | Programme d\u2019assurance","description":"Sport New Brunswick (Sport NB) is a non-profit, volunteer organization dedicated to the development and promotion of the amateur sport community in New Brunswick. It is a federation that consists of over 60 provincial sport organizations and other sport related organizations.","robots":{"index":"index","follow":"follow","max-snippet":"max-snippet:-1","max-image-preview":"max-image-preview:large","max-video-preview":"max-video-preview:-1"},"canonical":"https:\/\/www.sportnb.com\/fr\/sport-insurance-program\/","og_locale":"fr_FR","og_type":"article","og_title":"SportNB | Programme d\u2019assurance","og_description":"Sport New Brunswick (Sport NB) is a non-profit, volunteer organization dedicated to the development and promotion of the amateur sport community in New Brunswick. It is a federation that consists of over 60 provincial sport organizations and other sport related organizations.","og_url":"https:\/\/www.sportnb.com\/fr\/sport-insurance-program\/","og_site_name":"SportNB","article_publisher":"https:\/\/www.facebook.com\/sportnb","article_modified_time":"2023-06-13T15:32:48+00:00","og_image":[{"width":2560,"height":1153,"url":"https:\/\/www.sportnb.com\/wp-content\/uploads\/2022\/06\/IMG_6755-scaled.jpg","type":"image\/jpeg"}],"twitter_card":"summary_large_image","twitter_site":"@SportNB","twitter_misc":{"Est. reading time":"2 minutes"},"schema":{"@context":"https:\/\/schema.org","@graph":[{"@type":"WebPage","@id":"https:\/\/www.sportnb.com\/fr\/sport-insurance-program\/","url":"https:\/\/www.sportnb.com\/fr\/sport-insurance-program\/","name":"SportNB | Programme d\u2019assurance","isPartOf":{"@id":"https:\/\/www.sportnb.com\/fr\/#website"},"primaryImageOfPage":{"@id":"https:\/\/www.sportnb.com\/fr\/sport-insurance-program\/#primaryimage"},"image":{"@id":"https:\/\/www.sportnb.com\/fr\/sport-insurance-program\/#primaryimage"},"thumbnailUrl":"https:\/\/www.sportnb.com\/wp-content\/uploads\/2022\/06\/IMG_6755-scaled.jpg","datePublished":"2022-05-25T17:19:09+00:00","dateModified":"2023-06-13T15:32:48+00:00","description":"Sport New Brunswick (Sport NB) is a non-profit, volunteer organization dedicated to the development and promotion of the amateur sport community in New Brunswick. It is a federation that consists of over 60 provincial sport organizations and other sport related organizations.","breadcrumb":{"@id":"https:\/\/www.sportnb.com\/fr\/sport-insurance-program\/#breadcrumb"},"inLanguage":"fr-FR","potentialAction":[{"@type":"ReadAction","target":["https:\/\/www.sportnb.com\/fr\/sport-insurance-program\/"]}]},{"@type":"ImageObject","inLanguage":"fr-FR","@id":"https:\/\/www.sportnb.com\/fr\/sport-insurance-program\/#primaryimage","url":"https:\/\/www.sportnb.com\/wp-content\/uploads\/2022\/06\/IMG_6755-scaled.jpg","contentUrl":"https:\/\/www.sportnb.com\/wp-content\/uploads\/2022\/06\/IMG_6755-scaled.jpg","width":2560,"height":1153},{"@type":"BreadcrumbList","@id":"https:\/\/www.sportnb.com\/fr\/sport-insurance-program\/#breadcrumb","itemListElement":[{"@type":"ListItem","position":1,"name":"Home","item":"https:\/\/www.sportnb.com\/fr\/"},{"@type":"ListItem","position":2,"name":"Programme d\u2019assurance"}]},{"@type":"WebSite","@id":"https:\/\/www.sportnb.com\/fr\/#website","url":"https:\/\/www.sportnb.com\/fr\/","name":"SportNB","description":"Together, we can make sport safe for everyone.","publisher":{"@id":"https:\/\/www.sportnb.com\/fr\/#organization"},"potentialAction":[{"@type":"SearchAction","target":{"@type":"EntryPoint","urlTemplate":"https:\/\/www.sportnb.com\/fr\/?s={search_term_string}"},"query-input":{"@type":"PropertyValueSpecification","valueRequired":true,"valueName":"search_term_string"}}],"inLanguage":"fr-FR"},{"@type":"Organization","@id":"https:\/\/www.sportnb.com\/fr\/#organization","name":"SportNB","url":"https:\/\/www.sportnb.com\/fr\/","logo":{"@type":"ImageObject","inLanguage":"fr-FR","@id":"https:\/\/www.sportnb.com\/fr\/#\/schema\/logo\/image\/","url":"https:\/\/sportnb.com\/wp-content\/uploads\/2022\/03\/logo.svg","contentUrl":"https:\/\/sportnb.com\/wp-content\/uploads\/2022\/03\/logo.svg","width":288,"height":75,"caption":"SportNB"},"image":{"@id":"https:\/\/www.sportnb.com\/fr\/#\/schema\/logo\/image\/"},"sameAs":["https:\/\/www.facebook.com\/sportnb","https:\/\/x.com\/SportNB","https:\/\/www.youtube.com\/channel\/UC5976PPks7naTvXfQ4cZk5g","https:\/\/ca.linkedin.com\/company\/sportnb506","https:\/\/www.instagram.com\/sportnewnouveaubrunswick\/"]}]}},"uagb_featured_image_src":{"full":["https:\/\/www.sportnb.com\/wp-content\/uploads\/2022\/06\/IMG_6755-scaled.jpg",2560,1153,false],"thumbnail":["https:\/\/www.sportnb.com\/wp-content\/uploads\/2022\/06\/IMG_6755-150x150.jpg",150,150,true],"medium":["https:\/\/www.sportnb.com\/wp-content\/uploads\/2022\/06\/IMG_6755-300x135.jpg",300,135,true],"medium_large":["https:\/\/www.sportnb.com\/wp-content\/uploads\/2022\/06\/IMG_6755-768x346.jpg",768,346,true],"large":["https:\/\/www.sportnb.com\/wp-content\/uploads\/2022\/06\/IMG_6755-1024x461.jpg",900,405,true],"1536x1536":["https:\/\/www.sportnb.com\/wp-content\/uploads\/2022\/06\/IMG_6755-1536x692.jpg",1536,692,true],"2048x2048":["https:\/\/www.sportnb.com\/wp-content\/uploads\/2022\/06\/IMG_6755-2048x922.jpg",2048,922,true],"thumbnail_1440x9999":["https:\/\/www.sportnb.com\/wp-content\/uploads\/2022\/06\/IMG_6755-1440x649.jpg",1440,649,true],"menu-thumb":["https:\/\/www.sportnb.com\/wp-content\/uploads\/2022\/06\/IMG_6755-scaled.jpg",330,149,false]},"uagb_author_info":{"display_name":"webadmin","author_link":"https:\/\/www.sportnb.com\/fr\/author\/webadmin\/"},"uagb_comment_info":0,"uagb_excerpt":"Programme d\u2019assurance Sport NB s&#8217;est associ\u00e9 \u00e0 BFL Canada pour offrir une assurance de qualit\u00e9 \u00e0 ses membres. BFL est un chef de file de l&#8217;industrie qui comprend parfaitement le [&hellip;]","_links":{"self":[{"href":"https:\/\/www.sportnb.com\/fr\/wp-json\/wp\/v2\/pages\/1995","targetHints":{"allow":["GET"]}}],"collection":[{"href":"https:\/\/www.sportnb.com\/fr\/wp-json\/wp\/v2\/pages"}],"about":[{"href":"https:\/\/www.sportnb.com\/fr\/wp-json\/wp\/v2\/types\/page"}],"author":[{"embeddable":true,"href":"https:\/\/www.sportnb.com\/fr\/wp-json\/wp\/v2\/users\/3"}],"replies":[{"embeddable":true,"href":"https:\/\/www.sportnb.com\/fr\/wp-json\/wp\/v2\/comments?post=1995"}],"version-history":[{"count":5,"href":"https:\/\/www.sportnb.com\/fr\/wp-json\/wp\/v2\/pages\/1995\/revisions"}],"predecessor-version":[{"id":5108,"href":"https:\/\/www.sportnb.com\/fr\/wp-json\/wp\/v2\/pages\/1995\/revisions\/5108"}],"wp:featuredmedia":[{"embeddable":true,"href":"https:\/\/www.sportnb.com\/fr\/wp-json\/wp\/v2\/media\/1780"}],"wp:attachment":[{"href":"https:\/\/www.sportnb.com\/fr\/wp-json\/wp\/v2\/media?parent=1995"}],"wp:term":[{"taxonomy":"wf_page_folders","embeddable":true,"href":"https:\/\/www.sportnb.com\/fr\/wp-json\/wp\/v2\/wf_page_folders?post=1995"}],"curies":[{"name":"wp","href":"https:\/\/api.w.org\/{rel}","templated":true}]}}