{"id":1992,"date":"2022-05-17T12:08:20","date_gmt":"2022-05-17T15:08:20","guid":{"rendered":"https:\/\/SITEURL\/?page_id=1992"},"modified":"2025-12-08T14:52:51","modified_gmt":"2025-12-08T18:52:51","slug":"nos-documents","status":"publish","type":"page","link":"https:\/\/www.sportnb.com\/fr\/nos-documents\/","title":{"rendered":"Nos documents"},"content":{"rendered":"\n<div class=\"wp-block-columns is-layout-flex wp-container-core-columns-is-layout-9d6595d7 wp-block-columns-is-layout-flex\">\n<div class=\"wp-block-column is-layout-flow wp-block-column-is-layout-flow\">\n<h2 class=\"wp-block-heading\">Statuts et r\u00c8glements<\/h2>\n\n\n\n<p>Cliquez ici <a href=\"http:\/\/sportnb.com\/wp-content\/uploads\/2025\/06\/Sport-NB-by-laws_FR_FINAL-2.pdf\" target=\"_blank\" rel=\"noreferrer noopener\">pour t\u00e9l\u00e9cha<\/a><a href=\"http:\/\/sportnb.com\/wp-content\/uploads\/2025\/04\/Sport-NB-by-laws_FR_FINAL.pdf\" target=\"_blank\" rel=\"noreferrer noopener\">r<\/a><a href=\"http:\/\/sportnb.com\/wp-content\/uploads\/2025\/07\/AmalCo-bylaws-Settled587565.1.pdf\">ger<\/a> les statuts et r\u00e8glements PDF<\/p>\n\n\n\n<div style=\"height:30px\" aria-hidden=\"true\" class=\"wp-block-spacer\"><\/div>\n\n\n\n<h2 class=\"wp-block-heading\">Plan strat\u00e9gique<\/h2>\n\n\n\n<p>Cliquez ici pour <a href=\"http:\/\/sportnb.com\/wp-content\/uploads\/2025\/07\/Plan-Strategique.pdf\">t\u00e9l\u00e9charger <\/a>notre plan strat\u00e9gique.<\/p>\n\n\n\n<div style=\"height:30px\" aria-hidden=\"true\" class=\"wp-block-spacer\"><\/div>\n\n\n\n<h2 class=\"wp-block-heading\">Rapports annuels<\/h2>\n\n\n\n<p>Cliquez ci-dessous pour t\u00e9l\u00e9charger nos rapports annuels<\/p>\n\n\n\n<div class=\"wp-block-columns is-layout-flex wp-container-core-columns-is-layout-9d6595d7 wp-block-columns-is-layout-flex\">\n<div class=\"wp-block-column is-layout-flow wp-block-column-is-layout-flow\">\n<div class=\"wp-block-columns is-layout-flex wp-container-core-columns-is-layout-9d6595d7 wp-block-columns-is-layout-flex\">\n<div class=\"wp-block-column is-layout-flow wp-block-column-is-layout-flow\">\n<ul class=\"wp-block-list\">\n<li><strong><a href=\"https:\/\/www.sportnb.com\/wp-content\/uploads\/2025\/12\/FR-2024-25-Annual-Report-2.pdf\" target=\"_blank\" rel=\"noreferrer noopener\">2024-2025<\/a><\/strong><\/li>\n<\/ul>\n\n\n\n<figure class=\"wp-block-image size-full is-resized\"><img fetchpriority=\"high\" decoding=\"async\" width=\"395\" height=\"512\" src=\"http:\/\/sportnb.com\/wp-content\/uploads\/2025\/12\/Annual-Report-Cover-Photo-French.png\" alt=\"\" class=\"wp-image-12859\" style=\"object-fit:cover;width:199px;height:256px\" srcset=\"https:\/\/www.sportnb.com\/wp-content\/uploads\/2025\/12\/Annual-Report-Cover-Photo-French.png 395w, https:\/\/www.sportnb.com\/wp-content\/uploads\/2025\/12\/Annual-Report-Cover-Photo-French-231x300.png 231w\" sizes=\"(max-width: 395px) 100vw, 395px\" \/><\/figure>\n<\/div>\n\n\n\n<div class=\"wp-block-column is-layout-flow wp-block-column-is-layout-flow\">\n<ul class=\"wp-block-list\">\n<li><a href=\"https:\/\/sportnb.com\/wp-content\/uploads\/2025\/02\/2023-24-Annual-Report-Final.pdf\" target=\"_blank\" rel=\"noreferrer noopener\"><strong>2023 &#8211; 2024<\/strong><\/a><\/li>\n<\/ul>\n\n\n\n<figure class=\"wp-block-image size-full is-resized\"><img decoding=\"async\" width=\"200\" height=\"256\" data-src=\"http:\/\/sportnb.com\/wp-content\/uploads\/2025\/02\/2023-24-Annual-Report.png\" alt=\"\" class=\"wp-image-9464 lazyload\" style=\"--smush-placeholder-width: 200px; --smush-placeholder-aspect-ratio: 200\/256;object-fit:cover;width:199px;height:256px\" src=\"data:image\/svg+xml;base64,PHN2ZyB3aWR0aD0iMSIgaGVpZ2h0PSIxIiB4bWxucz0iaHR0cDovL3d3dy53My5vcmcvMjAwMC9zdmciPjwvc3ZnPg==\" \/><\/figure>\n<\/div>\n\n\n\n<div class=\"wp-block-column is-layout-flow wp-block-column-is-layout-flow\">\n<ul class=\"wp-block-list\">\n<li><strong><a href=\"http:\/\/sportnb.com\/wp-content\/uploads\/2023\/11\/Annual-report-rapport-annuel-2022-2023-Signed.pdf\" target=\"_blank\" rel=\"noreferrer noopener\">2022 &#8211; 2023<\/a><\/strong><\/li>\n<\/ul>\n\n\n\n<figure class=\"wp-block-image size-large is-resized\"><img decoding=\"async\" width=\"791\" height=\"1024\" data-src=\"http:\/\/sportnb.com\/wp-content\/uploads\/2023\/11\/2022-2023-AGM-AGA-Report-2-791x1024.png\" alt=\"\" class=\"wp-image-6655 lazyload\" style=\"--smush-placeholder-width: 791px; --smush-placeholder-aspect-ratio: 791\/1024;object-fit:cover;width:199px;height:256px\" data-srcset=\"https:\/\/www.sportnb.com\/wp-content\/uploads\/2023\/11\/2022-2023-AGM-AGA-Report-2-791x1024.png 791w, https:\/\/www.sportnb.com\/wp-content\/uploads\/2023\/11\/2022-2023-AGM-AGA-Report-2-232x300.png 232w, https:\/\/www.sportnb.com\/wp-content\/uploads\/2023\/11\/2022-2023-AGM-AGA-Report-2-768x994.png 768w, https:\/\/www.sportnb.com\/wp-content\/uploads\/2023\/11\/2022-2023-AGM-AGA-Report-2-1187x1536.png 1187w, https:\/\/www.sportnb.com\/wp-content\/uploads\/2023\/11\/2022-2023-AGM-AGA-Report-2-1440x1864.png 1440w, https:\/\/www.sportnb.com\/wp-content\/uploads\/2023\/11\/2022-2023-AGM-AGA-Report-2.png 1545w\" data-sizes=\"(max-width: 791px) 100vw, 791px\" src=\"data:image\/svg+xml;base64,PHN2ZyB3aWR0aD0iMSIgaGVpZ2h0PSIxIiB4bWxucz0iaHR0cDovL3d3dy53My5vcmcvMjAwMC9zdmciPjwvc3ZnPg==\" \/><\/figure>\n<\/div>\n<\/div>\n<\/div>\n<\/div>\n\n\n\n<div class=\"wp-block-columns is-layout-flex wp-container-core-columns-is-layout-9d6595d7 wp-block-columns-is-layout-flex\">\n<div class=\"wp-block-column is-layout-flow wp-block-column-is-layout-flow\">\n<ul class=\"wp-block-list\">\n<li><a href=\"https:\/\/sportnb.com\/wp-content\/uploads\/2023\/08\/AGM-Report-Final-Rapport-AGA.pdf\"><strong>2021 &#8211; 2022<\/strong><\/a><\/li>\n<\/ul>\n\n\n\n<figure class=\"wp-block-image size-full is-resized\"><img decoding=\"async\" width=\"200\" height=\"256\" data-src=\"http:\/\/sportnb.com\/wp-content\/uploads\/2023\/08\/2021-2022-Annual-report-orientation-conseil-dadministration-sportnb.com-2.png\" alt=\"\" class=\"wp-image-5569 lazyload\" style=\"--smush-placeholder-width: 200px; --smush-placeholder-aspect-ratio: 200\/256;width:199px;height:256px\" src=\"data:image\/svg+xml;base64,PHN2ZyB3aWR0aD0iMSIgaGVpZ2h0PSIxIiB4bWxucz0iaHR0cDovL3d3dy53My5vcmcvMjAwMC9zdmciPjwvc3ZnPg==\" \/><\/figure>\n<\/div>\n\n\n\n<div class=\"wp-block-column is-layout-flow wp-block-column-is-layout-flow\">\n<ul class=\"wp-block-list\">\n<li><a href=\"https:\/\/sportnb.com\/wp-content\/uploads\/2022\/05\/Annual-Report-%E0%A5%A4-Rapport-annuel-2020-2021.pdf\"><strong>2020 &#8211; 2021<\/strong><\/a><\/li>\n<\/ul>\n\n\n\n<figure class=\"wp-block-image size-large is-resized\"><img decoding=\"async\" width=\"796\" height=\"1024\" data-src=\"https:\/\/sportnb.com\/wp-content\/uploads\/2022\/05\/AR20-21-copy-796x1024.png\" alt=\"\" class=\"wp-image-1650 lazyload\" style=\"--smush-placeholder-width: 796px; --smush-placeholder-aspect-ratio: 796\/1024;width:199px;height:auto\" data-srcset=\"https:\/\/www.sportnb.com\/wp-content\/uploads\/2022\/05\/AR20-21-copy-796x1024.png 796w, https:\/\/www.sportnb.com\/wp-content\/uploads\/2022\/05\/AR20-21-copy-233x300.png 233w, https:\/\/www.sportnb.com\/wp-content\/uploads\/2022\/05\/AR20-21-copy-768x988.png 768w, https:\/\/www.sportnb.com\/wp-content\/uploads\/2022\/05\/AR20-21-copy.png 841w\" data-sizes=\"(max-width: 796px) 100vw, 796px\" src=\"data:image\/svg+xml;base64,PHN2ZyB3aWR0aD0iMSIgaGVpZ2h0PSIxIiB4bWxucz0iaHR0cDovL3d3dy53My5vcmcvMjAwMC9zdmciPjwvc3ZnPg==\" \/><\/figure>\n<\/div>\n\n\n\n<div class=\"wp-block-column is-layout-flow wp-block-column-is-layout-flow\">\n<ul class=\"wp-block-list\">\n<li><a href=\"https:\/\/sportnb.com\/wp-content\/uploads\/2022\/05\/Annual-Report-%E0%A5%A4-Rapport-annuel-2019-2020.pdf\"><strong>2019 &#8211; 2020<\/strong><\/a><\/li>\n<\/ul>\n\n\n\n<figure class=\"wp-block-image size-large is-resized\"><img decoding=\"async\" width=\"798\" height=\"1024\" data-src=\"https:\/\/sportnb.com\/wp-content\/uploads\/2022\/05\/AR19-20-copy-798x1024.png\" alt=\"\" class=\"wp-image-1648 lazyload\" style=\"--smush-placeholder-width: 798px; --smush-placeholder-aspect-ratio: 798\/1024;width:200px;height:256px\" data-srcset=\"https:\/\/www.sportnb.com\/wp-content\/uploads\/2022\/05\/AR19-20-copy-798x1024.png 798w, https:\/\/www.sportnb.com\/wp-content\/uploads\/2022\/05\/AR19-20-copy-234x300.png 234w, https:\/\/www.sportnb.com\/wp-content\/uploads\/2022\/05\/AR19-20-copy-768x986.png 768w, https:\/\/www.sportnb.com\/wp-content\/uploads\/2022\/05\/AR19-20-copy.png 842w\" data-sizes=\"(max-width: 798px) 100vw, 798px\" src=\"data:image\/svg+xml;base64,PHN2ZyB3aWR0aD0iMSIgaGVpZ2h0PSIxIiB4bWxucz0iaHR0cDovL3d3dy53My5vcmcvMjAwMC9zdmciPjwvc3ZnPg==\" \/><\/figure>\n<\/div>\n<\/div>\n\n\n\n<div style=\"height:50px\" aria-hidden=\"true\" class=\"wp-block-spacer\"><\/div>\n\n\n\n<div class=\"wp-block-columns is-layout-flex wp-container-core-columns-is-layout-9d6595d7 wp-block-columns-is-layout-flex\">\n<div class=\"wp-block-column is-layout-flow wp-block-column-is-layout-flow\">\n<ul class=\"wp-block-list\">\n<li><a href=\"https:\/\/sportnb.com\/wp-content\/uploads\/2022\/05\/Annual-Report-%E0%A5%A4-Rapport-annuel-2018-2019-bilingual.pdf\"><strong>2018 &#8211; 2019<\/strong><\/a><\/li>\n<\/ul>\n\n\n\n<figure class=\"wp-block-image size-large is-resized\"><img decoding=\"async\" width=\"805\" height=\"1024\" data-src=\"https:\/\/sportnb.com\/wp-content\/uploads\/2022\/05\/AR18-19-copy-805x1024.png\" alt=\"\" class=\"wp-image-1645 lazyload\" style=\"--smush-placeholder-width: 805px; --smush-placeholder-aspect-ratio: 805\/1024;width:201px;height:256px\" data-srcset=\"https:\/\/www.sportnb.com\/wp-content\/uploads\/2022\/05\/AR18-19-copy-805x1024.png 805w, https:\/\/www.sportnb.com\/wp-content\/uploads\/2022\/05\/AR18-19-copy-236x300.png 236w, https:\/\/www.sportnb.com\/wp-content\/uploads\/2022\/05\/AR18-19-copy-768x977.png 768w, https:\/\/www.sportnb.com\/wp-content\/uploads\/2022\/05\/AR18-19-copy.png 850w\" data-sizes=\"(max-width: 805px) 100vw, 805px\" src=\"data:image\/svg+xml;base64,PHN2ZyB3aWR0aD0iMSIgaGVpZ2h0PSIxIiB4bWxucz0iaHR0cDovL3d3dy53My5vcmcvMjAwMC9zdmciPjwvc3ZnPg==\" \/><\/figure>\n<\/div>\n\n\n\n<div class=\"wp-block-column is-layout-flow wp-block-column-is-layout-flow\">\n<div style=\"height:20px\" aria-hidden=\"true\" class=\"wp-block-spacer\"><\/div>\n<\/div>\n\n\n\n<div class=\"wp-block-column is-layout-flow wp-block-column-is-layout-flow\"><\/div>\n<\/div>\n\n\n\n<div class=\"wp-block-columns is-layout-flex wp-container-core-columns-is-layout-9d6595d7 wp-block-columns-is-layout-flex\">\n<div class=\"wp-block-column is-layout-flow wp-block-column-is-layout-flow\">\n<div style=\"height:20px\" aria-hidden=\"true\" class=\"wp-block-spacer\"><\/div>\n<\/div>\n\n\n\n<div class=\"wp-block-column is-layout-flow wp-block-column-is-layout-flow\"><\/div>\n\n\n\n<div class=\"wp-block-column is-layout-flow wp-block-column-is-layout-flow\"><\/div>\n<\/div>\n<\/div>\n<\/div>\n\n\n\n<p><\/p>\n","protected":false},"excerpt":{"rendered":"<p>Statuts et r\u00c8glements Cliquez ici pour t\u00e9l\u00e9charger les statuts et r\u00e8glements PDF Plan strat\u00e9gique Cliquez ici pour t\u00e9l\u00e9charger notre plan strat\u00e9gique. Rapports annuels Cliquez ci-dessous pour t\u00e9l\u00e9charger nos rapports annuels<\/p>\n","protected":false},"author":3,"featured_media":1882,"parent":0,"menu_order":0,"comment_status":"closed","ping_status":"closed","template":"","meta":{"_acf_changed":false,"_uag_custom_page_level_css":"","_monsterinsights_skip_tracking":false,"_monsterinsights_sitenote_active":false,"_monsterinsights_sitenote_note":"","_monsterinsights_sitenote_category":0,"footnotes":""},"wf_page_folders":[],"class_list":["post-1992","page","type-page","status-publish","has-post-thumbnail","hentry"],"acf":[],"yoast_head":"<!-- This site is optimized with the Yoast SEO plugin v27.4 - https:\/\/yoast.com\/product\/yoast-seo-wordpress\/ -->\n<title>SportNB | Nos documents<\/title>\n<meta name=\"description\" content=\"Sport New Brunswick (Sport NB) is a non-profit, volunteer organization dedicated to the development and promotion of the amateur sport community in New Brunswick. It is a federation that consists of over 60 provincial sport organizations and other sport related organizations.\" \/>\n<meta name=\"robots\" content=\"index, follow, max-snippet:-1, max-image-preview:large, max-video-preview:-1\" \/>\n<link rel=\"canonical\" href=\"https:\/\/www.sportnb.com\/fr\/nos-documents\/\" \/>\n<meta property=\"og:locale\" content=\"fr_FR\" \/>\n<meta property=\"og:type\" content=\"article\" \/>\n<meta property=\"og:title\" content=\"SportNB | Nos documents\" \/>\n<meta property=\"og:description\" content=\"Sport New Brunswick (Sport NB) is a non-profit, volunteer organization dedicated to the development and promotion of the amateur sport community in New Brunswick. It is a federation that consists of over 60 provincial sport organizations and other sport related organizations.\" \/>\n<meta property=\"og:url\" content=\"https:\/\/www.sportnb.com\/fr\/nos-documents\/\" \/>\n<meta property=\"og:site_name\" content=\"SportNB\" \/>\n<meta property=\"article:publisher\" content=\"https:\/\/www.facebook.com\/sportnb\" \/>\n<meta property=\"article:modified_time\" content=\"2025-12-08T18:52:51+00:00\" \/>\n<meta property=\"og:image\" content=\"https:\/\/www.sportnb.com\/wp-content\/uploads\/2022\/03\/IMG_4720.jpg\" \/>\n\t<meta property=\"og:image:width\" content=\"1444\" \/>\n\t<meta property=\"og:image:height\" content=\"964\" \/>\n\t<meta property=\"og:image:type\" content=\"image\/jpeg\" \/>\n<meta name=\"twitter:card\" content=\"summary_large_image\" \/>\n<meta name=\"twitter:site\" content=\"@SportNB\" \/>\n<meta name=\"twitter:label1\" content=\"Est. reading time\" \/>\n\t<meta name=\"twitter:data1\" content=\"2 minutes\" \/>\n<script type=\"application\/ld+json\" class=\"yoast-schema-graph\">{\"@context\":\"https:\\\/\\\/schema.org\",\"@graph\":[{\"@type\":\"WebPage\",\"@id\":\"https:\\\/\\\/www.sportnb.com\\\/fr\\\/nos-documents\\\/\",\"url\":\"https:\\\/\\\/www.sportnb.com\\\/fr\\\/nos-documents\\\/\",\"name\":\"SportNB | Nos documents\",\"isPartOf\":{\"@id\":\"https:\\\/\\\/www.sportnb.com\\\/fr\\\/#website\"},\"primaryImageOfPage\":{\"@id\":\"https:\\\/\\\/www.sportnb.com\\\/fr\\\/nos-documents\\\/#primaryimage\"},\"image\":{\"@id\":\"https:\\\/\\\/www.sportnb.com\\\/fr\\\/nos-documents\\\/#primaryimage\"},\"thumbnailUrl\":\"https:\\\/\\\/www.sportnb.com\\\/wp-content\\\/uploads\\\/2022\\\/03\\\/IMG_4720.jpg\",\"datePublished\":\"2022-05-17T15:08:20+00:00\",\"dateModified\":\"2025-12-08T18:52:51+00:00\",\"description\":\"Sport New Brunswick (Sport NB) is a non-profit, volunteer organization dedicated to the development and promotion of the amateur sport community in New Brunswick. It is a federation that consists of over 60 provincial sport organizations and other sport related organizations.\",\"breadcrumb\":{\"@id\":\"https:\\\/\\\/www.sportnb.com\\\/fr\\\/nos-documents\\\/#breadcrumb\"},\"inLanguage\":\"fr-FR\",\"potentialAction\":[{\"@type\":\"ReadAction\",\"target\":[\"https:\\\/\\\/www.sportnb.com\\\/fr\\\/nos-documents\\\/\"]}]},{\"@type\":\"ImageObject\",\"inLanguage\":\"fr-FR\",\"@id\":\"https:\\\/\\\/www.sportnb.com\\\/fr\\\/nos-documents\\\/#primaryimage\",\"url\":\"https:\\\/\\\/www.sportnb.com\\\/wp-content\\\/uploads\\\/2022\\\/03\\\/IMG_4720.jpg\",\"contentUrl\":\"https:\\\/\\\/www.sportnb.com\\\/wp-content\\\/uploads\\\/2022\\\/03\\\/IMG_4720.jpg\",\"width\":1444,\"height\":964},{\"@type\":\"BreadcrumbList\",\"@id\":\"https:\\\/\\\/www.sportnb.com\\\/fr\\\/nos-documents\\\/#breadcrumb\",\"itemListElement\":[{\"@type\":\"ListItem\",\"position\":1,\"name\":\"Home\",\"item\":\"https:\\\/\\\/www.sportnb.com\\\/fr\\\/\"},{\"@type\":\"ListItem\",\"position\":2,\"name\":\"Nos documents\"}]},{\"@type\":\"WebSite\",\"@id\":\"https:\\\/\\\/www.sportnb.com\\\/fr\\\/#website\",\"url\":\"https:\\\/\\\/www.sportnb.com\\\/fr\\\/\",\"name\":\"SportNB\",\"description\":\"Together, we can make sport safe for everyone.\",\"publisher\":{\"@id\":\"https:\\\/\\\/www.sportnb.com\\\/fr\\\/#organization\"},\"potentialAction\":[{\"@type\":\"SearchAction\",\"target\":{\"@type\":\"EntryPoint\",\"urlTemplate\":\"https:\\\/\\\/www.sportnb.com\\\/fr\\\/?s={search_term_string}\"},\"query-input\":{\"@type\":\"PropertyValueSpecification\",\"valueRequired\":true,\"valueName\":\"search_term_string\"}}],\"inLanguage\":\"fr-FR\"},{\"@type\":\"Organization\",\"@id\":\"https:\\\/\\\/www.sportnb.com\\\/fr\\\/#organization\",\"name\":\"SportNB\",\"url\":\"https:\\\/\\\/www.sportnb.com\\\/fr\\\/\",\"logo\":{\"@type\":\"ImageObject\",\"inLanguage\":\"fr-FR\",\"@id\":\"https:\\\/\\\/www.sportnb.com\\\/fr\\\/#\\\/schema\\\/logo\\\/image\\\/\",\"url\":\"https:\\\/\\\/sportnb.com\\\/wp-content\\\/uploads\\\/2022\\\/03\\\/logo.svg\",\"contentUrl\":\"https:\\\/\\\/sportnb.com\\\/wp-content\\\/uploads\\\/2022\\\/03\\\/logo.svg\",\"width\":288,\"height\":75,\"caption\":\"SportNB\"},\"image\":{\"@id\":\"https:\\\/\\\/www.sportnb.com\\\/fr\\\/#\\\/schema\\\/logo\\\/image\\\/\"},\"sameAs\":[\"https:\\\/\\\/www.facebook.com\\\/sportnb\",\"https:\\\/\\\/x.com\\\/SportNB\",\"https:\\\/\\\/www.youtube.com\\\/channel\\\/UC5976PPks7naTvXfQ4cZk5g\",\"https:\\\/\\\/ca.linkedin.com\\\/company\\\/sportnb506\",\"https:\\\/\\\/www.instagram.com\\\/sportnewnouveaubrunswick\\\/\"]}]}<\/script>\n<!-- \/ Yoast SEO plugin. -->","yoast_head_json":{"title":"SportNB | Nos documents","description":"Sport New Brunswick (Sport NB) is a non-profit, volunteer organization dedicated to the development and promotion of the amateur sport community in New Brunswick. It is a federation that consists of over 60 provincial sport organizations and other sport related organizations.","robots":{"index":"index","follow":"follow","max-snippet":"max-snippet:-1","max-image-preview":"max-image-preview:large","max-video-preview":"max-video-preview:-1"},"canonical":"https:\/\/www.sportnb.com\/fr\/nos-documents\/","og_locale":"fr_FR","og_type":"article","og_title":"SportNB | Nos documents","og_description":"Sport New Brunswick (Sport NB) is a non-profit, volunteer organization dedicated to the development and promotion of the amateur sport community in New Brunswick. It is a federation that consists of over 60 provincial sport organizations and other sport related organizations.","og_url":"https:\/\/www.sportnb.com\/fr\/nos-documents\/","og_site_name":"SportNB","article_publisher":"https:\/\/www.facebook.com\/sportnb","article_modified_time":"2025-12-08T18:52:51+00:00","og_image":[{"width":1444,"height":964,"url":"https:\/\/www.sportnb.com\/wp-content\/uploads\/2022\/03\/IMG_4720.jpg","type":"image\/jpeg"}],"twitter_card":"summary_large_image","twitter_site":"@SportNB","twitter_misc":{"Est. reading time":"2 minutes"},"schema":{"@context":"https:\/\/schema.org","@graph":[{"@type":"WebPage","@id":"https:\/\/www.sportnb.com\/fr\/nos-documents\/","url":"https:\/\/www.sportnb.com\/fr\/nos-documents\/","name":"SportNB | Nos documents","isPartOf":{"@id":"https:\/\/www.sportnb.com\/fr\/#website"},"primaryImageOfPage":{"@id":"https:\/\/www.sportnb.com\/fr\/nos-documents\/#primaryimage"},"image":{"@id":"https:\/\/www.sportnb.com\/fr\/nos-documents\/#primaryimage"},"thumbnailUrl":"https:\/\/www.sportnb.com\/wp-content\/uploads\/2022\/03\/IMG_4720.jpg","datePublished":"2022-05-17T15:08:20+00:00","dateModified":"2025-12-08T18:52:51+00:00","description":"Sport New Brunswick (Sport NB) is a non-profit, volunteer organization dedicated to the development and promotion of the amateur sport community in New Brunswick. It is a federation that consists of over 60 provincial sport organizations and other sport related organizations.","breadcrumb":{"@id":"https:\/\/www.sportnb.com\/fr\/nos-documents\/#breadcrumb"},"inLanguage":"fr-FR","potentialAction":[{"@type":"ReadAction","target":["https:\/\/www.sportnb.com\/fr\/nos-documents\/"]}]},{"@type":"ImageObject","inLanguage":"fr-FR","@id":"https:\/\/www.sportnb.com\/fr\/nos-documents\/#primaryimage","url":"https:\/\/www.sportnb.com\/wp-content\/uploads\/2022\/03\/IMG_4720.jpg","contentUrl":"https:\/\/www.sportnb.com\/wp-content\/uploads\/2022\/03\/IMG_4720.jpg","width":1444,"height":964},{"@type":"BreadcrumbList","@id":"https:\/\/www.sportnb.com\/fr\/nos-documents\/#breadcrumb","itemListElement":[{"@type":"ListItem","position":1,"name":"Home","item":"https:\/\/www.sportnb.com\/fr\/"},{"@type":"ListItem","position":2,"name":"Nos documents"}]},{"@type":"WebSite","@id":"https:\/\/www.sportnb.com\/fr\/#website","url":"https:\/\/www.sportnb.com\/fr\/","name":"SportNB","description":"Together, we can make sport safe for everyone.","publisher":{"@id":"https:\/\/www.sportnb.com\/fr\/#organization"},"potentialAction":[{"@type":"SearchAction","target":{"@type":"EntryPoint","urlTemplate":"https:\/\/www.sportnb.com\/fr\/?s={search_term_string}"},"query-input":{"@type":"PropertyValueSpecification","valueRequired":true,"valueName":"search_term_string"}}],"inLanguage":"fr-FR"},{"@type":"Organization","@id":"https:\/\/www.sportnb.com\/fr\/#organization","name":"SportNB","url":"https:\/\/www.sportnb.com\/fr\/","logo":{"@type":"ImageObject","inLanguage":"fr-FR","@id":"https:\/\/www.sportnb.com\/fr\/#\/schema\/logo\/image\/","url":"https:\/\/sportnb.com\/wp-content\/uploads\/2022\/03\/logo.svg","contentUrl":"https:\/\/sportnb.com\/wp-content\/uploads\/2022\/03\/logo.svg","width":288,"height":75,"caption":"SportNB"},"image":{"@id":"https:\/\/www.sportnb.com\/fr\/#\/schema\/logo\/image\/"},"sameAs":["https:\/\/www.facebook.com\/sportnb","https:\/\/x.com\/SportNB","https:\/\/www.youtube.com\/channel\/UC5976PPks7naTvXfQ4cZk5g","https:\/\/ca.linkedin.com\/company\/sportnb506","https:\/\/www.instagram.com\/sportnewnouveaubrunswick\/"]}]}},"uagb_featured_image_src":{"full":["https:\/\/www.sportnb.com\/wp-content\/uploads\/2022\/03\/IMG_4720.jpg",1444,964,false],"thumbnail":["https:\/\/www.sportnb.com\/wp-content\/uploads\/2022\/03\/IMG_4720-150x150.jpg",150,150,true],"medium":["https:\/\/www.sportnb.com\/wp-content\/uploads\/2022\/03\/IMG_4720-300x200.jpg",300,200,true],"medium_large":["https:\/\/www.sportnb.com\/wp-content\/uploads\/2022\/03\/IMG_4720-768x513.jpg",768,513,true],"large":["https:\/\/www.sportnb.com\/wp-content\/uploads\/2022\/03\/IMG_4720-1024x684.jpg",900,601,true],"1536x1536":["https:\/\/www.sportnb.com\/wp-content\/uploads\/2022\/03\/IMG_4720.jpg",1444,964,false],"2048x2048":["https:\/\/www.sportnb.com\/wp-content\/uploads\/2022\/03\/IMG_4720.jpg",1444,964,false],"thumbnail_1440x9999":["https:\/\/www.sportnb.com\/wp-content\/uploads\/2022\/03\/IMG_4720-1440x961.jpg",1440,961,true],"menu-thumb":["https:\/\/www.sportnb.com\/wp-content\/uploads\/2022\/03\/IMG_4720.jpg",330,220,false]},"uagb_author_info":{"display_name":"webadmin","author_link":"https:\/\/www.sportnb.com\/fr\/author\/webadmin\/"},"uagb_comment_info":0,"uagb_excerpt":"Statuts et r\u00c8glements Cliquez ici pour t\u00e9l\u00e9charger les statuts et r\u00e8glements PDF Plan strat\u00e9gique Cliquez ici pour t\u00e9l\u00e9charger notre plan strat\u00e9gique. Rapports annuels Cliquez ci-dessous pour t\u00e9l\u00e9charger nos rapports annuels","_links":{"self":[{"href":"https:\/\/www.sportnb.com\/fr\/wp-json\/wp\/v2\/pages\/1992","targetHints":{"allow":["GET"]}}],"collection":[{"href":"https:\/\/www.sportnb.com\/fr\/wp-json\/wp\/v2\/pages"}],"about":[{"href":"https:\/\/www.sportnb.com\/fr\/wp-json\/wp\/v2\/types\/page"}],"author":[{"embeddable":true,"href":"https:\/\/www.sportnb.com\/fr\/wp-json\/wp\/v2\/users\/3"}],"replies":[{"embeddable":true,"href":"https:\/\/www.sportnb.com\/fr\/wp-json\/wp\/v2\/comments?post=1992"}],"version-history":[{"count":11,"href":"https:\/\/www.sportnb.com\/fr\/wp-json\/wp\/v2\/pages\/1992\/revisions"}],"predecessor-version":[{"id":12971,"href":"https:\/\/www.sportnb.com\/fr\/wp-json\/wp\/v2\/pages\/1992\/revisions\/12971"}],"wp:featuredmedia":[{"embeddable":true,"href":"https:\/\/www.sportnb.com\/fr\/wp-json\/wp\/v2\/media\/1882"}],"wp:attachment":[{"href":"https:\/\/www.sportnb.com\/fr\/wp-json\/wp\/v2\/media?parent=1992"}],"wp:term":[{"taxonomy":"wf_page_folders","embeddable":true,"href":"https:\/\/www.sportnb.com\/fr\/wp-json\/wp\/v2\/wf_page_folders?post=1992"}],"curies":[{"name":"wp","href":"https:\/\/api.w.org\/{rel}","templated":true}]}}