{"id":1986,"date":"2022-05-17T11:32:24","date_gmt":"2022-05-17T11:32:24","guid":{"rendered":"https:\/\/SITEURL\/?page_id=1986"},"modified":"2022-06-02T18:36:51","modified_gmt":"2022-06-02T18:36:51","slug":"our-members","status":"publish","type":"page","link":"https:\/\/www.sportnb.com\/fr\/our-members\/","title":{"rendered":"Nos membres"},"content":{"rendered":"\n<h2 class=\"wp-block-heading\"><strong>Nos membres<\/strong><\/h2>\n\n\n\n<div class=\"wp-block-columns is-layout-flex wp-container-core-columns-is-layout-9d6595d7 wp-block-columns-is-layout-flex\">\n<div class=\"wp-block-column is-layout-flow wp-block-column-is-layout-flow\">\n<p>Nos membres, s&#8217;agit de groupes provinciaux avec une constitution approuv\u00e9e et qui participent directement aux activit\u00e9s quotidiennes et au d\u00e9veloppement du sport amateur au Nouveau-Brunswick. Chaque organisation provinciale doit \u00eatre le chef de file provincial dans son domaine d&#8217;activit\u00e9 et \u00eatre membre de son association nationale lorsqu&#8217;elle existe. Un seul organisme provincial dans chaque domaine de d\u00e9veloppement du sport sera reconnu. <\/p>\n<\/div>\n\n\n\n<div class=\"wp-block-column is-layout-flow wp-block-column-is-layout-flow\">\n<p><em>Un MEMBRE ACTIF aura le droit d&#8217;envoyer un (1) repr\u00e9sentant qui peut d\u00e9tenir un (1) vote \u00e0 toutes les assembl\u00e9es g\u00e9n\u00e9rale ou sp\u00e9cifique de Sport NB.<\/em><\/p>\n\n\n\n<ul class=\"has-text-color has-medium-font-size wp-block-list\" style=\"color:#8c1737\"><li><strong>Membres actifs<\/strong><\/li><li><strong>Membres associ\u00e9s<\/strong><\/li><li><strong>Me<strong>mbres honoraires<\/strong>\u00a0<\/strong><\/li><\/ul>\n<\/div>\n<\/div>\n\n\n\n<div class=\"wp-block-buttons is-layout-flex wp-block-buttons-is-layout-flex\">\n<div class=\"wp-block-button aligncenter\"><a class=\"wp-block-button__link has-text-color has-background\" href=\"https:\/\/sportnb.com\/member_category\/member-directory\/\" style=\"background-color:#f7b427;color:#003954\" target=\"_blank\" rel=\"noreferrer noopener\">Membres actifs<\/a><\/div>\n<\/div>\n\n\n\n<div style=\"height:20px\" aria-hidden=\"true\" class=\"wp-block-spacer\"><\/div>\n\n\n\n<div class=\"wp-block-buttons is-layout-flex wp-block-buttons-is-layout-flex\">\n<div class=\"wp-block-button aligncenter\"><a class=\"wp-block-button__link has-text-color has-background\" href=\"https:\/\/sportnb.com\/member_category\/associate-member-directory\/\" style=\"background-color:#f7b427;color:#003954\" target=\"_blank\" rel=\"noreferrer noopener\">Membres associ\u00e9s<\/a><\/div>\n<\/div>\n\n\n\n<div style=\"height:20px\" aria-hidden=\"true\" class=\"wp-block-spacer\"><\/div>\n\n\n\n<hr class=\"wp-block-separator has-text-color has-background has-cyan-bluish-gray-background-color has-cyan-bluish-gray-color\"\/>\n\n\n\n<div style=\"height:40px\" aria-hidden=\"true\" class=\"wp-block-spacer\"><\/div>\n\n\n\n<h2 class=\"has-text-align-center wp-block-heading\"><strong>Membres honoraires<\/strong><\/h2>\n\n\n\n<div class=\"wp-block-columns is-layout-flex wp-container-core-columns-is-layout-9d6595d7 wp-block-columns-is-layout-flex\">\n<div class=\"wp-block-column is-layout-flow wp-block-column-is-layout-flow\">\n<h4 class=\"wp-block-heading\">2008 \u2013 Jean-Guy Robichaud&nbsp;<\/h4>\n\n\n\n<p>Jean-Guy, reconnu pour sa contribution au d\u00e9veloppement de notre sport national, est r\u00e9cipiendaire du Prix de d\u00e9veloppement Vance Toner de Hockey Nouveau-Brunswick. Ayant fait partie du comit\u00e9 qui a fond\u00e9 Hockey NB \u00e0 la fin des ann\u00e9es 1960, Jean-Guy a consacr\u00e9 la majeure partie de sa vie au monde de l&#8217;\u00e9ducation sportive. Pour cela, nous l&#8217;honorons en tant que membre honoraire de Sport NB.&nbsp;<\/p>\n<\/div>\n\n\n\n<div class=\"wp-block-column is-layout-flow wp-block-column-is-layout-flow\">\n<h4 class=\"wp-block-heading\">2010 \u2013 Vance Toner<\/h4>\n\n\n\n<p>Intronis\u00e9 au Temple de la renomm\u00e9e sportive du Nouveau-Brunswick en 1991, puis nomm\u00e9 membre de l&#8217;Ordre du Canada, Vance a men\u00e9 une vie exemplaire dans le domaine de l&#8217;\u00e9ducation physique et du leadership. Anim\u00e9 par sa passion pour le sport, il a consacr\u00e9 toute sa vie \u00e0 la croissance et \u00e0 la prosp\u00e9rit\u00e9 du sport dans cette province et a contribu\u00e9 \u00e0 de nombreuses initiatives sportives dans tout le pays. On se souviendra sans aucun doute de ses nombreuses r\u00e9alisations, mais l&#8217;h\u00e9ritage de Vance Toner se perp\u00e9tuera \u00e0 travers nous.&nbsp;<\/p>\n<\/div>\n<\/div>\n","protected":false},"excerpt":{"rendered":"<p>Nos membres Nos membres, s&#8217;agit de groupes provinciaux avec une constitution approuv\u00e9e et qui participent directement aux activit\u00e9s quotidiennes et au d\u00e9veloppement du sport amateur au Nouveau-Brunswick. Chaque organisation provinciale [&hellip;]<\/p>\n","protected":false},"author":3,"featured_media":1778,"parent":0,"menu_order":0,"comment_status":"closed","ping_status":"closed","template":"","meta":{"_acf_changed":false,"_uag_custom_page_level_css":"","_monsterinsights_skip_tracking":false,"_monsterinsights_sitenote_active":false,"_monsterinsights_sitenote_note":"","_monsterinsights_sitenote_category":0,"footnotes":""},"wf_page_folders":[],"class_list":["post-1986","page","type-page","status-publish","has-post-thumbnail","hentry"],"acf":[],"yoast_head":"<!-- This site is optimized with the Yoast SEO plugin v27.4 - https:\/\/yoast.com\/product\/yoast-seo-wordpress\/ -->\n<title>SportNB | Nos membres<\/title>\n<meta name=\"description\" content=\"Sport New Brunswick (Sport NB) is a non-profit, volunteer organization dedicated to the development and promotion of the amateur sport community in New Brunswick. It is a federation that consists of over 60 provincial sport organizations and other sport related organizations.\" \/>\n<meta name=\"robots\" content=\"index, follow, max-snippet:-1, max-image-preview:large, max-video-preview:-1\" \/>\n<link rel=\"canonical\" href=\"https:\/\/www.sportnb.com\/fr\/our-members\/\" \/>\n<meta property=\"og:locale\" content=\"fr_FR\" \/>\n<meta property=\"og:type\" content=\"article\" \/>\n<meta property=\"og:title\" content=\"SportNB | Nos membres\" \/>\n<meta property=\"og:description\" content=\"Sport New Brunswick (Sport NB) is a non-profit, volunteer organization dedicated to the development and promotion of the amateur sport community in New Brunswick. It is a federation that consists of over 60 provincial sport organizations and other sport related organizations.\" \/>\n<meta property=\"og:url\" content=\"https:\/\/www.sportnb.com\/fr\/our-members\/\" \/>\n<meta property=\"og:site_name\" content=\"SportNB\" \/>\n<meta property=\"article:publisher\" content=\"https:\/\/www.facebook.com\/sportnb\" \/>\n<meta property=\"article:modified_time\" content=\"2022-06-02T18:36:51+00:00\" \/>\n<meta property=\"og:image\" content=\"https:\/\/www.sportnb.com\/wp-content\/uploads\/2022\/06\/Beach-VB-M-28.jpg\" \/>\n\t<meta property=\"og:image:width\" content=\"1145\" \/>\n\t<meta property=\"og:image:height\" content=\"644\" \/>\n\t<meta property=\"og:image:type\" content=\"image\/jpeg\" \/>\n<meta name=\"twitter:card\" content=\"summary_large_image\" \/>\n<meta name=\"twitter:site\" content=\"@SportNB\" \/>\n<meta name=\"twitter:label1\" content=\"Est. reading time\" \/>\n\t<meta name=\"twitter:data1\" content=\"1 minute\" \/>\n<script type=\"application\/ld+json\" class=\"yoast-schema-graph\">{\"@context\":\"https:\\\/\\\/schema.org\",\"@graph\":[{\"@type\":\"WebPage\",\"@id\":\"https:\\\/\\\/www.sportnb.com\\\/fr\\\/our-members\\\/\",\"url\":\"https:\\\/\\\/www.sportnb.com\\\/fr\\\/our-members\\\/\",\"name\":\"SportNB | Nos membres\",\"isPartOf\":{\"@id\":\"https:\\\/\\\/www.sportnb.com\\\/fr\\\/#website\"},\"primaryImageOfPage\":{\"@id\":\"https:\\\/\\\/www.sportnb.com\\\/fr\\\/our-members\\\/#primaryimage\"},\"image\":{\"@id\":\"https:\\\/\\\/www.sportnb.com\\\/fr\\\/our-members\\\/#primaryimage\"},\"thumbnailUrl\":\"https:\\\/\\\/www.sportnb.com\\\/wp-content\\\/uploads\\\/2022\\\/06\\\/Beach-VB-M-28.jpg\",\"datePublished\":\"2022-05-17T11:32:24+00:00\",\"dateModified\":\"2022-06-02T18:36:51+00:00\",\"description\":\"Sport New Brunswick (Sport NB) is a non-profit, volunteer organization dedicated to the development and promotion of the amateur sport community in New Brunswick. It is a federation that consists of over 60 provincial sport organizations and other sport related organizations.\",\"breadcrumb\":{\"@id\":\"https:\\\/\\\/www.sportnb.com\\\/fr\\\/our-members\\\/#breadcrumb\"},\"inLanguage\":\"fr-FR\",\"potentialAction\":[{\"@type\":\"ReadAction\",\"target\":[\"https:\\\/\\\/www.sportnb.com\\\/fr\\\/our-members\\\/\"]}]},{\"@type\":\"ImageObject\",\"inLanguage\":\"fr-FR\",\"@id\":\"https:\\\/\\\/www.sportnb.com\\\/fr\\\/our-members\\\/#primaryimage\",\"url\":\"https:\\\/\\\/www.sportnb.com\\\/wp-content\\\/uploads\\\/2022\\\/06\\\/Beach-VB-M-28.jpg\",\"contentUrl\":\"https:\\\/\\\/www.sportnb.com\\\/wp-content\\\/uploads\\\/2022\\\/06\\\/Beach-VB-M-28.jpg\",\"width\":1145,\"height\":644},{\"@type\":\"BreadcrumbList\",\"@id\":\"https:\\\/\\\/www.sportnb.com\\\/fr\\\/our-members\\\/#breadcrumb\",\"itemListElement\":[{\"@type\":\"ListItem\",\"position\":1,\"name\":\"Home\",\"item\":\"https:\\\/\\\/www.sportnb.com\\\/fr\\\/\"},{\"@type\":\"ListItem\",\"position\":2,\"name\":\"Nos membres\"}]},{\"@type\":\"WebSite\",\"@id\":\"https:\\\/\\\/www.sportnb.com\\\/fr\\\/#website\",\"url\":\"https:\\\/\\\/www.sportnb.com\\\/fr\\\/\",\"name\":\"SportNB\",\"description\":\"Together, we can make sport safe for everyone.\",\"publisher\":{\"@id\":\"https:\\\/\\\/www.sportnb.com\\\/fr\\\/#organization\"},\"potentialAction\":[{\"@type\":\"SearchAction\",\"target\":{\"@type\":\"EntryPoint\",\"urlTemplate\":\"https:\\\/\\\/www.sportnb.com\\\/fr\\\/?s={search_term_string}\"},\"query-input\":{\"@type\":\"PropertyValueSpecification\",\"valueRequired\":true,\"valueName\":\"search_term_string\"}}],\"inLanguage\":\"fr-FR\"},{\"@type\":\"Organization\",\"@id\":\"https:\\\/\\\/www.sportnb.com\\\/fr\\\/#organization\",\"name\":\"SportNB\",\"url\":\"https:\\\/\\\/www.sportnb.com\\\/fr\\\/\",\"logo\":{\"@type\":\"ImageObject\",\"inLanguage\":\"fr-FR\",\"@id\":\"https:\\\/\\\/www.sportnb.com\\\/fr\\\/#\\\/schema\\\/logo\\\/image\\\/\",\"url\":\"https:\\\/\\\/sportnb.com\\\/wp-content\\\/uploads\\\/2022\\\/03\\\/logo.svg\",\"contentUrl\":\"https:\\\/\\\/sportnb.com\\\/wp-content\\\/uploads\\\/2022\\\/03\\\/logo.svg\",\"width\":288,\"height\":75,\"caption\":\"SportNB\"},\"image\":{\"@id\":\"https:\\\/\\\/www.sportnb.com\\\/fr\\\/#\\\/schema\\\/logo\\\/image\\\/\"},\"sameAs\":[\"https:\\\/\\\/www.facebook.com\\\/sportnb\",\"https:\\\/\\\/x.com\\\/SportNB\",\"https:\\\/\\\/www.youtube.com\\\/channel\\\/UC5976PPks7naTvXfQ4cZk5g\",\"https:\\\/\\\/ca.linkedin.com\\\/company\\\/sportnb506\",\"https:\\\/\\\/www.instagram.com\\\/sportnewnouveaubrunswick\\\/\"]}]}<\/script>\n<!-- \/ Yoast SEO plugin. -->","yoast_head_json":{"title":"SportNB | Nos membres","description":"Sport New Brunswick (Sport NB) is a non-profit, volunteer organization dedicated to the development and promotion of the amateur sport community in New Brunswick. It is a federation that consists of over 60 provincial sport organizations and other sport related organizations.","robots":{"index":"index","follow":"follow","max-snippet":"max-snippet:-1","max-image-preview":"max-image-preview:large","max-video-preview":"max-video-preview:-1"},"canonical":"https:\/\/www.sportnb.com\/fr\/our-members\/","og_locale":"fr_FR","og_type":"article","og_title":"SportNB | Nos membres","og_description":"Sport New Brunswick (Sport NB) is a non-profit, volunteer organization dedicated to the development and promotion of the amateur sport community in New Brunswick. It is a federation that consists of over 60 provincial sport organizations and other sport related organizations.","og_url":"https:\/\/www.sportnb.com\/fr\/our-members\/","og_site_name":"SportNB","article_publisher":"https:\/\/www.facebook.com\/sportnb","article_modified_time":"2022-06-02T18:36:51+00:00","og_image":[{"width":1145,"height":644,"url":"https:\/\/www.sportnb.com\/wp-content\/uploads\/2022\/06\/Beach-VB-M-28.jpg","type":"image\/jpeg"}],"twitter_card":"summary_large_image","twitter_site":"@SportNB","twitter_misc":{"Est. reading time":"1 minute"},"schema":{"@context":"https:\/\/schema.org","@graph":[{"@type":"WebPage","@id":"https:\/\/www.sportnb.com\/fr\/our-members\/","url":"https:\/\/www.sportnb.com\/fr\/our-members\/","name":"SportNB | Nos membres","isPartOf":{"@id":"https:\/\/www.sportnb.com\/fr\/#website"},"primaryImageOfPage":{"@id":"https:\/\/www.sportnb.com\/fr\/our-members\/#primaryimage"},"image":{"@id":"https:\/\/www.sportnb.com\/fr\/our-members\/#primaryimage"},"thumbnailUrl":"https:\/\/www.sportnb.com\/wp-content\/uploads\/2022\/06\/Beach-VB-M-28.jpg","datePublished":"2022-05-17T11:32:24+00:00","dateModified":"2022-06-02T18:36:51+00:00","description":"Sport New Brunswick (Sport NB) is a non-profit, volunteer organization dedicated to the development and promotion of the amateur sport community in New Brunswick. It is a federation that consists of over 60 provincial sport organizations and other sport related organizations.","breadcrumb":{"@id":"https:\/\/www.sportnb.com\/fr\/our-members\/#breadcrumb"},"inLanguage":"fr-FR","potentialAction":[{"@type":"ReadAction","target":["https:\/\/www.sportnb.com\/fr\/our-members\/"]}]},{"@type":"ImageObject","inLanguage":"fr-FR","@id":"https:\/\/www.sportnb.com\/fr\/our-members\/#primaryimage","url":"https:\/\/www.sportnb.com\/wp-content\/uploads\/2022\/06\/Beach-VB-M-28.jpg","contentUrl":"https:\/\/www.sportnb.com\/wp-content\/uploads\/2022\/06\/Beach-VB-M-28.jpg","width":1145,"height":644},{"@type":"BreadcrumbList","@id":"https:\/\/www.sportnb.com\/fr\/our-members\/#breadcrumb","itemListElement":[{"@type":"ListItem","position":1,"name":"Home","item":"https:\/\/www.sportnb.com\/fr\/"},{"@type":"ListItem","position":2,"name":"Nos membres"}]},{"@type":"WebSite","@id":"https:\/\/www.sportnb.com\/fr\/#website","url":"https:\/\/www.sportnb.com\/fr\/","name":"SportNB","description":"Together, we can make sport safe for everyone.","publisher":{"@id":"https:\/\/www.sportnb.com\/fr\/#organization"},"potentialAction":[{"@type":"SearchAction","target":{"@type":"EntryPoint","urlTemplate":"https:\/\/www.sportnb.com\/fr\/?s={search_term_string}"},"query-input":{"@type":"PropertyValueSpecification","valueRequired":true,"valueName":"search_term_string"}}],"inLanguage":"fr-FR"},{"@type":"Organization","@id":"https:\/\/www.sportnb.com\/fr\/#organization","name":"SportNB","url":"https:\/\/www.sportnb.com\/fr\/","logo":{"@type":"ImageObject","inLanguage":"fr-FR","@id":"https:\/\/www.sportnb.com\/fr\/#\/schema\/logo\/image\/","url":"https:\/\/sportnb.com\/wp-content\/uploads\/2022\/03\/logo.svg","contentUrl":"https:\/\/sportnb.com\/wp-content\/uploads\/2022\/03\/logo.svg","width":288,"height":75,"caption":"SportNB"},"image":{"@id":"https:\/\/www.sportnb.com\/fr\/#\/schema\/logo\/image\/"},"sameAs":["https:\/\/www.facebook.com\/sportnb","https:\/\/x.com\/SportNB","https:\/\/www.youtube.com\/channel\/UC5976PPks7naTvXfQ4cZk5g","https:\/\/ca.linkedin.com\/company\/sportnb506","https:\/\/www.instagram.com\/sportnewnouveaubrunswick\/"]}]}},"uagb_featured_image_src":{"full":["https:\/\/www.sportnb.com\/wp-content\/uploads\/2022\/06\/Beach-VB-M-28.jpg",1145,644,false],"thumbnail":["https:\/\/www.sportnb.com\/wp-content\/uploads\/2022\/06\/Beach-VB-M-28-150x150.jpg",150,150,true],"medium":["https:\/\/www.sportnb.com\/wp-content\/uploads\/2022\/06\/Beach-VB-M-28-300x169.jpg",300,169,true],"medium_large":["https:\/\/www.sportnb.com\/wp-content\/uploads\/2022\/06\/Beach-VB-M-28-768x432.jpg",768,432,true],"large":["https:\/\/www.sportnb.com\/wp-content\/uploads\/2022\/06\/Beach-VB-M-28-1024x576.jpg",900,506,true],"1536x1536":["https:\/\/www.sportnb.com\/wp-content\/uploads\/2022\/06\/Beach-VB-M-28.jpg",1145,644,false],"2048x2048":["https:\/\/www.sportnb.com\/wp-content\/uploads\/2022\/06\/Beach-VB-M-28.jpg",1145,644,false],"thumbnail_1440x9999":["https:\/\/www.sportnb.com\/wp-content\/uploads\/2022\/06\/Beach-VB-M-28.jpg",1145,644,false],"menu-thumb":["https:\/\/www.sportnb.com\/wp-content\/uploads\/2022\/06\/Beach-VB-M-28.jpg",330,186,false]},"uagb_author_info":{"display_name":"webadmin","author_link":"https:\/\/www.sportnb.com\/fr\/author\/webadmin\/"},"uagb_comment_info":0,"uagb_excerpt":"Nos membres Nos membres, s&#8217;agit de groupes provinciaux avec une constitution approuv\u00e9e et qui participent directement aux activit\u00e9s quotidiennes et au d\u00e9veloppement du sport amateur au Nouveau-Brunswick. Chaque organisation provinciale [&hellip;]","_links":{"self":[{"href":"https:\/\/www.sportnb.com\/fr\/wp-json\/wp\/v2\/pages\/1986","targetHints":{"allow":["GET"]}}],"collection":[{"href":"https:\/\/www.sportnb.com\/fr\/wp-json\/wp\/v2\/pages"}],"about":[{"href":"https:\/\/www.sportnb.com\/fr\/wp-json\/wp\/v2\/types\/page"}],"author":[{"embeddable":true,"href":"https:\/\/www.sportnb.com\/fr\/wp-json\/wp\/v2\/users\/3"}],"replies":[{"embeddable":true,"href":"https:\/\/www.sportnb.com\/fr\/wp-json\/wp\/v2\/comments?post=1986"}],"version-history":[{"count":3,"href":"https:\/\/www.sportnb.com\/fr\/wp-json\/wp\/v2\/pages\/1986\/revisions"}],"predecessor-version":[{"id":1990,"href":"https:\/\/www.sportnb.com\/fr\/wp-json\/wp\/v2\/pages\/1986\/revisions\/1990"}],"wp:featuredmedia":[{"embeddable":true,"href":"https:\/\/www.sportnb.com\/fr\/wp-json\/wp\/v2\/media\/1778"}],"wp:attachment":[{"href":"https:\/\/www.sportnb.com\/fr\/wp-json\/wp\/v2\/media?parent=1986"}],"wp:term":[{"taxonomy":"wf_page_folders","embeddable":true,"href":"https:\/\/www.sportnb.com\/fr\/wp-json\/wp\/v2\/wf_page_folders?post=1986"}],"curies":[{"name":"wp","href":"https:\/\/api.w.org\/{rel}","templated":true}]}}