{"id":12628,"date":"2026-01-23T14:52:10","date_gmt":"2026-01-23T18:52:10","guid":{"rendered":"https:\/\/sportnb.com\/?page_id=12628"},"modified":"2026-01-27T12:16:07","modified_gmt":"2026-01-27T16:16:07","slug":"services-aux-membres-2","status":"publish","type":"page","link":"https:\/\/www.sportnb.com\/fr\/services-aux-membres-2\/","title":{"rendered":"Services aux membres"},"content":{"rendered":"\n<h2 class=\"wp-block-heading has-text-align-center\">Bienvenue sur la page des services aux membres<\/h2>\n\n\n\n<p class=\"has-text-align-center\"><br>En tant que personne membre de Sport NB, vous avez acc\u00e8s \u00e0 de nombreux programmes, services et rabais con\u00e7us pour soutenir votre organisation et ses membres. Des rabais aux espaces de r\u00e9union, trouvez ici toutes les ressources dont vous avez besoin. Les administrateur\u00b7trice\u00b7s, entra\u00eeneur\u00b7e\u00b7s, parents, athl\u00e8tes et b\u00e9n\u00e9voles de votre organisation \u2014 et m\u00eame ceux et celles de l\u2019ext\u00e9rieur \u2014 peuvent profiter de belles \u00e9conomies! Lisez ci-dessous pour en savoir plus sur les diff\u00e9rents programmes, services, avantages et rabais actuellement offerts \u00e0 nos membres.    <\/p>\n\n\n\n<hr class=\"wp-block-separator has-alpha-channel-opacity\"\/>\n\n\n\n<div class=\"wp-block-columns is-layout-flex wp-container-core-columns-is-layout-9d6595d7 wp-block-columns-is-layout-flex\">\n<div class=\"wp-block-column is-layout-flow wp-block-column-is-layout-flow\">\n<h2 class=\"wp-block-heading has-text-align-center\">Avantages pour nos membres<\/h2>\n\n\n\n<p class=\"has-text-align-center\">D\u00e9couvrez une vari\u00e9t\u00e9 d\u2019avantages offerts \u00e0 toute personne li\u00e9e \u00e0 nos organisations membres et apprenez o\u00f9 vous pouvez r\u00e9aliser des \u00e9conomies.<\/p>\n\n\n\n<div class=\"wp-block-buttons is-layout-flex wp-block-buttons-is-layout-flex\">\n<div class=\"wp-block-button\"><a class=\"wp-block-button__link wp-element-button\" href=\"https:\/\/sportnb.com\/fr\/member-benefits\/\">Page des avantages pour les membres<\/a><\/div>\n<\/div>\n<\/div>\n\n\n\n<div class=\"wp-block-column is-layout-flow wp-block-column-is-layout-flow\">\n<h2 class=\"wp-block-heading has-text-align-center\">Fonds pour le sport amateur du N.-B.<\/h2>\n\n\n\n<p class=\"has-text-align-center\">D\u00e9couvrez notre programme con\u00e7u pour aider les organisations membres \u00e0 r\u00e9aliser des projets et \u00e0 cr\u00e9er de nouvelles opportunit\u00e9s pour nos communaut\u00e9s. Les dons et les demandes peuvent \u00eatre soumis en cliquant sur le lien ci-dessous. <\/p>\n\n\n\n<div class=\"wp-block-buttons is-content-justification-center is-layout-flex wp-container-core-buttons-is-layout-16018d1d wp-block-buttons-is-layout-flex\">\n<div class=\"wp-block-button\"><a class=\"wp-block-button__link wp-element-button\" href=\"https:\/\/sportnb.com\/fr\/nb-amateur-sport-fund\/\" target=\"_blank\" rel=\"noreferrer noopener\">Page FSANB<\/a><\/div>\n<\/div>\n<\/div>\n\n\n\n<div class=\"wp-block-column is-layout-flow wp-block-column-is-layout-flow\">\n<h2 class=\"wp-block-heading has-text-align-center\">Programme d\u2019aide aux athl\u00e8tes du N.-B.<\/h2>\n\n\n\n<p class=\"has-text-align-center\">Le PAAA-NB est un programme de financement sportif qui offre une aide financi\u00e8re directe aux athl\u00e8tes de haut niveau qui r\u00e9ussissent sur la sc\u00e8ne nationale ou internationale, ou qui d\u00e9montrent un fort potentiel pour int\u00e9grer une \u00e9quipe nationale junior ou senior.<\/p>\n\n\n\n<div class=\"wp-block-buttons is-content-justification-center is-layout-flex wp-container-core-buttons-is-layout-16018d1d wp-block-buttons-is-layout-flex\">\n<div class=\"wp-block-button\"><a class=\"wp-block-button__link wp-element-button\" href=\"https:\/\/sportnb.com\/fr\/programme-daide-aux-athletes-du-nouveau-brunswick\/\" target=\"_blank\" rel=\"noreferrer noopener\">Page PAAANB<\/a><\/div>\n<\/div>\n<\/div>\n<\/div>\n\n\n\n<hr class=\"wp-block-separator has-alpha-channel-opacity\"\/>\n\n\n\n<div class=\"wp-block-columns is-layout-flex wp-container-core-columns-is-layout-9d6595d7 wp-block-columns-is-layout-flex\">\n<div class=\"wp-block-column is-layout-flow wp-block-column-is-layout-flow\">\n<h2 class=\"wp-block-heading has-text-align-center\">Consultez notre calendrier des \u00e9v\u00e9nements<\/h2>\n\n\n\n<div class=\"wp-block-buttons is-content-justification-center is-layout-flex wp-container-core-buttons-is-layout-16018d1d wp-block-buttons-is-layout-flex\">\n<div class=\"wp-block-button\"><a class=\"wp-block-button__link wp-element-button\" href=\"\u00c9v\u00e8nements en October 2025 | SportNB\" target=\"_blank\" rel=\"noreferrer noopener\">Calendrier des \u00e9v\u00e9nements<\/a><\/div>\n<\/div>\n<\/div>\n\n\n\n<div class=\"wp-block-column is-layout-flow wp-block-column-is-layout-flow\">\n<h2 class=\"wp-block-heading has-text-align-center\">S&#8217;abonner \u00e0 notre lettre d&#8217;information<\/h2>\n\n\n\n<div class=\"wp-block-buttons is-content-justification-center is-layout-flex wp-container-core-buttons-is-layout-16018d1d wp-block-buttons-is-layout-flex\">\n<div class=\"wp-block-button\"><a class=\"wp-block-button__link wp-element-button\" href=\"https:\/\/sportnb.com\/fr\/la-scene-sportive\/\" target=\"_blank\" rel=\"noreferrer noopener\">Archives de la lettre d&#8217;information<\/a><\/div>\n<\/div>\n<\/div>\n<\/div>\n\n\n\n<hr class=\"wp-block-separator has-alpha-channel-opacity\"\/>\n\n\n\n<h1 class=\"wp-block-heading has-text-align-center\">Coordonn\u00e9es<\/h1>\n\n\n\n<div class=\"wp-block-columns is-layout-flex wp-container-core-columns-is-layout-9d6595d7 wp-block-columns-is-layout-flex\">\n<div class=\"wp-block-column is-layout-flow wp-block-column-is-layout-flow\">\n<div class=\"wp-block-uagb-image aligncenter uagb-block-6410452a wp-block-uagb-image--layout-default wp-block-uagb-image--effect-static wp-block-uagb-image--align-center\"><figure class=\"wp-block-uagb-image__figure\"><img decoding=\"async\" data-srcset=\"https:\/\/sportnb.com\/wp-content\/uploads\/2025\/05\/Safe-Sport-Education-Series-Album-Cover-2-1024x1024.png ,httpss:\/\/sportnb.com\/wp-content\/uploads\/2025\/05\/Safe-Sport-Education-Series-Album-Cover-2.png 780w, httpss:\/\/sportnb.com\/wp-content\/uploads\/2025\/05\/Safe-Sport-Education-Series-Album-Cover-2.png 360w\" data-sizes=\"auto, (max-width: 480px) 150px\" data-src=\"https:\/\/sportnb.com\/wp-content\/uploads\/2025\/05\/Safe-Sport-Education-Series-Album-Cover-2-1024x1024.png\" alt=\"\" class=\"uag-image-11376 lazyload\" width=\"900\" height=\"900\" title=\"Safe Sport Education Series (Album Cover) (2)\" role=\"img\" src=\"data:image\/svg+xml;base64,PHN2ZyB3aWR0aD0iMSIgaGVpZ2h0PSIxIiB4bWxucz0iaHR0cDovL3d3dy53My5vcmcvMjAwMC9zdmciPjwvc3ZnPg==\" style=\"--smush-placeholder-width: 900px; --smush-placeholder-aspect-ratio: 900\/900;\" \/><\/figure><\/div>\n\n\n\n<h2 class=\"wp-block-heading has-text-align-center\">Directrice int\u00e9rimaire des services commerciaux<\/h2>\n\n\n\n<p class=\"has-text-align-center\"><strong>Abby Rivington<\/strong> <strong>(elle)<\/strong><br><a href=\"mailto:abby.rivington@sportnb.com\" target=\"_blank\" rel=\"noreferrer noopener\">abby.rivington@sportnb.com<\/a><br>506-429-5424<\/p>\n\n\n\n<div class=\"wp-block-uagb-image uagb-block-f46da22e wp-block-uagb-image--layout-default wp-block-uagb-image--effect-static wp-block-uagb-image--align-none\"><figure class=\"wp-block-uagb-image__figure\"><img decoding=\"async\" data-srcset=\"https:\/\/sportnb.com\/wp-content\/uploads\/2026\/01\/We-are-hiring-1-1024x1024.png ,https:\/\/sportnb.com\/wp-content\/uploads\/2026\/01\/We-are-hiring-1.png 780w, https:\/\/sportnb.com\/wp-content\/uploads\/2026\/01\/We-are-hiring-1.png 360w\" data-sizes=\"auto, (max-width: 480px) 150px\" data-src=\"https:\/\/sportnb.com\/wp-content\/uploads\/2026\/01\/We-are-hiring-1-1024x1024.png\" alt=\"\" class=\"uag-image-13212 lazyload\" width=\"900\" height=\"900\" title=\"We are hiring (1)\" role=\"img\" src=\"data:image\/svg+xml;base64,PHN2ZyB3aWR0aD0iMSIgaGVpZ2h0PSIxIiB4bWxucz0iaHR0cDovL3d3dy53My5vcmcvMjAwMC9zdmciPjwvc3ZnPg==\" style=\"--smush-placeholder-width: 900px; --smush-placeholder-aspect-ratio: 900\/900;\" \/><\/figure><\/div>\n\n\n\n<h2 class=\"wp-block-heading has-text-align-center\">Coordinateur du site Web, des plateformes sociales et des m\u00e9dias<\/h2>\n\n\n\n<hr class=\"wp-block-separator has-alpha-channel-opacity\"\/>\n\n\n\n<p class=\"has-text-align-center\"><strong>Evan Delisle (il)<br><\/strong><a href=\"mailto:evan.delisle@sportnb.com\">evan.delisle@sportnb.com<\/a><br>506-292-8157<\/p>\n<\/div>\n\n\n\n<div class=\"wp-block-column is-layout-flow wp-block-column-is-layout-flow\">\n<div class=\"wp-block-uagb-image uagb-block-e0f178ef wp-block-uagb-image--layout-default wp-block-uagb-image--effect-static wp-block-uagb-image--align-none\"><figure class=\"wp-block-uagb-image__figure\"><img decoding=\"async\" data-srcset=\"https:\/\/sportnb.com\/wp-content\/uploads\/2023\/10\/MicrosoftTeams-image-122-1024x1024.jpg ,https:\/\/sportnb.com\/wp-content\/uploads\/2023\/10\/MicrosoftTeams-image-122.jpg 780w, https:\/\/sportnb.com\/wp-content\/uploads\/2023\/10\/MicrosoftTeams-image-122.jpg 360w\" data-sizes=\"auto, (max-width: 480px) 150px\" data-src=\"https:\/\/sportnb.com\/wp-content\/uploads\/2023\/10\/MicrosoftTeams-image-122-1024x1024.jpg\" alt=\"\" class=\"uag-image-6332 lazyload\" width=\"1024\" height=\"1024\" title=\"MicrosoftTeams-image-122\" role=\"img\" src=\"data:image\/svg+xml;base64,PHN2ZyB3aWR0aD0iMSIgaGVpZ2h0PSIxIiB4bWxucz0iaHR0cDovL3d3dy53My5vcmcvMjAwMC9zdmciPjwvc3ZnPg==\" style=\"--smush-placeholder-width: 1024px; --smush-placeholder-aspect-ratio: 1024\/1024;\" \/><\/figure><\/div>\n\n\n\n<h2 class=\"wp-block-heading has-text-align-center\">Responsable des services commerciaux<\/h2>\n\n\n\n<p class=\"has-text-align-center\"><strong>Jessica Calabrese<\/strong> <strong>(elle)<\/strong><br><a href=\"mailto:memberservices@sportnb.com\" target=\"_blank\" rel=\"noreferrer noopener\">memberservices@sportnb.com<br><\/a>506-429-6345<\/p>\n<\/div>\n\n\n\n<div class=\"wp-block-column is-layout-flow wp-block-column-is-layout-flow\">\n<div class=\"wp-block-uagb-image uagb-block-f46da22e wp-block-uagb-image--layout-default wp-block-uagb-image--effect-static wp-block-uagb-image--align-none\"><figure class=\"wp-block-uagb-image__figure\"><img decoding=\"async\" data-srcset=\"https:\/\/sportnb.com\/wp-content\/uploads\/2024\/09\/Untitled-design-100-1024x1024.png ,httpss:\/\/sportnb.com\/wp-content\/uploads\/2024\/09\/Untitled-design-100.png 780w, httpss:\/\/sportnb.com\/wp-content\/uploads\/2024\/09\/Untitled-design-100.png 360w\" data-sizes=\"auto, (max-width: 480px) 150px\" data-src=\"https:\/\/sportnb.com\/wp-content\/uploads\/2024\/09\/Untitled-design-100-1024x1024.png\" alt=\"\" class=\"uag-image-8576 lazyload\" width=\"900\" height=\"900\" title=\"Untitled design (100)\" role=\"img\" src=\"data:image\/svg+xml;base64,PHN2ZyB3aWR0aD0iMSIgaGVpZ2h0PSIxIiB4bWxucz0iaHR0cDovL3d3dy53My5vcmcvMjAwMC9zdmciPjwvc3ZnPg==\" style=\"--smush-placeholder-width: 900px; --smush-placeholder-aspect-ratio: 900\/900;\" \/><\/figure><\/div>\n\n\n\n<h2 class=\"wp-block-heading has-text-align-center\">Coordinatrice du soutien aux op\u00e9rations<\/h2>\n\n\n\n<p class=\"has-text-align-center\"><strong>Martina Barclay (elle)<br><\/strong><a href=\"mailto:martina.barclay@sportnb.com\" target=\"_blank\" rel=\"noreferrer noopener\">martina.barclay@sportnb.com<\/a><br>506-282-5932<br><\/p>\n<\/div>\n<\/div>\n\n\n\n<p><\/p>\n","protected":false},"excerpt":{"rendered":"<p>Bienvenue sur la page des services aux membres En tant que personne membre de Sport NB, vous avez acc\u00e8s \u00e0 de nombreux programmes, services et rabais con\u00e7us pour soutenir votre [&hellip;]<\/p>\n","protected":false},"author":5,"featured_media":5348,"parent":0,"menu_order":0,"comment_status":"closed","ping_status":"closed","template":"","meta":{"_acf_changed":false,"_uag_custom_page_level_css":"","_monsterinsights_skip_tracking":false,"_monsterinsights_sitenote_active":false,"_monsterinsights_sitenote_note":"","_monsterinsights_sitenote_category":0,"footnotes":""},"wf_page_folders":[],"class_list":["post-12628","page","type-page","status-publish","has-post-thumbnail","hentry"],"acf":[],"yoast_head":"<!-- This site is optimized with the Yoast SEO plugin v27.4 - https:\/\/yoast.com\/product\/yoast-seo-wordpress\/ -->\n<title>SportNB | Services aux membres<\/title>\n<meta name=\"description\" content=\"Sport New Brunswick (Sport NB) is a non-profit, volunteer organization dedicated to the development and promotion of the amateur sport community in New Brunswick. It is a federation that consists of over 60 provincial sport organizations and other sport related organizations.\" \/>\n<meta name=\"robots\" content=\"index, follow, max-snippet:-1, max-image-preview:large, max-video-preview:-1\" \/>\n<link rel=\"canonical\" href=\"https:\/\/www.sportnb.com\/fr\/services-aux-membres-2\/\" \/>\n<meta property=\"og:locale\" content=\"fr_FR\" \/>\n<meta property=\"og:type\" content=\"article\" \/>\n<meta property=\"og:title\" content=\"SportNB | Services aux membres\" \/>\n<meta property=\"og:description\" content=\"Sport New Brunswick (Sport NB) is a non-profit, volunteer organization dedicated to the development and promotion of the amateur sport community in New Brunswick. It is a federation that consists of over 60 provincial sport organizations and other sport related organizations.\" \/>\n<meta property=\"og:url\" content=\"https:\/\/www.sportnb.com\/fr\/services-aux-membres-2\/\" \/>\n<meta property=\"og:site_name\" content=\"SportNB\" \/>\n<meta property=\"article:publisher\" content=\"https:\/\/www.facebook.com\/sportnb\" \/>\n<meta property=\"article:modified_time\" content=\"2026-01-27T16:16:07+00:00\" \/>\n<meta property=\"og:image\" content=\"https:\/\/www.sportnb.com\/wp-content\/uploads\/2023\/07\/MicrosoftTeams-image-96-2-scaled.jpg\" \/>\n\t<meta property=\"og:image:width\" content=\"1\" \/>\n\t<meta property=\"og:image:height\" content=\"1\" \/>\n\t<meta property=\"og:image:type\" content=\"image\/jpeg\" \/>\n<meta name=\"twitter:card\" content=\"summary_large_image\" \/>\n<meta name=\"twitter:site\" content=\"@SportNB\" \/>\n<meta name=\"twitter:label1\" content=\"Est. reading time\" \/>\n\t<meta name=\"twitter:data1\" content=\"3 minutes\" \/>\n<script type=\"application\/ld+json\" class=\"yoast-schema-graph\">{\"@context\":\"https:\\\/\\\/schema.org\",\"@graph\":[{\"@type\":\"WebPage\",\"@id\":\"https:\\\/\\\/www.sportnb.com\\\/fr\\\/services-aux-membres-2\\\/\",\"url\":\"https:\\\/\\\/www.sportnb.com\\\/fr\\\/services-aux-membres-2\\\/\",\"name\":\"SportNB | Services aux membres\",\"isPartOf\":{\"@id\":\"https:\\\/\\\/www.sportnb.com\\\/fr\\\/#website\"},\"primaryImageOfPage\":{\"@id\":\"https:\\\/\\\/www.sportnb.com\\\/fr\\\/services-aux-membres-2\\\/#primaryimage\"},\"image\":{\"@id\":\"https:\\\/\\\/www.sportnb.com\\\/fr\\\/services-aux-membres-2\\\/#primaryimage\"},\"thumbnailUrl\":\"https:\\\/\\\/www.sportnb.com\\\/wp-content\\\/uploads\\\/2023\\\/07\\\/MicrosoftTeams-image-96-2-scaled.jpg\",\"datePublished\":\"2026-01-23T18:52:10+00:00\",\"dateModified\":\"2026-01-27T16:16:07+00:00\",\"description\":\"Sport New Brunswick (Sport NB) is a non-profit, volunteer organization dedicated to the development and promotion of the amateur sport community in New Brunswick. It is a federation that consists of over 60 provincial sport organizations and other sport related organizations.\",\"breadcrumb\":{\"@id\":\"https:\\\/\\\/www.sportnb.com\\\/fr\\\/services-aux-membres-2\\\/#breadcrumb\"},\"inLanguage\":\"fr-FR\",\"potentialAction\":[{\"@type\":\"ReadAction\",\"target\":[\"https:\\\/\\\/www.sportnb.com\\\/fr\\\/services-aux-membres-2\\\/\"]}]},{\"@type\":\"ImageObject\",\"inLanguage\":\"fr-FR\",\"@id\":\"https:\\\/\\\/www.sportnb.com\\\/fr\\\/services-aux-membres-2\\\/#primaryimage\",\"url\":\"https:\\\/\\\/www.sportnb.com\\\/wp-content\\\/uploads\\\/2023\\\/07\\\/MicrosoftTeams-image-96-2-scaled.jpg\",\"contentUrl\":\"https:\\\/\\\/www.sportnb.com\\\/wp-content\\\/uploads\\\/2023\\\/07\\\/MicrosoftTeams-image-96-2-scaled.jpg\"},{\"@type\":\"BreadcrumbList\",\"@id\":\"https:\\\/\\\/www.sportnb.com\\\/fr\\\/services-aux-membres-2\\\/#breadcrumb\",\"itemListElement\":[{\"@type\":\"ListItem\",\"position\":1,\"name\":\"Home\",\"item\":\"https:\\\/\\\/www.sportnb.com\\\/fr\\\/\"},{\"@type\":\"ListItem\",\"position\":2,\"name\":\"Services aux membres\"}]},{\"@type\":\"WebSite\",\"@id\":\"https:\\\/\\\/www.sportnb.com\\\/fr\\\/#website\",\"url\":\"https:\\\/\\\/www.sportnb.com\\\/fr\\\/\",\"name\":\"SportNB\",\"description\":\"Together, we can make sport safe for everyone.\",\"publisher\":{\"@id\":\"https:\\\/\\\/www.sportnb.com\\\/fr\\\/#organization\"},\"potentialAction\":[{\"@type\":\"SearchAction\",\"target\":{\"@type\":\"EntryPoint\",\"urlTemplate\":\"https:\\\/\\\/www.sportnb.com\\\/fr\\\/?s={search_term_string}\"},\"query-input\":{\"@type\":\"PropertyValueSpecification\",\"valueRequired\":true,\"valueName\":\"search_term_string\"}}],\"inLanguage\":\"fr-FR\"},{\"@type\":\"Organization\",\"@id\":\"https:\\\/\\\/www.sportnb.com\\\/fr\\\/#organization\",\"name\":\"SportNB\",\"url\":\"https:\\\/\\\/www.sportnb.com\\\/fr\\\/\",\"logo\":{\"@type\":\"ImageObject\",\"inLanguage\":\"fr-FR\",\"@id\":\"https:\\\/\\\/www.sportnb.com\\\/fr\\\/#\\\/schema\\\/logo\\\/image\\\/\",\"url\":\"https:\\\/\\\/sportnb.com\\\/wp-content\\\/uploads\\\/2022\\\/03\\\/logo.svg\",\"contentUrl\":\"https:\\\/\\\/sportnb.com\\\/wp-content\\\/uploads\\\/2022\\\/03\\\/logo.svg\",\"width\":288,\"height\":75,\"caption\":\"SportNB\"},\"image\":{\"@id\":\"https:\\\/\\\/www.sportnb.com\\\/fr\\\/#\\\/schema\\\/logo\\\/image\\\/\"},\"sameAs\":[\"https:\\\/\\\/www.facebook.com\\\/sportnb\",\"https:\\\/\\\/x.com\\\/SportNB\",\"https:\\\/\\\/www.youtube.com\\\/channel\\\/UC5976PPks7naTvXfQ4cZk5g\",\"https:\\\/\\\/ca.linkedin.com\\\/company\\\/sportnb506\",\"https:\\\/\\\/www.instagram.com\\\/sportnewnouveaubrunswick\\\/\"]}]}<\/script>\n<!-- \/ Yoast SEO plugin. -->","yoast_head_json":{"title":"SportNB | Services aux membres","description":"Sport New Brunswick (Sport NB) is a non-profit, volunteer organization dedicated to the development and promotion of the amateur sport community in New Brunswick. It is a federation that consists of over 60 provincial sport organizations and other sport related organizations.","robots":{"index":"index","follow":"follow","max-snippet":"max-snippet:-1","max-image-preview":"max-image-preview:large","max-video-preview":"max-video-preview:-1"},"canonical":"https:\/\/www.sportnb.com\/fr\/services-aux-membres-2\/","og_locale":"fr_FR","og_type":"article","og_title":"SportNB | Services aux membres","og_description":"Sport New Brunswick (Sport NB) is a non-profit, volunteer organization dedicated to the development and promotion of the amateur sport community in New Brunswick. It is a federation that consists of over 60 provincial sport organizations and other sport related organizations.","og_url":"https:\/\/www.sportnb.com\/fr\/services-aux-membres-2\/","og_site_name":"SportNB","article_publisher":"https:\/\/www.facebook.com\/sportnb","article_modified_time":"2026-01-27T16:16:07+00:00","og_image":[{"url":"https:\/\/www.sportnb.com\/wp-content\/uploads\/2023\/07\/MicrosoftTeams-image-96-2-scaled.jpg","width":1,"height":1,"type":"image\/jpeg"}],"twitter_card":"summary_large_image","twitter_site":"@SportNB","twitter_misc":{"Est. reading time":"3 minutes"},"schema":{"@context":"https:\/\/schema.org","@graph":[{"@type":"WebPage","@id":"https:\/\/www.sportnb.com\/fr\/services-aux-membres-2\/","url":"https:\/\/www.sportnb.com\/fr\/services-aux-membres-2\/","name":"SportNB | Services aux membres","isPartOf":{"@id":"https:\/\/www.sportnb.com\/fr\/#website"},"primaryImageOfPage":{"@id":"https:\/\/www.sportnb.com\/fr\/services-aux-membres-2\/#primaryimage"},"image":{"@id":"https:\/\/www.sportnb.com\/fr\/services-aux-membres-2\/#primaryimage"},"thumbnailUrl":"https:\/\/www.sportnb.com\/wp-content\/uploads\/2023\/07\/MicrosoftTeams-image-96-2-scaled.jpg","datePublished":"2026-01-23T18:52:10+00:00","dateModified":"2026-01-27T16:16:07+00:00","description":"Sport New Brunswick (Sport NB) is a non-profit, volunteer organization dedicated to the development and promotion of the amateur sport community in New Brunswick. It is a federation that consists of over 60 provincial sport organizations and other sport related organizations.","breadcrumb":{"@id":"https:\/\/www.sportnb.com\/fr\/services-aux-membres-2\/#breadcrumb"},"inLanguage":"fr-FR","potentialAction":[{"@type":"ReadAction","target":["https:\/\/www.sportnb.com\/fr\/services-aux-membres-2\/"]}]},{"@type":"ImageObject","inLanguage":"fr-FR","@id":"https:\/\/www.sportnb.com\/fr\/services-aux-membres-2\/#primaryimage","url":"https:\/\/www.sportnb.com\/wp-content\/uploads\/2023\/07\/MicrosoftTeams-image-96-2-scaled.jpg","contentUrl":"https:\/\/www.sportnb.com\/wp-content\/uploads\/2023\/07\/MicrosoftTeams-image-96-2-scaled.jpg"},{"@type":"BreadcrumbList","@id":"https:\/\/www.sportnb.com\/fr\/services-aux-membres-2\/#breadcrumb","itemListElement":[{"@type":"ListItem","position":1,"name":"Home","item":"https:\/\/www.sportnb.com\/fr\/"},{"@type":"ListItem","position":2,"name":"Services aux membres"}]},{"@type":"WebSite","@id":"https:\/\/www.sportnb.com\/fr\/#website","url":"https:\/\/www.sportnb.com\/fr\/","name":"SportNB","description":"Together, we can make sport safe for everyone.","publisher":{"@id":"https:\/\/www.sportnb.com\/fr\/#organization"},"potentialAction":[{"@type":"SearchAction","target":{"@type":"EntryPoint","urlTemplate":"https:\/\/www.sportnb.com\/fr\/?s={search_term_string}"},"query-input":{"@type":"PropertyValueSpecification","valueRequired":true,"valueName":"search_term_string"}}],"inLanguage":"fr-FR"},{"@type":"Organization","@id":"https:\/\/www.sportnb.com\/fr\/#organization","name":"SportNB","url":"https:\/\/www.sportnb.com\/fr\/","logo":{"@type":"ImageObject","inLanguage":"fr-FR","@id":"https:\/\/www.sportnb.com\/fr\/#\/schema\/logo\/image\/","url":"https:\/\/sportnb.com\/wp-content\/uploads\/2022\/03\/logo.svg","contentUrl":"https:\/\/sportnb.com\/wp-content\/uploads\/2022\/03\/logo.svg","width":288,"height":75,"caption":"SportNB"},"image":{"@id":"https:\/\/www.sportnb.com\/fr\/#\/schema\/logo\/image\/"},"sameAs":["https:\/\/www.facebook.com\/sportnb","https:\/\/x.com\/SportNB","https:\/\/www.youtube.com\/channel\/UC5976PPks7naTvXfQ4cZk5g","https:\/\/ca.linkedin.com\/company\/sportnb506","https:\/\/www.instagram.com\/sportnewnouveaubrunswick\/"]}]}},"uagb_featured_image_src":{"full":["https:\/\/www.sportnb.com\/wp-content\/uploads\/2023\/07\/MicrosoftTeams-image-96-2-scaled.jpg",0,0,false],"thumbnail":["https:\/\/www.sportnb.com\/wp-content\/uploads\/2023\/07\/MicrosoftTeams-image-96-2-scaled.jpg",1,1,false],"medium":["https:\/\/www.sportnb.com\/wp-content\/uploads\/2023\/07\/MicrosoftTeams-image-96-2-scaled.jpg",1,1,false],"medium_large":["https:\/\/www.sportnb.com\/wp-content\/uploads\/2023\/07\/MicrosoftTeams-image-96-2-scaled.jpg",1,1,false],"large":["https:\/\/www.sportnb.com\/wp-content\/uploads\/2023\/07\/MicrosoftTeams-image-96-2-scaled.jpg",1,1,false],"1536x1536":["https:\/\/www.sportnb.com\/wp-content\/uploads\/2023\/07\/MicrosoftTeams-image-96-2-scaled.jpg",1,1,false],"2048x2048":["https:\/\/www.sportnb.com\/wp-content\/uploads\/2023\/07\/MicrosoftTeams-image-96-2-scaled.jpg",1,1,false],"thumbnail_1440x9999":["https:\/\/www.sportnb.com\/wp-content\/uploads\/2023\/07\/MicrosoftTeams-image-96-2-scaled.jpg",1,1,false],"menu-thumb":["https:\/\/www.sportnb.com\/wp-content\/uploads\/2023\/07\/MicrosoftTeams-image-96-2-scaled.jpg",1,1,false]},"uagb_author_info":{"display_name":"Evan","author_link":"https:\/\/www.sportnb.com\/fr\/author\/marketing\/"},"uagb_comment_info":0,"uagb_excerpt":"Bienvenue sur la page des services aux membres En tant que personne membre de Sport NB, vous avez acc\u00e8s \u00e0 de nombreux programmes, services et rabais con\u00e7us pour soutenir votre [&hellip;]","_links":{"self":[{"href":"https:\/\/www.sportnb.com\/fr\/wp-json\/wp\/v2\/pages\/12628","targetHints":{"allow":["GET"]}}],"collection":[{"href":"https:\/\/www.sportnb.com\/fr\/wp-json\/wp\/v2\/pages"}],"about":[{"href":"https:\/\/www.sportnb.com\/fr\/wp-json\/wp\/v2\/types\/page"}],"author":[{"embeddable":true,"href":"https:\/\/www.sportnb.com\/fr\/wp-json\/wp\/v2\/users\/5"}],"replies":[{"embeddable":true,"href":"https:\/\/www.sportnb.com\/fr\/wp-json\/wp\/v2\/comments?post=12628"}],"version-history":[{"count":10,"href":"https:\/\/www.sportnb.com\/fr\/wp-json\/wp\/v2\/pages\/12628\/revisions"}],"predecessor-version":[{"id":13214,"href":"https:\/\/www.sportnb.com\/fr\/wp-json\/wp\/v2\/pages\/12628\/revisions\/13214"}],"wp:featuredmedia":[{"embeddable":true,"href":"https:\/\/www.sportnb.com\/fr\/wp-json\/wp\/v2\/media\/5348"}],"wp:attachment":[{"href":"https:\/\/www.sportnb.com\/fr\/wp-json\/wp\/v2\/media?parent=12628"}],"wp:term":[{"taxonomy":"wf_page_folders","embeddable":true,"href":"https:\/\/www.sportnb.com\/fr\/wp-json\/wp\/v2\/wf_page_folders?post=12628"}],"curies":[{"name":"wp","href":"https:\/\/api.w.org\/{rel}","templated":true}]}}