{"id":11575,"date":"2025-05-15T13:14:36","date_gmt":"2025-05-15T16:14:36","guid":{"rendered":"https:\/\/sportnb.com\/?page_id=11575"},"modified":"2025-07-17T14:32:40","modified_gmt":"2025-07-17T17:32:40","slug":"safezone-2","status":"publish","type":"page","link":"https:\/\/www.sportnb.com\/fr\/safezone-2\/","title":{"rendered":"SafeZone"},"content":{"rendered":"\n<div class=\"wp-block-columns is-layout-flex wp-container-core-columns-is-layout-9d6595d7 wp-block-columns-is-layout-flex\">\n<div class=\"wp-block-column is-layout-flow wp-block-column-is-layout-flow\">\n<h2 class=\"wp-block-heading\"><strong>Pr\u00e9sentation de SafeZone&nbsp;<\/strong>&nbsp;<\/h2>\n\n\n\n<p style=\"font-size:18px\">Sport NB s\u2019engage \u00e0 favoriser un milieu s\u00e9curitaire, positif et inclusif pour tous ceux qui participent au sport au Nouveau-Brunswick. Afin d\u2019appuyer cet engagement, l\u2019\u00e9quipe de Sport NB est heureuse de pr\u00e9senter <strong>SafeZone<\/strong>, une ressource con\u00e7ue pour aider les participants, les dirigeants et les repr\u00e9sentants \u00e0 faire face aux pr\u00e9occupations et aux conflits, et \u00e0 comprendre le processus de traitement des plaintes.&nbsp;&nbsp;&nbsp;<\/p>\n\n\n\n<p style=\"font-size:18px\"><strong>SafeZone <\/strong>offre un espace confidentiel et accueillant o\u00f9 les personnes peuvent poser des questions, mentionner leurs exp\u00e9riences et recevoir des conseils sur des questions comme le harc\u00e8lement, l\u2019intimidation, les abus ou d\u2019autres formes de maltraitance.&nbsp;&nbsp;&nbsp;<\/p>\n\n\n\n<p style=\"font-size:18px\">Que vous soyez un athl\u00e8te, un entra\u00eeneur, un parent, un officiel ou un repr\u00e9sentant de club, <strong>SafeZone <\/strong>vous offre un soutien personnalis\u00e9 pour vous aider \u00e0 comprendre les options qui s\u2019offrent \u00e0 vous et \u00e0 avancer en toute confiance.&nbsp;&nbsp;<\/p>\n<\/div>\n\n\n\n<div class=\"wp-block-column is-layout-flow wp-block-column-is-layout-flow\">\n<figure class=\"wp-block-image size-large is-resized\"><img fetchpriority=\"high\" decoding=\"async\" width=\"1024\" height=\"1024\" src=\"https:\/\/sportnb.com\/wp-content\/uploads\/2025\/05\/Safe-Sport-Education-Series-Album-Cover-5-1024x1024.png\" alt=\"\" class=\"wp-image-11508\" style=\"width:360px;height:auto\" srcset=\"https:\/\/www.sportnb.com\/wp-content\/uploads\/2025\/05\/Safe-Sport-Education-Series-Album-Cover-5-1024x1024.png 1024w, https:\/\/www.sportnb.com\/wp-content\/uploads\/2025\/05\/Safe-Sport-Education-Series-Album-Cover-5-300x300.png 300w, https:\/\/www.sportnb.com\/wp-content\/uploads\/2025\/05\/Safe-Sport-Education-Series-Album-Cover-5-150x150.png 150w, https:\/\/www.sportnb.com\/wp-content\/uploads\/2025\/05\/Safe-Sport-Education-Series-Album-Cover-5-768x768.png 768w, https:\/\/www.sportnb.com\/wp-content\/uploads\/2025\/05\/Safe-Sport-Education-Series-Album-Cover-5.png 1400w\" sizes=\"(max-width: 1024px) 100vw, 1024px\" \/><\/figure>\n<\/div>\n<\/div>\n\n\n\n<hr class=\"wp-block-separator has-text-color has-alpha-channel-opacity has-background\" style=\"background-color:#00000012;color:#00000012\"\/>\n\n\n\n<div style=\"height:50px\" aria-hidden=\"true\" class=\"wp-block-spacer\"><\/div>\n\n\n\n<div class=\"wp-block-columns is-layout-flex wp-container-core-columns-is-layout-9d6595d7 wp-block-columns-is-layout-flex\">\n<div class=\"wp-block-column is-layout-flow wp-block-column-is-layout-flow\">\n<h2 class=\"wp-block-heading\"><strong>POUR LES PARTICIPANTES ET PARTICIPANTS&nbsp;<\/strong>&nbsp;<\/h2>\n\n\n\n<p style=\"font-size:18px\"><strong>SafeZone <\/strong>est l\u00e0 pour vous aider \u00e0 comprendre les options qui s\u2019offrent \u00e0 vous avant de d\u00e9cider de d\u00e9poser une plainte. Nous pouvons vous aider \u00e0 r\u00e9pondre \u00e0 des questions que vous pourriez avoir, par exemple\u202f:<br><\/p>\n\n\n\n<ul class=\"wp-block-list\">\n<li style=\"font-size:18px\"><em>Quelles mesures puis-je prendre pour r\u00e9soudre un conflit avant de d\u00e9poser une plainte officielle?&nbsp;<\/em>&nbsp;<\/li>\n<\/ul>\n\n\n\n<ul class=\"wp-block-list\">\n<li style=\"font-size:18px\"><em>Comment se d\u00e9roule le processus de traitement des plaintes au sein de mon club ou du M\u00e9canisme de traitement des plaintes en mati\u00e8re de sport s\u00e9curitaire du Nouveau-Brunswick (MTPSSNB)?&nbsp;<\/em>&nbsp;<\/li>\n<\/ul>\n\n\n\n<ul class=\"wp-block-list\">\n<li style=\"font-size:18px\"><em><em>Comment puis-je savoir si mon probl\u00e8me doit \u00eatre trait\u00e9 par le club, l\u2019organisme provincial de sport (OPS) ou le MTPSSNB?<\/em>&nbsp;<br><\/em><\/li>\n<\/ul>\n\n\n\n<p style=\"font-size:18px\">Si vous h\u00e9sitez quant \u00e0 la marche \u00e0 suivre, vous pouvez contacter <strong>SafeZone <\/strong>pour faire part de vos pr\u00e9occupations, explorer vos options et obtenir des \u00e9claircissements sans craindre d\u2019\u00eatre jug\u00e9.&nbsp;&nbsp;<\/p>\n<\/div>\n\n\n\n<div class=\"wp-block-column is-layout-flow wp-block-column-is-layout-flow\">\n<h2 class=\"wp-block-heading\"><strong>POUR LES REPR\u00c9SENTANTS DES CLUBS&nbsp;<\/strong>&nbsp;<\/h2>\n\n\n\n<p style=\"font-size:18px\">Les administrateurs de clubs jouent un r\u00f4le essentiel dans le syst\u00e8me de sport s\u00e9curitaire du NouveauBrunswick. <strong>SafeZone <\/strong>offre du soutien pour ce qui suit\u202f: &nbsp;<br><\/p>\n\n\n\n<ul class=\"wp-block-list\">\n<li style=\"font-size:18px\"><em>Comprendre la comp\u00e9tence de Sport NB et d\u00e9terminer quand un probl\u00e8me doit \u00eatre trait\u00e9 localement et quand il doit \u00eatre soumis au MTPSSNB.&nbsp;<\/em>&nbsp;<\/li>\n<\/ul>\n\n\n\n<ul class=\"wp-block-list\">\n<li style=\"font-size:18px\"><em>S\u2019y retrouver dans des questions complexes au sein du processus disciplinaire, notamment les \u00e9l\u00e9ments dont il faut tenir compte avant de mettre en \u0153uvre des d\u00e9cisions.<\/em>&nbsp;<\/li>\n<\/ul>\n\n\n\n<ul style=\"font-size:18px\" class=\"wp-block-list\">\n<li><em>Interpr\u00e9ter les politiques et les processus pour s\u2019assurer qu\u2019ils correspondent aux attentes de toute partie \u00e0 une plainte ou des organismes concern\u00e9s.<\/em>&nbsp;<\/li>\n<\/ul>\n\n\n\n<p style=\"font-size:18px\">Nous avons comme objectif de vous donner la confiance n\u00e9cessaire pour g\u00e9rer efficacement les situations et les faire passer \u00e0 la prochaine \u00e9tape, si n\u00e9cessaire.&nbsp;&nbsp;<\/p>\n<\/div>\n<\/div>\n\n\n\n<hr class=\"wp-block-separator has-text-color has-alpha-channel-opacity has-background\" style=\"background-color:#00000012;color:#00000012\"\/>\n\n\n\n<div style=\"height:50px\" aria-hidden=\"true\" class=\"wp-block-spacer\"><\/div>\n\n\n\n<div class=\"wp-block-columns is-layout-flex wp-container-core-columns-is-layout-9d6595d7 wp-block-columns-is-layout-flex\">\n<div class=\"wp-block-column is-layout-flow wp-block-column-is-layout-flow\">\n<h2 class=\"wp-block-heading\"><strong><strong><strong>CE QUE QU\u2019OFFRE SAFEZONE<\/strong><br><\/strong><\/strong><\/h2>\n\n\n\n<ul class=\"wp-block-list\">\n<li style=\"font-size:18px\">Un <strong>espace confidentiel et sans jugement <\/strong>pour aborder vos pr\u00e9occupations et poser des questions;&nbsp;<\/li>\n<\/ul>\n\n\n\n<ul class=\"wp-block-list\">\n<li style=\"font-size:18px\">Une occasion de parler des d\u00e9fis que vous avez v\u00e9cus ou de situations dont vous avez \u00e9t\u00e9 t\u00e9moin. Veuillez noter que cette offre n\u2019inclut pas l\u2019acc\u00e8s \u00e0 des fournisseurs professionnels de sant\u00e9 mentale ou \u00e0 d\u2019autres soutiens similaires;&nbsp;&nbsp;<\/li>\n<\/ul>\n\n\n\n<ul class=\"wp-block-list\">\n<li style=\"font-size:18px\"><strong>Des conseils sur les options \u00e0 votre disposition <\/strong>et une aide \u00e0 la compr\u00e9hension des prochaines \u00e9tapes possibles;&nbsp;&nbsp;<\/li>\n<\/ul>\n\n\n\n<ul class=\"wp-block-list\">\n<li style=\"font-size:18px\">Des d\u00e9tails sur le MTPSSNB, le processus de traitement des plaintes, la comp\u00e9tence et les ressources suppl\u00e9mentaires.&nbsp;&nbsp;<\/li>\n<\/ul>\n\n\n\n<p style=\"font-size:18px\">Le fait de contacter SafeZone ne signifie pas n\u00e9cessairement que vous d\u00e9posez une plainte officielle. Toutes les conversations sont confidentielles, sauf si vous d\u00e9cidez de prendre d\u2019autres mesures.&nbsp;<strong>SafeZone <\/strong>peut vous guider dans les options qui s&#8217;offrent \u00e0 vous pour composer avec les pr\u00e9judices ou la maltraitance. Veuillez noter que les demandes sont g\u00e9n\u00e9ralement trait\u00e9es \u00e0 l&#8217;int\u00e9rieur d&#8217;un ou de deux jours ouvrables. En cas d&#8217;urgence, veuillez contacter les autorit\u00e9s locales.<\/p>\n\n\n\n<hr class=\"wp-block-separator has-text-color has-alpha-channel-opacity has-background\" style=\"background-color:#00000012;color:#00000012\"\/>\n<\/div>\n<\/div>\n\n\n\n<div style=\"height:25px\" aria-hidden=\"true\" class=\"wp-block-spacer\"><\/div>\n\n\n\n<h2 class=\"wp-block-heading\"><strong>CONTACTEZ SAFEZONE&nbsp;<\/strong>&nbsp;<\/h2>\n\n\n\n<p style=\"font-size:18px\">Si vous vivez une situation difficile, si vous avez des questions sur le processus de traitement des plaintes ou si vous avez besoin d\u2019aide pour r\u00e9soudre un probl\u00e8me, <strong>SafeZone <\/strong>est l\u00e0 pour vous aider. <br><strong>Pour contacter SafeZone, veuillez envoyer un courriel \u00e0 <a href=\"safezone@itpsport.ca\"><\/a><strong><a href=\"mailto:safezone@itpsport.ca\" target=\"_blank\" rel=\"noreferrer noopener\">safezone@itpsport.ca<\/a><\/strong>.<\/strong>&nbsp;<\/p>\n\n\n\n<div style=\"height:50px\" aria-hidden=\"true\" class=\"wp-block-spacer\"><\/div>\n\n\n\n<hr class=\"wp-block-separator has-text-color has-alpha-channel-opacity has-background\" style=\"background-color:#00000012;color:#00000012\"\/>\n\n\n\n<div style=\"height:50px\" aria-hidden=\"true\" class=\"wp-block-spacer\"><\/div>\n\n\n\n<p style=\"font-size:18px\">Pour aider votre organisation \u00e0 promouvoir Safezone, une affiche en haute r\u00e9solution est disponible en t\u00e9l\u00e9chargement.<\/p>\n\n\n\n<div class=\"wp-block-buttons is-layout-flex wp-block-buttons-is-layout-flex\">\n<div class=\"wp-block-button\"><a class=\"wp-block-button__link wp-element-button\" href=\"https:\/\/sportnb.com\/wp-content\/uploads\/2025\/07\/A-confidential-resource-for-support-and-guidance-8.5-x-14-in-1.png\" target=\"_blank\" rel=\"noreferrer noopener\">t\u00e9l\u00e9charger<\/a><\/div>\n<\/div>\n","protected":false},"excerpt":{"rendered":"<p>Pr\u00e9sentation de SafeZone&nbsp;&nbsp; Sport NB s\u2019engage \u00e0 favoriser un milieu s\u00e9curitaire, positif et inclusif pour tous ceux qui participent au sport au Nouveau-Brunswick. Afin d\u2019appuyer cet engagement, l\u2019\u00e9quipe de Sport [&hellip;]<\/p>\n","protected":false},"author":5,"featured_media":11573,"parent":0,"menu_order":0,"comment_status":"closed","ping_status":"closed","template":"","meta":{"_acf_changed":false,"_uag_custom_page_level_css":"","_monsterinsights_skip_tracking":false,"_monsterinsights_sitenote_active":false,"_monsterinsights_sitenote_note":"","_monsterinsights_sitenote_category":0,"footnotes":""},"wf_page_folders":[],"class_list":["post-11575","page","type-page","status-publish","has-post-thumbnail","hentry"],"acf":[],"yoast_head":"<!-- This site is optimized with the Yoast SEO plugin v27.6 - https:\/\/yoast.com\/product\/yoast-seo-wordpress\/ -->\n<title>SportNB | SafeZone<\/title>\n<meta name=\"description\" content=\"Sport New Brunswick (Sport NB) is a non-profit, volunteer organization dedicated to the development and promotion of the amateur sport community in New Brunswick. It is a federation that consists of over 60 provincial sport organizations and other sport related organizations.\" \/>\n<meta name=\"robots\" content=\"index, follow, max-snippet:-1, max-image-preview:large, max-video-preview:-1\" \/>\n<link rel=\"canonical\" href=\"https:\/\/www.sportnb.com\/fr\/safezone-2\/\" \/>\n<meta property=\"og:locale\" content=\"fr_FR\" \/>\n<meta property=\"og:type\" content=\"article\" \/>\n<meta property=\"og:title\" content=\"SportNB | SafeZone\" \/>\n<meta property=\"og:description\" content=\"Sport New Brunswick (Sport NB) is a non-profit, volunteer organization dedicated to the development and promotion of the amateur sport community in New Brunswick. It is a federation that consists of over 60 provincial sport organizations and other sport related organizations.\" \/>\n<meta property=\"og:url\" content=\"https:\/\/www.sportnb.com\/fr\/safezone-2\/\" \/>\n<meta property=\"og:site_name\" content=\"SportNB\" \/>\n<meta property=\"article:publisher\" content=\"https:\/\/www.facebook.com\/sportnb\" \/>\n<meta property=\"article:modified_time\" content=\"2025-07-17T17:32:40+00:00\" \/>\n<meta property=\"og:image\" content=\"https:\/\/www.sportnb.com\/wp-content\/uploads\/2025\/05\/pexels-photo-54567-54567.jpg\" \/>\n\t<meta property=\"og:image:width\" content=\"1922\" \/>\n\t<meta property=\"og:image:height\" content=\"1080\" \/>\n\t<meta property=\"og:image:type\" content=\"image\/jpeg\" \/>\n<meta name=\"twitter:card\" content=\"summary_large_image\" \/>\n<meta name=\"twitter:site\" content=\"@SportNB\" \/>\n<meta name=\"twitter:label1\" content=\"Est. reading time\" \/>\n\t<meta name=\"twitter:data1\" content=\"4 minutes\" \/>\n<script type=\"application\/ld+json\" class=\"yoast-schema-graph\">{\"@context\":\"https:\\\/\\\/schema.org\",\"@graph\":[{\"@type\":\"WebPage\",\"@id\":\"https:\\\/\\\/www.sportnb.com\\\/fr\\\/safezone-2\\\/\",\"url\":\"https:\\\/\\\/www.sportnb.com\\\/fr\\\/safezone-2\\\/\",\"name\":\"SportNB | SafeZone\",\"isPartOf\":{\"@id\":\"https:\\\/\\\/www.sportnb.com\\\/fr\\\/#website\"},\"primaryImageOfPage\":{\"@id\":\"https:\\\/\\\/www.sportnb.com\\\/fr\\\/safezone-2\\\/#primaryimage\"},\"image\":{\"@id\":\"https:\\\/\\\/www.sportnb.com\\\/fr\\\/safezone-2\\\/#primaryimage\"},\"thumbnailUrl\":\"https:\\\/\\\/www.sportnb.com\\\/wp-content\\\/uploads\\\/2025\\\/05\\\/pexels-photo-54567-54567.jpg\",\"datePublished\":\"2025-05-15T16:14:36+00:00\",\"dateModified\":\"2025-07-17T17:32:40+00:00\",\"description\":\"Sport New Brunswick (Sport NB) is a non-profit, volunteer organization dedicated to the development and promotion of the amateur sport community in New Brunswick. It is a federation that consists of over 60 provincial sport organizations and other sport related organizations.\",\"breadcrumb\":{\"@id\":\"https:\\\/\\\/www.sportnb.com\\\/fr\\\/safezone-2\\\/#breadcrumb\"},\"inLanguage\":\"fr-FR\",\"potentialAction\":[{\"@type\":\"ReadAction\",\"target\":[\"https:\\\/\\\/www.sportnb.com\\\/fr\\\/safezone-2\\\/\"]}]},{\"@type\":\"ImageObject\",\"inLanguage\":\"fr-FR\",\"@id\":\"https:\\\/\\\/www.sportnb.com\\\/fr\\\/safezone-2\\\/#primaryimage\",\"url\":\"https:\\\/\\\/www.sportnb.com\\\/wp-content\\\/uploads\\\/2025\\\/05\\\/pexels-photo-54567-54567.jpg\",\"contentUrl\":\"https:\\\/\\\/www.sportnb.com\\\/wp-content\\\/uploads\\\/2025\\\/05\\\/pexels-photo-54567-54567.jpg\",\"width\":1922,\"height\":1080},{\"@type\":\"BreadcrumbList\",\"@id\":\"https:\\\/\\\/www.sportnb.com\\\/fr\\\/safezone-2\\\/#breadcrumb\",\"itemListElement\":[{\"@type\":\"ListItem\",\"position\":1,\"name\":\"Home\",\"item\":\"https:\\\/\\\/www.sportnb.com\\\/fr\\\/\"},{\"@type\":\"ListItem\",\"position\":2,\"name\":\"SafeZone\"}]},{\"@type\":\"WebSite\",\"@id\":\"https:\\\/\\\/www.sportnb.com\\\/fr\\\/#website\",\"url\":\"https:\\\/\\\/www.sportnb.com\\\/fr\\\/\",\"name\":\"SportNB\",\"description\":\"Together, we can make sport safe for everyone.\",\"publisher\":{\"@id\":\"https:\\\/\\\/www.sportnb.com\\\/fr\\\/#organization\"},\"potentialAction\":[{\"@type\":\"SearchAction\",\"target\":{\"@type\":\"EntryPoint\",\"urlTemplate\":\"https:\\\/\\\/www.sportnb.com\\\/fr\\\/?s={search_term_string}\"},\"query-input\":{\"@type\":\"PropertyValueSpecification\",\"valueRequired\":true,\"valueName\":\"search_term_string\"}}],\"inLanguage\":\"fr-FR\"},{\"@type\":\"Organization\",\"@id\":\"https:\\\/\\\/www.sportnb.com\\\/fr\\\/#organization\",\"name\":\"SportNB\",\"url\":\"https:\\\/\\\/www.sportnb.com\\\/fr\\\/\",\"logo\":{\"@type\":\"ImageObject\",\"inLanguage\":\"fr-FR\",\"@id\":\"https:\\\/\\\/www.sportnb.com\\\/fr\\\/#\\\/schema\\\/logo\\\/image\\\/\",\"url\":\"https:\\\/\\\/sportnb.com\\\/wp-content\\\/uploads\\\/2022\\\/03\\\/logo.svg\",\"contentUrl\":\"https:\\\/\\\/sportnb.com\\\/wp-content\\\/uploads\\\/2022\\\/03\\\/logo.svg\",\"width\":288,\"height\":75,\"caption\":\"SportNB\"},\"image\":{\"@id\":\"https:\\\/\\\/www.sportnb.com\\\/fr\\\/#\\\/schema\\\/logo\\\/image\\\/\"},\"sameAs\":[\"https:\\\/\\\/www.facebook.com\\\/sportnb\",\"https:\\\/\\\/x.com\\\/SportNB\",\"https:\\\/\\\/www.youtube.com\\\/channel\\\/UC5976PPks7naTvXfQ4cZk5g\",\"https:\\\/\\\/ca.linkedin.com\\\/company\\\/sportnb506\",\"https:\\\/\\\/www.instagram.com\\\/sportnewnouveaubrunswick\\\/\"]}]}<\/script>\n<!-- \/ Yoast SEO plugin. -->","yoast_head_json":{"title":"SportNB | SafeZone","description":"Sport New Brunswick (Sport NB) is a non-profit, volunteer organization dedicated to the development and promotion of the amateur sport community in New Brunswick. It is a federation that consists of over 60 provincial sport organizations and other sport related organizations.","robots":{"index":"index","follow":"follow","max-snippet":"max-snippet:-1","max-image-preview":"max-image-preview:large","max-video-preview":"max-video-preview:-1"},"canonical":"https:\/\/www.sportnb.com\/fr\/safezone-2\/","og_locale":"fr_FR","og_type":"article","og_title":"SportNB | SafeZone","og_description":"Sport New Brunswick (Sport NB) is a non-profit, volunteer organization dedicated to the development and promotion of the amateur sport community in New Brunswick. It is a federation that consists of over 60 provincial sport organizations and other sport related organizations.","og_url":"https:\/\/www.sportnb.com\/fr\/safezone-2\/","og_site_name":"SportNB","article_publisher":"https:\/\/www.facebook.com\/sportnb","article_modified_time":"2025-07-17T17:32:40+00:00","og_image":[{"width":1922,"height":1080,"url":"https:\/\/www.sportnb.com\/wp-content\/uploads\/2025\/05\/pexels-photo-54567-54567.jpg","type":"image\/jpeg"}],"twitter_card":"summary_large_image","twitter_site":"@SportNB","twitter_misc":{"Est. reading time":"4 minutes"},"schema":{"@context":"https:\/\/schema.org","@graph":[{"@type":"WebPage","@id":"https:\/\/www.sportnb.com\/fr\/safezone-2\/","url":"https:\/\/www.sportnb.com\/fr\/safezone-2\/","name":"SportNB | SafeZone","isPartOf":{"@id":"https:\/\/www.sportnb.com\/fr\/#website"},"primaryImageOfPage":{"@id":"https:\/\/www.sportnb.com\/fr\/safezone-2\/#primaryimage"},"image":{"@id":"https:\/\/www.sportnb.com\/fr\/safezone-2\/#primaryimage"},"thumbnailUrl":"https:\/\/www.sportnb.com\/wp-content\/uploads\/2025\/05\/pexels-photo-54567-54567.jpg","datePublished":"2025-05-15T16:14:36+00:00","dateModified":"2025-07-17T17:32:40+00:00","description":"Sport New Brunswick (Sport NB) is a non-profit, volunteer organization dedicated to the development and promotion of the amateur sport community in New Brunswick. It is a federation that consists of over 60 provincial sport organizations and other sport related organizations.","breadcrumb":{"@id":"https:\/\/www.sportnb.com\/fr\/safezone-2\/#breadcrumb"},"inLanguage":"fr-FR","potentialAction":[{"@type":"ReadAction","target":["https:\/\/www.sportnb.com\/fr\/safezone-2\/"]}]},{"@type":"ImageObject","inLanguage":"fr-FR","@id":"https:\/\/www.sportnb.com\/fr\/safezone-2\/#primaryimage","url":"https:\/\/www.sportnb.com\/wp-content\/uploads\/2025\/05\/pexels-photo-54567-54567.jpg","contentUrl":"https:\/\/www.sportnb.com\/wp-content\/uploads\/2025\/05\/pexels-photo-54567-54567.jpg","width":1922,"height":1080},{"@type":"BreadcrumbList","@id":"https:\/\/www.sportnb.com\/fr\/safezone-2\/#breadcrumb","itemListElement":[{"@type":"ListItem","position":1,"name":"Home","item":"https:\/\/www.sportnb.com\/fr\/"},{"@type":"ListItem","position":2,"name":"SafeZone"}]},{"@type":"WebSite","@id":"https:\/\/www.sportnb.com\/fr\/#website","url":"https:\/\/www.sportnb.com\/fr\/","name":"SportNB","description":"Together, we can make sport safe for everyone.","publisher":{"@id":"https:\/\/www.sportnb.com\/fr\/#organization"},"potentialAction":[{"@type":"SearchAction","target":{"@type":"EntryPoint","urlTemplate":"https:\/\/www.sportnb.com\/fr\/?s={search_term_string}"},"query-input":{"@type":"PropertyValueSpecification","valueRequired":true,"valueName":"search_term_string"}}],"inLanguage":"fr-FR"},{"@type":"Organization","@id":"https:\/\/www.sportnb.com\/fr\/#organization","name":"SportNB","url":"https:\/\/www.sportnb.com\/fr\/","logo":{"@type":"ImageObject","inLanguage":"fr-FR","@id":"https:\/\/www.sportnb.com\/fr\/#\/schema\/logo\/image\/","url":"https:\/\/sportnb.com\/wp-content\/uploads\/2022\/03\/logo.svg","contentUrl":"https:\/\/sportnb.com\/wp-content\/uploads\/2022\/03\/logo.svg","width":288,"height":75,"caption":"SportNB"},"image":{"@id":"https:\/\/www.sportnb.com\/fr\/#\/schema\/logo\/image\/"},"sameAs":["https:\/\/www.facebook.com\/sportnb","https:\/\/x.com\/SportNB","https:\/\/www.youtube.com\/channel\/UC5976PPks7naTvXfQ4cZk5g","https:\/\/ca.linkedin.com\/company\/sportnb506","https:\/\/www.instagram.com\/sportnewnouveaubrunswick\/"]}]}},"uagb_featured_image_src":{"full":["https:\/\/www.sportnb.com\/wp-content\/uploads\/2025\/05\/pexels-photo-54567-54567.jpg",1922,1080,false],"thumbnail":["https:\/\/www.sportnb.com\/wp-content\/uploads\/2025\/05\/pexels-photo-54567-54567-150x150.jpg",150,150,true],"medium":["https:\/\/www.sportnb.com\/wp-content\/uploads\/2025\/05\/pexels-photo-54567-54567-300x169.jpg",300,169,true],"medium_large":["https:\/\/www.sportnb.com\/wp-content\/uploads\/2025\/05\/pexels-photo-54567-54567-768x432.jpg",768,432,true],"large":["https:\/\/www.sportnb.com\/wp-content\/uploads\/2025\/05\/pexels-photo-54567-54567-1024x575.jpg",900,505,true],"1536x1536":["https:\/\/www.sportnb.com\/wp-content\/uploads\/2025\/05\/pexels-photo-54567-54567-1536x863.jpg",1536,863,true],"2048x2048":["https:\/\/www.sportnb.com\/wp-content\/uploads\/2025\/05\/pexels-photo-54567-54567.jpg",1922,1080,false],"thumbnail_1440x9999":["https:\/\/www.sportnb.com\/wp-content\/uploads\/2025\/05\/pexels-photo-54567-54567-1440x809.jpg",1440,809,true],"menu-thumb":["https:\/\/www.sportnb.com\/wp-content\/uploads\/2025\/05\/pexels-photo-54567-54567-330x230.jpg",330,230,true]},"uagb_author_info":{"display_name":"Evan","author_link":"https:\/\/www.sportnb.com\/fr\/author\/marketing\/"},"uagb_comment_info":0,"uagb_excerpt":"Pr\u00e9sentation de SafeZone&nbsp;&nbsp; Sport NB s\u2019engage \u00e0 favoriser un milieu s\u00e9curitaire, positif et inclusif pour tous ceux qui participent au sport au Nouveau-Brunswick. Afin d\u2019appuyer cet engagement, l\u2019\u00e9quipe de Sport [&hellip;]","_links":{"self":[{"href":"https:\/\/www.sportnb.com\/fr\/wp-json\/wp\/v2\/pages\/11575","targetHints":{"allow":["GET"]}}],"collection":[{"href":"https:\/\/www.sportnb.com\/fr\/wp-json\/wp\/v2\/pages"}],"about":[{"href":"https:\/\/www.sportnb.com\/fr\/wp-json\/wp\/v2\/types\/page"}],"author":[{"embeddable":true,"href":"https:\/\/www.sportnb.com\/fr\/wp-json\/wp\/v2\/users\/5"}],"replies":[{"embeddable":true,"href":"https:\/\/www.sportnb.com\/fr\/wp-json\/wp\/v2\/comments?post=11575"}],"version-history":[{"count":6,"href":"https:\/\/www.sportnb.com\/fr\/wp-json\/wp\/v2\/pages\/11575\/revisions"}],"predecessor-version":[{"id":12018,"href":"https:\/\/www.sportnb.com\/fr\/wp-json\/wp\/v2\/pages\/11575\/revisions\/12018"}],"wp:featuredmedia":[{"embeddable":true,"href":"https:\/\/www.sportnb.com\/fr\/wp-json\/wp\/v2\/media\/11573"}],"wp:attachment":[{"href":"https:\/\/www.sportnb.com\/fr\/wp-json\/wp\/v2\/media?parent=11575"}],"wp:term":[{"taxonomy":"wf_page_folders","embeddable":true,"href":"https:\/\/www.sportnb.com\/fr\/wp-json\/wp\/v2\/wf_page_folders?post=11575"}],"curies":[{"name":"wp","href":"https:\/\/api.w.org\/{rel}","templated":true}]}}