{"id":10973,"date":"2025-04-29T09:52:50","date_gmt":"2025-04-29T12:52:50","guid":{"rendered":"https:\/\/sportnb.com\/module-de-competition-developpement\/"},"modified":"2026-03-13T15:26:09","modified_gmt":"2026-03-13T18:26:09","slug":"module-de-competition-developpement","status":"publish","type":"page","link":"https:\/\/www.sportnb.com\/fr\/module-de-competition-developpement\/","title":{"rendered":"Module de comp\u00e9tition-d\u00e9veloppement"},"content":{"rendered":"<p>Le contexte\u00a0Comp\u00e9tition-D\u00e9veloppement\u00a0est con\u00e7u pour les entra\u00eeneurs d\u2019athl\u00e8tes qui passent du stade S\u2019entra\u00eener \u00e0 s\u2019entra\u00eener au stade S\u2019entra\u00eener \u00e0 la comp\u00e9tition du d\u00e9veloppement \u00e0 long terme de l\u2019athl\u00e8te.<\/p>\n<hr \/>\n<p>Nous sommes heureux d\u2019annoncer, gr\u00e2ce au programme de subventions de d\u00e9veloppement du programme Allez-y NB nous avons la possibilit\u00e9 de r\u00e9duire le taux des modules multisports de PNCE. La Direction de sport et loisirs du minist\u00e8re du Tourisme, Patrimoine et Culture s\u2019est engag\u00e9e \u00e0 fournir un soutien financier aux entra\u00eeneurs du Nouveau-Brunswick.\u00a0<em>Notez bien que ce tarif est seulement pour les entra\u00eeneurs qui r\u00e9sident au Nouveau-Brunswick.<\/em><\/p>\n<p><strong><i>\u00ab\u00a0nous travaillons \u00e0 trouver des moyens de soutenir nos entra\u00eeneurs du NB et de r\u00e9duire les obstacles qui emp\u00eachent les entra\u00eeneurs d\u2019\u00eatre les meilleurs possibles\u00a0\u00bb.<\/i><\/strong><\/p>\n<p><i>Notez-bien r\u00e9sidents du N.-B.- veuillez choisir l\u2019option r\u00e9sident du NB pour le tarif r\u00e9duits en confirmant votre inscription dans le Casier.<\/i><\/p>\n<hr \/>\n<h2><strong>Psychologie de la performance<\/strong><\/h2>\n<h4><strong>Duration: 7h\u00a0<\/strong><\/h4>\n<p>Client\u00e8le cible : Entra\u00eeneurs de niveau comp\u00e9titif<\/p>\n<p>Lorsque vous aurez termin\u00e9 le module de Psychologie de la performance, vous serez capable\u00a0: D\u2019aider les athl\u00e8tes \u00e0 apprendre \u00e0 g\u00e9rer les distractions et \u00e0 utiliser des techniques de visualisation pour se pr\u00e9parer techniquement et tactiquement en vue de l\u2019entrainement et des comp\u00e9titions; d\u2019apprendre \u00e0 collaborer avec les athl\u00e8tes ou les \u00e9quipes dans le but d\u2019identifier les objectifs lies a la performance et processus qui se rattachent \u00e0 leur capacit\u00e9 \u00e0 se concentrer sur la performance; et d\u2019appliquer des habilet\u00e9s relatives \u00e0 la critique afin d\u2019aider vos athl\u00e8tes \u00e0 \u00e9valuer leur performance lors des entra\u00eenements et des comp\u00e9titions.<\/p>\n<hr \/>\n<h2><strong>Gestion des conflits<\/strong><\/h2>\n<h4><strong>Duration: 4h30 <\/strong><\/h4>\n<p>Client\u00e8le cible : Entra\u00eeneurs de niveau comp\u00e9titif<\/p>\n<p>Le module gestion des conflits permettra: D\u2019identifier les sources communes de conflits dans le sport; d\u00e9terminer quels sont les groupes ou les personnes qui sont les plus susceptibles des se trouver dans une situation de conflit; d\u2019acqu\u00e9rir des habilet\u00e9s importantes qui vous aideront \u00e0 pr\u00e9venir et \u00e0 r\u00e9soudre les conflits qui d\u00e9coulent des renseignement erron\u00e9es, d\u2019un manque de communication ou d\u2019une m\u00e9prise; d\u2019acqu\u00e9rir des habilet\u00e9s qui vous permettront d\u2019\u00e9couter et de parler efficacement lors d\u2019une situation de conflit tout en maintenant des relations positives avec les athl\u00e8tes, les parents, les officiels et les autres Entra\u00eeneurs.<\/p>\n<hr \/>\n<h2><strong>Pr\u00e9vention et r\u00e9cup\u00e9ration<\/strong><\/h2>\n<h4><strong>Duration: 7h30\u00a0<\/strong><\/h4>\n<p>Client\u00e8le cible : Entra\u00eeneurs de niveau comp\u00e9titif<\/p>\n<p>Lorsque vous aurez termin\u00e9 le module Pr\u00e9vention et r\u00e9cup\u00e9ration, vous aurez les connaissances n\u00e9cessaires pour\u00a0: Identifier les blessures qui surviennent fr\u00e9quemment dans votre sport et \u00e9laborer des strat\u00e9gies de pr\u00e9vention et de r\u00e9cup\u00e9ration appropries de fa\u00e7on \u00e0 ce que vos athl\u00e8tes ne subissent pas de blessures lors des entrainements et des comp\u00e9titions; offrir des renseignements et des conseils \u00e9clair\u00e9s \u00e0 propos de l\u2019hydratation, de la nutrition et du sommeil dans une optique de pr\u00e9vention des blessures; s\u00e9lectionner des habilet\u00e9s et des exercices qui aideront vos athl\u00e8tes \u00e0 ex\u00e9cuter des \u00e9chauffements et des retours au clame appropri\u00e9s; \u00e9laborer des \u00e9valuations fonctionnelles en vue du retour au jeu de vos athl\u00e8tes; et\u00a0\u00a0appliquer des techniques de r\u00e9cup\u00e9ration et de r\u00e9g\u00e9n\u00e9ration afin d\u2019aider les athl\u00e8tes \u00e0 maintenir ou \u00e0 retrouver un niveau de performance optimal \u00e0 la suite d\u2019une blessure.<\/p>\n<hr \/>\n<h2><strong>D\u00e9veloppement des qualit\u00e9s athl\u00e9tiques<\/strong><\/h2>\n<h4><strong>Duration: 5h<\/strong><\/h4>\n<p>Client\u00e8le cible : Entra\u00eeneurs de niveau comp\u00e9titif<\/p>\n<p>Lorsque vous aurez termin\u00e9 le module D\u00e9veloppement des qualit\u00e9s athl\u00e9tiques, vous serez en mesure: De mettre en \u0153uvre des protocoles et des m\u00e9thodes d\u2019entrainement g\u00e9n\u00e9raux et propre \u00e0 votre sport dans le but des d\u00e9velopper ou de maintenir efficacement les qualit\u00e9s athl\u00e9tiques requises dans votre sport; d\u2019appliquer correctement des principes et des variables a des m\u00e9thodes d\u2019entrainement qui contribuent au d\u00e9veloppement d\u00e8s la condition physique, de l\u2019endurance, de la force, de la vitesse et de la pr\u00e9paration physique propre au sport; et de choisir et d\u2019adapter des protocoles et des m\u00e9thodes de test et d\u2019entrainement afin de r\u00e9pondre aux besoins d\u2019athl\u00e8tes qui s\u2019entrainent de 6 \u00e0 9 fois ou de 9 \u00e0 12 fois par semaine.<\/p>\n<p>Pr\u00e9-requis: une s\u00e9ance en ligne de 2h via le Cassier.<i>\u00a0<\/i><\/p>\n<hr \/>\n<h2><strong>Efficacit\u00e9 en entrainement et en leadership<\/strong><\/h2>\n<h4><strong>Duration: 8h30<\/strong><\/h4>\n<p>Client\u00e8le cible : Entra\u00eeneurs de niveau comp\u00e9titif<\/p>\n<p>Le module Efficacit\u00e9 en entrainement et en leadership vous permettra d\u2019acqu\u00e9rir les habilet\u00e9s dont vous avez besoin pour: Promouvoir une image positive du sport et en donner l\u2019exemple aux athl\u00e8tes et aux personnes qui les soutiennent dans leur performance; transmettre des explications et des messages clairs lorsque vous communiques avec vos athl\u00e8tes et les personnes qui les appuient; et trouver des occasions d\u2019interagir avec tous et toutes les athl\u00e8tes et utiliser les r\u00e9troactions pour am\u00e9liorer et corriger la performance et les comportements.<\/p>\n<hr \/>\n<h2><strong>Gestion d\u2019un Programme Sportif\u00a0<\/strong><\/h2>\n<h4><strong>Duration: 4h<\/strong><\/h4>\n<p>\u00c0 mesure que les entra\u00eeneurs et entra\u00eeneures assument un plus grand nombre de responsabilit\u00e9s, on s\u2019attend \u00e0 ce qu\u2019ils et elles planifient et ex\u00e9cutent des t\u00e2ches qui vont au-del\u00e0 du cadre de la prestation de s\u00e9ances d\u2019entra\u00eenement quotidien et de la gestion du contexte d\u2019entra\u00eenement quotidien.<\/p>\n<p>Le module Gestion d\u2019un programme sportif fournit aux entra\u00eeneurs et entra\u00eeneures la possibilit\u00e9 de planifier le budget du programme, de d\u00e9terminer les attentes du personnel et de l\u2019\u00e9quipe, d\u2019organiser les d\u00e9placements de l\u2019\u00e9quipe, d\u2019\u00e9laborer des ententes avec les athl\u00e8tes et de pr\u00e9senter des rapports sur les progr\u00e8s de l\u2019athl\u00e8te ou de l\u2019\u00e9quipe, et d\u2019intervenir dans tous ces aspects.<\/p>\n<p>Ce module de quatre (4) heures est id\u00e9al pour les entra\u00eeneurs-chefs et entra\u00eeneures-chefs de club, les entra\u00eeneurs et entra\u00eeneures d\u2019\u00e9quipe provinciale, les personnes qui aspirent \u00e0 devenir gestionnaires d\u2019\u00e9quipe ou les administrateurs et administratrices techniques.<\/p>\n<p><strong>\u00a0<\/strong>Lorsque vous aurez termin\u00e9 le module Gestion d\u2019un programme sportif, vous serez en mesure\u00a0:<\/p>\n<ul>\n<li>de g\u00e9rer les aspects administratifs du programme et superviser la logistique;<\/li>\n<li>de g\u00e9rer les r\u00f4les et les responsabilit\u00e9s du personnel;<\/li>\n<li>de g\u00e9rer les finances et les arrangements de voyage pour les camps et les tournois;<\/li>\n<li>de rendre compte des progr\u00e8s r\u00e9alis\u00e9s par les athl\u00e8tes tout au long du programme.<\/li>\n<\/ul>\n<hr \/>\n<h2><strong>Plannification de la Perfomance<\/strong><\/h2>\n<h4><strong>Duration: 12h30<\/strong><\/h4>\n<p>Pour qu\u2019un athl\u00e8te puisse atteindre une performance maximale, son programme d\u2019entra\u00eenement doit \u00eatre divis\u00e9 en p\u00e9riodes en fonction des exigences relatives \u00e0 son sport ainsi qu\u2019en fonction de ses besoins en mati\u00e8re de d\u00e9veloppement. Le module Planification de la performance permet aux entra\u00eeneurs et entra\u00eeneures de r\u00e9fl\u00e9chir \u00e0 la structure d\u2019un plan annuel et de d\u00e9terminer ad\u00e9quatement la s\u00e9quence de l\u2019entra\u00eenement et les priorit\u00e9s en mati\u00e8re de d\u00e9veloppement afin d\u2019atteindre une performance maximale.<\/p>\n<p>Ce module de 12\u00a0heures et demie repr\u00e9sente la prochaine \u00e9tape id\u00e9ale apr\u00e8s le module \u00c9laboration d\u2019un programme sportif de base. Il est recommand\u00e9 de suivre le module Planification de la performance avant le module Planification avanc\u00e9e d\u2019une s\u00e9ance d\u2019entra\u00eenement.<\/p>\n<p>Lorsque vous aurez termin\u00e9 le module Planification de la performance, vous serez en mesure\u00a0:<\/p>\n<ul>\n<li>d\u2019effectuer une analyse exhaustive des attentes du sport pratiqu\u00e9 par vos athl\u00e8tes \u00e0 l\u2019\u00e9gard du niveau \u00e9lite (haute performance);<\/li>\n<li>de d\u00e9finir la structure du programme en vous basant sur les possibilit\u00e9s d\u2019entra\u00eenement et de comp\u00e9tition offertes;<\/li>\n<li>d\u2019identifier des mesures appropri\u00e9es de promotion de d\u00e9veloppement d\u2019athl\u00e8tes dans le cadre de votre propre programme;<\/li>\n<li>d\u2019incorporer \u00e0 votre propre programme les priorit\u00e9s annuelles d\u2019entra\u00eenement;<\/li>\n<li>d\u2019organiser et d\u2019\u00e9tablir l\u2019ordre des priorit\u00e9s et des objectifs d\u2019entra\u00eenement sur une base hebdomadaire pour en optimiser les ajustements;<\/li>\n<li>d\u2019\u00e9valuer la capacit\u00e9 de vos athl\u00e8tes ou de votre \u00e9quipe d\u2019exploiter leur potentiel en comp\u00e9tition.<\/li>\n<\/ul>\n<p>CE MODULE COMPREND\u00a0: une s\u00e9ance en ligne d\u2019environ deux heures et demie pr\u00e9alable \u00e0 l\u2019atelier<\/p>\n<hr \/>\n<h2><strong>Plannification Avanc\u00e9e d\u2019une S\u00e9ance d\u2019Entra\u00eenement<br \/>\n<\/strong><\/h2>\n<h4><strong>Duration: 5h<\/strong><\/h4>\n<p>Pour que les s\u00e9ances d\u2019entra\u00eenement individuelles contribuent efficacement aux objectifs globaux d\u2019un plan d\u2019entra\u00eenement annuel, un entra\u00eeneur et une entra\u00eeneure doivent comprendre l\u2019issue de chacune des s\u00e9ances d\u2019entra\u00eenement et la fa\u00e7on dont leurs effets cumulatifs contribueront au d\u00e9veloppement de l\u2019athl\u00e8te.<\/p>\n<p>Le module Planification avanc\u00e9e d\u2019une s\u00e9ance d\u2019entra\u00eenement se concentre sur l\u2019incidence d\u2019une s\u00e9quence d\u2019entra\u00eenement quotidienne et des manipulations qui peuvent avoir un effet sur les r\u00e9sultats de l\u2019entra\u00eenement. Ce module de cinq (5) heures est une excellente suite au module Planification d\u2019une s\u00e9ance d\u2019entra\u00eenement. Il est recommand\u00e9 de suivre le module Planification de la performance avant le module Planification avanc\u00e9e d\u2019une s\u00e9ance d\u2019entra\u00eenement.<\/p>\n<p>Lorsque vous aurez termin\u00e9 le module Planification avanc\u00e9e d\u2019une s\u00e9ance d\u2019entra\u00eenement, vous serez en mesure\u00a0:<\/p>\n<ul>\n<li>de reconna\u00eetre les facteurs qui influent sur la planification des s\u00e9ances d\u2019entra\u00eenement;<\/li>\n<li>de vous assurer que les plans d\u2019entra\u00eenement se concilient bien avec les microcycles et les phases desquelles ils font partie;<\/li>\n<li>d\u2019ordonner des exercices \u00e0 l\u2019int\u00e9rieur d\u2019une s\u00e9ance d\u2019entra\u00eenement pour que leur ordre corresponde aux r\u00e9sultats des \u00e9tudes portant sur l\u2019encha\u00eenement des exercices;<\/li>\n<li>d\u2019\u00e9laborer un plan visant \u00e0 entra\u00eener les qualit\u00e9s athl\u00e9tiques pendant un microcycle;<\/li>\n<li>d\u2019\u00e9laborer un plan visant \u00e0 entra\u00eener les habilet\u00e9s techniques et tactiques pendant un microcycle;<\/li>\n<li>d\u2019\u00e9laborer un plan pour un microcycle qui aide les athl\u00e8tes \u00e0 r\u00e9duire progressivement leur entra\u00eenement (aff\u00fbtage) avant une comp\u00e9tition.<\/li>\n<\/ul>\n","protected":false},"excerpt":{"rendered":"<p>Le contexte\u00a0Comp\u00e9tition-D\u00e9veloppement\u00a0est con\u00e7u pour les entra\u00eeneurs d\u2019athl\u00e8tes qui passent du stade S\u2019entra\u00eener \u00e0 s\u2019entra\u00eener au stade S\u2019entra\u00eener \u00e0 la comp\u00e9tition du d\u00e9veloppement \u00e0 long terme de l\u2019athl\u00e8te. Nous sommes heureux [&hellip;]<\/p>\n","protected":false},"author":4,"featured_media":0,"parent":0,"menu_order":0,"comment_status":"closed","ping_status":"closed","template":"","meta":{"_acf_changed":false,"_uag_custom_page_level_css":"","_monsterinsights_skip_tracking":false,"_monsterinsights_sitenote_active":false,"_monsterinsights_sitenote_note":"","_monsterinsights_sitenote_category":0,"footnotes":""},"wf_page_folders":[135],"class_list":["post-10973","page","type-page","status-publish","hentry"],"acf":[],"yoast_head":"<!-- This site is optimized with the Yoast SEO plugin v27.4 - https:\/\/yoast.com\/product\/yoast-seo-wordpress\/ -->\n<title>SportNB | Module de comp\u00e9tition-d\u00e9veloppement<\/title>\n<meta name=\"description\" content=\"Sport New Brunswick (Sport NB) is a non-profit, volunteer organization dedicated to the development and promotion of the amateur sport community in New Brunswick. It is a federation that consists of over 60 provincial sport organizations and other sport related organizations.\" \/>\n<meta name=\"robots\" content=\"index, follow, max-snippet:-1, max-image-preview:large, max-video-preview:-1\" \/>\n<link rel=\"canonical\" href=\"https:\/\/www.sportnb.com\/fr\/module-de-competition-developpement\/\" \/>\n<meta property=\"og:locale\" content=\"fr_FR\" \/>\n<meta property=\"og:type\" content=\"article\" \/>\n<meta property=\"og:title\" content=\"SportNB | Module de comp\u00e9tition-d\u00e9veloppement\" \/>\n<meta property=\"og:description\" content=\"Sport New Brunswick (Sport NB) is a non-profit, volunteer organization dedicated to the development and promotion of the amateur sport community in New Brunswick. It is a federation that consists of over 60 provincial sport organizations and other sport related organizations.\" \/>\n<meta property=\"og:url\" content=\"https:\/\/www.sportnb.com\/fr\/module-de-competition-developpement\/\" \/>\n<meta property=\"og:site_name\" content=\"SportNB\" \/>\n<meta property=\"article:publisher\" content=\"https:\/\/www.facebook.com\/sportnb\" \/>\n<meta property=\"article:modified_time\" content=\"2026-03-13T18:26:09+00:00\" \/>\n<meta name=\"twitter:card\" content=\"summary_large_image\" \/>\n<meta name=\"twitter:site\" content=\"@SportNB\" \/>\n<meta name=\"twitter:label1\" content=\"Est. reading time\" \/>\n\t<meta name=\"twitter:data1\" content=\"7 minutes\" \/>\n<script type=\"application\/ld+json\" class=\"yoast-schema-graph\">{\"@context\":\"https:\\\/\\\/schema.org\",\"@graph\":[{\"@type\":\"WebPage\",\"@id\":\"https:\\\/\\\/www.sportnb.com\\\/fr\\\/module-de-competition-developpement\\\/\",\"url\":\"https:\\\/\\\/www.sportnb.com\\\/fr\\\/module-de-competition-developpement\\\/\",\"name\":\"SportNB | Module de comp\u00e9tition-d\u00e9veloppement\",\"isPartOf\":{\"@id\":\"https:\\\/\\\/www.sportnb.com\\\/fr\\\/#website\"},\"datePublished\":\"2025-04-29T12:52:50+00:00\",\"dateModified\":\"2026-03-13T18:26:09+00:00\",\"description\":\"Sport New Brunswick (Sport NB) is a non-profit, volunteer organization dedicated to the development and promotion of the amateur sport community in New Brunswick. It is a federation that consists of over 60 provincial sport organizations and other sport related organizations.\",\"breadcrumb\":{\"@id\":\"https:\\\/\\\/www.sportnb.com\\\/fr\\\/module-de-competition-developpement\\\/#breadcrumb\"},\"inLanguage\":\"fr-FR\",\"potentialAction\":[{\"@type\":\"ReadAction\",\"target\":[\"https:\\\/\\\/www.sportnb.com\\\/fr\\\/module-de-competition-developpement\\\/\"]}]},{\"@type\":\"BreadcrumbList\",\"@id\":\"https:\\\/\\\/www.sportnb.com\\\/fr\\\/module-de-competition-developpement\\\/#breadcrumb\",\"itemListElement\":[{\"@type\":\"ListItem\",\"position\":1,\"name\":\"Home\",\"item\":\"https:\\\/\\\/www.sportnb.com\\\/fr\\\/\"},{\"@type\":\"ListItem\",\"position\":2,\"name\":\"Module de comp\u00e9tition-d\u00e9veloppement\"}]},{\"@type\":\"WebSite\",\"@id\":\"https:\\\/\\\/www.sportnb.com\\\/fr\\\/#website\",\"url\":\"https:\\\/\\\/www.sportnb.com\\\/fr\\\/\",\"name\":\"SportNB\",\"description\":\"Together, we can make sport safe for everyone.\",\"publisher\":{\"@id\":\"https:\\\/\\\/www.sportnb.com\\\/fr\\\/#organization\"},\"potentialAction\":[{\"@type\":\"SearchAction\",\"target\":{\"@type\":\"EntryPoint\",\"urlTemplate\":\"https:\\\/\\\/www.sportnb.com\\\/fr\\\/?s={search_term_string}\"},\"query-input\":{\"@type\":\"PropertyValueSpecification\",\"valueRequired\":true,\"valueName\":\"search_term_string\"}}],\"inLanguage\":\"fr-FR\"},{\"@type\":\"Organization\",\"@id\":\"https:\\\/\\\/www.sportnb.com\\\/fr\\\/#organization\",\"name\":\"SportNB\",\"url\":\"https:\\\/\\\/www.sportnb.com\\\/fr\\\/\",\"logo\":{\"@type\":\"ImageObject\",\"inLanguage\":\"fr-FR\",\"@id\":\"https:\\\/\\\/www.sportnb.com\\\/fr\\\/#\\\/schema\\\/logo\\\/image\\\/\",\"url\":\"https:\\\/\\\/sportnb.com\\\/wp-content\\\/uploads\\\/2022\\\/03\\\/logo.svg\",\"contentUrl\":\"https:\\\/\\\/sportnb.com\\\/wp-content\\\/uploads\\\/2022\\\/03\\\/logo.svg\",\"width\":288,\"height\":75,\"caption\":\"SportNB\"},\"image\":{\"@id\":\"https:\\\/\\\/www.sportnb.com\\\/fr\\\/#\\\/schema\\\/logo\\\/image\\\/\"},\"sameAs\":[\"https:\\\/\\\/www.facebook.com\\\/sportnb\",\"https:\\\/\\\/x.com\\\/SportNB\",\"https:\\\/\\\/www.youtube.com\\\/channel\\\/UC5976PPks7naTvXfQ4cZk5g\",\"https:\\\/\\\/ca.linkedin.com\\\/company\\\/sportnb506\",\"https:\\\/\\\/www.instagram.com\\\/sportnewnouveaubrunswick\\\/\"]}]}<\/script>\n<!-- \/ Yoast SEO plugin. -->","yoast_head_json":{"title":"SportNB | Module de comp\u00e9tition-d\u00e9veloppement","description":"Sport New Brunswick (Sport NB) is a non-profit, volunteer organization dedicated to the development and promotion of the amateur sport community in New Brunswick. It is a federation that consists of over 60 provincial sport organizations and other sport related organizations.","robots":{"index":"index","follow":"follow","max-snippet":"max-snippet:-1","max-image-preview":"max-image-preview:large","max-video-preview":"max-video-preview:-1"},"canonical":"https:\/\/www.sportnb.com\/fr\/module-de-competition-developpement\/","og_locale":"fr_FR","og_type":"article","og_title":"SportNB | Module de comp\u00e9tition-d\u00e9veloppement","og_description":"Sport New Brunswick (Sport NB) is a non-profit, volunteer organization dedicated to the development and promotion of the amateur sport community in New Brunswick. It is a federation that consists of over 60 provincial sport organizations and other sport related organizations.","og_url":"https:\/\/www.sportnb.com\/fr\/module-de-competition-developpement\/","og_site_name":"SportNB","article_publisher":"https:\/\/www.facebook.com\/sportnb","article_modified_time":"2026-03-13T18:26:09+00:00","twitter_card":"summary_large_image","twitter_site":"@SportNB","twitter_misc":{"Est. reading time":"7 minutes"},"schema":{"@context":"https:\/\/schema.org","@graph":[{"@type":"WebPage","@id":"https:\/\/www.sportnb.com\/fr\/module-de-competition-developpement\/","url":"https:\/\/www.sportnb.com\/fr\/module-de-competition-developpement\/","name":"SportNB | Module de comp\u00e9tition-d\u00e9veloppement","isPartOf":{"@id":"https:\/\/www.sportnb.com\/fr\/#website"},"datePublished":"2025-04-29T12:52:50+00:00","dateModified":"2026-03-13T18:26:09+00:00","description":"Sport New Brunswick (Sport NB) is a non-profit, volunteer organization dedicated to the development and promotion of the amateur sport community in New Brunswick. It is a federation that consists of over 60 provincial sport organizations and other sport related organizations.","breadcrumb":{"@id":"https:\/\/www.sportnb.com\/fr\/module-de-competition-developpement\/#breadcrumb"},"inLanguage":"fr-FR","potentialAction":[{"@type":"ReadAction","target":["https:\/\/www.sportnb.com\/fr\/module-de-competition-developpement\/"]}]},{"@type":"BreadcrumbList","@id":"https:\/\/www.sportnb.com\/fr\/module-de-competition-developpement\/#breadcrumb","itemListElement":[{"@type":"ListItem","position":1,"name":"Home","item":"https:\/\/www.sportnb.com\/fr\/"},{"@type":"ListItem","position":2,"name":"Module de comp\u00e9tition-d\u00e9veloppement"}]},{"@type":"WebSite","@id":"https:\/\/www.sportnb.com\/fr\/#website","url":"https:\/\/www.sportnb.com\/fr\/","name":"SportNB","description":"Together, we can make sport safe for everyone.","publisher":{"@id":"https:\/\/www.sportnb.com\/fr\/#organization"},"potentialAction":[{"@type":"SearchAction","target":{"@type":"EntryPoint","urlTemplate":"https:\/\/www.sportnb.com\/fr\/?s={search_term_string}"},"query-input":{"@type":"PropertyValueSpecification","valueRequired":true,"valueName":"search_term_string"}}],"inLanguage":"fr-FR"},{"@type":"Organization","@id":"https:\/\/www.sportnb.com\/fr\/#organization","name":"SportNB","url":"https:\/\/www.sportnb.com\/fr\/","logo":{"@type":"ImageObject","inLanguage":"fr-FR","@id":"https:\/\/www.sportnb.com\/fr\/#\/schema\/logo\/image\/","url":"https:\/\/sportnb.com\/wp-content\/uploads\/2022\/03\/logo.svg","contentUrl":"https:\/\/sportnb.com\/wp-content\/uploads\/2022\/03\/logo.svg","width":288,"height":75,"caption":"SportNB"},"image":{"@id":"https:\/\/www.sportnb.com\/fr\/#\/schema\/logo\/image\/"},"sameAs":["https:\/\/www.facebook.com\/sportnb","https:\/\/x.com\/SportNB","https:\/\/www.youtube.com\/channel\/UC5976PPks7naTvXfQ4cZk5g","https:\/\/ca.linkedin.com\/company\/sportnb506","https:\/\/www.instagram.com\/sportnewnouveaubrunswick\/"]}]}},"uagb_featured_image_src":{"full":false,"thumbnail":false,"medium":false,"medium_large":false,"large":false,"1536x1536":false,"2048x2048":false,"thumbnail_1440x9999":false,"menu-thumb":false},"uagb_author_info":{"display_name":"TRL Web","author_link":"https:\/\/www.sportnb.com\/fr\/author\/trl_web\/"},"uagb_comment_info":0,"uagb_excerpt":"Le contexte\u00a0Comp\u00e9tition-D\u00e9veloppement\u00a0est con\u00e7u pour les entra\u00eeneurs d\u2019athl\u00e8tes qui passent du stade S\u2019entra\u00eener \u00e0 s\u2019entra\u00eener au stade S\u2019entra\u00eener \u00e0 la comp\u00e9tition du d\u00e9veloppement \u00e0 long terme de l\u2019athl\u00e8te. Nous sommes heureux [&hellip;]","_links":{"self":[{"href":"https:\/\/www.sportnb.com\/fr\/wp-json\/wp\/v2\/pages\/10973","targetHints":{"allow":["GET"]}}],"collection":[{"href":"https:\/\/www.sportnb.com\/fr\/wp-json\/wp\/v2\/pages"}],"about":[{"href":"https:\/\/www.sportnb.com\/fr\/wp-json\/wp\/v2\/types\/page"}],"author":[{"embeddable":true,"href":"https:\/\/www.sportnb.com\/fr\/wp-json\/wp\/v2\/users\/4"}],"replies":[{"embeddable":true,"href":"https:\/\/www.sportnb.com\/fr\/wp-json\/wp\/v2\/comments?post=10973"}],"version-history":[{"count":9,"href":"https:\/\/www.sportnb.com\/fr\/wp-json\/wp\/v2\/pages\/10973\/revisions"}],"predecessor-version":[{"id":13557,"href":"https:\/\/www.sportnb.com\/fr\/wp-json\/wp\/v2\/pages\/10973\/revisions\/13557"}],"wp:attachment":[{"href":"https:\/\/www.sportnb.com\/fr\/wp-json\/wp\/v2\/media?parent=10973"}],"wp:term":[{"taxonomy":"wf_page_folders","embeddable":true,"href":"https:\/\/www.sportnb.com\/fr\/wp-json\/wp\/v2\/wf_page_folders?post=10973"}],"curies":[{"name":"wp","href":"https:\/\/api.w.org\/{rel}","templated":true}]}}