{"id":10970,"date":"2025-04-29T14:02:40","date_gmt":"2025-04-29T17:02:40","guid":{"rendered":"https:\/\/sportnb.com\/mouvement-entrainement-responsable\/"},"modified":"2025-04-30T16:05:41","modified_gmt":"2025-04-30T19:05:41","slug":"mouvement-entrainement-responsable","status":"publish","type":"page","link":"https:\/\/www.sportnb.com\/fr\/mouvement-entrainement-responsable\/","title":{"rendered":"Mouvement Entra\u00eenement responsable"},"content":{"rendered":"\t\t<div data-elementor-type=\"wp-page\" data-elementor-id=\"10970\" class=\"elementor elementor-10970 elementor-10611\" data-elementor-post-type=\"page\">\n\t\t\t\t<div class=\"elementor-element elementor-element-51a57bb e-con-full e-flex e-con e-parent\" data-id=\"51a57bb\" data-element_type=\"container\" data-e-type=\"container\">\n\t\t\t\t<div class=\"elementor-element elementor-element-0c1304c elementor-widget__width-initial elementor-widget-mobile__width-initial elementor-widget-tablet__width-initial elementor-widget elementor-widget-text-editor\" data-id=\"0c1304c\" data-element_type=\"widget\" data-e-type=\"widget\" data-widget_type=\"text-editor.default\">\n\t\t\t\t<div class=\"elementor-widget-container\">\n\t\t\t\t\t\t\t\t\t<p><a class=\"hoverZoomLink\" href=\"http:\/\/coachnb.ca\/wp-content\/uploads\/2022\/03\/RCM-BL-copy.png\"><img decoding=\"async\" class=\"wp-image-2696 alignleft hoverZoomLink lazyload\" data-src=\"https:\/\/coachnb.ca\/wp-content\/uploads\/2022\/03\/RCM-BL-copy-300x300.png\" alt=\"\" width=\"179\" height=\"179\" src=\"data:image\/svg+xml;base64,PHN2ZyB3aWR0aD0iMSIgaGVpZ2h0PSIxIiB4bWxucz0iaHR0cDovL3d3dy53My5vcmcvMjAwMC9zdmciPjwvc3ZnPg==\" style=\"--smush-placeholder-width: 179px; --smush-placeholder-aspect-ratio: 179\/179;\"><\/a><strong>Mouvement Entra\u00eenement responsable Le mouvement Entra\u00eenement responsable (MER) demande aux organismes sportifs, parents et entra\u00eeneurs de mettre en \u0153uvre une m\u00e9thode d\u2019entra\u00eenement responsable partout au Canada, sur le terrain comme ailleurs.<\/strong><\/p><p>Cr\u00e9\u00e9 par l\u2019Association canadienne des entra\u00eeneurs et le Centre canadien pour l\u2019\u00e9thique dans le sport, le MER invite tous les entra\u00eeneurs et organismes sportifs \u00e0 apprendre les principes de s\u00e9curit\u00e9 en entra\u00eenement et \u00e0 les appliquer syst\u00e9matiquement. Le MER repose sur trois piliers distincts qui contribuent \u00e0 la cr\u00e9ation d\u2019un milieu sportif s\u00fbr, savant et s\u00e9curitaire. <\/p><p><strong>1. La R\u00e8gle de deux:<\/strong> La R\u00e8gle de deux est une pratique exemplaire qui vise \u00e0 assurer un milieu sportif s\u00e9curitaire pour tous. Le but de la R\u00e8gle de deux est de s\u2019assurer que toutes les interactions et communications avec un participant sont justifiables et qu\u2019elles ont lieu dans un environnement ouvert et observable, en pr\u00e9sence de deux adultes responsables (entra\u00eeneur, parent ou b\u00e9n\u00e9vole aux ant\u00e9c\u00e9dents v\u00e9rifi\u00e9s). Il peut y avoir des exceptions en cas d\u2019urgence. V\u00e9rifiez comment votre organisme sportif applique la R\u00e8gle de deux.   <\/p><p><strong>2. V\u00e9rification des ant\u00e9c\u00e9dents: <\/strong>Dans un milieu sportif s\u00e9curis\u00e9, les ant\u00e9c\u00e9dents de tous les entra\u00eeneurs et dirigeants d\u2019organismes sportifs sont v\u00e9rifi\u00e9s afin de veiller \u00e0 ce qu\u2019ils r\u00e9pondent aux exigences pour travailler dans le domaine du sport. C\u2019est pourquoi on effectue r\u00e9guli\u00e8rement des v\u00e9rifications compl\u00e8tes des ant\u00e9c\u00e9dents et des r\u00e9f\u00e9rences, des entrevues et des v\u00e9rifications de renseignements de la police. <\/p><p><strong>3. Formation sur l\u2019\u00e9thique: <\/strong>Dans un milieu sportif savant, les entra\u00eeneurs sont form\u00e9s et ont la confiance et les comp\u00e9tences n\u00e9cessaires pour g\u00e9rer efficacement les situations difficiles. La formation continue en plusieurs modules aide les entra\u00eeneurs \u00e0 prendre conscience d\u2019enjeux importants et \u00e0 approfondir leurs connaissances tout au long de leur carri\u00e8re. <\/p><p><strong>Signez la d\u00e9claration d\u2019engagement du MER<br><\/strong>Le MER encourage les organismes sportifs du Canada \u00e0 s\u2019engager \u00e0 mettre en \u0153uvre ces principes fondamentaux en entra\u00eenement \u00e0 tous les niveaux du sport.<\/p><p><strong>Engagez-vous<br><\/strong>De nombreux organismes sportifs ont sign\u00e9 la d\u00e9claration d\u2019engagement et se sont engag\u00e9s \u00e0 mettre en \u0153uvre les pratiques exemplaires du MER. D\u00e9couvrez les organismes qui se sont engag\u00e9s en cliquant sur la carte ci-dessous. <\/p><p><strong>Ressources pour les entra\u00eeneurs responsables<br><\/strong>Pour vous aider dans votre parcours du MER, nous avons con\u00e7u des \u00e9l\u00e9ments graphiques et une liste de contr\u00f4le du MER qui comprend des ressources, des mod\u00e8les et des liens utiles. La liste de contr\u00f4le est r\u00e9guli\u00e8rement mise \u00e0 jour pour y inclure de nouveaux renseignements et outils. Pour en savoir plus, visitez <a href=\"https:\/\/coach.ca\/fr\/mouvement-entrainement-responsable\">coach.ca\/MER.<\/a>  <\/p><p><strong>Veillez \u00e0 ce que le sport reste s\u00fbr, savant et s\u00e9curitaire<br><\/strong>Il existe diff\u00e9rentes fa\u00e7ons de prot\u00e9ger les participants et les entra\u00eeneurs tout en favorisant une culture sportive positive :<\/p><ul><li>Suivre la formation sur la<a href=\"https:\/\/safesport.coach.ca\/\"> s\u00e9curit\u00e9 dans le sport<\/a>.<\/li><li>Veiller \u00e0 ce que votre organisme signe la d\u00e9claration d\u2019engagement du MER.<\/li><li>Soutenir votre organisme en \u00e9tablissant des politiques essentielles, comme une <a href=\"https:\/\/www.commit2kids.ca\/pdfs\/EDU_TravelGuidelinesYouthSport_fr.pdf\">politique sur les voyages<\/a>, un <a href=\"https:\/\/coach.ca\/sites\/default\/files\/archive\/2020-08\/CAC%20Code%20of%20Conduct%20and%20Ethics%20with%20Reporting%20Procedures-Aug28_FR.pdf\">Code de conduite<\/a> et une <a href=\"https:\/\/coach.ca\/sites\/default\/files\/2021-10\/Screening-Policy-Template_Oct2021-FR.docx\">politique sur la v\u00e9rification des ant\u00e9c\u00e9dents<\/a>, et en veillant \u00e0 ce qu\u2019elles soient \u00e0 jour et respect\u00e9es.<\/li><li>Veiller \u00e0 ce que tous les entra\u00eeneurs et b\u00e9n\u00e9voles fassent l\u2019objet d\u2019une v\u00e9rification appropri\u00e9e des ant\u00e9c\u00e9dents<\/li><li>Inciter les entra\u00eeneurs et b\u00e9n\u00e9voles \u00e0 suivre des formations, comme les modules <a href=\"https:\/\/coach.ca\/fr\/prise-de-decisions-ethiques-pde\">Prise de d\u00e9cisions \u00e9thiques PNCE<\/a>, <a href=\"https:\/\/protectchildren.ca\/fr\/contribuer\/formation-en-ligne\/priorite-jeunesse-entraineurs\/\">Priorit\u00e9 Jeunesse<\/a>, <a href=\"https:\/\/french.respectgroupinc.com\/\">Respect et sport<\/a>, <a href=\"https:\/\/coach.ca\/fr\/la-sante-mentale-dans-le-sport\">La sant\u00e9 mentale dans le sport<\/a> et <a href=\"https:\/\/coach.ca\/fr\/creation-dun-environnement-sportif-sain-pnce\">Cr\u00e9ation d\u2019un environnement sportif sain PNCE<\/a>.<\/li><li>Adh\u00e9rer aux principes de <a href=\"https:\/\/truesportpur.ca\/fr\">Sport pur.<\/a><\/li><li>Se demander comment favoriser le respect de la R\u00e8gle de deux en tant qu\u2019entra\u00eeneur.<br><br>Si vous avez d\u2019autres questions sur le MER, \u00e9crivez \u00e0 l\u2019\u00e9quipe de la s\u00e9curit\u00e9 dans le sport de l\u2019ACE \u00e0 <a href=\"mailto:sportsafety@coach.ca\">sportsafety@coach.ca<\/a> <\/li><\/ul><p><strong>Apprentissage suppl\u00e9mentaire<\/strong><\/p><p>Sommet pour le Sport en toute s\u00e9curit\u00e9 <a href=\"http:\/\/coachnb.ca\/wp-content\/uploads\/2019\/05\/Report-Jurisdiction-Summary-d1-FR.pdf\">\u2013 Report \u2013 Jurisdiction Summary d1 (FR)<\/a><\/p><p>Le Groupe de travail des organismes nationaux de sport sur la s\u00e9curit\u00e9 dans le sport pr\u00e9sente des d\u00e9clarations consensuelles pour la pr\u00e9vention de l\u2019abus et du harc\u00e8lement \u2013 <a href=\"https:\/\/coach.ca\/fr\/le-groupe-de-travail-des-organismes-nationaux-de-sport-sur-la-securite-dans-le-sport-presente-des-0?language=fr\">Cliquez ici pour en savoir plus<\/a><\/p><p>To help you on your RCM journey, we\u2019ve developed <a title=\"Sport Safety for Coaches\" href=\"https:\/\/coach.ca\/sport-safety-coaches\" data-entity-substitution=\"canonical\" data-entity-type=\"node\" data-entity-uuid=\"c8be79dc-14eb-46ac-b34d-cd06e91a59f2\">a detailed implementation toolkit<\/a> that includes resources, templates and useful links. We update it regularly with new information and tools. <\/p><h3> <\/h3><h3>Ensemble, nous pouvons rendre le sport s\u00e9curitaire pour tous.<\/h3><p>Whether you are directly involved with athletes or play another role in national sport, the CAC\u2019s Safe Sport Training will give you the tools to recognize, prevent and address maltreatment in sport.<\/p><p><iframe title=\"YouTube video player\" data-src=\"https:\/\/www.youtube.com\/embed\/DPhwZZ6x2uM\" width=\"560\" height=\"500\" frameborder=\"0\" allowfullscreen=\"allowfullscreen\" src=\"data:image\/svg+xml;base64,PHN2ZyB3aWR0aD0iMSIgaGVpZ2h0PSIxIiB4bWxucz0iaHR0cDovL3d3dy53My5vcmcvMjAwMC9zdmciPjwvc3ZnPg==\" class=\"lazyload\" data-load-mode=\"1\"><\/iframe><\/p>\t\t\t\t\t\t\t\t<\/div>\n\t\t\t\t<\/div>\n\t\t\t\t<\/div>\n\t\t\t\t<\/div>\n\t\t","protected":false},"excerpt":{"rendered":"<p>Mouvement Entra\u00eenement responsable Le mouvement Entra\u00eenement responsable (MER) demande aux organismes sportifs, parents et entra\u00eeneurs de mettre en \u0153uvre une m\u00e9thode d\u2019entra\u00eenement responsable partout au Canada, sur le terrain comme [&hellip;]<\/p>\n","protected":false},"author":4,"featured_media":0,"parent":0,"menu_order":0,"comment_status":"closed","ping_status":"closed","template":"","meta":{"_acf_changed":false,"_uag_custom_page_level_css":"","_monsterinsights_skip_tracking":false,"_monsterinsights_sitenote_active":false,"_monsterinsights_sitenote_note":"","_monsterinsights_sitenote_category":0,"footnotes":""},"wf_page_folders":[135],"class_list":["post-10970","page","type-page","status-publish","hentry"],"acf":[],"yoast_head":"<!-- This site is optimized with the Yoast SEO plugin v27.4 - https:\/\/yoast.com\/product\/yoast-seo-wordpress\/ -->\n<title>SportNB | Mouvement Entra\u00eenement responsable<\/title>\n<meta name=\"description\" content=\"Sport New Brunswick (Sport NB) is a non-profit, volunteer organization dedicated to the development and promotion of the amateur sport community in New Brunswick. It is a federation that consists of over 60 provincial sport organizations and other sport related organizations.\" \/>\n<meta name=\"robots\" content=\"index, follow, max-snippet:-1, max-image-preview:large, max-video-preview:-1\" \/>\n<link rel=\"canonical\" href=\"https:\/\/www.sportnb.com\/fr\/mouvement-entrainement-responsable\/\" \/>\n<meta property=\"og:locale\" content=\"fr_FR\" \/>\n<meta property=\"og:type\" content=\"article\" \/>\n<meta property=\"og:title\" content=\"SportNB | Mouvement Entra\u00eenement responsable\" \/>\n<meta property=\"og:description\" content=\"Sport New Brunswick (Sport NB) is a non-profit, volunteer organization dedicated to the development and promotion of the amateur sport community in New Brunswick. It is a federation that consists of over 60 provincial sport organizations and other sport related organizations.\" \/>\n<meta property=\"og:url\" content=\"https:\/\/www.sportnb.com\/fr\/mouvement-entrainement-responsable\/\" \/>\n<meta property=\"og:site_name\" content=\"SportNB\" \/>\n<meta property=\"article:publisher\" content=\"https:\/\/www.facebook.com\/sportnb\" \/>\n<meta property=\"article:modified_time\" content=\"2025-04-30T19:05:41+00:00\" \/>\n<meta property=\"og:image\" content=\"https:\/\/coachnb.ca\/wp-content\/uploads\/2022\/03\/RCM-BL-copy-300x300.png\" \/>\n<meta name=\"twitter:card\" content=\"summary_large_image\" \/>\n<meta name=\"twitter:site\" content=\"@SportNB\" \/>\n<meta name=\"twitter:label1\" content=\"Est. reading time\" \/>\n\t<meta name=\"twitter:data1\" content=\"4 minutes\" \/>\n<script type=\"application\/ld+json\" class=\"yoast-schema-graph\">{\"@context\":\"https:\\\/\\\/schema.org\",\"@graph\":[{\"@type\":\"WebPage\",\"@id\":\"https:\\\/\\\/www.sportnb.com\\\/fr\\\/mouvement-entrainement-responsable\\\/\",\"url\":\"https:\\\/\\\/www.sportnb.com\\\/fr\\\/mouvement-entrainement-responsable\\\/\",\"name\":\"SportNB | Mouvement Entra\u00eenement responsable\",\"isPartOf\":{\"@id\":\"https:\\\/\\\/www.sportnb.com\\\/fr\\\/#website\"},\"primaryImageOfPage\":{\"@id\":\"https:\\\/\\\/www.sportnb.com\\\/fr\\\/mouvement-entrainement-responsable\\\/#primaryimage\"},\"image\":{\"@id\":\"https:\\\/\\\/www.sportnb.com\\\/fr\\\/mouvement-entrainement-responsable\\\/#primaryimage\"},\"thumbnailUrl\":\"https:\\\/\\\/coachnb.ca\\\/wp-content\\\/uploads\\\/2022\\\/03\\\/RCM-BL-copy-300x300.png\",\"datePublished\":\"2025-04-29T17:02:40+00:00\",\"dateModified\":\"2025-04-30T19:05:41+00:00\",\"description\":\"Sport New Brunswick (Sport NB) is a non-profit, volunteer organization dedicated to the development and promotion of the amateur sport community in New Brunswick. It is a federation that consists of over 60 provincial sport organizations and other sport related organizations.\",\"breadcrumb\":{\"@id\":\"https:\\\/\\\/www.sportnb.com\\\/fr\\\/mouvement-entrainement-responsable\\\/#breadcrumb\"},\"inLanguage\":\"fr-FR\",\"potentialAction\":[{\"@type\":\"ReadAction\",\"target\":[\"https:\\\/\\\/www.sportnb.com\\\/fr\\\/mouvement-entrainement-responsable\\\/\"]}]},{\"@type\":\"ImageObject\",\"inLanguage\":\"fr-FR\",\"@id\":\"https:\\\/\\\/www.sportnb.com\\\/fr\\\/mouvement-entrainement-responsable\\\/#primaryimage\",\"url\":\"https:\\\/\\\/coachnb.ca\\\/wp-content\\\/uploads\\\/2022\\\/03\\\/RCM-BL-copy-300x300.png\",\"contentUrl\":\"https:\\\/\\\/coachnb.ca\\\/wp-content\\\/uploads\\\/2022\\\/03\\\/RCM-BL-copy-300x300.png\"},{\"@type\":\"BreadcrumbList\",\"@id\":\"https:\\\/\\\/www.sportnb.com\\\/fr\\\/mouvement-entrainement-responsable\\\/#breadcrumb\",\"itemListElement\":[{\"@type\":\"ListItem\",\"position\":1,\"name\":\"Home\",\"item\":\"https:\\\/\\\/www.sportnb.com\\\/fr\\\/\"},{\"@type\":\"ListItem\",\"position\":2,\"name\":\"Mouvement Entra\u00eenement responsable\"}]},{\"@type\":\"WebSite\",\"@id\":\"https:\\\/\\\/www.sportnb.com\\\/fr\\\/#website\",\"url\":\"https:\\\/\\\/www.sportnb.com\\\/fr\\\/\",\"name\":\"SportNB\",\"description\":\"Together, we can make sport safe for everyone.\",\"publisher\":{\"@id\":\"https:\\\/\\\/www.sportnb.com\\\/fr\\\/#organization\"},\"potentialAction\":[{\"@type\":\"SearchAction\",\"target\":{\"@type\":\"EntryPoint\",\"urlTemplate\":\"https:\\\/\\\/www.sportnb.com\\\/fr\\\/?s={search_term_string}\"},\"query-input\":{\"@type\":\"PropertyValueSpecification\",\"valueRequired\":true,\"valueName\":\"search_term_string\"}}],\"inLanguage\":\"fr-FR\"},{\"@type\":\"Organization\",\"@id\":\"https:\\\/\\\/www.sportnb.com\\\/fr\\\/#organization\",\"name\":\"SportNB\",\"url\":\"https:\\\/\\\/www.sportnb.com\\\/fr\\\/\",\"logo\":{\"@type\":\"ImageObject\",\"inLanguage\":\"fr-FR\",\"@id\":\"https:\\\/\\\/www.sportnb.com\\\/fr\\\/#\\\/schema\\\/logo\\\/image\\\/\",\"url\":\"https:\\\/\\\/sportnb.com\\\/wp-content\\\/uploads\\\/2022\\\/03\\\/logo.svg\",\"contentUrl\":\"https:\\\/\\\/sportnb.com\\\/wp-content\\\/uploads\\\/2022\\\/03\\\/logo.svg\",\"width\":288,\"height\":75,\"caption\":\"SportNB\"},\"image\":{\"@id\":\"https:\\\/\\\/www.sportnb.com\\\/fr\\\/#\\\/schema\\\/logo\\\/image\\\/\"},\"sameAs\":[\"https:\\\/\\\/www.facebook.com\\\/sportnb\",\"https:\\\/\\\/x.com\\\/SportNB\",\"https:\\\/\\\/www.youtube.com\\\/channel\\\/UC5976PPks7naTvXfQ4cZk5g\",\"https:\\\/\\\/ca.linkedin.com\\\/company\\\/sportnb506\",\"https:\\\/\\\/www.instagram.com\\\/sportnewnouveaubrunswick\\\/\"]}]}<\/script>\n<!-- \/ Yoast SEO plugin. -->","yoast_head_json":{"title":"SportNB | Mouvement Entra\u00eenement responsable","description":"Sport New Brunswick (Sport NB) is a non-profit, volunteer organization dedicated to the development and promotion of the amateur sport community in New Brunswick. It is a federation that consists of over 60 provincial sport organizations and other sport related organizations.","robots":{"index":"index","follow":"follow","max-snippet":"max-snippet:-1","max-image-preview":"max-image-preview:large","max-video-preview":"max-video-preview:-1"},"canonical":"https:\/\/www.sportnb.com\/fr\/mouvement-entrainement-responsable\/","og_locale":"fr_FR","og_type":"article","og_title":"SportNB | Mouvement Entra\u00eenement responsable","og_description":"Sport New Brunswick (Sport NB) is a non-profit, volunteer organization dedicated to the development and promotion of the amateur sport community in New Brunswick. It is a federation that consists of over 60 provincial sport organizations and other sport related organizations.","og_url":"https:\/\/www.sportnb.com\/fr\/mouvement-entrainement-responsable\/","og_site_name":"SportNB","article_publisher":"https:\/\/www.facebook.com\/sportnb","article_modified_time":"2025-04-30T19:05:41+00:00","og_image":[{"url":"https:\/\/coachnb.ca\/wp-content\/uploads\/2022\/03\/RCM-BL-copy-300x300.png","type":"","width":"","height":""}],"twitter_card":"summary_large_image","twitter_site":"@SportNB","twitter_misc":{"Est. reading time":"4 minutes"},"schema":{"@context":"https:\/\/schema.org","@graph":[{"@type":"WebPage","@id":"https:\/\/www.sportnb.com\/fr\/mouvement-entrainement-responsable\/","url":"https:\/\/www.sportnb.com\/fr\/mouvement-entrainement-responsable\/","name":"SportNB | Mouvement Entra\u00eenement responsable","isPartOf":{"@id":"https:\/\/www.sportnb.com\/fr\/#website"},"primaryImageOfPage":{"@id":"https:\/\/www.sportnb.com\/fr\/mouvement-entrainement-responsable\/#primaryimage"},"image":{"@id":"https:\/\/www.sportnb.com\/fr\/mouvement-entrainement-responsable\/#primaryimage"},"thumbnailUrl":"https:\/\/coachnb.ca\/wp-content\/uploads\/2022\/03\/RCM-BL-copy-300x300.png","datePublished":"2025-04-29T17:02:40+00:00","dateModified":"2025-04-30T19:05:41+00:00","description":"Sport New Brunswick (Sport NB) is a non-profit, volunteer organization dedicated to the development and promotion of the amateur sport community in New Brunswick. It is a federation that consists of over 60 provincial sport organizations and other sport related organizations.","breadcrumb":{"@id":"https:\/\/www.sportnb.com\/fr\/mouvement-entrainement-responsable\/#breadcrumb"},"inLanguage":"fr-FR","potentialAction":[{"@type":"ReadAction","target":["https:\/\/www.sportnb.com\/fr\/mouvement-entrainement-responsable\/"]}]},{"@type":"ImageObject","inLanguage":"fr-FR","@id":"https:\/\/www.sportnb.com\/fr\/mouvement-entrainement-responsable\/#primaryimage","url":"https:\/\/coachnb.ca\/wp-content\/uploads\/2022\/03\/RCM-BL-copy-300x300.png","contentUrl":"https:\/\/coachnb.ca\/wp-content\/uploads\/2022\/03\/RCM-BL-copy-300x300.png"},{"@type":"BreadcrumbList","@id":"https:\/\/www.sportnb.com\/fr\/mouvement-entrainement-responsable\/#breadcrumb","itemListElement":[{"@type":"ListItem","position":1,"name":"Home","item":"https:\/\/www.sportnb.com\/fr\/"},{"@type":"ListItem","position":2,"name":"Mouvement Entra\u00eenement responsable"}]},{"@type":"WebSite","@id":"https:\/\/www.sportnb.com\/fr\/#website","url":"https:\/\/www.sportnb.com\/fr\/","name":"SportNB","description":"Together, we can make sport safe for everyone.","publisher":{"@id":"https:\/\/www.sportnb.com\/fr\/#organization"},"potentialAction":[{"@type":"SearchAction","target":{"@type":"EntryPoint","urlTemplate":"https:\/\/www.sportnb.com\/fr\/?s={search_term_string}"},"query-input":{"@type":"PropertyValueSpecification","valueRequired":true,"valueName":"search_term_string"}}],"inLanguage":"fr-FR"},{"@type":"Organization","@id":"https:\/\/www.sportnb.com\/fr\/#organization","name":"SportNB","url":"https:\/\/www.sportnb.com\/fr\/","logo":{"@type":"ImageObject","inLanguage":"fr-FR","@id":"https:\/\/www.sportnb.com\/fr\/#\/schema\/logo\/image\/","url":"https:\/\/sportnb.com\/wp-content\/uploads\/2022\/03\/logo.svg","contentUrl":"https:\/\/sportnb.com\/wp-content\/uploads\/2022\/03\/logo.svg","width":288,"height":75,"caption":"SportNB"},"image":{"@id":"https:\/\/www.sportnb.com\/fr\/#\/schema\/logo\/image\/"},"sameAs":["https:\/\/www.facebook.com\/sportnb","https:\/\/x.com\/SportNB","https:\/\/www.youtube.com\/channel\/UC5976PPks7naTvXfQ4cZk5g","https:\/\/ca.linkedin.com\/company\/sportnb506","https:\/\/www.instagram.com\/sportnewnouveaubrunswick\/"]}]}},"uagb_featured_image_src":{"full":false,"thumbnail":false,"medium":false,"medium_large":false,"large":false,"1536x1536":false,"2048x2048":false,"thumbnail_1440x9999":false,"menu-thumb":false},"uagb_author_info":{"display_name":"TRL Web","author_link":"https:\/\/www.sportnb.com\/fr\/author\/trl_web\/"},"uagb_comment_info":0,"uagb_excerpt":"Mouvement Entra\u00eenement responsable Le mouvement Entra\u00eenement responsable (MER) demande aux organismes sportifs, parents et entra\u00eeneurs de mettre en \u0153uvre une m\u00e9thode d\u2019entra\u00eenement responsable partout au Canada, sur le terrain comme [&hellip;]","_links":{"self":[{"href":"https:\/\/www.sportnb.com\/fr\/wp-json\/wp\/v2\/pages\/10970","targetHints":{"allow":["GET"]}}],"collection":[{"href":"https:\/\/www.sportnb.com\/fr\/wp-json\/wp\/v2\/pages"}],"about":[{"href":"https:\/\/www.sportnb.com\/fr\/wp-json\/wp\/v2\/types\/page"}],"author":[{"embeddable":true,"href":"https:\/\/www.sportnb.com\/fr\/wp-json\/wp\/v2\/users\/4"}],"replies":[{"embeddable":true,"href":"https:\/\/www.sportnb.com\/fr\/wp-json\/wp\/v2\/comments?post=10970"}],"version-history":[{"count":2,"href":"https:\/\/www.sportnb.com\/fr\/wp-json\/wp\/v2\/pages\/10970\/revisions"}],"predecessor-version":[{"id":10972,"href":"https:\/\/www.sportnb.com\/fr\/wp-json\/wp\/v2\/pages\/10970\/revisions\/10972"}],"wp:attachment":[{"href":"https:\/\/www.sportnb.com\/fr\/wp-json\/wp\/v2\/media?parent=10970"}],"wp:term":[{"taxonomy":"wf_page_folders","embeddable":true,"href":"https:\/\/www.sportnb.com\/fr\/wp-json\/wp\/v2\/wf_page_folders?post=10970"}],"curies":[{"name":"wp","href":"https:\/\/api.w.org\/{rel}","templated":true}]}}