{"id":10964,"date":"2025-04-29T13:58:39","date_gmt":"2025-04-29T16:58:39","guid":{"rendered":"https:\/\/sportnb.com\/programme-vip\/"},"modified":"2025-05-12T09:27:04","modified_gmt":"2025-05-12T12:27:04","slug":"programme-vip","status":"publish","type":"page","link":"https:\/\/www.sportnb.com\/fr\/programme-vip\/","title":{"rendered":"Programme VIP"},"content":{"rendered":"\t\t<div data-elementor-type=\"wp-page\" data-elementor-id=\"10964\" class=\"elementor elementor-10964 elementor-10600\" data-elementor-post-type=\"page\">\n\t\t\t\t<div class=\"elementor-element elementor-element-51a57bb e-flex e-con-boxed e-con e-parent\" data-id=\"51a57bb\" data-element_type=\"container\" data-e-type=\"container\">\n\t\t\t\t\t<div class=\"e-con-inner\">\n\t\t\t\t<div class=\"elementor-element elementor-element-0c1304c elementor-widget__width-initial elementor-widget-mobile__width-initial elementor-widget elementor-widget-text-editor\" data-id=\"0c1304c\" data-element_type=\"widget\" data-e-type=\"widget\" data-widget_type=\"text-editor.default\">\n\t\t\t\t<div class=\"elementor-widget-container\">\n\t\t\t\t\t\t\t\t\t<h3><a class=\"hoverZoomLink\" href=\"http:\/\/coachnb.ca\/wp-content\/uploads\/2023\/02\/S4S_VIP_Logo_Master_Blue.png\"><img decoding=\"async\" class=\"alignleft wp-image-3062 hoverZoomLink lazyload\" data-src=\"https:\/\/coachnb.ca\/wp-content\/uploads\/2023\/02\/S4S_VIP_Logo_Master_Blue-300x272.png\" data-sizes=\"(max-width: 300px) 100vw, 300px\" data-srcset=\"https:\/\/coachnb.ca\/wp-content\/uploads\/2023\/02\/S4S_VIP_Logo_Master_Blue-300x272.png 300w, https:\/\/coachnb.ca\/wp-content\/uploads\/2023\/02\/S4S_VIP_Logo_Master_Blue-1024x929.png 1024w, https:\/\/coachnb.ca\/wp-content\/uploads\/2023\/02\/S4S_VIP_Logo_Master_Blue-768x697.png 768w, https:\/\/coachnb.ca\/wp-content\/uploads\/2023\/02\/S4S_VIP_Logo_Master_Blue.png 1494w\" alt=\"\" width=\"192\" height=\"174\" src=\"data:image\/svg+xml;base64,PHN2ZyB3aWR0aD0iMSIgaGVpZ2h0PSIxIiB4bWxucz0iaHR0cDovL3d3dy53My5vcmcvMjAwMC9zdmciPjwvc3ZnPg==\" style=\"--smush-placeholder-width: 192px; --smush-placeholder-aspect-ratio: 192\/174;\" \/><\/a><\/h3><h3>Survol du programme<\/h3><p><i>vip est un programme pour entra\u00eeneur qui est cr\u00e9\u00e9 pour reconna\u00eetre la contribution des entra\u00eeneurs dans les communaut\u00e9s du Nouveau-Brunswick. Le programme \u00ab vip \u00bb n\u2019est pas une certification ou une exigence, mais plut\u00f4t une occasion proactive pour les entra\u00eeneurs de continuer \u00e0 exceller dans le leadership \u00e9thique. <\/i><\/p><p><i>Les participants au programme \u00ab vip \u00bb sont soutenus et font partie d\u2019une communaut\u00e9 \u00e9largie qui ouvre la voie, cr\u00e9ant ainsi un impact positif sur la vie de tous les intervenants du secteur du sport provincial et communautaire. Vous souhaitez devenir un entra\u00eeneur vip ? <\/i><\/p><h3>\u00a0<\/h3><h3><strong>WHY<\/strong><\/h3><p><i> <\/i>S\u2019il r\u00e9pond aux crit\u00e8res, l\u2019entra\u00eeneur sera r\u00e9compens\u00e9 par les \u00e9l\u00e9ments suivants :<\/p><ul><li>Possibilit\u00e9 de r\u00e9seautage avec une vari\u00e9t\u00e9 d\u2019entra\u00eeneurs \u00e0 la grandeur du Nouveau-Brunswick<\/li><li>Opportunit\u00e9s unique et exclusive de perfectionnement professionnel et des ressources<\/li><li>soutien financier pour des cours du PNCE et\/ou des possibilit\u00e9s de perfectionnement professionnel de votre choix<p>Prix r\u00e9duit pour la Conf\u00e9rence des entra\u00eeneurs de l\u2019Atlantique<\/p><\/li><\/ul><h3><strong>\u00c9ligibilit\u00e9<\/strong><\/h3><p>Signer le code de conduite de l\u2019Association canadienne des entra\u00eeneurs (ACE)<\/p><ul><li aria-level=\"1\">Avoir le statut \u00ab form\u00e9 \u00bb ou \u00ab certifi\u00e9 \u00bb dans le sport appropri\u00e9 et au niveau appropri\u00e9<\/li><li aria-level=\"1\">Avoir compl\u00e9ter la formation \u00ab Sport s\u00e9curitaire \u00bb de l\u2019ACE<\/li><li aria-level=\"1\">Avoir compl\u00e9ter l\u2019\u00e9valuation en ligne de la \u00ab Prise de d\u00e9cisions \u00e9thiques du PNCE \u00bb<\/li><li aria-level=\"1\">Avoir compl\u00e9ter la formation \u00ab Prendre une t\u00eate d\u2019avance \u00bb du PNCE<\/li><\/ul><p>\u00a0<\/p>\t\t\t\t\t\t\t\t<\/div>\n\t\t\t\t<\/div>\n\t\t\t\t\t<\/div>\n\t\t\t\t<\/div>\n\t\t<div class=\"elementor-element elementor-element-a35f69f e-grid e-con-boxed e-con e-parent\" data-id=\"a35f69f\" data-element_type=\"container\" data-e-type=\"container\">\n\t\t\t\t\t<div class=\"e-con-inner\">\n\t\t\t\t<div class=\"elementor-element elementor-element-bdda4a1 elementor-align-center elementor-widget elementor-widget-button\" data-id=\"bdda4a1\" data-element_type=\"widget\" data-e-type=\"widget\" data-widget_type=\"button.default\">\n\t\t\t\t<div class=\"elementor-widget-container\">\n\t\t\t\t\t\t\t\t\t<div class=\"elementor-button-wrapper\">\n\t\t\t\t\t<a class=\"elementor-button elementor-button-link elementor-size-sm\" href=\"https:\/\/forms.office.com\/r\/6CgEaDYTrN\">\n\t\t\t\t\t\t<span class=\"elementor-button-content-wrapper\">\n\t\t\t\t\t\t\t\t\t<span class=\"elementor-button-text\">Appliquer maintenant<\/span>\n\t\t\t\t\t<\/span>\n\t\t\t\t\t<\/a>\n\t\t\t\t<\/div>\n\t\t\t\t\t\t\t\t<\/div>\n\t\t\t\t<\/div>\n\t\t\t\t\t<\/div>\n\t\t\t\t<\/div>\n\t\t\t\t<\/div>\n\t\t","protected":false},"excerpt":{"rendered":"<p>Survol du programme vip est un programme pour entra\u00eeneur qui est cr\u00e9\u00e9 pour reconna\u00eetre la contribution des entra\u00eeneurs dans les communaut\u00e9s du Nouveau-Brunswick. Le programme \u00ab vip \u00bb n\u2019est pas [&hellip;]<\/p>\n","protected":false},"author":4,"featured_media":0,"parent":0,"menu_order":0,"comment_status":"closed","ping_status":"closed","template":"","meta":{"_acf_changed":false,"_uag_custom_page_level_css":"","_monsterinsights_skip_tracking":false,"_monsterinsights_sitenote_active":false,"_monsterinsights_sitenote_note":"","_monsterinsights_sitenote_category":0,"footnotes":""},"wf_page_folders":[135],"class_list":["post-10964","page","type-page","status-publish","hentry"],"acf":[],"yoast_head":"<!-- This site is optimized with the Yoast SEO plugin v27.4 - https:\/\/yoast.com\/product\/yoast-seo-wordpress\/ -->\n<title>SportNB | Programme VIP<\/title>\n<meta name=\"description\" content=\"Sport New Brunswick (Sport NB) is a non-profit, volunteer organization dedicated to the development and promotion of the amateur sport community in New Brunswick. It is a federation that consists of over 60 provincial sport organizations and other sport related organizations.\" \/>\n<meta name=\"robots\" content=\"index, follow, max-snippet:-1, max-image-preview:large, max-video-preview:-1\" \/>\n<link rel=\"canonical\" href=\"https:\/\/www.sportnb.com\/fr\/programme-vip\/\" \/>\n<meta property=\"og:locale\" content=\"fr_FR\" \/>\n<meta property=\"og:type\" content=\"article\" \/>\n<meta property=\"og:title\" content=\"SportNB | Programme VIP\" \/>\n<meta property=\"og:description\" content=\"Sport New Brunswick (Sport NB) is a non-profit, volunteer organization dedicated to the development and promotion of the amateur sport community in New Brunswick. It is a federation that consists of over 60 provincial sport organizations and other sport related organizations.\" \/>\n<meta property=\"og:url\" content=\"https:\/\/www.sportnb.com\/fr\/programme-vip\/\" \/>\n<meta property=\"og:site_name\" content=\"SportNB\" \/>\n<meta property=\"article:publisher\" content=\"https:\/\/www.facebook.com\/sportnb\" \/>\n<meta property=\"article:modified_time\" content=\"2025-05-12T12:27:04+00:00\" \/>\n<meta property=\"og:image\" content=\"https:\/\/coachnb.ca\/wp-content\/uploads\/2023\/02\/S4S_VIP_Logo_Master_Blue-300x272.png\" \/>\n<meta name=\"twitter:card\" content=\"summary_large_image\" \/>\n<meta name=\"twitter:site\" content=\"@SportNB\" \/>\n<meta name=\"twitter:label1\" content=\"Est. reading time\" \/>\n\t<meta name=\"twitter:data1\" content=\"2 minutes\" \/>\n<script type=\"application\/ld+json\" class=\"yoast-schema-graph\">{\"@context\":\"https:\\\/\\\/schema.org\",\"@graph\":[{\"@type\":\"WebPage\",\"@id\":\"https:\\\/\\\/www.sportnb.com\\\/fr\\\/programme-vip\\\/\",\"url\":\"https:\\\/\\\/www.sportnb.com\\\/fr\\\/programme-vip\\\/\",\"name\":\"SportNB | Programme VIP\",\"isPartOf\":{\"@id\":\"https:\\\/\\\/www.sportnb.com\\\/fr\\\/#website\"},\"primaryImageOfPage\":{\"@id\":\"https:\\\/\\\/www.sportnb.com\\\/fr\\\/programme-vip\\\/#primaryimage\"},\"image\":{\"@id\":\"https:\\\/\\\/www.sportnb.com\\\/fr\\\/programme-vip\\\/#primaryimage\"},\"thumbnailUrl\":\"https:\\\/\\\/coachnb.ca\\\/wp-content\\\/uploads\\\/2023\\\/02\\\/S4S_VIP_Logo_Master_Blue-300x272.png\",\"datePublished\":\"2025-04-29T16:58:39+00:00\",\"dateModified\":\"2025-05-12T12:27:04+00:00\",\"description\":\"Sport New Brunswick (Sport NB) is a non-profit, volunteer organization dedicated to the development and promotion of the amateur sport community in New Brunswick. It is a federation that consists of over 60 provincial sport organizations and other sport related organizations.\",\"breadcrumb\":{\"@id\":\"https:\\\/\\\/www.sportnb.com\\\/fr\\\/programme-vip\\\/#breadcrumb\"},\"inLanguage\":\"fr-FR\",\"potentialAction\":[{\"@type\":\"ReadAction\",\"target\":[\"https:\\\/\\\/www.sportnb.com\\\/fr\\\/programme-vip\\\/\"]}]},{\"@type\":\"ImageObject\",\"inLanguage\":\"fr-FR\",\"@id\":\"https:\\\/\\\/www.sportnb.com\\\/fr\\\/programme-vip\\\/#primaryimage\",\"url\":\"https:\\\/\\\/coachnb.ca\\\/wp-content\\\/uploads\\\/2023\\\/02\\\/S4S_VIP_Logo_Master_Blue-300x272.png\",\"contentUrl\":\"https:\\\/\\\/coachnb.ca\\\/wp-content\\\/uploads\\\/2023\\\/02\\\/S4S_VIP_Logo_Master_Blue-300x272.png\"},{\"@type\":\"BreadcrumbList\",\"@id\":\"https:\\\/\\\/www.sportnb.com\\\/fr\\\/programme-vip\\\/#breadcrumb\",\"itemListElement\":[{\"@type\":\"ListItem\",\"position\":1,\"name\":\"Home\",\"item\":\"https:\\\/\\\/www.sportnb.com\\\/fr\\\/\"},{\"@type\":\"ListItem\",\"position\":2,\"name\":\"Programme VIP\"}]},{\"@type\":\"WebSite\",\"@id\":\"https:\\\/\\\/www.sportnb.com\\\/fr\\\/#website\",\"url\":\"https:\\\/\\\/www.sportnb.com\\\/fr\\\/\",\"name\":\"SportNB\",\"description\":\"Together, we can make sport safe for everyone.\",\"publisher\":{\"@id\":\"https:\\\/\\\/www.sportnb.com\\\/fr\\\/#organization\"},\"potentialAction\":[{\"@type\":\"SearchAction\",\"target\":{\"@type\":\"EntryPoint\",\"urlTemplate\":\"https:\\\/\\\/www.sportnb.com\\\/fr\\\/?s={search_term_string}\"},\"query-input\":{\"@type\":\"PropertyValueSpecification\",\"valueRequired\":true,\"valueName\":\"search_term_string\"}}],\"inLanguage\":\"fr-FR\"},{\"@type\":\"Organization\",\"@id\":\"https:\\\/\\\/www.sportnb.com\\\/fr\\\/#organization\",\"name\":\"SportNB\",\"url\":\"https:\\\/\\\/www.sportnb.com\\\/fr\\\/\",\"logo\":{\"@type\":\"ImageObject\",\"inLanguage\":\"fr-FR\",\"@id\":\"https:\\\/\\\/www.sportnb.com\\\/fr\\\/#\\\/schema\\\/logo\\\/image\\\/\",\"url\":\"https:\\\/\\\/sportnb.com\\\/wp-content\\\/uploads\\\/2022\\\/03\\\/logo.svg\",\"contentUrl\":\"https:\\\/\\\/sportnb.com\\\/wp-content\\\/uploads\\\/2022\\\/03\\\/logo.svg\",\"width\":288,\"height\":75,\"caption\":\"SportNB\"},\"image\":{\"@id\":\"https:\\\/\\\/www.sportnb.com\\\/fr\\\/#\\\/schema\\\/logo\\\/image\\\/\"},\"sameAs\":[\"https:\\\/\\\/www.facebook.com\\\/sportnb\",\"https:\\\/\\\/x.com\\\/SportNB\",\"https:\\\/\\\/www.youtube.com\\\/channel\\\/UC5976PPks7naTvXfQ4cZk5g\",\"https:\\\/\\\/ca.linkedin.com\\\/company\\\/sportnb506\",\"https:\\\/\\\/www.instagram.com\\\/sportnewnouveaubrunswick\\\/\"]}]}<\/script>\n<!-- \/ Yoast SEO plugin. -->","yoast_head_json":{"title":"SportNB | Programme VIP","description":"Sport New Brunswick (Sport NB) is a non-profit, volunteer organization dedicated to the development and promotion of the amateur sport community in New Brunswick. It is a federation that consists of over 60 provincial sport organizations and other sport related organizations.","robots":{"index":"index","follow":"follow","max-snippet":"max-snippet:-1","max-image-preview":"max-image-preview:large","max-video-preview":"max-video-preview:-1"},"canonical":"https:\/\/www.sportnb.com\/fr\/programme-vip\/","og_locale":"fr_FR","og_type":"article","og_title":"SportNB | Programme VIP","og_description":"Sport New Brunswick (Sport NB) is a non-profit, volunteer organization dedicated to the development and promotion of the amateur sport community in New Brunswick. It is a federation that consists of over 60 provincial sport organizations and other sport related organizations.","og_url":"https:\/\/www.sportnb.com\/fr\/programme-vip\/","og_site_name":"SportNB","article_publisher":"https:\/\/www.facebook.com\/sportnb","article_modified_time":"2025-05-12T12:27:04+00:00","og_image":[{"url":"https:\/\/coachnb.ca\/wp-content\/uploads\/2023\/02\/S4S_VIP_Logo_Master_Blue-300x272.png","type":"","width":"","height":""}],"twitter_card":"summary_large_image","twitter_site":"@SportNB","twitter_misc":{"Est. reading time":"2 minutes"},"schema":{"@context":"https:\/\/schema.org","@graph":[{"@type":"WebPage","@id":"https:\/\/www.sportnb.com\/fr\/programme-vip\/","url":"https:\/\/www.sportnb.com\/fr\/programme-vip\/","name":"SportNB | Programme VIP","isPartOf":{"@id":"https:\/\/www.sportnb.com\/fr\/#website"},"primaryImageOfPage":{"@id":"https:\/\/www.sportnb.com\/fr\/programme-vip\/#primaryimage"},"image":{"@id":"https:\/\/www.sportnb.com\/fr\/programme-vip\/#primaryimage"},"thumbnailUrl":"https:\/\/coachnb.ca\/wp-content\/uploads\/2023\/02\/S4S_VIP_Logo_Master_Blue-300x272.png","datePublished":"2025-04-29T16:58:39+00:00","dateModified":"2025-05-12T12:27:04+00:00","description":"Sport New Brunswick (Sport NB) is a non-profit, volunteer organization dedicated to the development and promotion of the amateur sport community in New Brunswick. It is a federation that consists of over 60 provincial sport organizations and other sport related organizations.","breadcrumb":{"@id":"https:\/\/www.sportnb.com\/fr\/programme-vip\/#breadcrumb"},"inLanguage":"fr-FR","potentialAction":[{"@type":"ReadAction","target":["https:\/\/www.sportnb.com\/fr\/programme-vip\/"]}]},{"@type":"ImageObject","inLanguage":"fr-FR","@id":"https:\/\/www.sportnb.com\/fr\/programme-vip\/#primaryimage","url":"https:\/\/coachnb.ca\/wp-content\/uploads\/2023\/02\/S4S_VIP_Logo_Master_Blue-300x272.png","contentUrl":"https:\/\/coachnb.ca\/wp-content\/uploads\/2023\/02\/S4S_VIP_Logo_Master_Blue-300x272.png"},{"@type":"BreadcrumbList","@id":"https:\/\/www.sportnb.com\/fr\/programme-vip\/#breadcrumb","itemListElement":[{"@type":"ListItem","position":1,"name":"Home","item":"https:\/\/www.sportnb.com\/fr\/"},{"@type":"ListItem","position":2,"name":"Programme VIP"}]},{"@type":"WebSite","@id":"https:\/\/www.sportnb.com\/fr\/#website","url":"https:\/\/www.sportnb.com\/fr\/","name":"SportNB","description":"Together, we can make sport safe for everyone.","publisher":{"@id":"https:\/\/www.sportnb.com\/fr\/#organization"},"potentialAction":[{"@type":"SearchAction","target":{"@type":"EntryPoint","urlTemplate":"https:\/\/www.sportnb.com\/fr\/?s={search_term_string}"},"query-input":{"@type":"PropertyValueSpecification","valueRequired":true,"valueName":"search_term_string"}}],"inLanguage":"fr-FR"},{"@type":"Organization","@id":"https:\/\/www.sportnb.com\/fr\/#organization","name":"SportNB","url":"https:\/\/www.sportnb.com\/fr\/","logo":{"@type":"ImageObject","inLanguage":"fr-FR","@id":"https:\/\/www.sportnb.com\/fr\/#\/schema\/logo\/image\/","url":"https:\/\/sportnb.com\/wp-content\/uploads\/2022\/03\/logo.svg","contentUrl":"https:\/\/sportnb.com\/wp-content\/uploads\/2022\/03\/logo.svg","width":288,"height":75,"caption":"SportNB"},"image":{"@id":"https:\/\/www.sportnb.com\/fr\/#\/schema\/logo\/image\/"},"sameAs":["https:\/\/www.facebook.com\/sportnb","https:\/\/x.com\/SportNB","https:\/\/www.youtube.com\/channel\/UC5976PPks7naTvXfQ4cZk5g","https:\/\/ca.linkedin.com\/company\/sportnb506","https:\/\/www.instagram.com\/sportnewnouveaubrunswick\/"]}]}},"uagb_featured_image_src":{"full":false,"thumbnail":false,"medium":false,"medium_large":false,"large":false,"1536x1536":false,"2048x2048":false,"thumbnail_1440x9999":false,"menu-thumb":false},"uagb_author_info":{"display_name":"TRL Web","author_link":"https:\/\/www.sportnb.com\/fr\/author\/trl_web\/"},"uagb_comment_info":0,"uagb_excerpt":"Survol du programme vip est un programme pour entra\u00eeneur qui est cr\u00e9\u00e9 pour reconna\u00eetre la contribution des entra\u00eeneurs dans les communaut\u00e9s du Nouveau-Brunswick. Le programme \u00ab vip \u00bb n\u2019est pas [&hellip;]","_links":{"self":[{"href":"https:\/\/www.sportnb.com\/fr\/wp-json\/wp\/v2\/pages\/10964","targetHints":{"allow":["GET"]}}],"collection":[{"href":"https:\/\/www.sportnb.com\/fr\/wp-json\/wp\/v2\/pages"}],"about":[{"href":"https:\/\/www.sportnb.com\/fr\/wp-json\/wp\/v2\/types\/page"}],"author":[{"embeddable":true,"href":"https:\/\/www.sportnb.com\/fr\/wp-json\/wp\/v2\/users\/4"}],"replies":[{"embeddable":true,"href":"https:\/\/www.sportnb.com\/fr\/wp-json\/wp\/v2\/comments?post=10964"}],"version-history":[{"count":8,"href":"https:\/\/www.sportnb.com\/fr\/wp-json\/wp\/v2\/pages\/10964\/revisions"}],"predecessor-version":[{"id":11372,"href":"https:\/\/www.sportnb.com\/fr\/wp-json\/wp\/v2\/pages\/10964\/revisions\/11372"}],"wp:attachment":[{"href":"https:\/\/www.sportnb.com\/fr\/wp-json\/wp\/v2\/media?parent=10964"}],"wp:term":[{"taxonomy":"wf_page_folders","embeddable":true,"href":"https:\/\/www.sportnb.com\/fr\/wp-json\/wp\/v2\/wf_page_folders?post=10964"}],"curies":[{"name":"wp","href":"https:\/\/api.w.org\/{rel}","templated":true}]}}