{"id":10952,"date":"2025-04-29T13:43:58","date_gmt":"2025-04-29T16:43:58","guid":{"rendered":"https:\/\/sportnb.com\/programme-de-mentorat-femmes-et-filles\/"},"modified":"2025-12-16T15:36:01","modified_gmt":"2025-12-16T19:36:01","slug":"programme-de-mentorat","status":"publish","type":"page","link":"https:\/\/www.sportnb.com\/fr\/programme-de-mentorat\/","title":{"rendered":"Programme de mentorat"},"content":{"rendered":"\n<p><strong>Devenez&nbsp;un mentor avec Sport NB,&nbsp;inspirez&nbsp;la&nbsp;prochaine&nbsp;g\u00e9n\u00e9ration&nbsp;!&nbsp;<\/strong>&nbsp;<br>\u00cates-vous&nbsp;passionn\u00e9(e) par&nbsp;le sport et&nbsp;engag\u00e9(e) \u00e0 aider les&nbsp;autres&nbsp;\u00e0&nbsp;r\u00e9ussir? Sport NB recherche des mentors&nbsp;d\u00e9vou\u00e9s&nbsp;pour guider&nbsp;et&nbsp;soutenir&nbsp;les&nbsp;entra\u00eeneur.e.s&nbsp;partout&nbsp;dans la province.&nbsp;<\/p>\n\n\n\n<p>En tant&nbsp;que&nbsp;mentor, vous&nbsp;allez:&nbsp;<br>\u2705&nbsp;Partager&nbsp;votre&nbsp;exp\u00e9rience&nbsp;et&nbsp;vos&nbsp;connaissances&nbsp;pour aider au&nbsp;d\u00e9veloppement&nbsp;des&nbsp;entra\u00eeneur.e.s&nbsp;dans&nbsp;votre&nbsp;communaut\u00e9.&nbsp;<br>\u2705&nbsp;Aider les&nbsp;entra\u00eeneur.e.s&nbsp;\u00e0&nbsp;surmonter&nbsp;les&nbsp;d\u00e9fis&nbsp;et&nbsp;atteindre&nbsp;leurs&nbsp;objectifs.&nbsp;<br>\u2705&nbsp;Avoir&nbsp;un impact durable sur&nbsp;l\u2019avenir&nbsp;du sport au Nouveau-Brunswick.&nbsp;<\/p>\n\n\n\n<p><strong>Postulez&nbsp;d\u00e8s&nbsp;aujourd\u2019hui&nbsp;et&nbsp;faites&nbsp;la&nbsp;diff\u00e9rence&nbsp;!&nbsp;&nbsp;Envoyez&nbsp;votre&nbsp;int\u00e9r\u00eat&nbsp;\u00e0&nbsp;<\/strong><a href=\"mailto:nccp@sportnb.com\" target=\"_blank\" rel=\"noreferrer noopener\"><strong>nccp@sportnb.com<\/strong><\/a><strong>.<\/strong>&nbsp;<\/p>\n\n\n\n<p><em>Lors&nbsp;de&nbsp;votre&nbsp;soumission,&nbsp;veuillez&nbsp;inclure&nbsp;un&nbsp;paragraphe&nbsp;ou&nbsp;une&nbsp;lettre&nbsp;expliquant&nbsp;pourquoi&nbsp;vous&nbsp;souhaitez&nbsp;joindre&nbsp;notre&nbsp;programme&nbsp;de&nbsp;mentorat&nbsp;et&nbsp;ce&nbsp;qui vous motive \u00e0&nbsp;avoir&nbsp;un impact.<\/em>&nbsp;<\/p>\n\n\n\n<p>Une&nbsp;fois&nbsp;votre&nbsp;courriel&nbsp;envoy\u00e9&nbsp;\u00e0&nbsp;<a href=\"mailto:nccp@sportnb.com\" target=\"_blank\" rel=\"noreferrer noopener\"><strong>nccp@sportnb.com<\/strong><\/a>,&nbsp;voici&nbsp;ce&nbsp;`a&nbsp;quoi vous&nbsp;pouvez&nbsp;vous&nbsp;attendre&nbsp;:&nbsp;<\/p>\n\n\n\n<ol start=\"1\" class=\"wp-block-list\">\n<li><strong>Confirmation<\/strong>\u00a0\u2013\u00a0Nous\u00a0accuserons\u00a0r\u00e9ception\u00a0de\u00a0votre\u00a0demande\u00a0et vous\u00a0informerons\u00a0des\u00a0prochaines\u00a0\u00e9tapes. \u00b4\u00a0<\/li>\n<\/ol>\n\n\n\n<ol start=\"2\" class=\"wp-block-list\">\n<li><strong>V\u00e9rification\u00a0de\u00a0l&#8217;admissibilit\u00e9s<\/strong>\u2013 Notre \u00e9quipe\u00a0v\u00e9rifiera\u00a0votre\u00a0profil\u00a0d\u2019entra\u00eeneur,\u00a0votre\u00a0statu\u00a0de VIP et\u00a0votre\u00a0exp\u00e9rience\u00a0\u00e0\u00a0notre\u00a0retour des F\u00eates,\u00a0la\u00a0semaine\u00a0du 5\u00a0janvier.\u00a0\u00a0<\/li>\n<\/ol>\n\n\n\n<ol start=\"3\" class=\"wp-block-list\">\n<li><strong>Approbation et\u00a0int\u00e9gration<\/strong>\u00a0\u2013 Si vous\u00a0r\u00e9pondez\u00a0aux\u00a0crit\u00e8res, vous\u00a0serez\u00a0invit\u00e9(e) \u00e0\u00a0une\u00a0rencontre\u00a0individuelle\u00a0avec des\u00a0membres\u00a0de Sport NB,\u00a0incluant\u00a0notre\u00a0responsable\u00a0de la formation des\u00a0entra\u00eeneurs. Vous\u00a0recevrez\u00a0\u00e9galement\u00a0des\u00a0ressources\u00a0et des conseils pour\u00a0d\u00e9buter\u00a0votre\u00a0parcours\u00a0de\u00a0mentorat.\u00a0\u00a0<\/li>\n<\/ol>\n\n\n\n<ol start=\"4\" class=\"wp-block-list\">\n<li><strong>Restez\u00a0connect\u00e9(e)<\/strong>\u00a0\u2013 Nous vous\u00a0tiendrons\u00a0inform\u00e9(e) tout\u00a0au\u00a0long du processus.\u00a0\u00a0<\/li>\n<\/ol>\n\n\n\n<p><strong>&nbsp;Crit\u00e8res:<\/strong>&nbsp;<\/p>\n\n\n\n<ul class=\"wp-block-list\">\n<li>R\u00e9pondre\u00a0aux exigences du\u00a0statut\u00a0VIP avec Sport NB. (Pour\u00a0en\u00a0savoir plus,\u00a0<a href=\"https:\/\/sportnb.com\/fr\/programme-vip\/\" target=\"_blank\" rel=\"noreferrer noopener\">cliquez\u00a0ici<\/a>)\u00a0<\/li>\n<\/ul>\n\n\n\n<ul class=\"wp-block-list\">\n<li>\u00catre\u00a0actuellement\u00a0entra\u00eeneur.e. au Nouveau-Brunswick et\u00a0avoir\u00a0un\u00a0profil\u00a0d\u2019entra\u00eeneur.e\u00a0\u00e0 jour dans Le\u00a0Casier.\u00a0<\/li>\n<\/ul>\n\n\n\n<ul class=\"wp-block-list\">\n<li>\u00catre\u00a0entra\u00eeneur.e\u00a0dans la\u00a0voie\u00a0de\u00a0d\u00e9veloppement\u00a0de la\u00a0comp\u00e9tition\u00a0(Form\u00e9).\u00a0<\/li>\n<\/ul>\n\n\n\n<ul class=\"wp-block-list\">\n<li>Avoir\u00a0au\u00a0moins\u00a02\u00a0ans\u00a0d\u2019exp\u00e9riences\u00a0dans\u00a0votre\u00a0sport.\u00a0<\/li>\n<\/ul>\n\n\n\n<ul class=\"wp-block-list\">\n<li><em>Un\u00a0pourcentage<\/em>\u00a0<em>d\u00e9sign\u00e9\u00a0des\u00a0candidats<\/em>\u00a0<em>s\u00e9lectionn\u00e9s\u00a0sera\u00a0attribu\u00e9<\/em>\u00a0<em>afin<\/em>\u00a0<em>d\u2019assurer\u00a0la\u00a0repr\u00e9sentation\u00a0des femmes et des populations\u00a0autochtones<\/em>,\u00a0<em>conform\u00e9ment<\/em>\u00a0\u00e0\u00a0<em>l\u2019engagement\u00a0de Sport NB\u00a0en\u00a0mati\u00e8re de\u00a0diversit\u00e9\u00a0et\u00a0d\u2019inclusion<\/em>\u00a0<\/li>\n<\/ul>\n\n\n\n<p><strong>Expectations:<\/strong>&nbsp;<\/p>\n\n\n\n<ul class=\"wp-block-list\">\n<li>S\u2019engager\u00a0\u00e0\u00a0suivre\u00a0l\u2019atelier\u00a0de\u00a0mentorat\u00a0PNCE.\u00a0<\/li>\n<\/ul>\n\n\n\n<ul class=\"wp-block-list\">\n<li>Soutenir\u00a0de 5 \u00e0 10\u00a0apprenties\u00a0par\u00a0mois\u00a0avec 5 \u00e0 10 points de contact de\u00a0mentorat.\u00a0\u00a0<\/li>\n<\/ul>\n\n\n\n<ul class=\"wp-block-list\">\n<li>Soumettre\u00a0des rapports\u00a0mensuels\u00a0de\u00a0vos\u00a0activit\u00e9s\u00a0de\u00a0mentorat.\u00a0<\/li>\n<\/ul>\n\n\n\n<ul class=\"wp-block-list\">\n<li>Participer\u00a0\u00e0 des\u00a0suivis\u00a0mensuels\u00a0avec un mentor principal.\u00a0<\/li>\n<\/ul>\n","protected":false},"excerpt":{"rendered":"<p>Devenez&nbsp;un mentor avec Sport NB,&nbsp;inspirez&nbsp;la&nbsp;prochaine&nbsp;g\u00e9n\u00e9ration&nbsp;!&nbsp;&nbsp;\u00cates-vous&nbsp;passionn\u00e9(e) par&nbsp;le sport et&nbsp;engag\u00e9(e) \u00e0 aider les&nbsp;autres&nbsp;\u00e0&nbsp;r\u00e9ussir? Sport NB recherche des mentors&nbsp;d\u00e9vou\u00e9s&nbsp;pour guider&nbsp;et&nbsp;soutenir&nbsp;les&nbsp;entra\u00eeneur.e.s&nbsp;partout&nbsp;dans la province.&nbsp; En tant&nbsp;que&nbsp;mentor, vous&nbsp;allez:&nbsp;\u2705&nbsp;Partager&nbsp;votre&nbsp;exp\u00e9rience&nbsp;et&nbsp;vos&nbsp;connaissances&nbsp;pour aider au&nbsp;d\u00e9veloppement&nbsp;des&nbsp;entra\u00eeneur.e.s&nbsp;dans&nbsp;votre&nbsp;communaut\u00e9.&nbsp;\u2705&nbsp;Aider les&nbsp;entra\u00eeneur.e.s&nbsp;\u00e0&nbsp;surmonter&nbsp;les&nbsp;d\u00e9fis&nbsp;et&nbsp;atteindre&nbsp;leurs&nbsp;objectifs.&nbsp;\u2705&nbsp;Avoir&nbsp;un impact durable sur&nbsp;l\u2019avenir&nbsp;du sport au [&hellip;]<\/p>\n","protected":false},"author":4,"featured_media":0,"parent":0,"menu_order":0,"comment_status":"closed","ping_status":"closed","template":"","meta":{"_acf_changed":false,"_uag_custom_page_level_css":"","_monsterinsights_skip_tracking":false,"_monsterinsights_sitenote_active":false,"_monsterinsights_sitenote_note":"","_monsterinsights_sitenote_category":0,"footnotes":""},"wf_page_folders":[135],"class_list":["post-10952","page","type-page","status-publish","hentry"],"acf":[],"yoast_head":"<!-- This site is optimized with the Yoast SEO plugin v27.3 - https:\/\/yoast.com\/product\/yoast-seo-wordpress\/ -->\n<title>SportNB | Programme de mentorat<\/title>\n<meta name=\"description\" content=\"Sport New Brunswick (Sport NB) is a non-profit, volunteer organization dedicated to the development and promotion of the amateur sport community in New Brunswick. It is a federation that consists of over 60 provincial sport organizations and other sport related organizations.\" \/>\n<meta name=\"robots\" content=\"index, follow, max-snippet:-1, max-image-preview:large, max-video-preview:-1\" \/>\n<link rel=\"canonical\" href=\"https:\/\/www.sportnb.com\/fr\/programme-de-mentorat\/\" \/>\n<meta property=\"og:locale\" content=\"fr_FR\" \/>\n<meta property=\"og:type\" content=\"article\" \/>\n<meta property=\"og:title\" content=\"SportNB | Programme de mentorat\" \/>\n<meta property=\"og:description\" content=\"Sport New Brunswick (Sport NB) is a non-profit, volunteer organization dedicated to the development and promotion of the amateur sport community in New Brunswick. It is a federation that consists of over 60 provincial sport organizations and other sport related organizations.\" \/>\n<meta property=\"og:url\" content=\"https:\/\/www.sportnb.com\/fr\/programme-de-mentorat\/\" \/>\n<meta property=\"og:site_name\" content=\"SportNB\" \/>\n<meta property=\"article:publisher\" content=\"https:\/\/www.facebook.com\/sportnb\" \/>\n<meta property=\"article:modified_time\" content=\"2025-12-16T19:36:01+00:00\" \/>\n<meta name=\"twitter:card\" content=\"summary_large_image\" \/>\n<meta name=\"twitter:site\" content=\"@SportNB\" \/>\n<meta name=\"twitter:label1\" content=\"Est. reading time\" \/>\n\t<meta name=\"twitter:data1\" content=\"2 minutes\" \/>\n<script type=\"application\/ld+json\" class=\"yoast-schema-graph\">{\"@context\":\"https:\\\/\\\/schema.org\",\"@graph\":[{\"@type\":\"WebPage\",\"@id\":\"https:\\\/\\\/www.sportnb.com\\\/fr\\\/programme-de-mentorat\\\/\",\"url\":\"https:\\\/\\\/www.sportnb.com\\\/fr\\\/programme-de-mentorat\\\/\",\"name\":\"SportNB | Programme de mentorat\",\"isPartOf\":{\"@id\":\"https:\\\/\\\/www.sportnb.com\\\/fr\\\/#website\"},\"datePublished\":\"2025-04-29T16:43:58+00:00\",\"dateModified\":\"2025-12-16T19:36:01+00:00\",\"description\":\"Sport New Brunswick (Sport NB) is a non-profit, volunteer organization dedicated to the development and promotion of the amateur sport community in New Brunswick. It is a federation that consists of over 60 provincial sport organizations and other sport related organizations.\",\"breadcrumb\":{\"@id\":\"https:\\\/\\\/www.sportnb.com\\\/fr\\\/programme-de-mentorat\\\/#breadcrumb\"},\"inLanguage\":\"fr-FR\",\"potentialAction\":[{\"@type\":\"ReadAction\",\"target\":[\"https:\\\/\\\/www.sportnb.com\\\/fr\\\/programme-de-mentorat\\\/\"]}]},{\"@type\":\"BreadcrumbList\",\"@id\":\"https:\\\/\\\/www.sportnb.com\\\/fr\\\/programme-de-mentorat\\\/#breadcrumb\",\"itemListElement\":[{\"@type\":\"ListItem\",\"position\":1,\"name\":\"Home\",\"item\":\"https:\\\/\\\/www.sportnb.com\\\/fr\\\/\"},{\"@type\":\"ListItem\",\"position\":2,\"name\":\"Programme de mentorat\"}]},{\"@type\":\"WebSite\",\"@id\":\"https:\\\/\\\/www.sportnb.com\\\/fr\\\/#website\",\"url\":\"https:\\\/\\\/www.sportnb.com\\\/fr\\\/\",\"name\":\"SportNB\",\"description\":\"Together, we can make sport safe for everyone.\",\"publisher\":{\"@id\":\"https:\\\/\\\/www.sportnb.com\\\/fr\\\/#organization\"},\"potentialAction\":[{\"@type\":\"SearchAction\",\"target\":{\"@type\":\"EntryPoint\",\"urlTemplate\":\"https:\\\/\\\/www.sportnb.com\\\/fr\\\/?s={search_term_string}\"},\"query-input\":{\"@type\":\"PropertyValueSpecification\",\"valueRequired\":true,\"valueName\":\"search_term_string\"}}],\"inLanguage\":\"fr-FR\"},{\"@type\":\"Organization\",\"@id\":\"https:\\\/\\\/www.sportnb.com\\\/fr\\\/#organization\",\"name\":\"SportNB\",\"url\":\"https:\\\/\\\/www.sportnb.com\\\/fr\\\/\",\"logo\":{\"@type\":\"ImageObject\",\"inLanguage\":\"fr-FR\",\"@id\":\"https:\\\/\\\/www.sportnb.com\\\/fr\\\/#\\\/schema\\\/logo\\\/image\\\/\",\"url\":\"https:\\\/\\\/sportnb.com\\\/wp-content\\\/uploads\\\/2022\\\/03\\\/logo.svg\",\"contentUrl\":\"https:\\\/\\\/sportnb.com\\\/wp-content\\\/uploads\\\/2022\\\/03\\\/logo.svg\",\"width\":288,\"height\":75,\"caption\":\"SportNB\"},\"image\":{\"@id\":\"https:\\\/\\\/www.sportnb.com\\\/fr\\\/#\\\/schema\\\/logo\\\/image\\\/\"},\"sameAs\":[\"https:\\\/\\\/www.facebook.com\\\/sportnb\",\"https:\\\/\\\/x.com\\\/SportNB\",\"https:\\\/\\\/www.youtube.com\\\/channel\\\/UC5976PPks7naTvXfQ4cZk5g\",\"https:\\\/\\\/ca.linkedin.com\\\/company\\\/sportnb506\",\"https:\\\/\\\/www.instagram.com\\\/sportnewnouveaubrunswick\\\/\"]}]}<\/script>\n<!-- \/ Yoast SEO plugin. -->","yoast_head_json":{"title":"SportNB | Programme de mentorat","description":"Sport New Brunswick (Sport NB) is a non-profit, volunteer organization dedicated to the development and promotion of the amateur sport community in New Brunswick. It is a federation that consists of over 60 provincial sport organizations and other sport related organizations.","robots":{"index":"index","follow":"follow","max-snippet":"max-snippet:-1","max-image-preview":"max-image-preview:large","max-video-preview":"max-video-preview:-1"},"canonical":"https:\/\/www.sportnb.com\/fr\/programme-de-mentorat\/","og_locale":"fr_FR","og_type":"article","og_title":"SportNB | Programme de mentorat","og_description":"Sport New Brunswick (Sport NB) is a non-profit, volunteer organization dedicated to the development and promotion of the amateur sport community in New Brunswick. It is a federation that consists of over 60 provincial sport organizations and other sport related organizations.","og_url":"https:\/\/www.sportnb.com\/fr\/programme-de-mentorat\/","og_site_name":"SportNB","article_publisher":"https:\/\/www.facebook.com\/sportnb","article_modified_time":"2025-12-16T19:36:01+00:00","twitter_card":"summary_large_image","twitter_site":"@SportNB","twitter_misc":{"Est. reading time":"2 minutes"},"schema":{"@context":"https:\/\/schema.org","@graph":[{"@type":"WebPage","@id":"https:\/\/www.sportnb.com\/fr\/programme-de-mentorat\/","url":"https:\/\/www.sportnb.com\/fr\/programme-de-mentorat\/","name":"SportNB | Programme de mentorat","isPartOf":{"@id":"https:\/\/www.sportnb.com\/fr\/#website"},"datePublished":"2025-04-29T16:43:58+00:00","dateModified":"2025-12-16T19:36:01+00:00","description":"Sport New Brunswick (Sport NB) is a non-profit, volunteer organization dedicated to the development and promotion of the amateur sport community in New Brunswick. It is a federation that consists of over 60 provincial sport organizations and other sport related organizations.","breadcrumb":{"@id":"https:\/\/www.sportnb.com\/fr\/programme-de-mentorat\/#breadcrumb"},"inLanguage":"fr-FR","potentialAction":[{"@type":"ReadAction","target":["https:\/\/www.sportnb.com\/fr\/programme-de-mentorat\/"]}]},{"@type":"BreadcrumbList","@id":"https:\/\/www.sportnb.com\/fr\/programme-de-mentorat\/#breadcrumb","itemListElement":[{"@type":"ListItem","position":1,"name":"Home","item":"https:\/\/www.sportnb.com\/fr\/"},{"@type":"ListItem","position":2,"name":"Programme de mentorat"}]},{"@type":"WebSite","@id":"https:\/\/www.sportnb.com\/fr\/#website","url":"https:\/\/www.sportnb.com\/fr\/","name":"SportNB","description":"Together, we can make sport safe for everyone.","publisher":{"@id":"https:\/\/www.sportnb.com\/fr\/#organization"},"potentialAction":[{"@type":"SearchAction","target":{"@type":"EntryPoint","urlTemplate":"https:\/\/www.sportnb.com\/fr\/?s={search_term_string}"},"query-input":{"@type":"PropertyValueSpecification","valueRequired":true,"valueName":"search_term_string"}}],"inLanguage":"fr-FR"},{"@type":"Organization","@id":"https:\/\/www.sportnb.com\/fr\/#organization","name":"SportNB","url":"https:\/\/www.sportnb.com\/fr\/","logo":{"@type":"ImageObject","inLanguage":"fr-FR","@id":"https:\/\/www.sportnb.com\/fr\/#\/schema\/logo\/image\/","url":"https:\/\/sportnb.com\/wp-content\/uploads\/2022\/03\/logo.svg","contentUrl":"https:\/\/sportnb.com\/wp-content\/uploads\/2022\/03\/logo.svg","width":288,"height":75,"caption":"SportNB"},"image":{"@id":"https:\/\/www.sportnb.com\/fr\/#\/schema\/logo\/image\/"},"sameAs":["https:\/\/www.facebook.com\/sportnb","https:\/\/x.com\/SportNB","https:\/\/www.youtube.com\/channel\/UC5976PPks7naTvXfQ4cZk5g","https:\/\/ca.linkedin.com\/company\/sportnb506","https:\/\/www.instagram.com\/sportnewnouveaubrunswick\/"]}]}},"uagb_featured_image_src":{"full":false,"thumbnail":false,"medium":false,"medium_large":false,"large":false,"1536x1536":false,"2048x2048":false,"thumbnail_1440x9999":false,"menu-thumb":false},"uagb_author_info":{"display_name":"TRL Web","author_link":"https:\/\/www.sportnb.com\/fr\/author\/trl_web\/"},"uagb_comment_info":0,"uagb_excerpt":"Devenez&nbsp;un mentor avec Sport NB,&nbsp;inspirez&nbsp;la&nbsp;prochaine&nbsp;g\u00e9n\u00e9ration&nbsp;!&nbsp;&nbsp;\u00cates-vous&nbsp;passionn\u00e9(e) par&nbsp;le sport et&nbsp;engag\u00e9(e) \u00e0 aider les&nbsp;autres&nbsp;\u00e0&nbsp;r\u00e9ussir? Sport NB recherche des mentors&nbsp;d\u00e9vou\u00e9s&nbsp;pour guider&nbsp;et&nbsp;soutenir&nbsp;les&nbsp;entra\u00eeneur.e.s&nbsp;partout&nbsp;dans la province.&nbsp; En tant&nbsp;que&nbsp;mentor, vous&nbsp;allez:&nbsp;\u2705&nbsp;Partager&nbsp;votre&nbsp;exp\u00e9rience&nbsp;et&nbsp;vos&nbsp;connaissances&nbsp;pour aider au&nbsp;d\u00e9veloppement&nbsp;des&nbsp;entra\u00eeneur.e.s&nbsp;dans&nbsp;votre&nbsp;communaut\u00e9.&nbsp;\u2705&nbsp;Aider les&nbsp;entra\u00eeneur.e.s&nbsp;\u00e0&nbsp;surmonter&nbsp;les&nbsp;d\u00e9fis&nbsp;et&nbsp;atteindre&nbsp;leurs&nbsp;objectifs.&nbsp;\u2705&nbsp;Avoir&nbsp;un impact durable sur&nbsp;l\u2019avenir&nbsp;du sport au [&hellip;]","_links":{"self":[{"href":"https:\/\/www.sportnb.com\/fr\/wp-json\/wp\/v2\/pages\/10952","targetHints":{"allow":["GET"]}}],"collection":[{"href":"https:\/\/www.sportnb.com\/fr\/wp-json\/wp\/v2\/pages"}],"about":[{"href":"https:\/\/www.sportnb.com\/fr\/wp-json\/wp\/v2\/types\/page"}],"author":[{"embeddable":true,"href":"https:\/\/www.sportnb.com\/fr\/wp-json\/wp\/v2\/users\/4"}],"replies":[{"embeddable":true,"href":"https:\/\/www.sportnb.com\/fr\/wp-json\/wp\/v2\/comments?post=10952"}],"version-history":[{"count":12,"href":"https:\/\/www.sportnb.com\/fr\/wp-json\/wp\/v2\/pages\/10952\/revisions"}],"predecessor-version":[{"id":13037,"href":"https:\/\/www.sportnb.com\/fr\/wp-json\/wp\/v2\/pages\/10952\/revisions\/13037"}],"wp:attachment":[{"href":"https:\/\/www.sportnb.com\/fr\/wp-json\/wp\/v2\/media?parent=10952"}],"wp:term":[{"taxonomy":"wf_page_folders","embeddable":true,"href":"https:\/\/www.sportnb.com\/fr\/wp-json\/wp\/v2\/wf_page_folders?post=10952"}],"curies":[{"name":"wp","href":"https:\/\/api.w.org\/{rel}","templated":true}]}}