{"id":10949,"date":"2025-04-29T13:35:41","date_gmt":"2025-04-29T16:35:41","guid":{"rendered":"https:\/\/sportnb.com\/femmes-a-surveiller\/"},"modified":"2025-06-10T12:49:57","modified_gmt":"2025-06-10T15:49:57","slug":"femmes-a-surveiller","status":"publish","type":"page","link":"https:\/\/www.sportnb.com\/fr\/femmes-a-surveiller\/","title":{"rendered":"Femmes \u00e0 surveiller"},"content":{"rendered":"\n<h1 class=\"wp-block-heading\"><strong>Programme de subvention Femmes \u00e0 surveiller<\/strong><\/h1>\n\n\n\n<p>Sport NB est d\u00e9termin\u00e9 \u00e0 r\u00e9duire les obstacles qui peuvent avoir un impact sur la capacit\u00e9 des femmes d\u2019atteindre pleinement leurs objectifs de formation en tant qu\u2019entra\u00eeneures. Le Programme de subvention Femmes \u00e0 surveiller est une initiative cl\u00e9 qui fournira une aide financi\u00e8re aux entra\u00eeneures qui souhaitent progresser dans leur parcours d\u2019entra\u00eeneures.<\/p>\n\n\n\n<p>Les subventions seront accord\u00e9es \u00e0 des entra\u00eeneures de la province du Nouveau-Brunswick afin de les aider \u00e0 d\u00e9velopper davantage les comp\u00e9tences n\u00e9cessaires pour atteindre un niveau sup\u00e9rieur en tant qu\u2019entra\u00eeneures ou accroitre leur exp\u00e9rience en tant qu\u2019entra\u00eeneures. La subvention vise \u00e0 aider \u00e0 compenser les couts associ\u00e9s \u00e0 leur formation en tant qu\u2019entra\u00eeneures (frais de cours ou d\u2019activit\u00e9s, d\u00e9placements, garde d\u2019enfants, etc.).<\/p>\n\n\n\n<p>Les demandes de subvention pourront \u00eatre pr\u00e9sent\u00e9es deux fois par ann\u00e9e, et un maximum de 1500 $ sera d\u00e9caiss\u00e9 par exercice financier (maximum de 500 $ par laur\u00e9ate). Les demandes de subvention pourront \u00eatre envoy\u00e9es en tout temps au cours de l\u2019ann\u00e9e. La demande d\u2019application est ouverte chaque ann\u00e9e du 1<sup>er<\/sup> avril, ferment le 15 mars.<\/p>\n\n\n\n<p><strong>Date limite pour postuler pour 2025-2026 \u2013 le 15 mars 2026.<\/strong><\/p>\n\n\n\n<hr class=\"wp-block-separator has-alpha-channel-opacity\"\/>\n\n\n\n<div style=\"height:50px\" aria-hidden=\"true\" class=\"wp-block-spacer\"><\/div>\n\n\n<div class=\"wp-block-image\">\n<figure class=\"aligncenter size-full is-resized\"><img fetchpriority=\"high\" decoding=\"async\" width=\"689\" height=\"918\" src=\"https:\/\/sportnb.com\/wp-content\/uploads\/2025\/06\/Picture1-1-2.jpg\" alt=\"\" class=\"wp-image-11851\" style=\"width:250px\" srcset=\"https:\/\/www.sportnb.com\/wp-content\/uploads\/2025\/06\/Picture1-1-2.jpg 689w, https:\/\/www.sportnb.com\/wp-content\/uploads\/2025\/06\/Picture1-1-2-225x300.jpg 225w\" sizes=\"(max-width: 689px) 100vw, 689px\" \/><\/figure>\n<\/div>\n\n\n<div style=\"height:50px\" aria-hidden=\"true\" class=\"wp-block-spacer\"><\/div>\n\n\n\n<h2 class=\"wp-block-heading has-text-align-center\"><strong>Annie Cormier:<\/strong> <strong>Ringuette<\/strong><\/h2>\n\n\n\n<div class=\"wp-block-columns is-layout-flex wp-container-core-columns-is-layout-9d6595d7 wp-block-columns-is-layout-flex\">\n<div class=\"wp-block-column is-layout-flow wp-block-column-is-layout-flow\">\n<p style=\"font-size:16px\">Annie Cormier se consacre au ringette depuis 2015, ann\u00e9e o\u00f9 elle a commenc\u00e9 son parcours d&#8217;entra\u00eeneuse avec l\u2019Association de ringette de Dieppe. Pendant six ans, elle a occup\u00e9 les r\u00f4les d\u2019entra\u00eeneuse adjointe et d\u2019entra\u00eeneuse-chef au niveau maison, contribuant au d\u00e9veloppement des jeunes athl\u00e8tes et \u00e0 l\u2019amour du sport. En 2021, elle est pass\u00e9e au niveau provincial en se joignant au programme U16 AA \u00e0 titre d\u2019entra\u00eeneuse adjointe pour l\u2019\u00c9quipe Nouveau-Brunswick. Elle occupe toujours ce poste aujourd\u2019hui, tout en \u00e9tant \u00e9galement entra\u00eeneuse-chef de l\u2019\u00e9quipe U16 AA et membre du personnel de banc des Atlantic Attack dans la Ligue nationale de ringette.&nbsp;<\/p>\n\n\n\n<p>L&#8217;entra\u00eeneuse Cormier a grandement contribu\u00e9 \u00e0 la pr\u00e9sence marquante de l\u2019\u00c9quipe Nouveau-Brunswick sur la sc\u00e8ne nationale, aidant l\u2019\u00e9quipe \u00e0 remporter une m\u00e9daille d\u2019argent au Championnat canadien de ringette en 2022, une m\u00e9daille d\u2019or en 2023, et une autre m\u00e9daille d\u2019argent en 2024.&nbsp;<\/p>\n<\/div>\n\n\n\n<div class=\"wp-block-column is-layout-flow wp-block-column-is-layout-flow\">\n<p style=\"font-size:16px\">Anim\u00e9e par une passion pour le d\u00e9veloppement continu et le sport de haute performance, Annie souhaite poursuivre sa progression en tant qu\u2019entra\u00eeneuse en participant \u00e0 des \u00e9v\u00e9nements de haut niveau et en veillant \u00e0 ce que les athl\u00e8tes vivent des exp\u00e9riences positives et enrichissantes lors des championnats nationaux. Elle utilisera la subvention pour couvrir plusieurs frais li\u00e9s aux comp\u00e9titions nationales, incluant les d\u00e9placements, les formations suppl\u00e9mentaires d&#8217;entra\u00eeneure et l\u2019\u00e9quipement.&nbsp;<\/p>\n\n\n\n<p style=\"font-size:16px\"><\/p>\n<\/div>\n<\/div>\n\n\n\n<hr class=\"wp-block-separator has-text-color has-alpha-channel-opacity has-background\" style=\"background-color:#00000012;color:#00000012\"\/>\n\n\n\n<div style=\"height:50px\" aria-hidden=\"true\" class=\"wp-block-spacer\"><\/div>\n\n\n<div class=\"wp-block-image\">\n<figure class=\"aligncenter size-large is-resized\"><img decoding=\"async\" width=\"768\" height=\"1024\" data-src=\"https:\/\/sportnb.com\/wp-content\/uploads\/2025\/06\/IMG_0315-768x1024.jpg\" alt=\"\" class=\"wp-image-11853 lazyload\" style=\"--smush-placeholder-width: 768px; --smush-placeholder-aspect-ratio: 768\/1024;width:250px\" data-srcset=\"https:\/\/www.sportnb.com\/wp-content\/uploads\/2025\/06\/IMG_0315-768x1024.jpg 768w, https:\/\/www.sportnb.com\/wp-content\/uploads\/2025\/06\/IMG_0315-225x300.jpg 225w, https:\/\/www.sportnb.com\/wp-content\/uploads\/2025\/06\/IMG_0315-1152x1536.jpg 1152w, https:\/\/www.sportnb.com\/wp-content\/uploads\/2025\/06\/IMG_0315-1536x2048.jpg 1536w, https:\/\/www.sportnb.com\/wp-content\/uploads\/2025\/06\/IMG_0315-1440x1920.jpg 1440w, https:\/\/www.sportnb.com\/wp-content\/uploads\/2025\/06\/IMG_0315-scaled.jpg 1920w\" data-sizes=\"(max-width: 768px) 100vw, 768px\" src=\"data:image\/svg+xml;base64,PHN2ZyB3aWR0aD0iMSIgaGVpZ2h0PSIxIiB4bWxucz0iaHR0cDovL3d3dy53My5vcmcvMjAwMC9zdmciPjwvc3ZnPg==\" \/><\/figure>\n<\/div>\n\n\n<div style=\"height:50px\" aria-hidden=\"true\" class=\"wp-block-spacer\"><\/div>\n\n\n\n<h2 class=\"wp-block-heading has-text-align-center\"><strong>Amy Caissie : Ski de fond<\/strong>&nbsp;<\/h2>\n\n\n\n<div class=\"wp-block-columns is-layout-flex wp-container-core-columns-is-layout-9d6595d7 wp-block-columns-is-layout-flex\">\n<div class=\"wp-block-column is-layout-flow wp-block-column-is-layout-flow\">\n<p style=\"font-size:16px\">Originaire de Tracadie-Sheila, au Nouveau-Brunswick, Amy Caissie a d\u00e9couvert sa passion pour le ski de fond \u00e0 l\u2019\u00e2ge de 13 ans. Gr\u00e2ce \u00e0 sa d\u00e9termination et au soutien de son entra\u00eeneuse, elle a eu la chance de participer \u00e0 de nombreuses comp\u00e9titions provinciales ainsi qu\u2019\u00e0 des \u00e9v\u00e9nements d\u2019envergure nationale, dont les Jeux du Canada.&nbsp;<\/p>\n\n\n\n<p>Toujours active en comp\u00e9tition pour le plaisir, Amy se consacre d\u00e9sormais au d\u00e9veloppement de la rel\u00e8ve dans sa r\u00e9gion. Consciente du manque d&#8217;entra\u00eeneurs de ski de fond dans le nord-est du Nouveau-Brunswick, elle souhaite transmettre les connaissances qu\u2019elle a acquises au cours des huit derni\u00e8res ann\u00e9es \u00e0 une nouvelle g\u00e9n\u00e9ration d\u2019athl\u00e8tes. Son objectif : les aider \u00e0 progresser, \u00e0 croire en leur potentiel et \u00e0 se rendre aussi loin qu\u2019elle a pu le faire dans ce sport.&nbsp;<\/p>\n<\/div>\n\n\n\n<div class=\"wp-block-column is-layout-flow wp-block-column-is-layout-flow\">\n<p style=\"font-size:16px\">Amy pr\u00e9voit utiliser les fonds re\u00e7us pour poursuivre sa formation et se perfectionner en tant qu&#8217;entra\u00eeneuse de ski de fond. Sa mission est claire : inspirer les jeunes, les encadrer avec passion, et les accompagner vers l\u2019atteinte de leurs objectifs.&nbsp;<\/p>\n\n\n\n<p style=\"font-size:16px\"><\/p>\n<\/div>\n<\/div>\n\n\n\n<hr class=\"wp-block-separator has-text-color has-alpha-channel-opacity has-background\" style=\"background-color:#00000012;color:#00000012\"\/>\n\n\n\n<div style=\"height:50px\" aria-hidden=\"true\" class=\"wp-block-spacer\"><\/div>\n\n\n<div class=\"wp-block-image\">\n<figure class=\"aligncenter size-large is-resized\"><img decoding=\"async\" width=\"1024\" height=\"683\" data-src=\"https:\/\/sportnb.com\/wp-content\/uploads\/2025\/06\/Coaching-picture-1024x683.jpg\" alt=\"\" class=\"wp-image-11855 lazyload\" style=\"--smush-placeholder-width: 1024px; --smush-placeholder-aspect-ratio: 1024\/683;width:289px\" data-srcset=\"https:\/\/www.sportnb.com\/wp-content\/uploads\/2025\/06\/Coaching-picture-1024x683.jpg 1024w, https:\/\/www.sportnb.com\/wp-content\/uploads\/2025\/06\/Coaching-picture-300x200.jpg 300w, https:\/\/www.sportnb.com\/wp-content\/uploads\/2025\/06\/Coaching-picture-768x512.jpg 768w, https:\/\/www.sportnb.com\/wp-content\/uploads\/2025\/06\/Coaching-picture.jpg 1080w\" data-sizes=\"(max-width: 1024px) 100vw, 1024px\" src=\"data:image\/svg+xml;base64,PHN2ZyB3aWR0aD0iMSIgaGVpZ2h0PSIxIiB4bWxucz0iaHR0cDovL3d3dy53My5vcmcvMjAwMC9zdmciPjwvc3ZnPg==\" \/><\/figure>\n<\/div>\n\n\n<div style=\"height:50px\" aria-hidden=\"true\" class=\"wp-block-spacer\"><\/div>\n\n\n\n<h2 class=\"wp-block-heading has-text-align-center\"><strong>Brittany Wright : Hockey&nbsp;<\/strong>&nbsp;<\/h2>\n\n\n\n<div class=\"wp-block-columns is-layout-flex wp-container-core-columns-is-layout-9d6595d7 wp-block-columns-is-layout-flex\">\n<div class=\"wp-block-column is-layout-flow wp-block-column-is-layout-flow\">\n<p style=\"font-size:16px\">Brittany Wright est une ancienne athl\u00e8te de hockey de haut niveau et universitaire qui s\u2019est tourn\u00e9e vers l\u2019entra\u00eenement en 2018, apportant la m\u00eame passion et le m\u00eame engagement derri\u00e8re le banc que sur la glace. Elle a amorc\u00e9 son parcours d\u2019entra\u00eeneure avec l\u2019\u00e9quipe de hockey f\u00e9minin de l\u2019\u00e9cole secondaire Polyvalente Thomas-Albert, o\u00f9 elle a rapidement d\u00e9couvert une v\u00e9ritable passion pour le d\u00e9veloppement des jeunes athl\u00e8tes et la transmission de l\u2019amour du jeu.&nbsp;<\/p>\n\n\n\n<p>De 2018 \u00e0 2022, l\u2019entra\u00eeneure Wright a acquis une pr\u00e9cieuse exp\u00e9rience en dirigeant diff\u00e9rentes \u00e9quipes au sein du programme des Grand Falls Junior Cats, agissant \u00e0 titre d\u2019entra\u00eeneure-chef des \u00e9quipes U11A et U13A. Son leadership et son d\u00e9vouement lui ont ouvert de nouvelles portes, et en 2022, elle s\u2019est jointe aux Grand Falls Rapids de la Ligue de hockey junior des Maritimes (MHL) en tant qu\u2019entra\u00eeneure adjointe au niveau Junior A. Cette m\u00eame ann\u00e9e, elle a \u00e9galement int\u00e9gr\u00e9 le programme f\u00e9minin U16 de l\u2019\u00c9quipe Nouveau-Brunswick, o\u00f9 elle a occup\u00e9 le poste d\u2019entra\u00eeneure adjointe lors des saisons 2022, 2024 et 2025.&nbsp;<\/p>\n<\/div>\n\n\n\n<div class=\"wp-block-column is-layout-flow wp-block-column-is-layout-flow\">\n<p style=\"font-size:16px\">Anim\u00e9e par un d\u00e9sir constant de progression et d\u2019excellence dans le sport, Brittany poursuit actuellement sa certification Entra\u00eeneure Haute Performance 1. Cette formation avanc\u00e9e lui permettra d\u2019acc\u00e9der \u00e0 des postes de plus haut niveau et de se doter d\u2019outils essentiels pour continuer \u00e0 soutenir les athl\u00e8tes de comp\u00e9tition dans leur cheminement vers l\u2019\u00e9lite. Les fonds re\u00e7us serviront directement \u00e0 couvrir les frais de cette certification, lui permettant ainsi de franchir une nouvelle \u00e9tape dans sa carri\u00e8re prometteuse d\u2019entra\u00eeneure.&nbsp;<\/p>\n\n\n\n<p style=\"font-size:16px\"><\/p>\n<\/div>\n<\/div>\n\n\n\n<hr class=\"wp-block-separator has-text-color has-alpha-channel-opacity has-background\" style=\"background-color:#00000012;color:#00000012\"\/>\n\n\n\n<h2 class=\"wp-block-heading\"><strong>Lignes directrices concernant les demandes<\/strong><\/h2>\n\n\n\n<p><strong>Veuillez exp\u00e9dier votre demande (nom, sport affili\u00e9 \u00e0 <a href=\"mailto:manon.ouellette@sportnb.com\" target=\"_blank\" rel=\"noreferrer noopener\">manon.ouellette@sportnb.com<\/a>)<\/strong><\/p>\n\n\n\n<h4 class=\"wp-block-heading\">Montant du soutien financier<\/h4>\n\n\n\n<ul class=\"wp-block-list\">\n<li>Une somme maximale de 500 $ peut \u00eatre obtenue dans le cadre de ce programme de subvention.<\/li>\n\n\n\n<li>Les entra\u00eeneures ne peuvent demander et recevoir d\u2019une subvention par exercice financier (d\u2019avril \u00e0 mars).<\/li>\n<\/ul>\n\n\n\n<h4 class=\"wp-block-heading\">Date limite des demandes de subvention<\/h4>\n\n\n\n<ul class=\"wp-block-list\">\n<li>Les demandes seront accept\u00e9es en tout temps au cours de l\u2019exercice financier jusqu\u2019au 15 mars.<\/li>\n<\/ul>\n\n\n\n<h4 class=\"wp-block-heading\">Proc\u00e9dures de suivi<\/h4>\n\n\n\n<p>Dans les 60 jours suivant la fin de l\u2019activit\u00e9, la laur\u00e9ate doit envoyer un rapport de suivi \u00e9crit \u00e0 la coordinatrice des entra\u00eeneures. Le rapport doit comporter les \u00e9l\u00e9ments suivants :<\/p>\n\n\n\n<ul class=\"wp-block-list\">\n<li>Renseignements d\u00e9taill\u00e9s concernant l\u2019activit\u00e9 \u00e0 laquelle vous avez particip\u00e9 (quand, o\u00f9, qui, etc.);<\/li>\n\n\n\n<li>Mani\u00e8re dont cette exp\u00e9rience a contribu\u00e9 \u00e0 l\u2019atteinte des objectifs d\u2019apprentissage indiqu\u00e9s dans votre demande de subvention; Succ\u00e8s, d\u00e9fis et recommandations;<\/li>\n\n\n\n<li>Article qui pourrait \u00eatre inclus dans le bulletin de nouvelles de Sport NB ou sur la page web du programme de subvention Femmes \u00e0 surveiller.<\/li>\n\n\n\n<li>Rapport financier d\u00e9taillant toutes les d\u00e9penses li\u00e9es \u00e0 votre participation \u00e0 cette activit\u00e9.<\/li>\n<\/ul>\n\n\n\n<h3 class=\"wp-block-heading\"><strong>Promotion du programme de subvention Femmes \u00e0 surveiller<\/strong><\/h3>\n\n\n\n<p>En tant que laur\u00e9ate d\u2019une subvention Femmes \u00e0 surveiller, on pourrait vous demander de fournir une photo et un rapport d\u00e9taill\u00e9 de vos activit\u00e9s d\u2019apprentissage \u00e0 des fins de publication ou de promotion ou de parler de votre exp\u00e9rience \u00e0 d\u2019autres entra\u00eeneures.<\/p>\n\n\n\n<h3 class=\"wp-block-heading\"><strong>Envoyez votre demande \u00e0 via courriel :<\/strong> <a href=\"mailto:manon.ouellette@sportnb.com\">manon.ouellette@sportnb.com<\/a><\/h3>\n\n\n\n<p>**Tout le mat\u00e9riel de l\u2019application doit \u00eatre soumis sous forme de document PDF.**<\/p>\n","protected":false},"excerpt":{"rendered":"<p>Programme de subvention Femmes \u00e0 surveiller Sport NB est d\u00e9termin\u00e9 \u00e0 r\u00e9duire les obstacles qui peuvent avoir un impact sur la capacit\u00e9 des femmes d\u2019atteindre pleinement leurs objectifs de formation [&hellip;]<\/p>\n","protected":false},"author":4,"featured_media":0,"parent":0,"menu_order":0,"comment_status":"closed","ping_status":"closed","template":"","meta":{"_acf_changed":false,"_uag_custom_page_level_css":"","_monsterinsights_skip_tracking":false,"_monsterinsights_sitenote_active":false,"_monsterinsights_sitenote_note":"","_monsterinsights_sitenote_category":0,"footnotes":""},"wf_page_folders":[135],"class_list":["post-10949","page","type-page","status-publish","hentry"],"acf":[],"yoast_head":"<!-- This site is optimized with the Yoast SEO plugin v27.4 - https:\/\/yoast.com\/product\/yoast-seo-wordpress\/ -->\n<title>SportNB | Femmes \u00e0 surveiller<\/title>\n<meta name=\"description\" content=\"Sport New Brunswick (Sport NB) is a non-profit, volunteer organization dedicated to the development and promotion of the amateur sport community in New Brunswick. It is a federation that consists of over 60 provincial sport organizations and other sport related organizations.\" \/>\n<meta name=\"robots\" content=\"index, follow, max-snippet:-1, max-image-preview:large, max-video-preview:-1\" \/>\n<link rel=\"canonical\" href=\"https:\/\/www.sportnb.com\/fr\/femmes-a-surveiller\/\" \/>\n<meta property=\"og:locale\" content=\"fr_FR\" \/>\n<meta property=\"og:type\" content=\"article\" \/>\n<meta property=\"og:title\" content=\"SportNB | Femmes \u00e0 surveiller\" \/>\n<meta property=\"og:description\" content=\"Sport New Brunswick (Sport NB) is a non-profit, volunteer organization dedicated to the development and promotion of the amateur sport community in New Brunswick. It is a federation that consists of over 60 provincial sport organizations and other sport related organizations.\" \/>\n<meta property=\"og:url\" content=\"https:\/\/www.sportnb.com\/fr\/femmes-a-surveiller\/\" \/>\n<meta property=\"og:site_name\" content=\"SportNB\" \/>\n<meta property=\"article:publisher\" content=\"https:\/\/www.facebook.com\/sportnb\" \/>\n<meta property=\"article:modified_time\" content=\"2025-06-10T15:49:57+00:00\" \/>\n<meta property=\"og:image\" content=\"https:\/\/sportnb.com\/wp-content\/uploads\/2025\/06\/Picture1-1-2.jpg\" \/>\n<meta name=\"twitter:card\" content=\"summary_large_image\" \/>\n<meta name=\"twitter:site\" content=\"@SportNB\" \/>\n<meta name=\"twitter:label1\" content=\"Est. reading time\" \/>\n\t<meta name=\"twitter:data1\" content=\"5 minutes\" \/>\n<script type=\"application\/ld+json\" class=\"yoast-schema-graph\">{\"@context\":\"https:\\\/\\\/schema.org\",\"@graph\":[{\"@type\":\"WebPage\",\"@id\":\"https:\\\/\\\/www.sportnb.com\\\/fr\\\/femmes-a-surveiller\\\/\",\"url\":\"https:\\\/\\\/www.sportnb.com\\\/fr\\\/femmes-a-surveiller\\\/\",\"name\":\"SportNB | Femmes \u00e0 surveiller\",\"isPartOf\":{\"@id\":\"https:\\\/\\\/www.sportnb.com\\\/fr\\\/#website\"},\"primaryImageOfPage\":{\"@id\":\"https:\\\/\\\/www.sportnb.com\\\/fr\\\/femmes-a-surveiller\\\/#primaryimage\"},\"image\":{\"@id\":\"https:\\\/\\\/www.sportnb.com\\\/fr\\\/femmes-a-surveiller\\\/#primaryimage\"},\"thumbnailUrl\":\"https:\\\/\\\/sportnb.com\\\/wp-content\\\/uploads\\\/2025\\\/06\\\/Picture1-1-2.jpg\",\"datePublished\":\"2025-04-29T16:35:41+00:00\",\"dateModified\":\"2025-06-10T15:49:57+00:00\",\"description\":\"Sport New Brunswick (Sport NB) is a non-profit, volunteer organization dedicated to the development and promotion of the amateur sport community in New Brunswick. It is a federation that consists of over 60 provincial sport organizations and other sport related organizations.\",\"breadcrumb\":{\"@id\":\"https:\\\/\\\/www.sportnb.com\\\/fr\\\/femmes-a-surveiller\\\/#breadcrumb\"},\"inLanguage\":\"fr-FR\",\"potentialAction\":[{\"@type\":\"ReadAction\",\"target\":[\"https:\\\/\\\/www.sportnb.com\\\/fr\\\/femmes-a-surveiller\\\/\"]}]},{\"@type\":\"ImageObject\",\"inLanguage\":\"fr-FR\",\"@id\":\"https:\\\/\\\/www.sportnb.com\\\/fr\\\/femmes-a-surveiller\\\/#primaryimage\",\"url\":\"https:\\\/\\\/sportnb.com\\\/wp-content\\\/uploads\\\/2025\\\/06\\\/Picture1-1-2.jpg\",\"contentUrl\":\"https:\\\/\\\/sportnb.com\\\/wp-content\\\/uploads\\\/2025\\\/06\\\/Picture1-1-2.jpg\"},{\"@type\":\"BreadcrumbList\",\"@id\":\"https:\\\/\\\/www.sportnb.com\\\/fr\\\/femmes-a-surveiller\\\/#breadcrumb\",\"itemListElement\":[{\"@type\":\"ListItem\",\"position\":1,\"name\":\"Home\",\"item\":\"https:\\\/\\\/www.sportnb.com\\\/fr\\\/\"},{\"@type\":\"ListItem\",\"position\":2,\"name\":\"Femmes \u00e0 surveiller\"}]},{\"@type\":\"WebSite\",\"@id\":\"https:\\\/\\\/www.sportnb.com\\\/fr\\\/#website\",\"url\":\"https:\\\/\\\/www.sportnb.com\\\/fr\\\/\",\"name\":\"SportNB\",\"description\":\"Together, we can make sport safe for everyone.\",\"publisher\":{\"@id\":\"https:\\\/\\\/www.sportnb.com\\\/fr\\\/#organization\"},\"potentialAction\":[{\"@type\":\"SearchAction\",\"target\":{\"@type\":\"EntryPoint\",\"urlTemplate\":\"https:\\\/\\\/www.sportnb.com\\\/fr\\\/?s={search_term_string}\"},\"query-input\":{\"@type\":\"PropertyValueSpecification\",\"valueRequired\":true,\"valueName\":\"search_term_string\"}}],\"inLanguage\":\"fr-FR\"},{\"@type\":\"Organization\",\"@id\":\"https:\\\/\\\/www.sportnb.com\\\/fr\\\/#organization\",\"name\":\"SportNB\",\"url\":\"https:\\\/\\\/www.sportnb.com\\\/fr\\\/\",\"logo\":{\"@type\":\"ImageObject\",\"inLanguage\":\"fr-FR\",\"@id\":\"https:\\\/\\\/www.sportnb.com\\\/fr\\\/#\\\/schema\\\/logo\\\/image\\\/\",\"url\":\"https:\\\/\\\/sportnb.com\\\/wp-content\\\/uploads\\\/2022\\\/03\\\/logo.svg\",\"contentUrl\":\"https:\\\/\\\/sportnb.com\\\/wp-content\\\/uploads\\\/2022\\\/03\\\/logo.svg\",\"width\":288,\"height\":75,\"caption\":\"SportNB\"},\"image\":{\"@id\":\"https:\\\/\\\/www.sportnb.com\\\/fr\\\/#\\\/schema\\\/logo\\\/image\\\/\"},\"sameAs\":[\"https:\\\/\\\/www.facebook.com\\\/sportnb\",\"https:\\\/\\\/x.com\\\/SportNB\",\"https:\\\/\\\/www.youtube.com\\\/channel\\\/UC5976PPks7naTvXfQ4cZk5g\",\"https:\\\/\\\/ca.linkedin.com\\\/company\\\/sportnb506\",\"https:\\\/\\\/www.instagram.com\\\/sportnewnouveaubrunswick\\\/\"]}]}<\/script>\n<!-- \/ Yoast SEO plugin. -->","yoast_head_json":{"title":"SportNB | Femmes \u00e0 surveiller","description":"Sport New Brunswick (Sport NB) is a non-profit, volunteer organization dedicated to the development and promotion of the amateur sport community in New Brunswick. It is a federation that consists of over 60 provincial sport organizations and other sport related organizations.","robots":{"index":"index","follow":"follow","max-snippet":"max-snippet:-1","max-image-preview":"max-image-preview:large","max-video-preview":"max-video-preview:-1"},"canonical":"https:\/\/www.sportnb.com\/fr\/femmes-a-surveiller\/","og_locale":"fr_FR","og_type":"article","og_title":"SportNB | Femmes \u00e0 surveiller","og_description":"Sport New Brunswick (Sport NB) is a non-profit, volunteer organization dedicated to the development and promotion of the amateur sport community in New Brunswick. It is a federation that consists of over 60 provincial sport organizations and other sport related organizations.","og_url":"https:\/\/www.sportnb.com\/fr\/femmes-a-surveiller\/","og_site_name":"SportNB","article_publisher":"https:\/\/www.facebook.com\/sportnb","article_modified_time":"2025-06-10T15:49:57+00:00","og_image":[{"url":"https:\/\/sportnb.com\/wp-content\/uploads\/2025\/06\/Picture1-1-2.jpg","type":"","width":"","height":""}],"twitter_card":"summary_large_image","twitter_site":"@SportNB","twitter_misc":{"Est. reading time":"5 minutes"},"schema":{"@context":"https:\/\/schema.org","@graph":[{"@type":"WebPage","@id":"https:\/\/www.sportnb.com\/fr\/femmes-a-surveiller\/","url":"https:\/\/www.sportnb.com\/fr\/femmes-a-surveiller\/","name":"SportNB | Femmes \u00e0 surveiller","isPartOf":{"@id":"https:\/\/www.sportnb.com\/fr\/#website"},"primaryImageOfPage":{"@id":"https:\/\/www.sportnb.com\/fr\/femmes-a-surveiller\/#primaryimage"},"image":{"@id":"https:\/\/www.sportnb.com\/fr\/femmes-a-surveiller\/#primaryimage"},"thumbnailUrl":"https:\/\/sportnb.com\/wp-content\/uploads\/2025\/06\/Picture1-1-2.jpg","datePublished":"2025-04-29T16:35:41+00:00","dateModified":"2025-06-10T15:49:57+00:00","description":"Sport New Brunswick (Sport NB) is a non-profit, volunteer organization dedicated to the development and promotion of the amateur sport community in New Brunswick. It is a federation that consists of over 60 provincial sport organizations and other sport related organizations.","breadcrumb":{"@id":"https:\/\/www.sportnb.com\/fr\/femmes-a-surveiller\/#breadcrumb"},"inLanguage":"fr-FR","potentialAction":[{"@type":"ReadAction","target":["https:\/\/www.sportnb.com\/fr\/femmes-a-surveiller\/"]}]},{"@type":"ImageObject","inLanguage":"fr-FR","@id":"https:\/\/www.sportnb.com\/fr\/femmes-a-surveiller\/#primaryimage","url":"https:\/\/sportnb.com\/wp-content\/uploads\/2025\/06\/Picture1-1-2.jpg","contentUrl":"https:\/\/sportnb.com\/wp-content\/uploads\/2025\/06\/Picture1-1-2.jpg"},{"@type":"BreadcrumbList","@id":"https:\/\/www.sportnb.com\/fr\/femmes-a-surveiller\/#breadcrumb","itemListElement":[{"@type":"ListItem","position":1,"name":"Home","item":"https:\/\/www.sportnb.com\/fr\/"},{"@type":"ListItem","position":2,"name":"Femmes \u00e0 surveiller"}]},{"@type":"WebSite","@id":"https:\/\/www.sportnb.com\/fr\/#website","url":"https:\/\/www.sportnb.com\/fr\/","name":"SportNB","description":"Together, we can make sport safe for everyone.","publisher":{"@id":"https:\/\/www.sportnb.com\/fr\/#organization"},"potentialAction":[{"@type":"SearchAction","target":{"@type":"EntryPoint","urlTemplate":"https:\/\/www.sportnb.com\/fr\/?s={search_term_string}"},"query-input":{"@type":"PropertyValueSpecification","valueRequired":true,"valueName":"search_term_string"}}],"inLanguage":"fr-FR"},{"@type":"Organization","@id":"https:\/\/www.sportnb.com\/fr\/#organization","name":"SportNB","url":"https:\/\/www.sportnb.com\/fr\/","logo":{"@type":"ImageObject","inLanguage":"fr-FR","@id":"https:\/\/www.sportnb.com\/fr\/#\/schema\/logo\/image\/","url":"https:\/\/sportnb.com\/wp-content\/uploads\/2022\/03\/logo.svg","contentUrl":"https:\/\/sportnb.com\/wp-content\/uploads\/2022\/03\/logo.svg","width":288,"height":75,"caption":"SportNB"},"image":{"@id":"https:\/\/www.sportnb.com\/fr\/#\/schema\/logo\/image\/"},"sameAs":["https:\/\/www.facebook.com\/sportnb","https:\/\/x.com\/SportNB","https:\/\/www.youtube.com\/channel\/UC5976PPks7naTvXfQ4cZk5g","https:\/\/ca.linkedin.com\/company\/sportnb506","https:\/\/www.instagram.com\/sportnewnouveaubrunswick\/"]}]}},"uagb_featured_image_src":{"full":false,"thumbnail":false,"medium":false,"medium_large":false,"large":false,"1536x1536":false,"2048x2048":false,"thumbnail_1440x9999":false,"menu-thumb":false},"uagb_author_info":{"display_name":"TRL Web","author_link":"https:\/\/www.sportnb.com\/fr\/author\/trl_web\/"},"uagb_comment_info":0,"uagb_excerpt":"Programme de subvention Femmes \u00e0 surveiller Sport NB est d\u00e9termin\u00e9 \u00e0 r\u00e9duire les obstacles qui peuvent avoir un impact sur la capacit\u00e9 des femmes d\u2019atteindre pleinement leurs objectifs de formation [&hellip;]","_links":{"self":[{"href":"https:\/\/www.sportnb.com\/fr\/wp-json\/wp\/v2\/pages\/10949","targetHints":{"allow":["GET"]}}],"collection":[{"href":"https:\/\/www.sportnb.com\/fr\/wp-json\/wp\/v2\/pages"}],"about":[{"href":"https:\/\/www.sportnb.com\/fr\/wp-json\/wp\/v2\/types\/page"}],"author":[{"embeddable":true,"href":"https:\/\/www.sportnb.com\/fr\/wp-json\/wp\/v2\/users\/4"}],"replies":[{"embeddable":true,"href":"https:\/\/www.sportnb.com\/fr\/wp-json\/wp\/v2\/comments?post=10949"}],"version-history":[{"count":8,"href":"https:\/\/www.sportnb.com\/fr\/wp-json\/wp\/v2\/pages\/10949\/revisions"}],"predecessor-version":[{"id":11881,"href":"https:\/\/www.sportnb.com\/fr\/wp-json\/wp\/v2\/pages\/10949\/revisions\/11881"}],"wp:attachment":[{"href":"https:\/\/www.sportnb.com\/fr\/wp-json\/wp\/v2\/media?parent=10949"}],"wp:term":[{"taxonomy":"wf_page_folders","embeddable":true,"href":"https:\/\/www.sportnb.com\/fr\/wp-json\/wp\/v2\/wf_page_folders?post=10949"}],"curies":[{"name":"wp","href":"https:\/\/api.w.org\/{rel}","templated":true}]}}