{"id":10903,"date":"2025-04-29T11:40:52","date_gmt":"2025-04-29T14:40:52","guid":{"rendered":"https:\/\/sportnb.com\/maintenir-votre-certification\/"},"modified":"2025-05-09T15:19:45","modified_gmt":"2025-05-09T18:19:45","slug":"maintenir-votre-certification","status":"publish","type":"page","link":"https:\/\/www.sportnb.com\/fr\/maintenir-votre-certification\/","title":{"rendered":"Maintenir votre certification"},"content":{"rendered":"\t\t<div data-elementor-type=\"wp-page\" data-elementor-id=\"10903\" class=\"elementor elementor-10903 elementor-10534\" data-elementor-post-type=\"page\">\n\t\t\t\t<div class=\"elementor-element elementor-element-8890e02 e-flex e-con-boxed e-con e-parent\" data-id=\"8890e02\" data-element_type=\"container\" data-e-type=\"container\">\n\t\t\t\t\t<div class=\"e-con-inner\">\n\t\t\t\t<div class=\"elementor-element elementor-element-8375682 elementor-widget elementor-widget-text-editor\" data-id=\"8375682\" data-element_type=\"widget\" data-e-type=\"widget\" data-widget_type=\"text-editor.default\">\n\t\t\t\t<div class=\"elementor-widget-container\">\n\t\t\t\t\t\t\t\t\t<p>Le maintien de la certification est la politique du PNCE qui exige que les entra\u00eeneurs du PNCE maintiennent leur certification gr\u00e2ce \u00e0 des possibilit\u00e9s de perfectionnement professionnel et de formation sur une p\u00e9riode pr\u00e9d\u00e9termin\u00e9e.<\/p><p>Le nombre de points de d\u00e9veloppement professionnel requis varie d\u2019un sport \u00e0 l\u2019autre ou d\u2019un contexte \u00e0 l\u2019autre. Pour t\u00e9l\u00e9charger un aper\u00e7u des exigences en mati\u00e8re de <a href=\"https:\/\/coach.ca\/sites\/default\/files\/2023-02\/Maintenance-of-Certification-Requirements-EN.pdf\">PP par sport en consultant cette liste<\/a>.<\/p><h3>La politique de maintien de la certification du PNCE :<\/h3><ul><li>offre aux entra\u00eeneurs des cr\u00e9dits pour participer \u00e0 des occasions de perfectionnement professionnel.<\/li><li>favorise la mise \u00e0 niveau et le maintien de la pertinence des pratiques de coaching.<\/li><\/ul><h3>Statut non renouvel\u00e9<\/h3><p>Un coach qui n\u2019a pas obtenu les cr\u00e9dits de d\u00e9veloppement professionnel requis \u00e0 la date d\u2019expiration de son cycle de maintien aura le statut \u2018Non Renouvel\u00e9. Pour que sa certification soit en r\u00e8gle, l\u2019entra\u00eeneur doit obtenir les points de d\u00e9veloppement professionnel requis au cours de son cycle de maintien.<\/p><p>Dans ce cas, le statut de \u00ab Non Renouvel\u00e9 \u00bb sera imm\u00e9diatement supprim\u00e9 et le cycle de maintenance sera r\u00e9initialis\u00e9 le 1er janvier de l\u2019ann\u00e9e civile suivante.<\/p><h2 class=\"p1\"><strong><span class=\"s1\">Cat\u00e9gorie d\u2019activit\u00e9:<\/span><\/strong><\/h2><p class=\"p1\"><span class=\"s1\">&#8211;<\/span><\/p><p class=\"p1\"><span class=\"s1\"><strong>Activit\u00e9s du PNCE <\/strong>: multisports ou propre au sport \u2013 maximum 5 points par module.<\/span><\/p><p class=\"p1\"><span class=\"s1\"><strong>Non-NCCP Activities:<\/strong> 1 point per hour up to a maximum of 10 points per maintenance cycle<\/span><\/p><p class=\"p1\"><strong>Entra\u00eeneur actif :<\/strong> 1 point par ann\u00e9e en tant qu\u2019entra\u00eeneur(e);<\/p><p class=\"p1\"><span class=\"s1\"><strong>Activit\u00e9 autodirig\u00e9e par l\u2019Entra\u00eeneur <\/strong>: Apprentissage autodirig\u00e9, jusqu\u2019\u00e0 concurrence de 3 points par cycle de maintien<\/span><\/p><p class=\"p1\"><span class=\"s1\">*Afin de recevoir vos cr\u00e9dits pour toutes activit\u00e9s Non-PNCE, l\u2019approbation de vote ONS, OPS, ou RPTFE via le r\u00e9pertoire National. EN SAVOIR PLUS<\/span><\/p><hr \/><p class=\"p2\"><span class=\"s1\"><strong>Q :<\/strong> A qui s\u2019applique le maintien de la certification?<\/span><\/p><p class=\"p2\"><span class=\"s1\"><strong>R :<\/strong> Aux <strong>Entra\u00eeneurs<\/strong> Certifi\u00e9s du PNCE.<\/span><\/p><hr \/><p class=\"p2\"><span class=\"s1\"><strong>Q :<\/strong> Pourquoi dois-je maintenir ma certification?<\/span><\/p><p class=\"p2\"><span class=\"s1\"><strong>R : <\/strong>Le maintien de la certification, gr\u00e2ce \u00e0 la preuve d\u2019une formation continue et une pratique active de l\u2019entra\u00eenement et est consid\u00e9r\u00e9 comme essentiel \u00e0 la performance de l\u2019athl\u00e8te et \u00e0 l\u2019int\u00e9grit\u00e9 du PNCE.<\/span><\/p><hr \/><p class=\"p2\"><span class=\"s1\"><strong>Q :<\/strong> Comment puis-je v\u00e9rifier combien de points de PP- ai-je accumul\u00e9?<\/span><\/p><p class=\"p2\"><span class=\"s1\"><strong>R : <\/strong>Vos points de PP apparaitront sur votre relev\u00e9 dans le Cassier. N\u2019oubliez pas que les points de PP seront affiches sur votre relev\u00e9 uniquement apr\u00e8s que le donn\u00e9es aient \u00e9t\u00e9 inscrites dans le Cassier. <\/span><\/p><hr \/><p class=\"p2\"><span class=\"s1\"><strong>Q : <\/strong>Que se passera-t-il avec ma certification du PNCE si n\u2019obtient pas les points de PP requis pendant la p\u00e9riode pr\u00e9vue?<\/span><\/p><p class=\"p2\"><span class=\"s1\"><strong>R : <\/strong>Votre relev\u00e9 indiquera que votre statut Certifi\u00e9 n\u2019a pas \u00e9t\u00e9 renouvel\u00e9. C\u2019est votre sport qui fixe les conditions que doit remplir un Entra\u00eeneur afin de r\u00e9tablir son statut Certifi\u00e9. De plus, c\u2019est votre sport qui d\u00e9termine quelles cons\u00e9quences se rattachent \u00e0 un statut Certifi\u00e9 non renouvel\u00e9. Les ONS continuent de finaliser ces d\u00e9tails pendant le premier cycle de PP (2014-2019). <\/span><\/p><hr \/><p class=\"p2\"><span class=\"s1\"><strong>Q : <\/strong>Qu\u2019advient si je suis Certifi\u00e9 en deux sports ou plus?<\/span><\/p><p class=\"p2\"><span class=\"s1\"><strong>R : <\/strong>Si vous \u00eatres Certifi\u00e9 dans deux sports, les points accumules compteront pour les deux sports. Le nombre de points requis pour maintenir la certification sera d\u00e9termine par celui des deux sports qui n\u00e9cessite le plus grand nombre de points PP. <\/span><\/p><hr \/><p class=\"p2\"><span class=\"s1\"><strong>Q : <\/strong>Y a-t-il un nombre de points de PP maximal?<\/span><\/p><p class=\"p2\"><span class=\"s1\"><strong>R : <\/strong>Non, vous devez simplement acqu\u00e9rir le nombre de points exige pour maintenir votre certification. Mais, vous pouvez accumuler autant de point de PP que vous d\u00e9sirez. Il convient toutefois de souligner que vous ne pouvez pas reporter de points au cycle suivant. Lorsque le cycle de cinq and prends fin (ou toute p\u00e9riode de moindre dur\u00e9e, selon les exigences de votre sport), votre nombre de point PP revient \u00e0 0. <\/span><\/p>\t\t\t\t\t\t\t\t<\/div>\n\t\t\t\t<\/div>\n\t\t\t\t\t<\/div>\n\t\t\t\t<\/div>\n\t\t\t\t<\/div>\n\t\t","protected":false},"excerpt":{"rendered":"<p>Le maintien de la certification est la politique du PNCE qui exige que les entra\u00eeneurs du PNCE maintiennent leur certification gr\u00e2ce \u00e0 des possibilit\u00e9s de perfectionnement professionnel et de formation [&hellip;]<\/p>\n","protected":false},"author":4,"featured_media":0,"parent":0,"menu_order":0,"comment_status":"closed","ping_status":"closed","template":"","meta":{"_acf_changed":false,"_uag_custom_page_level_css":"","_monsterinsights_skip_tracking":false,"_monsterinsights_sitenote_active":false,"_monsterinsights_sitenote_note":"","_monsterinsights_sitenote_category":0,"footnotes":""},"wf_page_folders":[135],"class_list":["post-10903","page","type-page","status-publish","hentry"],"acf":[],"yoast_head":"<!-- This site is optimized with the Yoast SEO plugin v27.4 - https:\/\/yoast.com\/product\/yoast-seo-wordpress\/ -->\n<title>SportNB | Maintenir votre certification<\/title>\n<meta name=\"description\" content=\"Sport New Brunswick (Sport NB) is a non-profit, volunteer organization dedicated to the development and promotion of the amateur sport community in New Brunswick. It is a federation that consists of over 60 provincial sport organizations and other sport related organizations.\" \/>\n<meta name=\"robots\" content=\"index, follow, max-snippet:-1, max-image-preview:large, max-video-preview:-1\" \/>\n<link rel=\"canonical\" href=\"https:\/\/www.sportnb.com\/fr\/maintenir-votre-certification\/\" \/>\n<meta property=\"og:locale\" content=\"fr_FR\" \/>\n<meta property=\"og:type\" content=\"article\" \/>\n<meta property=\"og:title\" content=\"SportNB | Maintenir votre certification\" \/>\n<meta property=\"og:description\" content=\"Sport New Brunswick (Sport NB) is a non-profit, volunteer organization dedicated to the development and promotion of the amateur sport community in New Brunswick. It is a federation that consists of over 60 provincial sport organizations and other sport related organizations.\" \/>\n<meta property=\"og:url\" content=\"https:\/\/www.sportnb.com\/fr\/maintenir-votre-certification\/\" \/>\n<meta property=\"og:site_name\" content=\"SportNB\" \/>\n<meta property=\"article:publisher\" content=\"https:\/\/www.facebook.com\/sportnb\" \/>\n<meta property=\"article:modified_time\" content=\"2025-05-09T18:19:45+00:00\" \/>\n<meta name=\"twitter:card\" content=\"summary_large_image\" \/>\n<meta name=\"twitter:site\" content=\"@SportNB\" \/>\n<meta name=\"twitter:label1\" content=\"Est. reading time\" \/>\n\t<meta name=\"twitter:data1\" content=\"3 minutes\" \/>\n<script type=\"application\/ld+json\" class=\"yoast-schema-graph\">{\"@context\":\"https:\\\/\\\/schema.org\",\"@graph\":[{\"@type\":\"WebPage\",\"@id\":\"https:\\\/\\\/www.sportnb.com\\\/fr\\\/maintenir-votre-certification\\\/\",\"url\":\"https:\\\/\\\/www.sportnb.com\\\/fr\\\/maintenir-votre-certification\\\/\",\"name\":\"SportNB | Maintenir votre certification\",\"isPartOf\":{\"@id\":\"https:\\\/\\\/www.sportnb.com\\\/fr\\\/#website\"},\"datePublished\":\"2025-04-29T14:40:52+00:00\",\"dateModified\":\"2025-05-09T18:19:45+00:00\",\"description\":\"Sport New Brunswick (Sport NB) is a non-profit, volunteer organization dedicated to the development and promotion of the amateur sport community in New Brunswick. It is a federation that consists of over 60 provincial sport organizations and other sport related organizations.\",\"breadcrumb\":{\"@id\":\"https:\\\/\\\/www.sportnb.com\\\/fr\\\/maintenir-votre-certification\\\/#breadcrumb\"},\"inLanguage\":\"fr-FR\",\"potentialAction\":[{\"@type\":\"ReadAction\",\"target\":[\"https:\\\/\\\/www.sportnb.com\\\/fr\\\/maintenir-votre-certification\\\/\"]}]},{\"@type\":\"BreadcrumbList\",\"@id\":\"https:\\\/\\\/www.sportnb.com\\\/fr\\\/maintenir-votre-certification\\\/#breadcrumb\",\"itemListElement\":[{\"@type\":\"ListItem\",\"position\":1,\"name\":\"Home\",\"item\":\"https:\\\/\\\/www.sportnb.com\\\/fr\\\/\"},{\"@type\":\"ListItem\",\"position\":2,\"name\":\"Maintenir votre certification\"}]},{\"@type\":\"WebSite\",\"@id\":\"https:\\\/\\\/www.sportnb.com\\\/fr\\\/#website\",\"url\":\"https:\\\/\\\/www.sportnb.com\\\/fr\\\/\",\"name\":\"SportNB\",\"description\":\"Together, we can make sport safe for everyone.\",\"publisher\":{\"@id\":\"https:\\\/\\\/www.sportnb.com\\\/fr\\\/#organization\"},\"potentialAction\":[{\"@type\":\"SearchAction\",\"target\":{\"@type\":\"EntryPoint\",\"urlTemplate\":\"https:\\\/\\\/www.sportnb.com\\\/fr\\\/?s={search_term_string}\"},\"query-input\":{\"@type\":\"PropertyValueSpecification\",\"valueRequired\":true,\"valueName\":\"search_term_string\"}}],\"inLanguage\":\"fr-FR\"},{\"@type\":\"Organization\",\"@id\":\"https:\\\/\\\/www.sportnb.com\\\/fr\\\/#organization\",\"name\":\"SportNB\",\"url\":\"https:\\\/\\\/www.sportnb.com\\\/fr\\\/\",\"logo\":{\"@type\":\"ImageObject\",\"inLanguage\":\"fr-FR\",\"@id\":\"https:\\\/\\\/www.sportnb.com\\\/fr\\\/#\\\/schema\\\/logo\\\/image\\\/\",\"url\":\"https:\\\/\\\/sportnb.com\\\/wp-content\\\/uploads\\\/2022\\\/03\\\/logo.svg\",\"contentUrl\":\"https:\\\/\\\/sportnb.com\\\/wp-content\\\/uploads\\\/2022\\\/03\\\/logo.svg\",\"width\":288,\"height\":75,\"caption\":\"SportNB\"},\"image\":{\"@id\":\"https:\\\/\\\/www.sportnb.com\\\/fr\\\/#\\\/schema\\\/logo\\\/image\\\/\"},\"sameAs\":[\"https:\\\/\\\/www.facebook.com\\\/sportnb\",\"https:\\\/\\\/x.com\\\/SportNB\",\"https:\\\/\\\/www.youtube.com\\\/channel\\\/UC5976PPks7naTvXfQ4cZk5g\",\"https:\\\/\\\/ca.linkedin.com\\\/company\\\/sportnb506\",\"https:\\\/\\\/www.instagram.com\\\/sportnewnouveaubrunswick\\\/\"]}]}<\/script>\n<!-- \/ Yoast SEO plugin. -->","yoast_head_json":{"title":"SportNB | Maintenir votre certification","description":"Sport New Brunswick (Sport NB) is a non-profit, volunteer organization dedicated to the development and promotion of the amateur sport community in New Brunswick. It is a federation that consists of over 60 provincial sport organizations and other sport related organizations.","robots":{"index":"index","follow":"follow","max-snippet":"max-snippet:-1","max-image-preview":"max-image-preview:large","max-video-preview":"max-video-preview:-1"},"canonical":"https:\/\/www.sportnb.com\/fr\/maintenir-votre-certification\/","og_locale":"fr_FR","og_type":"article","og_title":"SportNB | Maintenir votre certification","og_description":"Sport New Brunswick (Sport NB) is a non-profit, volunteer organization dedicated to the development and promotion of the amateur sport community in New Brunswick. It is a federation that consists of over 60 provincial sport organizations and other sport related organizations.","og_url":"https:\/\/www.sportnb.com\/fr\/maintenir-votre-certification\/","og_site_name":"SportNB","article_publisher":"https:\/\/www.facebook.com\/sportnb","article_modified_time":"2025-05-09T18:19:45+00:00","twitter_card":"summary_large_image","twitter_site":"@SportNB","twitter_misc":{"Est. reading time":"3 minutes"},"schema":{"@context":"https:\/\/schema.org","@graph":[{"@type":"WebPage","@id":"https:\/\/www.sportnb.com\/fr\/maintenir-votre-certification\/","url":"https:\/\/www.sportnb.com\/fr\/maintenir-votre-certification\/","name":"SportNB | Maintenir votre certification","isPartOf":{"@id":"https:\/\/www.sportnb.com\/fr\/#website"},"datePublished":"2025-04-29T14:40:52+00:00","dateModified":"2025-05-09T18:19:45+00:00","description":"Sport New Brunswick (Sport NB) is a non-profit, volunteer organization dedicated to the development and promotion of the amateur sport community in New Brunswick. It is a federation that consists of over 60 provincial sport organizations and other sport related organizations.","breadcrumb":{"@id":"https:\/\/www.sportnb.com\/fr\/maintenir-votre-certification\/#breadcrumb"},"inLanguage":"fr-FR","potentialAction":[{"@type":"ReadAction","target":["https:\/\/www.sportnb.com\/fr\/maintenir-votre-certification\/"]}]},{"@type":"BreadcrumbList","@id":"https:\/\/www.sportnb.com\/fr\/maintenir-votre-certification\/#breadcrumb","itemListElement":[{"@type":"ListItem","position":1,"name":"Home","item":"https:\/\/www.sportnb.com\/fr\/"},{"@type":"ListItem","position":2,"name":"Maintenir votre certification"}]},{"@type":"WebSite","@id":"https:\/\/www.sportnb.com\/fr\/#website","url":"https:\/\/www.sportnb.com\/fr\/","name":"SportNB","description":"Together, we can make sport safe for everyone.","publisher":{"@id":"https:\/\/www.sportnb.com\/fr\/#organization"},"potentialAction":[{"@type":"SearchAction","target":{"@type":"EntryPoint","urlTemplate":"https:\/\/www.sportnb.com\/fr\/?s={search_term_string}"},"query-input":{"@type":"PropertyValueSpecification","valueRequired":true,"valueName":"search_term_string"}}],"inLanguage":"fr-FR"},{"@type":"Organization","@id":"https:\/\/www.sportnb.com\/fr\/#organization","name":"SportNB","url":"https:\/\/www.sportnb.com\/fr\/","logo":{"@type":"ImageObject","inLanguage":"fr-FR","@id":"https:\/\/www.sportnb.com\/fr\/#\/schema\/logo\/image\/","url":"https:\/\/sportnb.com\/wp-content\/uploads\/2022\/03\/logo.svg","contentUrl":"https:\/\/sportnb.com\/wp-content\/uploads\/2022\/03\/logo.svg","width":288,"height":75,"caption":"SportNB"},"image":{"@id":"https:\/\/www.sportnb.com\/fr\/#\/schema\/logo\/image\/"},"sameAs":["https:\/\/www.facebook.com\/sportnb","https:\/\/x.com\/SportNB","https:\/\/www.youtube.com\/channel\/UC5976PPks7naTvXfQ4cZk5g","https:\/\/ca.linkedin.com\/company\/sportnb506","https:\/\/www.instagram.com\/sportnewnouveaubrunswick\/"]}]}},"uagb_featured_image_src":{"full":false,"thumbnail":false,"medium":false,"medium_large":false,"large":false,"1536x1536":false,"2048x2048":false,"thumbnail_1440x9999":false,"menu-thumb":false},"uagb_author_info":{"display_name":"TRL Web","author_link":"https:\/\/www.sportnb.com\/fr\/author\/trl_web\/"},"uagb_comment_info":0,"uagb_excerpt":"Le maintien de la certification est la politique du PNCE qui exige que les entra\u00eeneurs du PNCE maintiennent leur certification gr\u00e2ce \u00e0 des possibilit\u00e9s de perfectionnement professionnel et de formation [&hellip;]","_links":{"self":[{"href":"https:\/\/www.sportnb.com\/fr\/wp-json\/wp\/v2\/pages\/10903","targetHints":{"allow":["GET"]}}],"collection":[{"href":"https:\/\/www.sportnb.com\/fr\/wp-json\/wp\/v2\/pages"}],"about":[{"href":"https:\/\/www.sportnb.com\/fr\/wp-json\/wp\/v2\/types\/page"}],"author":[{"embeddable":true,"href":"https:\/\/www.sportnb.com\/fr\/wp-json\/wp\/v2\/users\/4"}],"replies":[{"embeddable":true,"href":"https:\/\/www.sportnb.com\/fr\/wp-json\/wp\/v2\/comments?post=10903"}],"version-history":[{"count":5,"href":"https:\/\/www.sportnb.com\/fr\/wp-json\/wp\/v2\/pages\/10903\/revisions"}],"predecessor-version":[{"id":11350,"href":"https:\/\/www.sportnb.com\/fr\/wp-json\/wp\/v2\/pages\/10903\/revisions\/11350"}],"wp:attachment":[{"href":"https:\/\/www.sportnb.com\/fr\/wp-json\/wp\/v2\/media?parent=10903"}],"wp:term":[{"taxonomy":"wf_page_folders","embeddable":true,"href":"https:\/\/www.sportnb.com\/fr\/wp-json\/wp\/v2\/wf_page_folders?post=10903"}],"curies":[{"name":"wp","href":"https:\/\/api.w.org\/{rel}","templated":true}]}}