{"id":10896,"date":"2025-04-29T11:38:20","date_gmt":"2025-04-29T14:38:20","guid":{"rendered":"https:\/\/sportnb.com\/partenaire-daccueil\/"},"modified":"2025-05-09T15:05:55","modified_gmt":"2025-05-09T18:05:55","slug":"partenaire-daccueil","status":"publish","type":"page","link":"https:\/\/www.sportnb.com\/fr\/partenaire-daccueil\/","title":{"rendered":"Partenaire D\u2019accueil"},"content":{"rendered":"\t\t<div data-elementor-type=\"wp-page\" data-elementor-id=\"10896\" class=\"elementor elementor-10896 elementor-10522\" data-elementor-post-type=\"page\">\n\t\t\t\t<div class=\"elementor-element elementor-element-8890e02 e-flex e-con-boxed e-con e-parent\" data-id=\"8890e02\" data-element_type=\"container\" data-e-type=\"container\">\n\t\t\t\t\t<div class=\"e-con-inner\">\n\t\t\t\t<div class=\"elementor-element elementor-element-8375682 elementor-widget elementor-widget-text-editor\" data-id=\"8375682\" data-element_type=\"widget\" data-e-type=\"widget\" data-widget_type=\"text-editor.default\">\n\t\t\t\t<div class=\"elementor-widget-container\">\n\t\t\t\t\t\t\t\t\t<div id=\"main-content\" class=\"content-area\"><main id=\"main\" class=\"site-main\" role=\"main\"><\/main><article id=\"post-234\" class=\"post-234 page type-page status-publish hentry\"><div class=\"entry-content\"><p>Si votre club ou votre organisation souhaite offrir un cours du PNCE directement \u00e0 vos entra\u00eeneurs, vous pouvez \u00eatre \u00e9ligible pour accueillir un cours :<\/p><h2><strong>Qu\u2019est-ce qu\u2019un partenaire h\u00f4te ?<\/strong><\/h2><p>Le partenaire h\u00f4te du Programme national de certification des entra\u00eeneurs (PNCE) peut \u00eatre un entra\u00eeneur communautaire ou de comp\u00e9tition, un organisme de sport ou de loisirs, un \u00e9tablissement secondaire, coll\u00e9gial ou universitaire du Nouveau-Brunswick (N.-B.) qui a conclu une entente avec Entra\u00eeneur NB pour offrir un atelier du PNCE avec des d\u00e9veloppeurs d\u2019entra\u00eeneurs (DE) form\u00e9s ou certifi\u00e9s par Multi-Sport dans sa collectivit\u00e9. Les partenaires h\u00f4tes du PNCE sont approuv\u00e9s apr\u00e8s avoir soumis une demande pour accueillir un atelier et doivent accepter d\u2019offrir les ateliers selon les normes d\u2019Entra\u00eeneur NB.<\/p><p>Veuillez communiquer avec\u00a0 <a href=\"https:\/\/coachnb.ca\/hosting\/nccp@sportnb.com\"><strong>nccp@sportnb.com<\/strong><\/a>\u00a0pour toute demande d\u2019atelier<\/p><h2>Accueillir<\/h2><h3><strong>Directives :<\/strong><\/h3><p>Nombre minimum\/maximum de participants requis :<\/p><ul><li>HFM (Community Leader &amp; PD) 8 minimum, 25 maximum<\/li><li>Comp\u00e9tition \u2013 Modules d\u2019introduction 6 minimum, 20 maximum<\/li><li>Modules Comp\u00e9tition-D\u00e9veloppement 6 minimum, 20 maximum<\/li><li>Formation de base pour les d\u00e9veloppeurs d\u2019entra\u00eeneurs 5 minimum, 15 maximum<\/li><li>PP du PNCE 8 minimum, 25 maximum<\/li><\/ul><p><strong>Responsabilit\u00e9s du partenaire h\u00f4te :<\/strong><\/p><p>Remplir et soumettre la demande d\u2019accueil. L\u2019h\u00f4te devra s\u2019assurer que le nombre minimum de participants est atteint avant de remplir la demande d\u2019accueil.<\/p><p>La demande doit \u00eatre re\u00e7ue par Sport NB <strong>3 semaines avant la date <\/strong>pr\u00e9vue du d\u00e9but du cours.<\/p><p><strong>Responsabilit\u00e9s de l\u2019entra\u00eeneur NB :<\/strong><\/p><p>Communiquer et assigner un CD ; trouver un lieu en collaboration avec le partenaire h\u00f4te ; inscription \u2013 via le casier ; promotion ; mat\u00e9riel de cours ; mise en place du casier ; payer les honoraires des CD et autres d\u00e9penses.<\/p><h3><strong>Politique d\u2019annulation :<\/strong><\/h3><ul><li>7 jours avant l\u2019atelier, l\u2019h\u00f4te sera rembours\u00e9 int\u00e9gralement \u2013 100% ;<\/li><li>6 jours ou moins avant l\u2019atelier, l\u2019h\u00f4te sera rembours\u00e9 \u00e0 moiti\u00e9 \u2013 50 % ;<\/li><li>6 jours ou moins avant le d\u00e9but de l\u2019atelier, les frais de cours ne sont pas transf\u00e9rables ;<\/li><\/ul><\/div><\/article><\/div><div id=\"sidebar-right\" role=\"complementary\"><aside id=\"enhancedtextwidget-2\" class=\"widget widget_text enhanced-text-widget\"><div class=\"textwidget widget-text\"><div class=\"sidebar-coaches-corner\"><div class=\"coaches-corner-block block-1\"><div class=\"coaches-corner-block-inner\">\u00a0<\/div><\/div><\/div><\/div><\/aside><\/div>\t\t\t\t\t\t\t\t<\/div>\n\t\t\t\t<\/div>\n\t\t\t\t\t<\/div>\n\t\t\t\t<\/div>\n\t\t\t\t<\/div>\n\t\t","protected":false},"excerpt":{"rendered":"<p>Si votre club ou votre organisation souhaite offrir un cours du PNCE directement \u00e0 vos entra\u00eeneurs, vous pouvez \u00eatre \u00e9ligible pour accueillir un cours : Qu\u2019est-ce qu\u2019un partenaire h\u00f4te ? [&hellip;]<\/p>\n","protected":false},"author":4,"featured_media":0,"parent":0,"menu_order":0,"comment_status":"closed","ping_status":"closed","template":"","meta":{"_acf_changed":false,"_uag_custom_page_level_css":"","_monsterinsights_skip_tracking":false,"_monsterinsights_sitenote_active":false,"_monsterinsights_sitenote_note":"","_monsterinsights_sitenote_category":0,"footnotes":""},"wf_page_folders":[135],"class_list":["post-10896","page","type-page","status-publish","hentry"],"acf":[],"yoast_head":"<!-- This site is optimized with the Yoast SEO plugin v27.4 - https:\/\/yoast.com\/product\/yoast-seo-wordpress\/ -->\n<title>SportNB | Partenaire D\u2019accueil<\/title>\n<meta name=\"description\" content=\"Sport New Brunswick (Sport NB) is a non-profit, volunteer organization dedicated to the development and promotion of the amateur sport community in New Brunswick. It is a federation that consists of over 60 provincial sport organizations and other sport related organizations.\" \/>\n<meta name=\"robots\" content=\"index, follow, max-snippet:-1, max-image-preview:large, max-video-preview:-1\" \/>\n<link rel=\"canonical\" href=\"https:\/\/www.sportnb.com\/fr\/partenaire-daccueil\/\" \/>\n<meta property=\"og:locale\" content=\"fr_FR\" \/>\n<meta property=\"og:type\" content=\"article\" \/>\n<meta property=\"og:title\" content=\"SportNB | Partenaire D\u2019accueil\" \/>\n<meta property=\"og:description\" content=\"Sport New Brunswick (Sport NB) is a non-profit, volunteer organization dedicated to the development and promotion of the amateur sport community in New Brunswick. It is a federation that consists of over 60 provincial sport organizations and other sport related organizations.\" \/>\n<meta property=\"og:url\" content=\"https:\/\/www.sportnb.com\/fr\/partenaire-daccueil\/\" \/>\n<meta property=\"og:site_name\" content=\"SportNB\" \/>\n<meta property=\"article:publisher\" content=\"https:\/\/www.facebook.com\/sportnb\" \/>\n<meta property=\"article:modified_time\" content=\"2025-05-09T18:05:55+00:00\" \/>\n<meta name=\"twitter:card\" content=\"summary_large_image\" \/>\n<meta name=\"twitter:site\" content=\"@SportNB\" \/>\n<meta name=\"twitter:label1\" content=\"Est. reading time\" \/>\n\t<meta name=\"twitter:data1\" content=\"2 minutes\" \/>\n<script type=\"application\/ld+json\" class=\"yoast-schema-graph\">{\"@context\":\"https:\\\/\\\/schema.org\",\"@graph\":[{\"@type\":\"WebPage\",\"@id\":\"https:\\\/\\\/www.sportnb.com\\\/fr\\\/partenaire-daccueil\\\/\",\"url\":\"https:\\\/\\\/www.sportnb.com\\\/fr\\\/partenaire-daccueil\\\/\",\"name\":\"SportNB | Partenaire D\u2019accueil\",\"isPartOf\":{\"@id\":\"https:\\\/\\\/www.sportnb.com\\\/fr\\\/#website\"},\"datePublished\":\"2025-04-29T14:38:20+00:00\",\"dateModified\":\"2025-05-09T18:05:55+00:00\",\"description\":\"Sport New Brunswick (Sport NB) is a non-profit, volunteer organization dedicated to the development and promotion of the amateur sport community in New Brunswick. It is a federation that consists of over 60 provincial sport organizations and other sport related organizations.\",\"breadcrumb\":{\"@id\":\"https:\\\/\\\/www.sportnb.com\\\/fr\\\/partenaire-daccueil\\\/#breadcrumb\"},\"inLanguage\":\"fr-FR\",\"potentialAction\":[{\"@type\":\"ReadAction\",\"target\":[\"https:\\\/\\\/www.sportnb.com\\\/fr\\\/partenaire-daccueil\\\/\"]}]},{\"@type\":\"BreadcrumbList\",\"@id\":\"https:\\\/\\\/www.sportnb.com\\\/fr\\\/partenaire-daccueil\\\/#breadcrumb\",\"itemListElement\":[{\"@type\":\"ListItem\",\"position\":1,\"name\":\"Home\",\"item\":\"https:\\\/\\\/www.sportnb.com\\\/fr\\\/\"},{\"@type\":\"ListItem\",\"position\":2,\"name\":\"Partenaire D\u2019accueil\"}]},{\"@type\":\"WebSite\",\"@id\":\"https:\\\/\\\/www.sportnb.com\\\/fr\\\/#website\",\"url\":\"https:\\\/\\\/www.sportnb.com\\\/fr\\\/\",\"name\":\"SportNB\",\"description\":\"Together, we can make sport safe for everyone.\",\"publisher\":{\"@id\":\"https:\\\/\\\/www.sportnb.com\\\/fr\\\/#organization\"},\"potentialAction\":[{\"@type\":\"SearchAction\",\"target\":{\"@type\":\"EntryPoint\",\"urlTemplate\":\"https:\\\/\\\/www.sportnb.com\\\/fr\\\/?s={search_term_string}\"},\"query-input\":{\"@type\":\"PropertyValueSpecification\",\"valueRequired\":true,\"valueName\":\"search_term_string\"}}],\"inLanguage\":\"fr-FR\"},{\"@type\":\"Organization\",\"@id\":\"https:\\\/\\\/www.sportnb.com\\\/fr\\\/#organization\",\"name\":\"SportNB\",\"url\":\"https:\\\/\\\/www.sportnb.com\\\/fr\\\/\",\"logo\":{\"@type\":\"ImageObject\",\"inLanguage\":\"fr-FR\",\"@id\":\"https:\\\/\\\/www.sportnb.com\\\/fr\\\/#\\\/schema\\\/logo\\\/image\\\/\",\"url\":\"https:\\\/\\\/sportnb.com\\\/wp-content\\\/uploads\\\/2022\\\/03\\\/logo.svg\",\"contentUrl\":\"https:\\\/\\\/sportnb.com\\\/wp-content\\\/uploads\\\/2022\\\/03\\\/logo.svg\",\"width\":288,\"height\":75,\"caption\":\"SportNB\"},\"image\":{\"@id\":\"https:\\\/\\\/www.sportnb.com\\\/fr\\\/#\\\/schema\\\/logo\\\/image\\\/\"},\"sameAs\":[\"https:\\\/\\\/www.facebook.com\\\/sportnb\",\"https:\\\/\\\/x.com\\\/SportNB\",\"https:\\\/\\\/www.youtube.com\\\/channel\\\/UC5976PPks7naTvXfQ4cZk5g\",\"https:\\\/\\\/ca.linkedin.com\\\/company\\\/sportnb506\",\"https:\\\/\\\/www.instagram.com\\\/sportnewnouveaubrunswick\\\/\"]}]}<\/script>\n<!-- \/ Yoast SEO plugin. -->","yoast_head_json":{"title":"SportNB | Partenaire D\u2019accueil","description":"Sport New Brunswick (Sport NB) is a non-profit, volunteer organization dedicated to the development and promotion of the amateur sport community in New Brunswick. It is a federation that consists of over 60 provincial sport organizations and other sport related organizations.","robots":{"index":"index","follow":"follow","max-snippet":"max-snippet:-1","max-image-preview":"max-image-preview:large","max-video-preview":"max-video-preview:-1"},"canonical":"https:\/\/www.sportnb.com\/fr\/partenaire-daccueil\/","og_locale":"fr_FR","og_type":"article","og_title":"SportNB | Partenaire D\u2019accueil","og_description":"Sport New Brunswick (Sport NB) is a non-profit, volunteer organization dedicated to the development and promotion of the amateur sport community in New Brunswick. It is a federation that consists of over 60 provincial sport organizations and other sport related organizations.","og_url":"https:\/\/www.sportnb.com\/fr\/partenaire-daccueil\/","og_site_name":"SportNB","article_publisher":"https:\/\/www.facebook.com\/sportnb","article_modified_time":"2025-05-09T18:05:55+00:00","twitter_card":"summary_large_image","twitter_site":"@SportNB","twitter_misc":{"Est. reading time":"2 minutes"},"schema":{"@context":"https:\/\/schema.org","@graph":[{"@type":"WebPage","@id":"https:\/\/www.sportnb.com\/fr\/partenaire-daccueil\/","url":"https:\/\/www.sportnb.com\/fr\/partenaire-daccueil\/","name":"SportNB | Partenaire D\u2019accueil","isPartOf":{"@id":"https:\/\/www.sportnb.com\/fr\/#website"},"datePublished":"2025-04-29T14:38:20+00:00","dateModified":"2025-05-09T18:05:55+00:00","description":"Sport New Brunswick (Sport NB) is a non-profit, volunteer organization dedicated to the development and promotion of the amateur sport community in New Brunswick. It is a federation that consists of over 60 provincial sport organizations and other sport related organizations.","breadcrumb":{"@id":"https:\/\/www.sportnb.com\/fr\/partenaire-daccueil\/#breadcrumb"},"inLanguage":"fr-FR","potentialAction":[{"@type":"ReadAction","target":["https:\/\/www.sportnb.com\/fr\/partenaire-daccueil\/"]}]},{"@type":"BreadcrumbList","@id":"https:\/\/www.sportnb.com\/fr\/partenaire-daccueil\/#breadcrumb","itemListElement":[{"@type":"ListItem","position":1,"name":"Home","item":"https:\/\/www.sportnb.com\/fr\/"},{"@type":"ListItem","position":2,"name":"Partenaire D\u2019accueil"}]},{"@type":"WebSite","@id":"https:\/\/www.sportnb.com\/fr\/#website","url":"https:\/\/www.sportnb.com\/fr\/","name":"SportNB","description":"Together, we can make sport safe for everyone.","publisher":{"@id":"https:\/\/www.sportnb.com\/fr\/#organization"},"potentialAction":[{"@type":"SearchAction","target":{"@type":"EntryPoint","urlTemplate":"https:\/\/www.sportnb.com\/fr\/?s={search_term_string}"},"query-input":{"@type":"PropertyValueSpecification","valueRequired":true,"valueName":"search_term_string"}}],"inLanguage":"fr-FR"},{"@type":"Organization","@id":"https:\/\/www.sportnb.com\/fr\/#organization","name":"SportNB","url":"https:\/\/www.sportnb.com\/fr\/","logo":{"@type":"ImageObject","inLanguage":"fr-FR","@id":"https:\/\/www.sportnb.com\/fr\/#\/schema\/logo\/image\/","url":"https:\/\/sportnb.com\/wp-content\/uploads\/2022\/03\/logo.svg","contentUrl":"https:\/\/sportnb.com\/wp-content\/uploads\/2022\/03\/logo.svg","width":288,"height":75,"caption":"SportNB"},"image":{"@id":"https:\/\/www.sportnb.com\/fr\/#\/schema\/logo\/image\/"},"sameAs":["https:\/\/www.facebook.com\/sportnb","https:\/\/x.com\/SportNB","https:\/\/www.youtube.com\/channel\/UC5976PPks7naTvXfQ4cZk5g","https:\/\/ca.linkedin.com\/company\/sportnb506","https:\/\/www.instagram.com\/sportnewnouveaubrunswick\/"]}]}},"uagb_featured_image_src":{"full":false,"thumbnail":false,"medium":false,"medium_large":false,"large":false,"1536x1536":false,"2048x2048":false,"thumbnail_1440x9999":false,"menu-thumb":false},"uagb_author_info":{"display_name":"TRL Web","author_link":"https:\/\/www.sportnb.com\/fr\/author\/trl_web\/"},"uagb_comment_info":0,"uagb_excerpt":"Si votre club ou votre organisation souhaite offrir un cours du PNCE directement \u00e0 vos entra\u00eeneurs, vous pouvez \u00eatre \u00e9ligible pour accueillir un cours : Qu\u2019est-ce qu\u2019un partenaire h\u00f4te ? [&hellip;]","_links":{"self":[{"href":"https:\/\/www.sportnb.com\/fr\/wp-json\/wp\/v2\/pages\/10896","targetHints":{"allow":["GET"]}}],"collection":[{"href":"https:\/\/www.sportnb.com\/fr\/wp-json\/wp\/v2\/pages"}],"about":[{"href":"https:\/\/www.sportnb.com\/fr\/wp-json\/wp\/v2\/types\/page"}],"author":[{"embeddable":true,"href":"https:\/\/www.sportnb.com\/fr\/wp-json\/wp\/v2\/users\/4"}],"replies":[{"embeddable":true,"href":"https:\/\/www.sportnb.com\/fr\/wp-json\/wp\/v2\/comments?post=10896"}],"version-history":[{"count":8,"href":"https:\/\/www.sportnb.com\/fr\/wp-json\/wp\/v2\/pages\/10896\/revisions"}],"predecessor-version":[{"id":11347,"href":"https:\/\/www.sportnb.com\/fr\/wp-json\/wp\/v2\/pages\/10896\/revisions\/11347"}],"wp:attachment":[{"href":"https:\/\/www.sportnb.com\/fr\/wp-json\/wp\/v2\/media?parent=10896"}],"wp:term":[{"taxonomy":"wf_page_folders","embeddable":true,"href":"https:\/\/www.sportnb.com\/fr\/wp-json\/wp\/v2\/wf_page_folders?post=10896"}],"curies":[{"name":"wp","href":"https:\/\/api.w.org\/{rel}","templated":true}]}}