{"id":10631,"date":"2025-04-29T11:28:25","date_gmt":"2025-04-29T14:28:25","guid":{"rendered":"https:\/\/sportnb.com\/modules-supplementaires\/"},"modified":"2025-05-09T14:40:14","modified_gmt":"2025-05-09T17:40:14","slug":"modules-supplementaires","status":"publish","type":"page","link":"https:\/\/www.sportnb.com\/fr\/modules-supplementaires\/","title":{"rendered":"Modules suppl\u00e9mentaires"},"content":{"rendered":"\t\t<div data-elementor-type=\"wp-page\" data-elementor-id=\"10631\" class=\"elementor elementor-10631 elementor-10503\" data-elementor-post-type=\"page\">\n\t\t\t\t<div class=\"elementor-element elementor-element-8890e02 e-flex e-con-boxed e-con e-parent\" data-id=\"8890e02\" data-element_type=\"container\" data-e-type=\"container\">\n\t\t\t\t\t<div class=\"e-con-inner\">\n\t\t\t\t<div class=\"elementor-element elementor-element-8375682 elementor-widget elementor-widget-text-editor\" data-id=\"8375682\" data-element_type=\"widget\" data-e-type=\"widget\" data-widget_type=\"text-editor.default\">\n\t\t\t\t<div class=\"elementor-widget-container\">\n\t\t\t\t\t\t\t\t\t<p class=\"p1\"><span class=\"s1\">Les modules de perfectionnement professionnel (PP) suivants ont \u00e9t\u00e9 \u00e9labor\u00e9s par l\u2019Association canadienne des entra\u00eeneurs (ACE) et visent \u00e0 am\u00e9liorer votre habilet\u00e9 \u00e0 entra\u00eener ainsi qu\u2019\u00e0 vous permettre d\u2019offrir \u00e0 vos athl\u00e8tes un entra\u00eenement r\u00e9pondant aux normes les plus \u00e9lev\u00e9es de votre sport. Au m\u00eame titre que les modules multisports, les cours suivants renforcent les valeurs de base du PNCE que sont l\u2019am\u00e9lioration continue et l\u2019apprentissage permanent. <\/span><\/p><hr \/><h2 class=\"p3\"><strong><span class=\"s1\">MENTORAT<\/span><\/strong><\/h2><h3 class=\"p3\"><span class=\"s1\"><strong>7h<\/strong> <\/span><\/h3><p>Le module de mentorat de 7 heures est con\u00e7u pour pr\u00e9parer les individus \u00e0 assumer leur r\u00f4le de mentor avec clart\u00e9 et confiance dans leurs actions. La formation r\u00e9affirme et renforce leurs capacit\u00e9s et comp\u00e9tences en tant que mentor, tout en \u00e9largissant leurs connaissances du processus de mentorat. Au terme de la formation, le mentor disposera de normes et de protocoles pour la mise en \u0153uvre du mentorat au sein de sa communaut\u00e9 de coaching.<\/p><p>\u00c0 la fin de la formation, le mentor devra<\/p><ul><li>Comprendra le <strong>concept de mentorat ;<\/strong><\/li><li>Comprendra le <strong>processus de coaching cognitif ;<\/strong><\/li><li>Acqu\u00e9rir et mettre en \u0153uvre les comp\u00e9tences de <strong>communication requises<\/strong> pour \u00eatre un mentor efficace ; et<\/li><li>Utiliser <strong>les 3 \u00e9tapes du processus de mentorat.<\/strong><\/li><\/ul><p>La formation comprendra des t\u00e2ches en petits groupes, des discussions et des d\u00e9briefings. L\u2019accent sera mis sur la mise en pratique des comp\u00e9tences de communication requises d\u2019un mentor.<\/p><hr \/><h2>Habilet\u00e9s li\u00e9es aux fondements du mouvement<\/h2><p>Les habilet\u00e9s li\u00e9es aux fondements du mouvement sont les bases du mouvement humain. Elles se manifestent dans divers environnements : dans les airs, dans l\u2019eau, sur la glace ou au sol. Ces habilet\u00e9s regroupent diff\u00e9rents mouvements, dont rouler, se balancer, glisser, sautiller et bien plus.<\/p><p>L\u2019atelier Habilet\u00e9s li\u00e9es aux fondements du mouvement PNCE, est ax\u00e9 sur les habilet\u00e9s suivantes :<\/p><ul><li>Lancer<\/li><li>Attraper<\/li><li>Sauter<\/li><li>Frapper<\/li><li>Courir<\/li><li>Botter<\/li><li>Rouler<\/li><\/ul><h6><strong>Les participants pourront appliquer les comp\u00e9tences acquises dans le module pour ces sept habilet\u00e9s li\u00e9es aux fondements du mouvement \u00e0 d\u2019autres mouvements fondamentaux.<\/strong><\/h6><p>\u00a0<\/p><hr \/><h2 class=\"p2\"><strong><span class=\"s1\">Module pour les entra\u00eeneurs d\u2019athl\u00e8tes autochtones <\/span><\/strong><\/h2><h3 class=\"p2\"><strong><span class=\"s1\">8h, 3 modules (15 points de PP) \u2013 <\/span><\/strong>Gratuit<\/h3><p class=\"p2\"><span class=\"s1\">Une ressource essentielle si vous travaillez avec des jeunes d\u2019origine autochtone ou que vous supervisez des activit\u00e9s visant des membres de cette client\u00e8le. L\u2019atelier fait appel \u00e0 des m\u00e9thodes et a des points de vue uniques que vous ne trouvez pas dans les programmes g\u00e9n\u00e9raux de certification d\u2019entrainement. <\/span><\/p><p class=\"p2\"><span class=\"s1\">Il repose sur une approche holistique et propose des enseignements li\u00e9s \u00e0 la roue m\u00e9dicinale, les quatre dons, les valeurs associ\u00e9es aux quatre piliers de nombreux autres enjeux sp\u00e9cifiques \u00e0 la culture autochtone.<\/span><\/p>\t\t\t\t\t\t\t\t<\/div>\n\t\t\t\t<\/div>\n\t\t\t\t\t<\/div>\n\t\t\t\t<\/div>\n\t\t\t\t<\/div>\n\t\t","protected":false},"excerpt":{"rendered":"<p>Les modules de perfectionnement professionnel (PP) suivants ont \u00e9t\u00e9 \u00e9labor\u00e9s par l\u2019Association canadienne des entra\u00eeneurs (ACE) et visent \u00e0 am\u00e9liorer votre habilet\u00e9 \u00e0 entra\u00eener ainsi qu\u2019\u00e0 vous permettre d\u2019offrir \u00e0 [&hellip;]<\/p>\n","protected":false},"author":4,"featured_media":0,"parent":0,"menu_order":0,"comment_status":"closed","ping_status":"closed","template":"","meta":{"_acf_changed":false,"_uag_custom_page_level_css":"","_monsterinsights_skip_tracking":false,"_monsterinsights_sitenote_active":false,"_monsterinsights_sitenote_note":"","_monsterinsights_sitenote_category":0,"footnotes":""},"wf_page_folders":[135],"class_list":["post-10631","page","type-page","status-publish","hentry"],"acf":[],"yoast_head":"<!-- This site is optimized with the Yoast SEO plugin v27.4 - https:\/\/yoast.com\/product\/yoast-seo-wordpress\/ -->\n<title>SportNB | Modules suppl\u00e9mentaires<\/title>\n<meta name=\"description\" content=\"Sport New Brunswick (Sport NB) is a non-profit, volunteer organization dedicated to the development and promotion of the amateur sport community in New Brunswick. It is a federation that consists of over 60 provincial sport organizations and other sport related organizations.\" \/>\n<meta name=\"robots\" content=\"index, follow, max-snippet:-1, max-image-preview:large, max-video-preview:-1\" \/>\n<link rel=\"canonical\" href=\"https:\/\/www.sportnb.com\/fr\/modules-supplementaires\/\" \/>\n<meta property=\"og:locale\" content=\"fr_FR\" \/>\n<meta property=\"og:type\" content=\"article\" \/>\n<meta property=\"og:title\" content=\"SportNB | Modules suppl\u00e9mentaires\" \/>\n<meta property=\"og:description\" content=\"Sport New Brunswick (Sport NB) is a non-profit, volunteer organization dedicated to the development and promotion of the amateur sport community in New Brunswick. It is a federation that consists of over 60 provincial sport organizations and other sport related organizations.\" \/>\n<meta property=\"og:url\" content=\"https:\/\/www.sportnb.com\/fr\/modules-supplementaires\/\" \/>\n<meta property=\"og:site_name\" content=\"SportNB\" \/>\n<meta property=\"article:publisher\" content=\"https:\/\/www.facebook.com\/sportnb\" \/>\n<meta property=\"article:modified_time\" content=\"2025-05-09T17:40:14+00:00\" \/>\n<meta name=\"twitter:card\" content=\"summary_large_image\" \/>\n<meta name=\"twitter:site\" content=\"@SportNB\" \/>\n<meta name=\"twitter:label1\" content=\"Est. reading time\" \/>\n\t<meta name=\"twitter:data1\" content=\"3 minutes\" \/>\n<script type=\"application\/ld+json\" class=\"yoast-schema-graph\">{\"@context\":\"https:\\\/\\\/schema.org\",\"@graph\":[{\"@type\":\"WebPage\",\"@id\":\"https:\\\/\\\/www.sportnb.com\\\/fr\\\/modules-supplementaires\\\/\",\"url\":\"https:\\\/\\\/www.sportnb.com\\\/fr\\\/modules-supplementaires\\\/\",\"name\":\"SportNB | Modules suppl\u00e9mentaires\",\"isPartOf\":{\"@id\":\"https:\\\/\\\/www.sportnb.com\\\/fr\\\/#website\"},\"datePublished\":\"2025-04-29T14:28:25+00:00\",\"dateModified\":\"2025-05-09T17:40:14+00:00\",\"description\":\"Sport New Brunswick (Sport NB) is a non-profit, volunteer organization dedicated to the development and promotion of the amateur sport community in New Brunswick. It is a federation that consists of over 60 provincial sport organizations and other sport related organizations.\",\"breadcrumb\":{\"@id\":\"https:\\\/\\\/www.sportnb.com\\\/fr\\\/modules-supplementaires\\\/#breadcrumb\"},\"inLanguage\":\"fr-FR\",\"potentialAction\":[{\"@type\":\"ReadAction\",\"target\":[\"https:\\\/\\\/www.sportnb.com\\\/fr\\\/modules-supplementaires\\\/\"]}]},{\"@type\":\"BreadcrumbList\",\"@id\":\"https:\\\/\\\/www.sportnb.com\\\/fr\\\/modules-supplementaires\\\/#breadcrumb\",\"itemListElement\":[{\"@type\":\"ListItem\",\"position\":1,\"name\":\"Home\",\"item\":\"https:\\\/\\\/www.sportnb.com\\\/fr\\\/\"},{\"@type\":\"ListItem\",\"position\":2,\"name\":\"Modules suppl\u00e9mentaires\"}]},{\"@type\":\"WebSite\",\"@id\":\"https:\\\/\\\/www.sportnb.com\\\/fr\\\/#website\",\"url\":\"https:\\\/\\\/www.sportnb.com\\\/fr\\\/\",\"name\":\"SportNB\",\"description\":\"Together, we can make sport safe for everyone.\",\"publisher\":{\"@id\":\"https:\\\/\\\/www.sportnb.com\\\/fr\\\/#organization\"},\"potentialAction\":[{\"@type\":\"SearchAction\",\"target\":{\"@type\":\"EntryPoint\",\"urlTemplate\":\"https:\\\/\\\/www.sportnb.com\\\/fr\\\/?s={search_term_string}\"},\"query-input\":{\"@type\":\"PropertyValueSpecification\",\"valueRequired\":true,\"valueName\":\"search_term_string\"}}],\"inLanguage\":\"fr-FR\"},{\"@type\":\"Organization\",\"@id\":\"https:\\\/\\\/www.sportnb.com\\\/fr\\\/#organization\",\"name\":\"SportNB\",\"url\":\"https:\\\/\\\/www.sportnb.com\\\/fr\\\/\",\"logo\":{\"@type\":\"ImageObject\",\"inLanguage\":\"fr-FR\",\"@id\":\"https:\\\/\\\/www.sportnb.com\\\/fr\\\/#\\\/schema\\\/logo\\\/image\\\/\",\"url\":\"https:\\\/\\\/sportnb.com\\\/wp-content\\\/uploads\\\/2022\\\/03\\\/logo.svg\",\"contentUrl\":\"https:\\\/\\\/sportnb.com\\\/wp-content\\\/uploads\\\/2022\\\/03\\\/logo.svg\",\"width\":288,\"height\":75,\"caption\":\"SportNB\"},\"image\":{\"@id\":\"https:\\\/\\\/www.sportnb.com\\\/fr\\\/#\\\/schema\\\/logo\\\/image\\\/\"},\"sameAs\":[\"https:\\\/\\\/www.facebook.com\\\/sportnb\",\"https:\\\/\\\/x.com\\\/SportNB\",\"https:\\\/\\\/www.youtube.com\\\/channel\\\/UC5976PPks7naTvXfQ4cZk5g\",\"https:\\\/\\\/ca.linkedin.com\\\/company\\\/sportnb506\",\"https:\\\/\\\/www.instagram.com\\\/sportnewnouveaubrunswick\\\/\"]}]}<\/script>\n<!-- \/ Yoast SEO plugin. -->","yoast_head_json":{"title":"SportNB | Modules suppl\u00e9mentaires","description":"Sport New Brunswick (Sport NB) is a non-profit, volunteer organization dedicated to the development and promotion of the amateur sport community in New Brunswick. It is a federation that consists of over 60 provincial sport organizations and other sport related organizations.","robots":{"index":"index","follow":"follow","max-snippet":"max-snippet:-1","max-image-preview":"max-image-preview:large","max-video-preview":"max-video-preview:-1"},"canonical":"https:\/\/www.sportnb.com\/fr\/modules-supplementaires\/","og_locale":"fr_FR","og_type":"article","og_title":"SportNB | Modules suppl\u00e9mentaires","og_description":"Sport New Brunswick (Sport NB) is a non-profit, volunteer organization dedicated to the development and promotion of the amateur sport community in New Brunswick. It is a federation that consists of over 60 provincial sport organizations and other sport related organizations.","og_url":"https:\/\/www.sportnb.com\/fr\/modules-supplementaires\/","og_site_name":"SportNB","article_publisher":"https:\/\/www.facebook.com\/sportnb","article_modified_time":"2025-05-09T17:40:14+00:00","twitter_card":"summary_large_image","twitter_site":"@SportNB","twitter_misc":{"Est. reading time":"3 minutes"},"schema":{"@context":"https:\/\/schema.org","@graph":[{"@type":"WebPage","@id":"https:\/\/www.sportnb.com\/fr\/modules-supplementaires\/","url":"https:\/\/www.sportnb.com\/fr\/modules-supplementaires\/","name":"SportNB | Modules suppl\u00e9mentaires","isPartOf":{"@id":"https:\/\/www.sportnb.com\/fr\/#website"},"datePublished":"2025-04-29T14:28:25+00:00","dateModified":"2025-05-09T17:40:14+00:00","description":"Sport New Brunswick (Sport NB) is a non-profit, volunteer organization dedicated to the development and promotion of the amateur sport community in New Brunswick. It is a federation that consists of over 60 provincial sport organizations and other sport related organizations.","breadcrumb":{"@id":"https:\/\/www.sportnb.com\/fr\/modules-supplementaires\/#breadcrumb"},"inLanguage":"fr-FR","potentialAction":[{"@type":"ReadAction","target":["https:\/\/www.sportnb.com\/fr\/modules-supplementaires\/"]}]},{"@type":"BreadcrumbList","@id":"https:\/\/www.sportnb.com\/fr\/modules-supplementaires\/#breadcrumb","itemListElement":[{"@type":"ListItem","position":1,"name":"Home","item":"https:\/\/www.sportnb.com\/fr\/"},{"@type":"ListItem","position":2,"name":"Modules suppl\u00e9mentaires"}]},{"@type":"WebSite","@id":"https:\/\/www.sportnb.com\/fr\/#website","url":"https:\/\/www.sportnb.com\/fr\/","name":"SportNB","description":"Together, we can make sport safe for everyone.","publisher":{"@id":"https:\/\/www.sportnb.com\/fr\/#organization"},"potentialAction":[{"@type":"SearchAction","target":{"@type":"EntryPoint","urlTemplate":"https:\/\/www.sportnb.com\/fr\/?s={search_term_string}"},"query-input":{"@type":"PropertyValueSpecification","valueRequired":true,"valueName":"search_term_string"}}],"inLanguage":"fr-FR"},{"@type":"Organization","@id":"https:\/\/www.sportnb.com\/fr\/#organization","name":"SportNB","url":"https:\/\/www.sportnb.com\/fr\/","logo":{"@type":"ImageObject","inLanguage":"fr-FR","@id":"https:\/\/www.sportnb.com\/fr\/#\/schema\/logo\/image\/","url":"https:\/\/sportnb.com\/wp-content\/uploads\/2022\/03\/logo.svg","contentUrl":"https:\/\/sportnb.com\/wp-content\/uploads\/2022\/03\/logo.svg","width":288,"height":75,"caption":"SportNB"},"image":{"@id":"https:\/\/www.sportnb.com\/fr\/#\/schema\/logo\/image\/"},"sameAs":["https:\/\/www.facebook.com\/sportnb","https:\/\/x.com\/SportNB","https:\/\/www.youtube.com\/channel\/UC5976PPks7naTvXfQ4cZk5g","https:\/\/ca.linkedin.com\/company\/sportnb506","https:\/\/www.instagram.com\/sportnewnouveaubrunswick\/"]}]}},"uagb_featured_image_src":{"full":false,"thumbnail":false,"medium":false,"medium_large":false,"large":false,"1536x1536":false,"2048x2048":false,"thumbnail_1440x9999":false,"menu-thumb":false},"uagb_author_info":{"display_name":"TRL Web","author_link":"https:\/\/www.sportnb.com\/fr\/author\/trl_web\/"},"uagb_comment_info":0,"uagb_excerpt":"Les modules de perfectionnement professionnel (PP) suivants ont \u00e9t\u00e9 \u00e9labor\u00e9s par l\u2019Association canadienne des entra\u00eeneurs (ACE) et visent \u00e0 am\u00e9liorer votre habilet\u00e9 \u00e0 entra\u00eener ainsi qu\u2019\u00e0 vous permettre d\u2019offrir \u00e0 [&hellip;]","_links":{"self":[{"href":"https:\/\/www.sportnb.com\/fr\/wp-json\/wp\/v2\/pages\/10631","targetHints":{"allow":["GET"]}}],"collection":[{"href":"https:\/\/www.sportnb.com\/fr\/wp-json\/wp\/v2\/pages"}],"about":[{"href":"https:\/\/www.sportnb.com\/fr\/wp-json\/wp\/v2\/types\/page"}],"author":[{"embeddable":true,"href":"https:\/\/www.sportnb.com\/fr\/wp-json\/wp\/v2\/users\/4"}],"replies":[{"embeddable":true,"href":"https:\/\/www.sportnb.com\/fr\/wp-json\/wp\/v2\/comments?post=10631"}],"version-history":[{"count":8,"href":"https:\/\/www.sportnb.com\/fr\/wp-json\/wp\/v2\/pages\/10631\/revisions"}],"predecessor-version":[{"id":11341,"href":"https:\/\/www.sportnb.com\/fr\/wp-json\/wp\/v2\/pages\/10631\/revisions\/11341"}],"wp:attachment":[{"href":"https:\/\/www.sportnb.com\/fr\/wp-json\/wp\/v2\/media?parent=10631"}],"wp:term":[{"taxonomy":"wf_page_folders","embeddable":true,"href":"https:\/\/www.sportnb.com\/fr\/wp-json\/wp\/v2\/wf_page_folders?post=10631"}],"curies":[{"name":"wp","href":"https:\/\/api.w.org\/{rel}","templated":true}]}}